{"id":12418,"date":"2018-05-23T09:45:52","date_gmt":"2018-05-23T09:45:52","guid":{"rendered":"http:\/\/www.cri.pt\/?page_id=12418"},"modified":"2022-10-23T18:00:45","modified_gmt":"2022-10-23T18:00:45","slug":"vantagens-descontos","status":"publish","type":"page","link":"https:\/\/www.cri.pt\/?page_id=12418","title":{"rendered":"Vantagens \/ Descontos"},"content":{"rendered":"<p><strong>Lista de parceiros do CRI que oferecem descontos aos nossos S\u00d3CIOS (obrigat\u00f3rio apresentar cart\u00e3o):<\/strong><\/p>\n<hr \/>\n<p><img loading=\"lazy\" decoding=\"async\" class=\"wp-image-12700 size-medium alignnone\" src=\"https:\/\/www.cri.pt\/wp-content\/uploads\/2017\/10\/auto-gemeos-300x230.jpg\" alt=\"\" width=\"300\" height=\"230\" srcset=\"https:\/\/www.cri.pt\/wp-content\/uploads\/2017\/10\/auto-gemeos-300x230.jpg 300w, https:\/\/www.cri.pt\/wp-content\/uploads\/2017\/10\/auto-gemeos-768x589.jpg 768w, https:\/\/www.cri.pt\/wp-content\/uploads\/2017\/10\/auto-gemeos-1024x786.jpg 1024w, https:\/\/www.cri.pt\/wp-content\/uploads\/2017\/10\/auto-gemeos-128x98.jpg 128w, https:\/\/www.cri.pt\/wp-content\/uploads\/2017\/10\/auto-gemeos-32x25.jpg 32w, https:\/\/www.cri.pt\/wp-content\/uploads\/2017\/10\/auto-gemeos-100x77.jpg 100w, https:\/\/www.cri.pt\/wp-content\/uploads\/2017\/10\/auto-gemeos-50x38.jpg 50w, https:\/\/www.cri.pt\/wp-content\/uploads\/2017\/10\/auto-gemeos-25x19.jpg 25w, https:\/\/www.cri.pt\/wp-content\/uploads\/2017\/10\/auto-gemeos-990x760.jpg 990w, https:\/\/www.cri.pt\/wp-content\/uploads\/2017\/10\/auto-gemeos.jpg 1280w\" sizes=\"auto, (max-width: 300px) 100vw, 300px\" \/><\/p>\n<p><a href=\"https:\/\/www.cri.pt\/?p=12779\"><strong>AutoG\u00e9meos<\/strong><\/a><br \/>\n<strong>&#8211; Descontos de\u00a010% em todo o material n\u00e3o original.<\/strong><br \/>\n<strong>&#8211; Descontos de\u00a010% na m\u00e3o de obra.<\/strong><\/p>\n<div class=\"mks_separator\" style=\"border-bottom: 4px solid;\"><\/div>\n<p><img loading=\"lazy\" decoding=\"async\" class=\"wp-image-12449 size-medium alignnone\" src=\"https:\/\/www.cri.pt\/wp-content\/uploads\/2017\/08\/clc-300x230.jpg\" alt=\"\" width=\"300\" height=\"230\" srcset=\"https:\/\/www.cri.pt\/wp-content\/uploads\/2017\/08\/clc-300x230.jpg 300w, https:\/\/www.cri.pt\/wp-content\/uploads\/2017\/08\/clc-768x589.jpg 768w, https:\/\/www.cri.pt\/wp-content\/uploads\/2017\/08\/clc-1024x786.jpg 1024w, https:\/\/www.cri.pt\/wp-content\/uploads\/2017\/08\/clc-100x77.jpg 100w, https:\/\/www.cri.pt\/wp-content\/uploads\/2017\/08\/clc-50x38.jpg 50w, https:\/\/www.cri.pt\/wp-content\/uploads\/2017\/08\/clc-25x19.jpg 25w, https:\/\/www.cri.pt\/wp-content\/uploads\/2017\/08\/clc-990x760.jpg 990w, https:\/\/www.cri.pt\/wp-content\/uploads\/2017\/08\/clc-1320x1013.jpg 1320w, https:\/\/www.cri.pt\/wp-content\/uploads\/2017\/08\/clc.jpg 1920w\" sizes=\"auto, (max-width: 300px) 100vw, 300px\" \/><\/p>\n<p><strong><a href=\"https:\/\/www.cri.pt\/?p=12483\">CLC Tinteiros e Toners<\/a><\/strong><br \/>\n<strong>Desconto de 10%<\/strong><\/p>\n<div class=\"mks_separator\" style=\"border-bottom: 4px solid;\"><\/div>\n<h3><img loading=\"lazy\" decoding=\"async\" class=\"size-medium wp-image-12713 alignnone\" src=\"https:\/\/www.cri.pt\/wp-content\/uploads\/2017\/10\/moifisa-300x231.jpg\" alt=\"\" width=\"300\" height=\"231\" srcset=\"https:\/\/www.cri.pt\/wp-content\/uploads\/2017\/10\/moifisa-300x231.jpg 300w, https:\/\/www.cri.pt\/wp-content\/uploads\/2017\/10\/moifisa-768x591.jpg 768w, https:\/\/www.cri.pt\/wp-content\/uploads\/2017\/10\/moifisa-1024x788.jpg 1024w, https:\/\/www.cri.pt\/wp-content\/uploads\/2017\/10\/moifisa-128x99.jpg 128w, https:\/\/www.cri.pt\/wp-content\/uploads\/2017\/10\/moifisa-32x25.jpg 32w, https:\/\/www.cri.pt\/wp-content\/uploads\/2017\/10\/moifisa-100x77.jpg 100w, https:\/\/www.cri.pt\/wp-content\/uploads\/2017\/10\/moifisa-50x38.jpg 50w, https:\/\/www.cri.pt\/wp-content\/uploads\/2017\/10\/moifisa-25x19.jpg 25w, https:\/\/www.cri.pt\/wp-content\/uploads\/2017\/10\/moifisa-990x762.jpg 990w, https:\/\/www.cri.pt\/wp-content\/uploads\/2017\/10\/moifisa.jpg 1280w\" sizes=\"auto, (max-width: 300px) 100vw, 300px\" \/><\/h3>\n<p><a href=\"https:\/\/www.cri.pt\/?p=12753\"><strong>Cl\u00ednica Moifisa (Moita)<\/strong><\/a><br \/>\n<strong>Descontos em todos os servi\u00e7os &#8211; consultar tabela cl\u00ednica<\/strong><\/p>\n<div class=\"mks_separator\" style=\"border-bottom: 4px solid;\"><\/div>\n<img loading=\"lazy\" decoding=\"async\" class=\"alignnone wp-image-19380 size-medium\" src=\"https:\/\/www.cri.pt\/wp-content\/uploads\/2017\/08\/euclides-1-300x225.jpg\" alt=\"\" width=\"300\" height=\"225\" srcset=\"https:\/\/www.cri.pt\/wp-content\/uploads\/2017\/08\/euclides-1-300x225.jpg 300w, https:\/\/www.cri.pt\/wp-content\/uploads\/2017\/08\/euclides-1-1024x768.jpg 1024w, https:\/\/www.cri.pt\/wp-content\/uploads\/2017\/08\/euclides-1-768x576.jpg 768w, https:\/\/www.cri.pt\/wp-content\/uploads\/2017\/08\/euclides-1-1536x1152.jpg 1536w, https:\/\/www.cri.pt\/wp-content\/uploads\/2017\/08\/euclides-1-128x96.jpg 128w, https:\/\/www.cri.pt\/wp-content\/uploads\/2017\/08\/euclides-1-32x24.jpg 32w, https:\/\/www.cri.pt\/wp-content\/uploads\/2017\/08\/euclides-1-100x75.jpg 100w, https:\/\/www.cri.pt\/wp-content\/uploads\/2017\/08\/euclides-1-50x38.jpg 50w, https:\/\/www.cri.pt\/wp-content\/uploads\/2017\/08\/euclides-1-25x19.jpg 25w, https:\/\/www.cri.pt\/wp-content\/uploads\/2017\/08\/euclides-1-74x55.jpg 74w, https:\/\/www.cri.pt\/wp-content\/uploads\/2017\/08\/euclides-1-111x83.jpg 111w, https:\/\/www.cri.pt\/wp-content\/uploads\/2017\/08\/euclides-1-215x161.jpg 215w, https:\/\/www.cri.pt\/wp-content\/uploads\/2017\/08\/euclides-1-990x743.jpg 990w, https:\/\/www.cri.pt\/wp-content\/uploads\/2017\/08\/euclides-1-1320x990.jpg 1320w, https:\/\/www.cri.pt\/wp-content\/uploads\/2017\/08\/euclides-1-400x300.jpg 400w, https:\/\/www.cri.pt\/wp-content\/uploads\/2017\/08\/euclides-1.jpg 1600w\" sizes=\"auto, (max-width: 300px) 100vw, 300px\" \/><br \/>\n<a href=\"https:\/\/www.cri.pt\/?p=12475\"><strong>Euclides Style (BarberShop) \/ Bairro Gouveia<\/strong><\/a><br \/>\n<strong>Desconto de 10%<\/strong><\/p>\n<div class=\"mks_separator\" style=\"border-bottom: 4px solid;\"><\/div>\n<p><img loading=\"lazy\" decoding=\"async\" class=\"wp-image-17320 alignnone\" src=\"https:\/\/www.cri.pt\/wp-content\/uploads\/2017\/06\/farmacia-tagide-300x225.jpg\" alt=\"\" width=\"315\" height=\"236\" srcset=\"https:\/\/www.cri.pt\/wp-content\/uploads\/2017\/06\/farmacia-tagide-300x225.jpg 300w, https:\/\/www.cri.pt\/wp-content\/uploads\/2017\/06\/farmacia-tagide-1024x768.jpg 1024w, https:\/\/www.cri.pt\/wp-content\/uploads\/2017\/06\/farmacia-tagide-768x576.jpg 768w, https:\/\/www.cri.pt\/wp-content\/uploads\/2017\/06\/farmacia-tagide-1536x1152.jpg 1536w, https:\/\/www.cri.pt\/wp-content\/uploads\/2017\/06\/farmacia-tagide-128x96.jpg 128w, https:\/\/www.cri.pt\/wp-content\/uploads\/2017\/06\/farmacia-tagide-32x24.jpg 32w, https:\/\/www.cri.pt\/wp-content\/uploads\/2017\/06\/farmacia-tagide-100x75.jpg 100w, https:\/\/www.cri.pt\/wp-content\/uploads\/2017\/06\/farmacia-tagide-50x38.jpg 50w, https:\/\/www.cri.pt\/wp-content\/uploads\/2017\/06\/farmacia-tagide-25x19.jpg 25w, https:\/\/www.cri.pt\/wp-content\/uploads\/2017\/06\/farmacia-tagide-990x743.jpg 990w, https:\/\/www.cri.pt\/wp-content\/uploads\/2017\/06\/farmacia-tagide-1320x990.jpg 1320w, https:\/\/www.cri.pt\/wp-content\/uploads\/2017\/06\/farmacia-tagide-400x300.jpg 400w, https:\/\/www.cri.pt\/wp-content\/uploads\/2017\/06\/farmacia-tagide.jpg 1600w\" sizes=\"auto, (max-width: 315px) 100vw, 315px\" \/><\/p>\n<p><a href=\"https:\/\/www.cri.pt\/?p=12252\"><strong>Farm\u00e1cia T\u00e1gide (Urb. Vila Rosa &#8211; Alhos Vedros)<\/strong><\/a><br \/>\n<strong>Descontos de 10%\u00a0<\/strong><\/p>\n<div class=\"mks_separator\" style=\"border-bottom: 4px solid;\"><\/div>\n<p><img loading=\"lazy\" decoding=\"async\" class=\"size-medium wp-image-12438 alignnone\" src=\"https:\/\/www.cri.pt\/wp-content\/uploads\/2017\/08\/glassdrive-300x231.jpg\" alt=\"\" width=\"300\" height=\"231\" srcset=\"https:\/\/www.cri.pt\/wp-content\/uploads\/2017\/08\/glassdrive-300x231.jpg 300w, https:\/\/www.cri.pt\/wp-content\/uploads\/2017\/08\/glassdrive-768x591.jpg 768w, https:\/\/www.cri.pt\/wp-content\/uploads\/2017\/08\/glassdrive-1024x788.jpg 1024w, https:\/\/www.cri.pt\/wp-content\/uploads\/2017\/08\/glassdrive-100x77.jpg 100w, https:\/\/www.cri.pt\/wp-content\/uploads\/2017\/08\/glassdrive-50x38.jpg 50w, https:\/\/www.cri.pt\/wp-content\/uploads\/2017\/08\/glassdrive-25x19.jpg 25w, https:\/\/www.cri.pt\/wp-content\/uploads\/2017\/08\/glassdrive-990x762.jpg 990w, https:\/\/www.cri.pt\/wp-content\/uploads\/2017\/08\/glassdrive-1320x1015.jpg 1320w, https:\/\/www.cri.pt\/wp-content\/uploads\/2017\/08\/glassdrive.jpg 1920w\" sizes=\"auto, (max-width: 300px) 100vw, 300px\" \/><\/p>\n<p><a href=\"https:\/\/www.cri.pt\/?p=12439\"><strong>Glassdrive B.Banheira \/ Barreiro<\/strong><\/a><br \/>\n<strong>Descontos de 10% e 15% na mudan\u00e7a de vidro e oferta de escovas para-brisas.<\/strong><\/p>\n<p>&nbsp;<\/p>\n<div class=\"mks_separator\" style=\"border-bottom: 4px solid;\"><\/div>\n<p>&nbsp;<\/p>\n","protected":false},"excerpt":{"rendered":"<p>Lista de parceiros do CRI que oferecem descontos aos nossos S\u00d3CIOS (obrigat\u00f3rio apresentar cart\u00e3o): AutoG\u00e9meos &#8211; Descontos de\u00a010% em todo o material n\u00e3o original. &#8211; Descontos de\u00a010% na m\u00e3o de obra. CLC Tinteiros e Toners Desconto de 10% Cl\u00ednica Moifisa (Moita) Descontos em todos os servi\u00e7os &#8211; consultar tabela cl\u00ednica Euclides Style (BarberShop) \/ Bairro [&hellip;]<\/p>\n","protected":false},"author":1,"featured_media":0,"parent":0,"menu_order":0,"comment_status":"closed","ping_status":"closed","template":"","meta":{"footnotes":""},"class_list":["post-12418","page","type-page","status-publish","hentry"],"_links":{"self":[{"href":"https:\/\/www.cri.pt\/index.php?rest_route=\/wp\/v2\/pages\/12418","targetHints":{"allow":["GET"]}}],"collection":[{"href":"https:\/\/www.cri.pt\/index.php?rest_route=\/wp\/v2\/pages"}],"about":[{"href":"https:\/\/www.cri.pt\/index.php?rest_route=\/wp\/v2\/types\/page"}],"author":[{"embeddable":true,"href":"https:\/\/www.cri.pt\/index.php?rest_route=\/wp\/v2\/users\/1"}],"replies":[{"embeddable":true,"href":"https:\/\/www.cri.pt\/index.php?rest_route=%2Fwp%2Fv2%2Fcomments&post=12418"}],"version-history":[{"count":25,"href":"https:\/\/www.cri.pt\/index.php?rest_route=\/wp\/v2\/pages\/12418\/revisions"}],"predecessor-version":[{"id":20898,"href":"https:\/\/www.cri.pt\/index.php?rest_route=\/wp\/v2\/pages\/12418\/revisions\/20898"}],"wp:attachment":[{"href":"https:\/\/www.cri.pt\/index.php?rest_route=%2Fwp%2Fv2%2Fmedia&parent=12418"}],"curies":[{"name":"wp","href":"https:\/\/api.w.org\/{rel}","templated":true}]}}