{"id":14251,"date":"2018-09-15T15:55:40","date_gmt":"2018-09-15T15:55:40","guid":{"rendered":"http:\/\/www.cri.pt\/?page_id=14251"},"modified":"2022-07-07T10:25:17","modified_gmt":"2022-07-07T10:25:17","slug":"2018-19-infantis-sub-13","status":"publish","type":"page","link":"https:\/\/www.cri.pt\/?page_id=14251","title":{"rendered":"2018\/19 INFANTIS (SUB-13)"},"content":{"rendered":"<p style=\"text-align: left;\"><a href=\"https:\/\/www.cri.pt\/?page_id=6863\">\u00c9POCAS ANTERIORES <\/a><\/p>\n<div class=\"mks_separator\" style=\"border-bottom: 2px solid;\"><\/div>\n<p><img loading=\"lazy\" decoding=\"async\" class=\"aligncenter size-full wp-image-14407\" src=\"https:\/\/www.cri.pt\/wp-content\/uploads\/2018\/09\/2018.09.22-cri2-3sarilhense-jogotreino-081.jpg\" alt=\"\" width=\"1920\" height=\"1080\" srcset=\"https:\/\/www.cri.pt\/wp-content\/uploads\/2018\/09\/2018.09.22-cri2-3sarilhense-jogotreino-081.jpg 1920w, https:\/\/www.cri.pt\/wp-content\/uploads\/2018\/09\/2018.09.22-cri2-3sarilhense-jogotreino-081-300x169.jpg 300w, https:\/\/www.cri.pt\/wp-content\/uploads\/2018\/09\/2018.09.22-cri2-3sarilhense-jogotreino-081-768x432.jpg 768w, https:\/\/www.cri.pt\/wp-content\/uploads\/2018\/09\/2018.09.22-cri2-3sarilhense-jogotreino-081-1024x576.jpg 1024w, https:\/\/www.cri.pt\/wp-content\/uploads\/2018\/09\/2018.09.22-cri2-3sarilhense-jogotreino-081-128x72.jpg 128w, https:\/\/www.cri.pt\/wp-content\/uploads\/2018\/09\/2018.09.22-cri2-3sarilhense-jogotreino-081-32x18.jpg 32w, https:\/\/www.cri.pt\/wp-content\/uploads\/2018\/09\/2018.09.22-cri2-3sarilhense-jogotreino-081-100x56.jpg 100w, https:\/\/www.cri.pt\/wp-content\/uploads\/2018\/09\/2018.09.22-cri2-3sarilhense-jogotreino-081-50x28.jpg 50w, https:\/\/www.cri.pt\/wp-content\/uploads\/2018\/09\/2018.09.22-cri2-3sarilhense-jogotreino-081-25x14.jpg 25w, https:\/\/www.cri.pt\/wp-content\/uploads\/2018\/09\/2018.09.22-cri2-3sarilhense-jogotreino-081-990x557.jpg 990w, https:\/\/www.cri.pt\/wp-content\/uploads\/2018\/09\/2018.09.22-cri2-3sarilhense-jogotreino-081-1320x743.jpg 1320w, https:\/\/www.cri.pt\/wp-content\/uploads\/2018\/09\/2018.09.22-cri2-3sarilhense-jogotreino-081-470x264.jpg 470w, https:\/\/www.cri.pt\/wp-content\/uploads\/2018\/09\/2018.09.22-cri2-3sarilhense-jogotreino-081-640x360.jpg 640w, https:\/\/www.cri.pt\/wp-content\/uploads\/2018\/09\/2018.09.22-cri2-3sarilhense-jogotreino-081-215x120.jpg 215w, https:\/\/www.cri.pt\/wp-content\/uploads\/2018\/09\/2018.09.22-cri2-3sarilhense-jogotreino-081-414x232.jpg 414w, https:\/\/www.cri.pt\/wp-content\/uploads\/2018\/09\/2018.09.22-cri2-3sarilhense-jogotreino-081-130x73.jpg 130w, https:\/\/www.cri.pt\/wp-content\/uploads\/2018\/09\/2018.09.22-cri2-3sarilhense-jogotreino-081-187x105.jpg 187w\" sizes=\"auto, (max-width: 1920px) 100vw, 1920px\" \/>NASCIDOS EM:\u00a0 2006 e 2007<br \/>\nTREINOS E JOGOS: Parque Desportivo Artur Ferreira Gouveia<\/p>\n<p>TREINADOR: Leandro Barreto<br \/>\nTREINADOR ADJUNTO: Gon\u00e7alo Cunha<\/p>\n<p><a href=\"https:\/\/www.cri.pt\/?tag=Infantis-2018\/19\">FOTOS E NOT\u00cdCIAS 2018\/19<\/a><\/p>\n<div class=\"mks_separator\" style=\"border-bottom: 2px solid;\"><\/div>\n<p><a href=\"https:\/\/resultados.fpf.pt\/Competition\/Details?competitionId=17257&amp;seasonId=98\" target=\"_blank\" rel=\"noopener noreferrer\">CD Infantis 2\u00ba Ano Sub\/13 &#8211; COMPLEMENTAR NIVEL 1<\/a><\/p>\n<p>05 Jan Sonho XXI 1-3 <strong>CRI<\/strong> &#8211; <a href=\"https:\/\/resultados.fpf.pt\/Match\/GetMatchInformation?matchId=1351881\" target=\"_blank\" rel=\"noopener noreferrer\">FICHA JOGO<\/a><br \/>\n12 Jan <strong>CRI<\/strong> 4-1 Sarilhense &#8211; <a href=\"https:\/\/resultados.fpf.pt\/Match\/GetMatchInformation?matchId=1351887\" target=\"_blank\" rel=\"noopener noreferrer\">FICHA JOGO<\/a><br \/>\n19 Jan ACDC 1-4 <strong>CRI<\/strong> &#8211; <a href=\"https:\/\/resultados.fpf.pt\/Match\/GetMatchInformation?matchId=1351892\" target=\"_blank\" rel=\"noopener noreferrer\">FICHA JOGO<\/a><br \/>\n02 Fev <strong>CRI<\/strong> 2-7 Rosarense &#8211; <a href=\"http:\/\/resultados.fpf.pt\/Match\/GetMatchInformation?matchId=1351898\" target=\"_blank\" rel=\"noopener noreferrer\">FICHA JOGO<\/a><br \/>\n09 Fev Luvas Pretas 3-2 <strong>CRI<\/strong> &#8211; <a href=\"https:\/\/resultados.fpf.pt\/Match\/GetMatchInformation?matchId=1351903\" target=\"_blank\" rel=\"noopener noreferrer\">FICHA JOGO<\/a><br \/>\n16 Fev CRI x Ch. Caparica\u00a0 (CANCELADO)<br \/>\n23 Fev CRI 4-3 Barreirense &#8220;B&#8221; &#8211; <a href=\"https:\/\/resultados.fpf.pt\/Match\/GetMatchInformation?matchId=1351915\" target=\"_blank\" rel=\"noopener noreferrer\">FICHA JOGO<\/a><br \/>\n02 Mar Fabril &#8220;B&#8221; 2-3 CRI &#8211; <a href=\"https:\/\/resultados.fpf.pt\/Match\/GetMatchInformation?matchId=1351922\" target=\"_blank\" rel=\"noopener noreferrer\">FICHA JOGO<\/a><br \/>\n09 Mar <strong>CRI<\/strong> 3-1 Afonsoeirense &#8211; <a href=\"https:\/\/resultados.fpf.pt\/Match\/GetMatchInformation?matchId=1351928\" target=\"_blank\" rel=\"noopener noreferrer\">FICHA JOGO<\/a> &#8211; <strong><a href=\"https:\/\/www.cri.pt\/?p=15346\">FOTOS<\/a><\/strong><br \/>\n16 Mar Quintajense 5-8 <strong>CRI<\/strong> &#8211; <a href=\"https:\/\/resultados.fpf.pt\/Match\/GetMatchInformation?matchId=1351935\" target=\"_blank\" rel=\"noopener noreferrer\">FICHA JOGO<\/a><br \/>\n23 Mar <strong>CRI<\/strong> 1-2 Seixal 1925 &#8211; <a href=\"https:\/\/resultados.fpf.pt\/Match\/GetMatchInformation?matchId=1351941\" target=\"_blank\" rel=\"noopener noreferrer\">FICHA JOGO<\/a><br \/>\n30 Mar Rosarense 6-1 <strong>CRI<\/strong> &#8211; <a href=\"http:\/\/resultados.fpf.pt\/Match\/GetMatchInformation?matchId=1351964\" target=\"_blank\" rel=\"noopener noreferrer\">FICHA JOGO<\/a><br \/>\n06 Abr <strong>CRI<\/strong> 4-0 Sonho XXI &#8211; <a href=\"https:\/\/resultados.fpf.pt\/Match\/GetMatchInformation?matchId=1351947\" target=\"_blank\" rel=\"noopener noreferrer\">FICHA JOGO<\/a><br \/>\n13 Abr Sarilhense 3-1 <strong>CRI<\/strong> &#8211; <a href=\"https:\/\/resultados.fpf.pt\/Match\/GetMatchInformation?matchId=1351953\" target=\"_blank\" rel=\"noopener noreferrer\">FICHA JOGO<\/a><br \/>\n27 Abr <strong>CRI<\/strong> 3-0 ACD Corroios &#8211; <a href=\"https:\/\/resultados.fpf.pt\/Match\/GetMatchInformation?matchId=1351958\" target=\"_blank\" rel=\"noopener noreferrer\">FICHA JOGO<\/a> &#8211; <strong><a href=\"https:\/\/www.cri.pt\/?p=15650\">FOTOS<\/a><\/strong><br \/>\n04 Mai <strong>CRI<\/strong> 0-0 Luvas Pretas &#8211; <a href=\"https:\/\/resultados.fpf.pt\/Match\/GetMatchInformation?matchId=1351969\" target=\"_blank\" rel=\"noopener noreferrer\">FICHA JOGO<\/a> &#8211; <strong><a href=\"https:\/\/www.cri.pt\/?p=15726\">FOTOS<\/a><\/strong><br \/>\n18 Mai Barreirense&#8221;B&#8221; 2-6 <strong>CRI<\/strong> &#8211; <a href=\"https:\/\/resultados.fpf.pt\/Match\/GetMatchInformation?matchId=1351981\" target=\"_blank\" rel=\"noopener noreferrer\">FICHA JOGO<\/a> &#8211; <strong><a href=\"https:\/\/www.cri.pt\/?p=15792\">FOTOS<\/a><\/strong><br \/>\n25 Mai <strong>CRI<\/strong> 5-2 Fabril &#8220;B&#8221; &#8211; <a href=\"http:\/\/resultados.fpf.pt\/Match\/GetMatchInformation?matchId=1351988\" target=\"_blank\" rel=\"noopener noreferrer\">FICHA JOGO<\/a> &#8211; <strong><a href=\"https:\/\/www.cri.pt\/?p=15828\">FOTOS<\/a><br \/>\n<\/strong>01 Jun Afonsoeirense 2-1 <strong>CRI<\/strong> &#8211; <a href=\"https:\/\/resultados.fpf.pt\/Match\/GetMatchInformation?matchId=1351994\" target=\"_blank\" rel=\"noopener noreferrer\">FICHA JOGO<\/a><br \/>\n08 Jun <strong>CRI<\/strong> 9-1 Quintajense &#8211; <a href=\"https:\/\/resultados.fpf.pt\/Match\/GetMatchInformation?matchId=1352001\" target=\"_blank\" rel=\"noopener noreferrer\">FICHA JOGO<\/a><br \/>\n10 Jun Seixal 1925 1-1 <strong>CRI<\/strong> &#8211; <a href=\"https:\/\/resultados.fpf.pt\/Match\/GetMatchInformation?matchId=1352007\" target=\"_blank\" rel=\"noopener noreferrer\">FICHA JOGO<\/a><\/p>\n<hr \/>\n<p><strong>CLASSIFICA\u00c7\u00c3O FINAL<\/strong><\/p>\n<p><img loading=\"lazy\" decoding=\"async\" class=\"alignnone wp-image-15980\" src=\"https:\/\/www.cri.pt\/wp-content\/uploads\/2019\/06\/infantis.jpg\" alt=\"\" width=\"360\" height=\"784\" srcset=\"https:\/\/www.cri.pt\/wp-content\/uploads\/2019\/06\/infantis.jpg 1280w, https:\/\/www.cri.pt\/wp-content\/uploads\/2019\/06\/infantis-138x300.jpg 138w, https:\/\/www.cri.pt\/wp-content\/uploads\/2019\/06\/infantis-768x1673.jpg 768w, https:\/\/www.cri.pt\/wp-content\/uploads\/2019\/06\/infantis-470x1024.jpg 470w, https:\/\/www.cri.pt\/wp-content\/uploads\/2019\/06\/infantis-59x128.jpg 59w, https:\/\/www.cri.pt\/wp-content\/uploads\/2019\/06\/infantis-15x32.jpg 15w, https:\/\/www.cri.pt\/wp-content\/uploads\/2019\/06\/infantis-46x100.jpg 46w, https:\/\/www.cri.pt\/wp-content\/uploads\/2019\/06\/infantis-23x50.jpg 23w, https:\/\/www.cri.pt\/wp-content\/uploads\/2019\/06\/infantis-11x25.jpg 11w, https:\/\/www.cri.pt\/wp-content\/uploads\/2019\/06\/infantis-990x2157.jpg 990w, https:\/\/www.cri.pt\/wp-content\/uploads\/2019\/06\/infantis-300x654.jpg 300w\" sizes=\"auto, (max-width: 360px) 100vw, 360px\" \/><\/p>\n<p>&nbsp;<\/p>\n<p>&nbsp;<\/p>\n<div class=\"mks_separator\" style=\"border-bottom: 2px solid;\"><\/div>\n<p><strong>Campeonato Distrital da A.F. Set\u00fabal &#8211; 1\u00aa Fase &#8220;S\u00e9rie B&#8221;<\/strong><\/p>\n<p><a href=\"https:\/\/resultados.fpf.pt\/Competition\/Details?competitionId=17257&amp;seasonId=98\" target=\"_blank\" rel=\"noopener noreferrer\">CALEND\u00c1RIO E CLASSIFICA\u00c7\u00c3O<\/a><\/p>\n<div class=\"mks_separator\" style=\"border-bottom: 2px solid;\"><\/div>\n<p>Os nossos jogos:<\/p>\n<p>13 Out 2018 &#8211; <strong>CRI<\/strong> 3-5 Sarilhense &#8211; FICHA JOGO &#8211; <a href=\"https:\/\/www.cri.pt\/?p=14539\">FOTOS<\/a><br \/>\n20 Out 2018 &#8211; Fabril 8-1 <strong>CRI <\/strong>&#8211; <a href=\"https:\/\/resultados.fpf.pt\/Match\/GetMatchInformation?matchId=1307314\" target=\"_blank\" rel=\"noopener noreferrer\">FICHA JOGO<\/a><strong><br \/>\n<\/strong>27 Out 2018 &#8211; <strong>CRI<\/strong> 2-13 Barreirense &#8211; <a href=\"https:\/\/resultados.fpf.pt\/Match\/GetMatchInformation?matchId=1307325\" target=\"_blank\" rel=\"noopener noreferrer\">FICHA JOGO<\/a>\u00a0&#8211; <a href=\"https:\/\/www.cri.pt\/?p=14601\">FOTOS<\/a><br \/>\n01 Nov 2018 &#8211; D. Jo\u00e3o I 7-1 <strong>CRI <\/strong>&#8211; <a href=\"https:\/\/resultados.fpf.pt\/Match\/GetMatchInformation?matchId=1307326\" target=\"_blank\" rel=\"noopener noreferrer\">FICHA JOGO<\/a><strong><br \/>\n<\/strong>03 Nov 2018 &#8211; <strong>CRI<\/strong> 4-3 Galitos &#8211; <a href=\"https:\/\/resultados.fpf.pt\/Match\/GetMatchInformation?matchId=1307337\" target=\"_blank\" rel=\"noopener noreferrer\">FICHA JOGO<\/a>\u00a0&#8211; <a href=\"https:\/\/www.cri.pt\/?p=14646\">FOTOS<\/a><br \/>\n10 Nov 2018 &#8211; Afonsoeirense 2-1 <strong>CRI<\/strong> &#8211; <a href=\"https:\/\/resultados.fpf.pt\/Match\/GetMatchInformation?matchId=1307338\" target=\"_blank\" rel=\"noopener noreferrer\">FICHA JOGO<\/a><br \/>\n17 Nov 2018 &#8211; <strong>CRI<\/strong> 0-4 Rosarense &#8211; <a href=\"http:\/\/resultados.fpf.pt\/Match\/GetMatchInformation?matchId=1307349\" target=\"_blank\" rel=\"noopener noreferrer\">FICHA JOGO<\/a><br \/>\n24 Nov 2018 &#8211; Samouquense 0-3 <strong>CRI<\/strong> &#8211; <a href=\"https:\/\/resultados.fpf.pt\/Match\/GetMatchInformation?matchId=1307350\" target=\"_blank\" rel=\"noopener noreferrer\">FICHA JOGO<\/a><br \/>\n01 Dez 2018 &#8211; <strong>CRI<\/strong> 6-0 Moitense &#8211; <a href=\"https:\/\/resultados.fpf.pt\/Match\/GetMatchInformation?matchId=1307361\" target=\"_blank\" rel=\"noopener noreferrer\">FICHA JOGO<\/a><br \/>\n08 Dez 2018 &#8211; <strong>CRI<\/strong> 4-2 B.Azeit\u00e3o &#8211; <a href=\"https:\/\/resultados.fpf.pt\/Match\/GetMatchInformation?matchId=1307362\" target=\"_blank\" rel=\"noopener noreferrer\">FICHA JOGO<\/a><br \/>\n15 Dez 2018 &#8211; Alfarim 8-0 <strong>CRI<\/strong> &#8211; <a href=\"https:\/\/resultados.fpf.pt\/Match\/GetMatchInformation?matchId=1307373\" target=\"_blank\" rel=\"noopener noreferrer\">FICHA JOGO<\/a><\/p>\n<hr \/>\n<p><strong>CLASSIFICA\u00c7\u00c3O FINAL &#8211; S\u00c9RIE B<\/strong><\/p>\n<p><img loading=\"lazy\" decoding=\"async\" class=\"alignleft wp-image-15072\" src=\"https:\/\/www.cri.pt\/wp-content\/uploads\/2018\/12\/inf.jpg\" alt=\"\" width=\"360\" height=\"773\" srcset=\"https:\/\/www.cri.pt\/wp-content\/uploads\/2018\/12\/inf.jpg 1280w, https:\/\/www.cri.pt\/wp-content\/uploads\/2018\/12\/inf-140x300.jpg 140w, https:\/\/www.cri.pt\/wp-content\/uploads\/2018\/12\/inf-768x1650.jpg 768w, https:\/\/www.cri.pt\/wp-content\/uploads\/2018\/12\/inf-477x1024.jpg 477w, https:\/\/www.cri.pt\/wp-content\/uploads\/2018\/12\/inf-60x128.jpg 60w, https:\/\/www.cri.pt\/wp-content\/uploads\/2018\/12\/inf-15x32.jpg 15w, https:\/\/www.cri.pt\/wp-content\/uploads\/2018\/12\/inf-47x100.jpg 47w, https:\/\/www.cri.pt\/wp-content\/uploads\/2018\/12\/inf-23x50.jpg 23w, https:\/\/www.cri.pt\/wp-content\/uploads\/2018\/12\/inf-12x25.jpg 12w, https:\/\/www.cri.pt\/wp-content\/uploads\/2018\/12\/inf-990x2127.jpg 990w, https:\/\/www.cri.pt\/wp-content\/uploads\/2018\/12\/inf-300x645.jpg 300w\" sizes=\"auto, (max-width: 360px) 100vw, 360px\" \/><\/p>\n","protected":false},"excerpt":{"rendered":"<p>\u00c9POCAS ANTERIORES NASCIDOS EM:\u00a0 2006 e 2007 TREINOS E JOGOS: Parque Desportivo Artur Ferreira Gouveia TREINADOR: Leandro Barreto TREINADOR ADJUNTO: Gon\u00e7alo Cunha FOTOS E NOT\u00cdCIAS 2018\/19 CD Infantis 2\u00ba Ano Sub\/13 &#8211; COMPLEMENTAR NIVEL 1 05 Jan Sonho XXI 1-3 CRI &#8211; FICHA JOGO 12 Jan CRI 4-1 Sarilhense &#8211; FICHA JOGO 19 Jan ACDC [&hellip;]<\/p>\n","protected":false},"author":1,"featured_media":0,"parent":0,"menu_order":0,"comment_status":"closed","ping_status":"closed","template":"","meta":{"footnotes":""},"class_list":["post-14251","page","type-page","status-publish","hentry"],"_links":{"self":[{"href":"https:\/\/www.cri.pt\/index.php?rest_route=\/wp\/v2\/pages\/14251","targetHints":{"allow":["GET"]}}],"collection":[{"href":"https:\/\/www.cri.pt\/index.php?rest_route=\/wp\/v2\/pages"}],"about":[{"href":"https:\/\/www.cri.pt\/index.php?rest_route=\/wp\/v2\/types\/page"}],"author":[{"embeddable":true,"href":"https:\/\/www.cri.pt\/index.php?rest_route=\/wp\/v2\/users\/1"}],"replies":[{"embeddable":true,"href":"https:\/\/www.cri.pt\/index.php?rest_route=%2Fwp%2Fv2%2Fcomments&post=14251"}],"version-history":[{"count":45,"href":"https:\/\/www.cri.pt\/index.php?rest_route=\/wp\/v2\/pages\/14251\/revisions"}],"predecessor-version":[{"id":20557,"href":"https:\/\/www.cri.pt\/index.php?rest_route=\/wp\/v2\/pages\/14251\/revisions\/20557"}],"wp:attachment":[{"href":"https:\/\/www.cri.pt\/index.php?rest_route=%2Fwp%2Fv2%2Fmedia&parent=14251"}],"curies":[{"name":"wp","href":"https:\/\/api.w.org\/{rel}","templated":true}]}}