{"id":16185,"date":"2019-09-05T11:11:11","date_gmt":"2019-09-05T11:11:11","guid":{"rendered":"http:\/\/www.cri.pt\/?page_id=16185"},"modified":"2020-06-04T11:56:58","modified_gmt":"2020-06-04T11:56:58","slug":"2019-20-benjamins-b-sub-10","status":"publish","type":"page","link":"https:\/\/www.cri.pt\/?page_id=16185","title":{"rendered":"2019\/20 BENJAMINS-B (SUB-10)"},"content":{"rendered":"<p><img loading=\"lazy\" decoding=\"async\" class=\"aligncenter size-full wp-image-16327\" src=\"https:\/\/www.cri.pt\/wp-content\/uploads\/2019\/10\/benjamins-b-2019-20.jpg\" alt=\"\" width=\"1920\" height=\"1280\" srcset=\"https:\/\/www.cri.pt\/wp-content\/uploads\/2019\/10\/benjamins-b-2019-20.jpg 1920w, https:\/\/www.cri.pt\/wp-content\/uploads\/2019\/10\/benjamins-b-2019-20-300x200.jpg 300w, https:\/\/www.cri.pt\/wp-content\/uploads\/2019\/10\/benjamins-b-2019-20-768x512.jpg 768w, https:\/\/www.cri.pt\/wp-content\/uploads\/2019\/10\/benjamins-b-2019-20-1024x683.jpg 1024w, https:\/\/www.cri.pt\/wp-content\/uploads\/2019\/10\/benjamins-b-2019-20-128x85.jpg 128w, https:\/\/www.cri.pt\/wp-content\/uploads\/2019\/10\/benjamins-b-2019-20-32x21.jpg 32w, https:\/\/www.cri.pt\/wp-content\/uploads\/2019\/10\/benjamins-b-2019-20-100x67.jpg 100w, https:\/\/www.cri.pt\/wp-content\/uploads\/2019\/10\/benjamins-b-2019-20-50x33.jpg 50w, https:\/\/www.cri.pt\/wp-content\/uploads\/2019\/10\/benjamins-b-2019-20-25x17.jpg 25w, https:\/\/www.cri.pt\/wp-content\/uploads\/2019\/10\/benjamins-b-2019-20-990x660.jpg 990w, https:\/\/www.cri.pt\/wp-content\/uploads\/2019\/10\/benjamins-b-2019-20-1320x880.jpg 1320w, https:\/\/www.cri.pt\/wp-content\/uploads\/2019\/10\/benjamins-b-2019-20-414x276.jpg 414w, https:\/\/www.cri.pt\/wp-content\/uploads\/2019\/10\/benjamins-b-2019-20-470x313.jpg 470w, https:\/\/www.cri.pt\/wp-content\/uploads\/2019\/10\/benjamins-b-2019-20-640x426.jpg 640w, https:\/\/www.cri.pt\/wp-content\/uploads\/2019\/10\/benjamins-b-2019-20-130x86.jpg 130w, https:\/\/www.cri.pt\/wp-content\/uploads\/2019\/10\/benjamins-b-2019-20-187x124.jpg 187w, https:\/\/www.cri.pt\/wp-content\/uploads\/2019\/10\/benjamins-b-2019-20-74x49.jpg 74w, https:\/\/www.cri.pt\/wp-content\/uploads\/2019\/10\/benjamins-b-2019-20-111x74.jpg 111w, https:\/\/www.cri.pt\/wp-content\/uploads\/2019\/10\/benjamins-b-2019-20-215x143.jpg 215w\" sizes=\"auto, (max-width: 1920px) 100vw, 1920px\" \/>Foto: 2019.10.05<br \/>\n<div class=\"mks_separator\" style=\"border-bottom: 2px solid;\"><\/div>\n<ul>\n<li><a href=\"https:\/\/www.cri.pt\/?page_id=6863\">ARQUIVO \u00c9POCAS ANTERIORES<\/a><\/li>\n<li><strong>\u00c9POCA 2019\/20<\/strong>\n<ul>\n<li style=\"list-style-type: none;\">\n<ul>\n<li><a href=\"#JOGADORES\"><strong>JOGADORES<\/strong><\/a><\/li>\n<li><a href=\"#TREINADORES. DIRIGENTES. COLABORADORES\"><strong>TREINADORES. DIRIGENTES. COLABORADORES<\/strong><\/a><\/li>\n<li><strong><a href=\"https:\/\/www.cri.pt\/?tag=Benjamins-B-2019\/20\">FOTOS. V\u00cdDEOS. NOT\u00cdCIAS<\/a><\/strong><\/li>\n<li><a href=\"https:\/\/resultados.fpf.pt\/Competition\/Details?competitionId=19055&amp;seasonId=99\" target=\"_blank\" rel=\"noopener noreferrer\">C<\/a><a href=\"https:\/\/resultados.fpf.pt\/Competition\/Details?competitionId=19055&amp;seasonId=99\" target=\"_blank\" rel=\"noopener noreferrer\">AMPEONATO DISTRITAL DA A.F.SET\u00daBAL \u2013 BENJAMINS 1\u00ba ANO (SUB-10) \u2013 S\u00c9RIE \u201cC\u201d<\/a><\/li>\n<li><a href=\"http:\/\/resultados.fpf.pt\/Competition\/Details?competitionId=19343&amp;seasonId=99\" target=\"_blank\" rel=\"noopener noreferrer\">TORNEIO COMPLEMENTAR DA A.F.SET\u00daBAL &#8211; S\u00c9RIE &#8220;D&#8221;<\/a><\/li>\n<\/ul>\n<\/li>\n<\/ul>\n<\/li>\n<\/ul>\n<hr \/>\n<div class=\"mks_separator\" style=\"border-bottom: 2px solid;\"><\/div>\n<p><a href=\"http:\/\/resultados.fpf.pt\/Competition\/Details?competitionId=19343&amp;seasonId=99\" target=\"_blank\" rel=\"noopener noreferrer\"><strong>TORNEIO COMPLEMENTAR DA A.F.SET\u00daBAL &#8211; S\u00c9RIE &#8220;D&#8221;<\/strong><\/a><\/p>\n<p>01 Fev. 2020 Vinhense 1-5 <strong>CRI\u00a0 \u00a0<\/strong><a href=\"http:\/\/resultados.fpf.pt\/Match\/GetMatchInformation?matchId=1568224\" target=\"_blank\" rel=\"noopener noreferrer\">FICHA DE JOGO<\/a> &#8211; <strong><a href=\"https:\/\/www.cri.pt\/?p=16965\">FOTOS<\/a><\/strong><br \/>\n08 Fev. 2020 <strong>CRI<\/strong> 5-2 AD Quinta Conde\u00a0 \u00a0<a href=\"http:\/\/resultados.fpf.pt\/Match\/GetMatchInformation?matchId=1568228\" target=\"_blank\" rel=\"noopener noreferrer\">FICHA DE JOGO<\/a> &#8211; <strong><a href=\"https:\/\/www.cri.pt\/?p=16998\">FOTOS<\/a><\/strong><br \/>\n15 Fev. 2020 Barreirense&#8221;B&#8221; 3-3 <strong>CRI\u00a0 \u00a0<\/strong><a href=\"http:\/\/resultados.fpf.pt\/Match\/GetMatchInformation?matchId=1568232\" target=\"_blank\" rel=\"noopener noreferrer\">FICHA DE JOGO<\/a> &#8211; <strong><a href=\"https:\/\/photos.app.goo.gl\/ybtqadJyYEXTm7qW6\" target=\"_blank\" rel=\"noopener noreferrer\">FOTOS<\/a><\/strong><br \/>\n29 Fev. 2020 <strong>CRI<\/strong> 10-0 Alfarim&#8221;B&#8221;\u00a0 \u00a0<a href=\"http:\/\/resultados.fpf.pt\/Match\/GetMatchInformation?matchId=1568236\" target=\"_blank\" rel=\"noopener noreferrer\">FICHA DE JOGO<\/a><br \/>\n07 Mar. 2020 D. Jo\u00e3o I &#8220;B&#8221; 1-6 <strong>CRI\u00a0 \u00a0<\/strong><a href=\"https:\/\/resultados.fpf.pt\/Match\/GetMatchInformation?matchId=1568240\" target=\"_blank\" rel=\"noopener noreferrer\">FICHA DE JOGO<\/a><\/p>\n<p><strong>Torneio interrompido devido \u00e0 pandemia COVID-19<\/strong><\/p>\n<p>14 Mar. 2020 <strong>CRI<\/strong> x M. Rosarense<br \/>\n21 Mar. 2020 Col\u00e9gio Atl\u00e2ntico&#8221;B&#8221; x CRI<br \/>\n04 Abr. 2020 CRI x Vinhense<br \/>\n18 Abr. 2020 AD Quinta Conde x CRI<br \/>\n02 Mai. 2020 CRI x Barreirense &#8220;B&#8221;<br \/>\n09 Mai. 2020 Alfarim&#8221;B&#8221; x CRI<br \/>\n16 Mai. 2020 CRI x D. Jo\u00e3o I&#8221;B&#8221;<br \/>\n30 Mai. 2020 M. Rosarense x CRI<br \/>\n07 Jun. 2020 CRI x Col\u00e9gio Atl\u00e2ntico&#8221;B&#8221;<\/p>\n<p><img loading=\"lazy\" decoding=\"async\" class=\"size-full wp-image-17583 alignnone\" src=\"https:\/\/www.cri.pt\/wp-content\/uploads\/2020\/06\/2019-20-sub-10-complementar-final.jpg\" alt=\"\" width=\"480\" height=\"685\" srcset=\"https:\/\/www.cri.pt\/wp-content\/uploads\/2020\/06\/2019-20-sub-10-complementar-final.jpg 480w, https:\/\/www.cri.pt\/wp-content\/uploads\/2020\/06\/2019-20-sub-10-complementar-final-210x300.jpg 210w, https:\/\/www.cri.pt\/wp-content\/uploads\/2020\/06\/2019-20-sub-10-complementar-final-90x128.jpg 90w, https:\/\/www.cri.pt\/wp-content\/uploads\/2020\/06\/2019-20-sub-10-complementar-final-22x32.jpg 22w, https:\/\/www.cri.pt\/wp-content\/uploads\/2020\/06\/2019-20-sub-10-complementar-final-70x100.jpg 70w, https:\/\/www.cri.pt\/wp-content\/uploads\/2020\/06\/2019-20-sub-10-complementar-final-35x50.jpg 35w, https:\/\/www.cri.pt\/wp-content\/uploads\/2020\/06\/2019-20-sub-10-complementar-final-18x25.jpg 18w, https:\/\/www.cri.pt\/wp-content\/uploads\/2020\/06\/2019-20-sub-10-complementar-final-300x428.jpg 300w\" sizes=\"auto, (max-width: 480px) 100vw, 480px\" \/><\/p>\n<div class=\"mks_separator\" style=\"border-bottom: 2px solid;\"><\/div>\n<p><strong><a href=\"https:\/\/resultados.fpf.pt\/Competition\/Details?competitionId=19055&amp;seasonId=99\" target=\"_blank\" rel=\"noopener noreferrer\">C<\/a><a href=\"https:\/\/resultados.fpf.pt\/Competition\/Details?competitionId=19055&amp;seasonId=99\" target=\"_blank\" rel=\"noopener noreferrer\">AMPEONATO DISTRITAL DA A.F.SET\u00daBAL \u2013 BENJAMINS 1\u00ba ANO (SUB-10) \u2013 S\u00c9RIE \u201cC\u201d<\/a><\/strong><\/p>\n<p>26 OUT 2019 Brejos Azeit\u00e3o 7-6 <strong>CRI<\/strong>\u00a0 \u00a0<a href=\"https:\/\/resultados.fpf.pt\/Match\/GetMatchInformation?matchId=1532018\" target=\"_blank\" rel=\"noopener noreferrer\">FICHA DE JOGO<\/a><br \/>\n02 NOV 2019 <strong>CRI<\/strong> 0-1 1\u00baMaio Sarilhense\u00a0 \u00a0<a href=\"https:\/\/resultados.fpf.pt\/Match\/GetMatchInformation?matchId=1532023\" target=\"_blank\" rel=\"noopener noreferrer\">FICHA DE JOGO<\/a><br \/>\n09 NOV 2019 BM Gaiense 3-2 <strong>CRI\u00a0<\/strong> \u00a0<a href=\"https:\/\/resultados.fpf.pt\/Match\/GetMatchInformation?matchId=1532028\" target=\"_blank\" rel=\"noopener noreferrer\">FICHA DE JOGO<\/a><br \/>\n16 NOV 2019 <strong>CRI<\/strong> 2-1 Rosarense\u00a0 \u00a0<a href=\"http:\/\/resultados.fpf.pt\/Match\/GetMatchInformation?matchId=1532033\" target=\"_blank\" rel=\"noopener noreferrer\">FICHA JOGO<\/a><br \/>\n23 NOV 2019 Ol\u00edmpico Montijo 3-1 <strong>CRI\u00a0 \u00a0<\/strong><a href=\"https:\/\/resultados.fpf.pt\/Match\/GetMatchInformation?matchId=1532038\" target=\"_blank\" rel=\"noopener noreferrer\">FICHA DE JOGO<\/a><br \/>\n30 NOV 2019 <strong>CRI<\/strong> 0-1 Barreirense&#8221;B&#8221;\u00a0 \u00a0<a href=\"https:\/\/resultados.fpf.pt\/Match\/GetMatchInformation?matchId=1532043\" target=\"_blank\" rel=\"noopener noreferrer\">FICHA DE JOGO<\/a><br \/>\n07 DEZ 2019 Alcochetense 3-0 <strong>CRI\u00a0 \u00a0<\/strong><a href=\"https:\/\/resultados.fpf.pt\/Match\/GetMatchInformation?matchId=1532048\" target=\"_blank\" rel=\"noopener noreferrer\">FICHA DE JOGO<\/a><br \/>\n14 DEZ 2019 <strong>CRI<\/strong> 6-2 Seixal 1925&#8243;B&#8221;\u00a0 \u00a0<a href=\"https:\/\/resultados.fpf.pt\/Match\/GetMatchInformation?matchId=1532053\" target=\"_blank\" rel=\"noopener noreferrer\">FICHA DE JOGO<\/a> &#8211; <a href=\"https:\/\/www.cri.pt\/?p=16685\">FOTOS<\/a><br \/>\n21 DEZ 2019 Afonsoeirense 6-1 <strong>CRI\u00a0 \u00a0<\/strong><a href=\"https:\/\/resultados.fpf.pt\/Match\/GetMatchInformation?matchId=1532058\" target=\"_blank\" rel=\"noopener noreferrer\">FICHA DE JOGO<\/a> &#8211; <a href=\"https:\/\/www.cri.pt\/?p=16793\">FOTOS<\/a><\/p>\n<p><strong>CLASSIFICA\u00c7\u00c3O FINAL<\/strong><\/p>\n<p><img loading=\"lazy\" decoding=\"async\" class=\"alignnone wp-image-16844\" src=\"https:\/\/www.cri.pt\/wp-content\/uploads\/2020\/01\/2019-20-sub-10-fase1.jpg\" alt=\"\" width=\"360\" height=\"644\" srcset=\"https:\/\/www.cri.pt\/wp-content\/uploads\/2020\/01\/2019-20-sub-10-fase1.jpg 640w, https:\/\/www.cri.pt\/wp-content\/uploads\/2020\/01\/2019-20-sub-10-fase1-168x300.jpg 168w, https:\/\/www.cri.pt\/wp-content\/uploads\/2020\/01\/2019-20-sub-10-fase1-573x1024.jpg 573w, https:\/\/www.cri.pt\/wp-content\/uploads\/2020\/01\/2019-20-sub-10-fase1-72x128.jpg 72w, https:\/\/www.cri.pt\/wp-content\/uploads\/2020\/01\/2019-20-sub-10-fase1-18x32.jpg 18w, https:\/\/www.cri.pt\/wp-content\/uploads\/2020\/01\/2019-20-sub-10-fase1-56x100.jpg 56w, https:\/\/www.cri.pt\/wp-content\/uploads\/2020\/01\/2019-20-sub-10-fase1-28x50.jpg 28w, https:\/\/www.cri.pt\/wp-content\/uploads\/2020\/01\/2019-20-sub-10-fase1-14x25.jpg 14w, https:\/\/www.cri.pt\/wp-content\/uploads\/2020\/01\/2019-20-sub-10-fase1-300x536.jpg 300w\" sizes=\"auto, (max-width: 360px) 100vw, 360px\" \/><br \/>\n<div class=\"mks_separator\" style=\"border-bottom: 2px solid;\"><\/div>\n<p><strong><a name=\"JOGADORES\"><\/a>JOGADORES<\/strong><img loading=\"lazy\" decoding=\"async\" class=\"aligncenter wp-image-16614 size-full\" src=\"https:\/\/www.cri.pt\/wp-content\/uploads\/2019\/12\/barra-jogadores-e1579171739936.jpg\" alt=\"\" width=\"959\" height=\"205\" \/><\/p>\n<hr \/>\n<p><a href=\"https:\/\/www.fpf.pt\/Jogadores\/Ficha-de-Jogador\/playerId\/1955357\" target=\"_blank\" rel=\"noopener noreferrer\">Afonso Santos<\/a> (2010)<br \/>\n<a href=\"https:\/\/www.fpf.pt\/Jogadores\/Ficha-de-Jogador\/playerId\/1847560\" target=\"_blank\" rel=\"noopener noreferrer\">Alexandre Palma<\/a> (2010)<br \/>\n<a href=\"https:\/\/www.fpf.pt\/Jogadores\/Ficha-de-Jogador\/playerId\/1855656\" target=\"_blank\" rel=\"noopener noreferrer\">David Pratas<\/a> (2010)<br \/>\n<a href=\"https:\/\/www.fpf.pt\/Jogadores\/Ficha-de-Jogador\/playerId\/1847561\" target=\"_blank\" rel=\"noopener noreferrer\">Dinis Meirim<\/a> (2010)<br \/>\n<a href=\"https:\/\/www.fpf.pt\/Jogadores\/Ficha-de-Jogador\/playerId\/1907187\" target=\"_blank\" rel=\"noopener noreferrer\">Dinis Murteira<\/a> (2010)<br \/>\n<a href=\"https:\/\/www.fpf.pt\/Jogadores\/Ficha-de-Jogador\/playerId\/1915282\" target=\"_blank\" rel=\"noopener noreferrer\">Diogo Gra\u00e7a<\/a> (2010)<br \/>\n<a href=\"https:\/\/www.fpf.pt\/Jogadores\/Ficha-de-Jogador\/playerId\/1955708\" target=\"_blank\" rel=\"noopener noreferrer\">Duarte Oliveira<\/a> (2011)<br \/>\n<a href=\"https:\/\/www.fpf.pt\/Jogadores\/Ficha-de-Jogador\/playerId\/1847563\" target=\"_blank\" rel=\"noopener noreferrer\">Filipe Antunes<\/a> (2010)<br \/>\n<a href=\"https:\/\/www.fpf.pt\/Jogadores\/Ficha-de-Jogador\/playerId\/1947398\" target=\"_blank\" rel=\"noopener noreferrer\">Gon\u00e7alo Teles<\/a> (2011)<br \/>\n<a href=\"https:\/\/www.fpf.pt\/Jogadores\/Ficha-de-Jogador\/playerId\/1849728\" target=\"_blank\" rel=\"noopener noreferrer\">Jo\u00e3o Cortez<\/a> (2011)<br \/>\n<a href=\"https:\/\/www.fpf.pt\/Jogadores\/Ficha-de-Jogador\/playerId\/1849293\" target=\"_blank\" rel=\"noopener noreferrer\">Martim Lopes<\/a> (2010)<br \/>\n<a href=\"https:\/\/www.fpf.pt\/Jogadores\/Ficha-de-Jogador\/playerId\/1953720\" target=\"_blank\" rel=\"noopener noreferrer\">Martim Seco<\/a> (2011)<br \/>\n<a href=\"https:\/\/www.fpf.pt\/Jogadores\/Ficha-de-Jogador\/playerId\/1857722\" target=\"_blank\" rel=\"noopener noreferrer\">Miguel Varela<\/a> (2010)<br \/>\n<a href=\"https:\/\/www.fpf.pt\/Jogadores\/Ficha-de-Jogador\/playerId\/1899165\" target=\"_blank\" rel=\"noopener noreferrer\">Pedro Augusto<\/a> (2010)<br \/>\n<a href=\"https:\/\/www.fpf.pt\/Jogadores\/Ficha-de-Jogador\/playerId\/1942172\" target=\"_blank\" rel=\"noopener noreferrer\">Rodrigo Cardoso<\/a> (2010)<br \/>\n<a href=\"https:\/\/www.fpf.pt\/Jogadores\/Ficha-de-Jogador\/playerId\/1955752\" target=\"_blank\" rel=\"noopener noreferrer\">Rodrigo Correia<\/a> (2011)<br \/>\n<a href=\"https:\/\/www.fpf.pt\/Jogadores\/Ficha-de-Jogador\/playerId\/1951747\" target=\"_blank\" rel=\"noopener noreferrer\">Rodrigo Fortes<\/a> (2010)<br \/>\n<a href=\"https:\/\/www.fpf.pt\/Jogadores\/Ficha-de-Jogador\/playerId\/1955770\" target=\"_blank\" rel=\"noopener noreferrer\">Rodrigo Pinto<\/a> (2011)<br \/>\n<a href=\"https:\/\/www.fpf.pt\/Jogadores\/Ficha-de-Jogador\/playerId\/1855711\" target=\"_blank\" rel=\"noopener noreferrer\">Salvador Marote<\/a> (2010)<br \/>\n<a href=\"https:\/\/www.fpf.pt\/Jogadores\/Ficha-de-Jogador\/playerId\/1847955\" target=\"_blank\" rel=\"noopener noreferrer\">Santiago Matos<\/a> (2011)<br \/>\n<a href=\"https:\/\/www.fpf.pt\/Jogadores\/Ficha-de-Jogador\/playerId\/1847550\" target=\"_blank\" rel=\"noopener noreferrer\">Santiago Feiteira<\/a> (2011)<br \/>\n<a href=\"https:\/\/www.fpf.pt\/Jogadores\/Ficha-de-Jogador\/playerId\/1847551\" target=\"_blank\" rel=\"noopener noreferrer\">Santiago Ramalho<\/a> (2011)<br \/>\n<a href=\"https:\/\/www.fpf.pt\/Jogadores\/Ficha-de-Jogador\/playerId\/1847569\" target=\"_blank\" rel=\"noopener noreferrer\">Tom\u00e1s Elias<\/a> (2010)<br \/>\n<a href=\"https:\/\/www.fpf.pt\/Jogadores\/Ficha-de-Jogador\/playerId\/1847570\" target=\"_blank\" rel=\"noopener noreferrer\">Tom\u00e1s Dias<\/a> (2010)<br \/>\n<a href=\"https:\/\/www.fpf.pt\/Jogadores\/Ficha-de-Jogador\/playerId\/1947386\" target=\"_blank\" rel=\"noopener noreferrer\">Valentim Silva<\/a> (2011)<\/p>\n<div class=\"mks_separator\" style=\"border-bottom: 2px solid;\"><\/div>\n<p><strong><a name=\"TREINADORES. DIRIGENTES. COLABORADORES\"><\/a>TREINADORES. DIRIGENTES. COLABORADORES<\/strong><img loading=\"lazy\" decoding=\"async\" class=\"aligncenter size-full wp-image-16612\" src=\"https:\/\/www.cri.pt\/wp-content\/uploads\/2019\/12\/barra-treinador.jpg\" alt=\"\" width=\"1920\" height=\"407\" \/><\/p>\n<hr \/>\n<p>Treinadores: Augusto Manhita e Jo\u00e3o Gl\u00f3ria<br \/>\nTreinador de Guarda-redes: Ricardo Gon\u00e7alves<br \/>\nColaborador: Jo\u00e3o Vic\u00eancio<br \/>\nEstagi\u00e1rio: Gon\u00e7alo Fernandes<br \/>\nMassagista: Catarina Silva<br \/>\nCoordenador Desportivo: Jos\u00e9 L. Medeiros<br \/>\nDirigente: Miguel Correia<\/p>\n<p>&nbsp;<\/p>\n<div class=\"mks_separator\" style=\"border-bottom: 2px solid;\"><\/div>\n<p>MAIS FOTOS<\/p>\n<hr \/>\n<p><img loading=\"lazy\" decoding=\"async\" class=\"aligncenter wp-image-16251\" src=\"https:\/\/www.cri.pt\/wp-content\/uploads\/2019\/09\/2019.09.22-benjamins-b.jpg\" alt=\"\" width=\"1920\" height=\"1440\" srcset=\"https:\/\/www.cri.pt\/wp-content\/uploads\/2019\/09\/2019.09.22-benjamins-b.jpg 960w, https:\/\/www.cri.pt\/wp-content\/uploads\/2019\/09\/2019.09.22-benjamins-b-300x225.jpg 300w, https:\/\/www.cri.pt\/wp-content\/uploads\/2019\/09\/2019.09.22-benjamins-b-768x576.jpg 768w, https:\/\/www.cri.pt\/wp-content\/uploads\/2019\/09\/2019.09.22-benjamins-b-128x96.jpg 128w, https:\/\/www.cri.pt\/wp-content\/uploads\/2019\/09\/2019.09.22-benjamins-b-32x24.jpg 32w, https:\/\/www.cri.pt\/wp-content\/uploads\/2019\/09\/2019.09.22-benjamins-b-100x75.jpg 100w, https:\/\/www.cri.pt\/wp-content\/uploads\/2019\/09\/2019.09.22-benjamins-b-50x38.jpg 50w, https:\/\/www.cri.pt\/wp-content\/uploads\/2019\/09\/2019.09.22-benjamins-b-25x19.jpg 25w\" sizes=\"auto, (max-width: 1920px) 100vw, 1920px\" \/>Foto: 2019.09.22<\/p>\n","protected":false},"excerpt":{"rendered":"<p>Foto: 2019.10.05 ARQUIVO \u00c9POCAS ANTERIORES \u00c9POCA 2019\/20 JOGADORES TREINADORES. DIRIGENTES. COLABORADORES FOTOS. V\u00cdDEOS. NOT\u00cdCIAS CAMPEONATO DISTRITAL DA A.F.SET\u00daBAL \u2013 BENJAMINS 1\u00ba ANO (SUB-10) \u2013 S\u00c9RIE \u201cC\u201d TORNEIO COMPLEMENTAR DA A.F.SET\u00daBAL &#8211; S\u00c9RIE &#8220;D&#8221; TORNEIO COMPLEMENTAR DA A.F.SET\u00daBAL &#8211; S\u00c9RIE &#8220;D&#8221; 01 Fev. 2020 Vinhense 1-5 CRI\u00a0 \u00a0FICHA DE JOGO &#8211; FOTOS 08 Fev. 2020 CRI [&hellip;]<\/p>\n","protected":false},"author":1,"featured_media":0,"parent":0,"menu_order":0,"comment_status":"closed","ping_status":"closed","template":"","meta":{"footnotes":""},"class_list":["post-16185","page","type-page","status-publish","hentry"],"_links":{"self":[{"href":"https:\/\/www.cri.pt\/index.php?rest_route=\/wp\/v2\/pages\/16185","targetHints":{"allow":["GET"]}}],"collection":[{"href":"https:\/\/www.cri.pt\/index.php?rest_route=\/wp\/v2\/pages"}],"about":[{"href":"https:\/\/www.cri.pt\/index.php?rest_route=\/wp\/v2\/types\/page"}],"author":[{"embeddable":true,"href":"https:\/\/www.cri.pt\/index.php?rest_route=\/wp\/v2\/users\/1"}],"replies":[{"embeddable":true,"href":"https:\/\/www.cri.pt\/index.php?rest_route=%2Fwp%2Fv2%2Fcomments&post=16185"}],"version-history":[{"count":39,"href":"https:\/\/www.cri.pt\/index.php?rest_route=\/wp\/v2\/pages\/16185\/revisions"}],"predecessor-version":[{"id":17584,"href":"https:\/\/www.cri.pt\/index.php?rest_route=\/wp\/v2\/pages\/16185\/revisions\/17584"}],"wp:attachment":[{"href":"https:\/\/www.cri.pt\/index.php?rest_route=%2Fwp%2Fv2%2Fmedia&parent=16185"}],"curies":[{"name":"wp","href":"https:\/\/api.w.org\/{rel}","templated":true}]}}