{"id":16188,"date":"2019-09-05T11:11:43","date_gmt":"2019-09-05T11:11:43","guid":{"rendered":"http:\/\/www.cri.pt\/?page_id=16188"},"modified":"2020-06-04T11:53:30","modified_gmt":"2020-06-04T11:53:30","slug":"2019-20-benjamins-a-sub-11","status":"publish","type":"page","link":"https:\/\/www.cri.pt\/?page_id=16188","title":{"rendered":"2019\/20 BENJAMINS-A (SUB-11)"},"content":{"rendered":"<p><img loading=\"lazy\" decoding=\"async\" class=\"aligncenter size-full wp-image-16219\" src=\"https:\/\/www.cri.pt\/wp-content\/uploads\/2019\/09\/2019.09.07-cri-2-2-slb-barreiro-003.jpg\" alt=\"\" width=\"1620\" height=\"1080\" srcset=\"https:\/\/www.cri.pt\/wp-content\/uploads\/2019\/09\/2019.09.07-cri-2-2-slb-barreiro-003.jpg 1620w, https:\/\/www.cri.pt\/wp-content\/uploads\/2019\/09\/2019.09.07-cri-2-2-slb-barreiro-003-300x200.jpg 300w, https:\/\/www.cri.pt\/wp-content\/uploads\/2019\/09\/2019.09.07-cri-2-2-slb-barreiro-003-768x512.jpg 768w, https:\/\/www.cri.pt\/wp-content\/uploads\/2019\/09\/2019.09.07-cri-2-2-slb-barreiro-003-1024x683.jpg 1024w, https:\/\/www.cri.pt\/wp-content\/uploads\/2019\/09\/2019.09.07-cri-2-2-slb-barreiro-003-128x85.jpg 128w, https:\/\/www.cri.pt\/wp-content\/uploads\/2019\/09\/2019.09.07-cri-2-2-slb-barreiro-003-32x21.jpg 32w, https:\/\/www.cri.pt\/wp-content\/uploads\/2019\/09\/2019.09.07-cri-2-2-slb-barreiro-003-100x67.jpg 100w, https:\/\/www.cri.pt\/wp-content\/uploads\/2019\/09\/2019.09.07-cri-2-2-slb-barreiro-003-50x33.jpg 50w, https:\/\/www.cri.pt\/wp-content\/uploads\/2019\/09\/2019.09.07-cri-2-2-slb-barreiro-003-25x17.jpg 25w, https:\/\/www.cri.pt\/wp-content\/uploads\/2019\/09\/2019.09.07-cri-2-2-slb-barreiro-003-990x660.jpg 990w, https:\/\/www.cri.pt\/wp-content\/uploads\/2019\/09\/2019.09.07-cri-2-2-slb-barreiro-003-1320x880.jpg 1320w, https:\/\/www.cri.pt\/wp-content\/uploads\/2019\/09\/2019.09.07-cri-2-2-slb-barreiro-003-414x276.jpg 414w, https:\/\/www.cri.pt\/wp-content\/uploads\/2019\/09\/2019.09.07-cri-2-2-slb-barreiro-003-470x313.jpg 470w, https:\/\/www.cri.pt\/wp-content\/uploads\/2019\/09\/2019.09.07-cri-2-2-slb-barreiro-003-640x426.jpg 640w, https:\/\/www.cri.pt\/wp-content\/uploads\/2019\/09\/2019.09.07-cri-2-2-slb-barreiro-003-130x86.jpg 130w, https:\/\/www.cri.pt\/wp-content\/uploads\/2019\/09\/2019.09.07-cri-2-2-slb-barreiro-003-187x124.jpg 187w, https:\/\/www.cri.pt\/wp-content\/uploads\/2019\/09\/2019.09.07-cri-2-2-slb-barreiro-003-74x49.jpg 74w, https:\/\/www.cri.pt\/wp-content\/uploads\/2019\/09\/2019.09.07-cri-2-2-slb-barreiro-003-111x74.jpg 111w, https:\/\/www.cri.pt\/wp-content\/uploads\/2019\/09\/2019.09.07-cri-2-2-slb-barreiro-003-215x143.jpg 215w\" sizes=\"auto, (max-width: 1620px) 100vw, 1620px\" \/><\/p>\n<div class=\"mks_separator\" style=\"border-bottom: 2px solid;\"><\/div>\n<ul>\n<li><a href=\"https:\/\/www.cri.pt\/?page_id=6863\">ARQUIVO \u00c9POCAS ANTERIORES<\/a><\/li>\n<li><strong>\u00c9POCA 2019\/20<\/strong>\n<ul>\n<li style=\"list-style-type: none;\">\n<ul>\n<li><a href=\"#JOGADORES\"><strong>JOGADORES<\/strong><\/a><\/li>\n<li><a href=\"#TREINADORES. DIRIGENTES. COLABORADORES\"><strong>TREINADORES. DIRIGENTES. COLABORADORES<\/strong><\/a><\/li>\n<li><strong><a href=\"https:\/\/www.cri.pt\/?tag=Benjamins-2019\/20\">FOTOS. V\u00cdDEOS. NOT\u00cdCIAS<\/a><\/strong><\/li>\n<li><a href=\"https:\/\/resultados.fpf.pt\/Competition\/Details?competitionId=18941&amp;seasonId=99\" target=\"_blank\" rel=\"noopener noreferrer\">CAMPEONATO DISTRITAL DA A.F.SET\u00daBAL \u2013 BENJAMINS 2\u00ba ANO (SUB-11) \u2013 S\u00c9RIE \u201cD\u201d<\/a><\/li>\n<li><a href=\"http:\/\/resultados.fpf.pt\/Competition\/Details?competitionId=19332&amp;seasonId=99\" target=\"_blank\" rel=\"noopener noreferrer\">TORNEIO COMPLEMENTAR DA A.F.SET\u00daBAL &#8211; S\u00c9RIE &#8220;C&#8221; <\/a><a href=\"http:\/\/resultados.fpf.pt\/Competition\/Details?competitionId=19332&amp;seasonId=99\" target=\"_blank\" rel=\"noopener noreferrer\">(18 JAN a 30 MAI)<\/a><\/li>\n<\/ul>\n<\/li>\n<\/ul>\n<\/li>\n<\/ul>\n<hr \/>\n<div class=\"mks_separator\" style=\"border-bottom: 2px solid;\"><\/div>\n<p><a href=\"http:\/\/resultados.fpf.pt\/Competition\/Details?competitionId=19332&amp;seasonId=99\" target=\"_blank\" rel=\"noopener noreferrer\">TORNEIO COMPLEMENTAR DA A.F.SET\u00daBAL &#8211; S\u00c9RIE &#8220;C&#8221;<\/a><\/p>\n<p>18 Jan. 2020 <strong>CRI<\/strong> 2-1 SC Vinhense\u00a0 \u00a0<a href=\"http:\/\/resultados.fpf.pt\/Match\/GetMatchInformation?matchId=1566100\" target=\"_blank\" rel=\"noopener noreferrer\">FICHA DE JOGO<\/a><br \/>\n01 Fev. 2020 Barreirense&#8221;B&#8221; 1-2 <strong>CRI\u00a0 \u00a0<\/strong><a href=\"http:\/\/resultados.fpf.pt\/Match\/GetMatchInformation?matchId=1566104\" target=\"_blank\" rel=\"noopener noreferrer\">FICHA DE JOGO<\/a> &#8211; <strong><a href=\"https:\/\/www.cri.pt\/?p=16973\">FOTOS<\/a><\/strong><br \/>\n08 Fev. 2020 <strong>CRI<\/strong> 1-2 ADQ Conde\u00a0 \u00a0<a href=\"http:\/\/resultados.fpf.pt\/Match\/GetMatchInformation?matchId=1566106\" target=\"_blank\" rel=\"noopener noreferrer\">FICHA DE JOGO<\/a><br \/>\n15 Fev. 2020 Moitense 7-0 <strong>CRI<\/strong>\u00a0 \u00a0<a href=\"http:\/\/resultados.fpf.pt\/Match\/GetMatchInformation?matchId=1566111\" target=\"_blank\" rel=\"noopener noreferrer\">FICHA DE JOGO<\/a><br \/>\n29 Fev. 2020 <strong>CRI<\/strong> 5-1 Seixal 1925 &#8220;B&#8221;\u00a0 \u00a0<a href=\"http:\/\/resultados.fpf.pt\/Match\/GetMatchInformation?matchId=1566116\" target=\"_blank\" rel=\"noopener noreferrer\">FICHA DE JOGO<\/a><br \/>\n07 Mar. 2020 <strong>CRI<\/strong> 2-3 BM Gaiense\u00a0 \u00a0<a href=\"https:\/\/resultados.fpf.pt\/Match\/GetMatchInformation?matchId=1566121\" target=\"_blank\" rel=\"noopener noreferrer\">FICHA DE JOGO<\/a> &#8211; <strong><a href=\"https:\/\/www.cri.pt\/?p=17253\">FOTOS<\/a>\u00a0<\/strong><\/p>\n<p><strong>Torneio interrompido devido \u00e0 pandemia COVID-19<\/strong><\/p>\n<p>14 Mar. 2020 Brejos Azeit\u00e3o x <strong>CRI<\/strong><br \/>\n28 Mar. 2020 SC Vinhense x CRI<br \/>\n04 Abr. 2020 CRI x Barreirense &#8220;B&#8221;<br \/>\n08 Abr. 2020 ADQC x CRI<br \/>\n02 Mai. 2020 CRI x Moitense<br \/>\n09 Mai. 2020 Seixal &#8220;B&#8221; x CRI<br \/>\n06 Mai. 2020 BM Gaiense x CRI<br \/>\n30 Mai. 2020 CRI x B. Azeit\u00e3o<\/p>\n<p><img loading=\"lazy\" decoding=\"async\" class=\"size-full wp-image-17580 alignnone\" src=\"https:\/\/www.cri.pt\/wp-content\/uploads\/2020\/06\/2019-20-sub-11-complementar-final.jpg\" alt=\"\" width=\"480\" height=\"712\" srcset=\"https:\/\/www.cri.pt\/wp-content\/uploads\/2020\/06\/2019-20-sub-11-complementar-final.jpg 480w, https:\/\/www.cri.pt\/wp-content\/uploads\/2020\/06\/2019-20-sub-11-complementar-final-202x300.jpg 202w, https:\/\/www.cri.pt\/wp-content\/uploads\/2020\/06\/2019-20-sub-11-complementar-final-86x128.jpg 86w, https:\/\/www.cri.pt\/wp-content\/uploads\/2020\/06\/2019-20-sub-11-complementar-final-22x32.jpg 22w, https:\/\/www.cri.pt\/wp-content\/uploads\/2020\/06\/2019-20-sub-11-complementar-final-67x100.jpg 67w, https:\/\/www.cri.pt\/wp-content\/uploads\/2020\/06\/2019-20-sub-11-complementar-final-34x50.jpg 34w, https:\/\/www.cri.pt\/wp-content\/uploads\/2020\/06\/2019-20-sub-11-complementar-final-17x25.jpg 17w, https:\/\/www.cri.pt\/wp-content\/uploads\/2020\/06\/2019-20-sub-11-complementar-final-300x445.jpg 300w\" sizes=\"auto, (max-width: 480px) 100vw, 480px\" \/><\/p>\n<div class=\"mks_separator\" style=\"border-bottom: 2px solid;\"><\/div>\n<p><a href=\"https:\/\/resultados.fpf.pt\/Competition\/Details?competitionId=18941&amp;seasonId=99\" target=\"_blank\" rel=\"noopener noreferrer\"><strong>CAMPEONATO DISTRITAL DA A.F.SET\u00daBAL \u2013 BENJAMINS 2\u00ba ANO (SUB-11) \u2013 S\u00c9RIE \u201cD\u201d<\/strong><\/a><\/p>\n<p>19 Out 2019 Moitense 2-2 <strong>CRI\u00a0<\/strong> \u00a0<a href=\"https:\/\/resultados.fpf.pt\/Match\/GetMatchInformation?matchId=1525498\" target=\"_blank\" rel=\"noopener noreferrer\">FICHA DE JOGO<\/a><br \/>\n26 Out 2019 <strong>CRI <\/strong>1-3 Vinhense\u00a0 \u00a0<a href=\"https:\/\/resultados.fpf.pt\/Match\/GetMatchInformation?matchId=1525504\" target=\"_blank\" rel=\"noopener noreferrer\">FICHA DE JOGO<\/a> &#8211; <strong><a href=\"https:\/\/www.cri.pt\/?p=16458\">FOTOS<\/a><\/strong><br \/>\n02 Nov 2019 D. Jo\u00e3o I 14-2 <strong>CRI\u00a0<\/strong> \u00a0<a href=\"https:\/\/resultados.fpf.pt\/Match\/GetMatchInformation?matchId=1525509\" target=\"_blank\" rel=\"noopener noreferrer\">FICHA DE JOGO<\/a><br \/>\n09 Nov 2019 <strong>CRI<\/strong> 2-8 B.Azeit\u00e3o\u00a0 \u00a0<a href=\"https:\/\/resultados.fpf.pt\/Match\/GetMatchInformation?matchId=1525515\" target=\"_blank\" rel=\"noopener noreferrer\">FICHA DE JOGO<\/a><br \/>\n16 Nov 2019 Fabril 13-0 <strong>CRI\u00a0 \u00a0<\/strong><a href=\"http:\/\/resultados.fpf.pt\/Match\/GetMatchInformation?matchId=1525520\" target=\"_blank\" rel=\"noopener noreferrer\">FICHA DE JOGO<\/a><br \/>\n23 Nov 2019 Col. Atl\u00e2ntico 6-1 <strong>CRI\u00a0 \u00a0<\/strong><a href=\"https:\/\/resultados.fpf.pt\/Match\/GetMatchInformation?matchId=1525525\" target=\"_blank\" rel=\"noopener noreferrer\">FICHA DE JOGO<\/a><br \/>\n30 Nov 2019 <strong>CRI<\/strong> 0-12 Barreirense\u00a0 \u00a0<a href=\"https:\/\/resultados.fpf.pt\/Match\/GetMatchInformation?matchId=1525526\" target=\"_blank\" rel=\"noopener noreferrer\">FICHA DE JOGO<\/a><br \/>\n07 Dez 2019 Seixal 1925&#8243;B&#8221; 5-1 <strong>CRI\u00a0 \u00a0<\/strong><a href=\"https:\/\/resultados.fpf.pt\/Match\/GetMatchInformation?matchId=1525532\" target=\"_blank\" rel=\"noopener noreferrer\">FICHA DE JOGO<\/a> &#8211; <strong><a href=\"https:\/\/www.cri.pt\/?p=16661\">FOTOS<\/a><\/strong><br \/>\n14 Dez 2019 <strong>CRI<\/strong> 4-4 ADQ Conde\u00a0 \u00a0<a href=\"https:\/\/resultados.fpf.pt\/Match\/GetMatchInformation?matchId=1525538\" target=\"_blank\" rel=\"noopener noreferrer\">FICHA DE JOGO<\/a> &#8211; <strong><a href=\"https:\/\/www.cri.pt\/?p=16681\">FOTOS<\/a><\/strong><\/p>\n<p><strong>CLASSIFICA\u00c7\u00c3O FINAL<\/strong><\/p>\n<p><img loading=\"lazy\" decoding=\"async\" class=\"wp-image-16842 alignnone\" src=\"https:\/\/www.cri.pt\/wp-content\/uploads\/2020\/01\/2019-20-sub-11-fase1.jpg\" alt=\"\" width=\"480\" height=\"841\" srcset=\"https:\/\/www.cri.pt\/wp-content\/uploads\/2020\/01\/2019-20-sub-11-fase1.jpg 640w, https:\/\/www.cri.pt\/wp-content\/uploads\/2020\/01\/2019-20-sub-11-fase1-171x300.jpg 171w, https:\/\/www.cri.pt\/wp-content\/uploads\/2020\/01\/2019-20-sub-11-fase1-584x1024.jpg 584w, https:\/\/www.cri.pt\/wp-content\/uploads\/2020\/01\/2019-20-sub-11-fase1-73x128.jpg 73w, https:\/\/www.cri.pt\/wp-content\/uploads\/2020\/01\/2019-20-sub-11-fase1-18x32.jpg 18w, https:\/\/www.cri.pt\/wp-content\/uploads\/2020\/01\/2019-20-sub-11-fase1-57x100.jpg 57w, https:\/\/www.cri.pt\/wp-content\/uploads\/2020\/01\/2019-20-sub-11-fase1-29x50.jpg 29w, https:\/\/www.cri.pt\/wp-content\/uploads\/2020\/01\/2019-20-sub-11-fase1-14x25.jpg 14w, https:\/\/www.cri.pt\/wp-content\/uploads\/2020\/01\/2019-20-sub-11-fase1-300x526.jpg 300w\" sizes=\"auto, (max-width: 480px) 100vw, 480px\" \/><br \/>\n<div class=\"mks_separator\" style=\"border-bottom: 2px solid;\"><\/div>\n<p><strong><a name=\"JOGADORES\"><\/a>JOGADORES<\/strong><img loading=\"lazy\" decoding=\"async\" class=\"aligncenter size-full wp-image-16614\" src=\"https:\/\/www.cri.pt\/wp-content\/uploads\/2019\/12\/barra-jogadores.jpg\" alt=\"\" width=\"1918\" height=\"410\" \/><\/p>\n<hr \/>\n<p><a href=\"https:\/\/www.fpf.pt\/Jogadores\/Ficha-de-Jogador\/playerId\/1951746\" target=\"_blank\" rel=\"noopener noreferrer\">Afonso Pina<\/a> (2009)<br \/>\n<a href=\"https:\/\/www.fpf.pt\/Jogadores\/Ficha-de-Jogador\/playerId\/1847560\" target=\"_blank\" rel=\"noopener noreferrer\">Alexandre Palma<\/a> (2010)<br \/>\n<a href=\"https:\/\/www.fpf.pt\/Jogadores\/Ficha-de-Jogador\/playerId\/1855656\" target=\"_blank\" rel=\"noopener noreferrer\">David Pratas<\/a> (2010)<br \/>\n<a href=\"https:\/\/www.fpf.pt\/Jogadores\/Ficha-de-Jogador\/playerId\/1844432\" target=\"_blank\" rel=\"noopener noreferrer\">Eduardo Caetano<\/a> (2009)<br \/>\n<a href=\"https:\/\/www.fpf.pt\/Jogadores\/Ficha-de-Jogador\/playerId\/1847563\" target=\"_blank\" rel=\"noopener noreferrer\">Filipe Antunes<\/a> (2010)<br \/>\n<a href=\"https:\/\/www.fpf.pt\/Jogadores\/Ficha-de-Jogador\/playerId\/1847562\" target=\"_blank\" rel=\"noopener noreferrer\">Gabriel Silvano<\/a> (2009)<br \/>\n<a href=\"https:\/\/www.fpf.pt\/Jogadores\/Ficha-de-Jogador\/playerId\/1892298\" target=\"_blank\" rel=\"noopener noreferrer\">Jos\u00e9 Benedito<\/a> (2009)<br \/>\n<a href=\"https:\/\/www.fpf.pt\/Jogadores\/Ficha-de-Jogador\/playerId\/1910097\" target=\"_blank\" rel=\"noopener noreferrer\">Martim Campino<\/a> (2009)<br \/>\n<a href=\"https:\/\/www.fpf.pt\/Jogadores\/Ficha-de-Jogador\/playerId\/1849293\" target=\"_blank\" rel=\"noopener noreferrer\">Martim Lopes<\/a> (2010)<br \/>\n<a href=\"https:\/\/www.fpf.pt\/Jogadores\/Ficha-de-Jogador\/playerId\/1850452\" target=\"_blank\" rel=\"noopener noreferrer\">Miguel Almeida<\/a> (2009)<br \/>\n<a href=\"https:\/\/www.fpf.pt\/Jogadores\/Ficha-de-Jogador\/playerId\/1847565\" target=\"_blank\" rel=\"noopener noreferrer\">Paulo Zacarias<\/a> (2009)<br \/>\n<a href=\"https:\/\/www.fpf.pt\/Jogadores\/Ficha-de-Jogador\/playerId\/1847574\" target=\"_blank\" rel=\"noopener noreferrer\">Pedro Primo<\/a> (2009)<br \/>\n<a href=\"https:\/\/www.fpf.pt\/Jogadores\/Ficha-de-Jogador\/playerId\/1847567\" target=\"_blank\" rel=\"noopener noreferrer\">Santiago Pinto<\/a> (2009)<br \/>\n<a href=\"https:\/\/www.fpf.pt\/Jogadores\/Ficha-de-Jogador\/playerId\/1847568\" target=\"_blank\" rel=\"noopener noreferrer\">Tiago J\u00falio<\/a> (2009)<br \/>\n<a href=\"https:\/\/www.fpf.pt\/Jogadores\/Ficha-de-Jogador\/playerId\/1847570\" target=\"_blank\" rel=\"noopener noreferrer\">Tom\u00e1s Dias<\/a> (2010)<br \/>\n<a href=\"https:\/\/www.fpf.pt\/Jogadores\/Ficha-de-Jogador\/playerId\/1847569\" target=\"_blank\" rel=\"noopener noreferrer\">Tom\u00e1s Elias<\/a> (2010)<br \/>\n<a href=\"https:\/\/www.fpf.pt\/Jogadores\/Ficha-de-Jogador\/playerId\/1893881\" target=\"_blank\" rel=\"noopener noreferrer\">Tom\u00e1s Marques<\/a> (2009)<\/p>\n<div class=\"mks_separator\" style=\"border-bottom: 2px solid;\"><\/div>\n<strong><a name=\"TREINADORES. DIRIGENTES. COLABORADORES\"><\/a>TREINADORES. DIRIGENTES. COLABORADORES<br \/>\n<img loading=\"lazy\" decoding=\"async\" class=\"aligncenter size-full wp-image-16612\" src=\"https:\/\/www.cri.pt\/wp-content\/uploads\/2019\/12\/barra-treinador.jpg\" alt=\"\" width=\"1920\" height=\"407\" \/><\/strong><\/p>\n<hr \/>\n<p>Treinador: Joaquim J\u00falio<br \/>\nTreinador Adjunto: N\u00e9lson Velho<br \/>\nTreinador de Guarda-redes: Ricardo Gon\u00e7alves<br \/>\nEstagi\u00e1rio: Gon\u00e7alo Fernandes<br \/>\nMassagista: Catarina Silva<br \/>\nCoordenador Desportivo: Jos\u00e9 L. Medeiros<br \/>\nDirigente: Almiro Antunes<\/p>\n<p>&nbsp;<\/p>\n<p>&nbsp;<\/p>\n<div id=\"gtx-trans\" style=\"position: absolute; left: 224px; top: 1292.46px;\">\n<div class=\"gtx-trans-icon\"><\/div>\n<\/div>\n","protected":false},"excerpt":{"rendered":"<p>ARQUIVO \u00c9POCAS ANTERIORES \u00c9POCA 2019\/20 JOGADORES TREINADORES. DIRIGENTES. COLABORADORES FOTOS. V\u00cdDEOS. NOT\u00cdCIAS CAMPEONATO DISTRITAL DA A.F.SET\u00daBAL \u2013 BENJAMINS 2\u00ba ANO (SUB-11) \u2013 S\u00c9RIE \u201cD\u201d TORNEIO COMPLEMENTAR DA A.F.SET\u00daBAL &#8211; S\u00c9RIE &#8220;C&#8221; (18 JAN a 30 MAI) TORNEIO COMPLEMENTAR DA A.F.SET\u00daBAL &#8211; S\u00c9RIE &#8220;C&#8221; 18 Jan. 2020 CRI 2-1 SC Vinhense\u00a0 \u00a0FICHA DE JOGO 01 Fev. [&hellip;]<\/p>\n","protected":false},"author":1,"featured_media":0,"parent":0,"menu_order":0,"comment_status":"closed","ping_status":"closed","template":"","meta":{"footnotes":""},"class_list":["post-16188","page","type-page","status-publish","hentry"],"_links":{"self":[{"href":"https:\/\/www.cri.pt\/index.php?rest_route=\/wp\/v2\/pages\/16188","targetHints":{"allow":["GET"]}}],"collection":[{"href":"https:\/\/www.cri.pt\/index.php?rest_route=\/wp\/v2\/pages"}],"about":[{"href":"https:\/\/www.cri.pt\/index.php?rest_route=\/wp\/v2\/types\/page"}],"author":[{"embeddable":true,"href":"https:\/\/www.cri.pt\/index.php?rest_route=\/wp\/v2\/users\/1"}],"replies":[{"embeddable":true,"href":"https:\/\/www.cri.pt\/index.php?rest_route=%2Fwp%2Fv2%2Fcomments&post=16188"}],"version-history":[{"count":46,"href":"https:\/\/www.cri.pt\/index.php?rest_route=\/wp\/v2\/pages\/16188\/revisions"}],"predecessor-version":[{"id":17582,"href":"https:\/\/www.cri.pt\/index.php?rest_route=\/wp\/v2\/pages\/16188\/revisions\/17582"}],"wp:attachment":[{"href":"https:\/\/www.cri.pt\/index.php?rest_route=%2Fwp%2Fv2%2Fmedia&parent=16188"}],"curies":[{"name":"wp","href":"https:\/\/api.w.org\/{rel}","templated":true}]}}