{"id":16190,"date":"2019-09-05T11:12:13","date_gmt":"2019-09-05T11:12:13","guid":{"rendered":"http:\/\/www.cri.pt\/?page_id=16190"},"modified":"2020-06-04T12:00:58","modified_gmt":"2020-06-04T12:00:58","slug":"2019-20-infantis-sub-13-2","status":"publish","type":"page","link":"https:\/\/www.cri.pt\/?page_id=16190","title":{"rendered":"2019\/20 INFANTIS (SUB-13)"},"content":{"rendered":"<p><img loading=\"lazy\" decoding=\"async\" class=\"aligncenter size-full wp-image-16497\" src=\"https:\/\/www.cri.pt\/wp-content\/uploads\/2019\/11\/2019.11.05-infantis-equipa-completa.jpg\" alt=\"\" width=\"3618\" height=\"2095\" srcset=\"https:\/\/www.cri.pt\/wp-content\/uploads\/2019\/11\/2019.11.05-infantis-equipa-completa.jpg 3618w, https:\/\/www.cri.pt\/wp-content\/uploads\/2019\/11\/2019.11.05-infantis-equipa-completa-300x174.jpg 300w, https:\/\/www.cri.pt\/wp-content\/uploads\/2019\/11\/2019.11.05-infantis-equipa-completa-768x445.jpg 768w, https:\/\/www.cri.pt\/wp-content\/uploads\/2019\/11\/2019.11.05-infantis-equipa-completa-1024x593.jpg 1024w, https:\/\/www.cri.pt\/wp-content\/uploads\/2019\/11\/2019.11.05-infantis-equipa-completa-128x74.jpg 128w, https:\/\/www.cri.pt\/wp-content\/uploads\/2019\/11\/2019.11.05-infantis-equipa-completa-32x19.jpg 32w, https:\/\/www.cri.pt\/wp-content\/uploads\/2019\/11\/2019.11.05-infantis-equipa-completa-100x58.jpg 100w, https:\/\/www.cri.pt\/wp-content\/uploads\/2019\/11\/2019.11.05-infantis-equipa-completa-50x29.jpg 50w, https:\/\/www.cri.pt\/wp-content\/uploads\/2019\/11\/2019.11.05-infantis-equipa-completa-25x14.jpg 25w, https:\/\/www.cri.pt\/wp-content\/uploads\/2019\/11\/2019.11.05-infantis-equipa-completa-990x573.jpg 990w, https:\/\/www.cri.pt\/wp-content\/uploads\/2019\/11\/2019.11.05-infantis-equipa-completa-1320x764.jpg 1320w\" sizes=\"auto, (max-width: 3618px) 100vw, 3618px\" \/>Os nossos 27 Guerreiros (pelos nomes de &#8220;guerra&#8221;)<br \/>\nDa esquerda para a direita a come\u00e7ar pela fila de cima: Jo\u00e3o, Loureiro, Francisco, Reboredo, Pedrosa, Dani, Salvador, Diogo, Raul, Joaquim e Miguel.<br \/>\nNa fila do meio: Piedade, In\u00e1cio, Estrela, Beni, Tiago, Tungumuna, Horta, Fatia, Lu\u00eds e Rui.<br \/>\nNa fila de baixo: Wilson, Neri, Canas, Facas, Hugo e Santiago.<br \/>\n<em>[Foto Paulo Benedito &#8211; 04\/11-2019]<\/em><\/p>\n<div class=\"mks_separator\" style=\"border-bottom: 2px solid;\"><\/div>\n<ul>\n<li><a href=\"https:\/\/www.cri.pt\/?page_id=6863\">ARQUIVO \u00c9POCAS ANTERIORES<\/a><\/li>\n<li>\u00c9POCA 2019\/20\n<ul>\n<li><a href=\"#JOGADORES\"><strong>JOGADORES<\/strong><\/a><\/li>\n<li><a href=\"#TREINADORES. DIRIGENTES. COLABORADORES\"><strong>TREINADORES. DIRIGENTES. COLABORADORES<\/strong><\/a><\/li>\n<li><strong><a href=\"https:\/\/www.cri.pt\/?tag=Infantis-2019\/20\">FOTOS. V\u00cdDEOS. NOT\u00cdCIAS<\/a><\/strong><\/li>\n<li><a href=\"https:\/\/resultados.fpf.pt\/Competition\/Details?competitionId=18663&amp;seasonId=99\" target=\"_blank\" rel=\"noopener noreferrer\">CAMPEONATO DISTRITAL DA A.F.SET\u00daBAL &#8211; INFANTIS 2\u00ba ANO (SUB-13) &#8211; S\u00c9RIE &#8220;C&#8221;<\/a><\/li>\n<li><a href=\"https:\/\/resultados.fpf.pt\/Competition\/Details?competitionId=19387&amp;seasonId=99\" target=\"_blank\" rel=\"noopener noreferrer\">TORNEIO COMPLEMENTAR DA A.F.S. &#8211; INFANTIS 2\u00ba ANO (SUB-13)<\/a><\/li>\n<\/ul>\n<\/li>\n<\/ul>\n<hr \/>\n<div class=\"mks_separator\" style=\"border-bottom: 2px solid;\"><\/div>\n<p><a href=\"https:\/\/resultados.fpf.pt\/Competition\/Details?competitionId=19387&amp;seasonId=99\" target=\"_blank\" rel=\"noopener noreferrer\"><strong>TORNEIO COMPLEMENTAR DA A.F.S. &#8211; INFANTIS 2\u00ba ANO (SUB-13)<\/strong><\/a><\/p>\n<p>OS NOSSOS JOGOS:<\/p>\n<p>22 FEV. 2020 <strong>CRI<\/strong> 5-3 Col\u00e9gio Atl\u00e2ntico\u00a0 \u00a0<a href=\"https:\/\/resultados.fpf.pt\/Match\/GetMatchInformation?matchId=1575083\" target=\"_blank\" rel=\"noopener noreferrer\">FICHA DE JOGO<\/a> &#8211; <strong><a href=\"https:\/\/www.cri.pt\/?p=17123\">FOTOS<\/a><\/strong><br \/>\n29 FEV. 2020 GD Alfarim 1-1 <strong>CRI\u00a0 \u00a0<\/strong><a href=\"https:\/\/resultados.fpf.pt\/Match\/GetMatchInformation?matchId=1575087\" target=\"_blank\" rel=\"noopener noreferrer\">FICHA DE JOGO<\/a><br \/>\n07 MAR. 2020 <strong>CRI<\/strong> 2-0 SR Cruzamento Peg\u00f5es\u00a0 \u00a0 <a href=\"https:\/\/resultados.fpf.pt\/Match\/GetMatchInformation?matchId=1575089\" target=\"_blank\" rel=\"noopener noreferrer\">FICHA DE JOGO<\/a><\/p>\n<p><strong>Torneio interrompido devido \u00e0 pandemia COVID-19<\/strong><\/p>\n<p>14 MAR. 2020 SJ Cercalense x CRI<br \/>\n21 MAR. 2020 CRI x Paio Pires FC<br \/>\n28 MAR. 2020 CRI x ACD Corroios<br \/>\n04 ABR. 2020 Almada Ac x CRI<br \/>\n25 ABR. 2020 Col\u00e9gio Atl\u00e2ntico x CRI<br \/>\n02 MAI. 2020 CRI x GD Alfarim<br \/>\n09 MAI. 2020 SR Cruzamento Peg\u00f5es x CRI<br \/>\n16 MAI. 2020 CRI x SJ Cercalense<br \/>\n23 MAI. 2020 Paio Pires FC x CRI<br \/>\n30 MAI. 2020 ACD Corroios x CRI<br \/>\n07 JUN. 2020 CRI x Almada AC<\/p>\n<p><img loading=\"lazy\" decoding=\"async\" class=\"size-full wp-image-17585 alignnone\" src=\"https:\/\/www.cri.pt\/wp-content\/uploads\/2020\/06\/2019-20-sub-13-complementar-final.jpg\" alt=\"\" width=\"480\" height=\"694\" srcset=\"https:\/\/www.cri.pt\/wp-content\/uploads\/2020\/06\/2019-20-sub-13-complementar-final.jpg 480w, https:\/\/www.cri.pt\/wp-content\/uploads\/2020\/06\/2019-20-sub-13-complementar-final-207x300.jpg 207w, https:\/\/www.cri.pt\/wp-content\/uploads\/2020\/06\/2019-20-sub-13-complementar-final-89x128.jpg 89w, https:\/\/www.cri.pt\/wp-content\/uploads\/2020\/06\/2019-20-sub-13-complementar-final-22x32.jpg 22w, https:\/\/www.cri.pt\/wp-content\/uploads\/2020\/06\/2019-20-sub-13-complementar-final-69x100.jpg 69w, https:\/\/www.cri.pt\/wp-content\/uploads\/2020\/06\/2019-20-sub-13-complementar-final-35x50.jpg 35w, https:\/\/www.cri.pt\/wp-content\/uploads\/2020\/06\/2019-20-sub-13-complementar-final-17x25.jpg 17w, https:\/\/www.cri.pt\/wp-content\/uploads\/2020\/06\/2019-20-sub-13-complementar-final-300x434.jpg 300w\" sizes=\"auto, (max-width: 480px) 100vw, 480px\" \/><\/p>\n<div class=\"mks_separator\" style=\"border-bottom: 2px solid;\"><\/div>\n<p><strong><a href=\"https:\/\/resultados.fpf.pt\/Competition\/Details?competitionId=18663&amp;seasonId=99\" target=\"_blank\" rel=\"noopener noreferrer\">CAMPEONATO DISTRITAL DA A.F.SET\u00daBAL &#8211; INFANTIS 2\u00ba ANO (SUB-13) &#8211; S\u00c9RIE &#8220;C&#8221;<\/a><\/strong><\/p>\n<p>OS NOSSOS JOGOS:<\/p>\n<p>05 OUT 2019 <strong>CRI<\/strong> 2-5 Vinhense\u00a0 \u00a0<a href=\"https:\/\/resultados.fpf.pt\/Match\/GetMatchInformation?matchId=1501645\" target=\"_blank\" rel=\"noopener noreferrer\">FICHA DE JOGO<\/a> &#8211;\u00a0<strong><a href=\"https:\/\/www.cri.pt\/?p=16321\">FOTOS<\/a><\/strong><br \/>\n19 OUT 2019 Fabril 5-0 <strong>CRI<\/strong>\u00a0 \u00a0<a href=\"https:\/\/resultados.fpf.pt\/Match\/GetMatchInformation?matchId=1501658\" target=\"_blank\" rel=\"noopener noreferrer\">FICHA DE JOGO<\/a> &#8211; <strong><a href=\"https:\/\/www.cri.pt\/?p=16412\" target=\"_blank\" rel=\"noopener noreferrer\">FOTOS<\/a><\/strong><br \/>\n26 OUT 2019 <strong>CRI<\/strong> 0-6 Galitos\u00a0 \u00a0<a href=\"https:\/\/resultados.fpf.pt\/Match\/GetMatchInformation?matchId=1501664\" target=\"_blank\" rel=\"noopener noreferrer\">FICHA DE JOGO<\/a> &#8211; <strong><a href=\"https:\/\/www.cri.pt\/?p=16454\">FOTOS<\/a><\/strong><br \/>\n02 NOV 2019 ACD Corroios 0-1 <strong>CRI<\/strong>\u00a0 \u00a0<a href=\"https:\/\/resultados.fpf.pt\/Match\/GetMatchInformation?matchId=1501670\" target=\"_blank\" rel=\"noopener noreferrer\">FICHA DE JOGO<\/a><br \/>\n09 NOV 2019 <strong>CRI<\/strong> 1-7 Barreirense\u00a0 \u00a0<a href=\"https:\/\/resultados.fpf.pt\/Match\/GetMatchInformation?matchId=1501676\" target=\"_blank\" rel=\"noopener noreferrer\">FICHA DE JOGO<\/a> &#8211; <strong><a href=\"https:\/\/www.cri.pt\/?p=16502\">FOTOS<\/a><\/strong><br \/>\n16 NOV 2019 P. Pires 1-10 <strong>CRI<\/strong>\u00a0 \u00a0<a href=\"http:\/\/resultados.fpf.pt\/Match\/GetMatchInformation?matchId=1501680\" target=\"_blank\" rel=\"noopener noreferrer\">FICHA DE JOGO<\/a><br \/>\n30 NOV 2019 Vinhense 3-4 <strong>CRI<\/strong>\u00a0 \u00a0<a href=\"https:\/\/resultados.fpf.pt\/Match\/GetMatchInformation?matchId=1501686\" target=\"_blank\" rel=\"noopener noreferrer\">FICHA DE JOGO<\/a> &#8211; <strong><a href=\"https:\/\/www.cri.pt\/?p=16556\">FOTOS<\/a><\/strong><br \/>\n14 DEZ 2019 <strong>CRI<\/strong> 1-7 Fabril\u00a0 \u00a0<a href=\"https:\/\/resultados.fpf.pt\/Match\/GetMatchInformation?matchId=1501695\" target=\"_blank\" rel=\"noopener noreferrer\">FICHA DE JOGO<\/a> &#8211; <strong><a href=\"https:\/\/www.cri.pt\/?p=16675\">FOTOS<\/a><\/strong><br \/>\n21 DEZ 2019 Galitos 3-0 <strong>CRI\u00a0 \u00a0<\/strong><a href=\"https:\/\/resultados.fpf.pt\/Match\/GetMatchInformation?matchId=1486253\" target=\"_blank\" rel=\"noopener noreferrer\">FICHA DE JOGO<\/a> &#8211; <strong><a href=\"https:\/\/www.cri.pt\/?p=16811\">F<\/a><a href=\"https:\/\/www.cri.pt\/?p=16811\">OTO<\/a><\/strong><br \/>\n04 JAN 2020 <strong>CRI<\/strong> 1-2 ACD Corroios\u00a0 \u00a0<a href=\"https:\/\/resultados.fpf.pt\/Match\/GetMatchInformation?matchId=1501701\" target=\"_blank\" rel=\"noopener noreferrer\">FICHA DE JOGO<\/a><br \/>\n11 JAN 2020 Barreirense 7-2 <strong>CRI\u00a0 \u00a0<\/strong><a href=\"https:\/\/resultados.fpf.pt\/Match\/GetMatchInformation?matchId=1501704\" target=\"_blank\" rel=\"noopener noreferrer\">FICHA DE JOGO<\/a><br \/>\n18 JAN 2020 <strong>CRI<\/strong> 4-2 P.Pires\u00a0 \u00a0<a href=\"https:\/\/resultados.fpf.pt\/Match\/GetMatchInformation?matchId=1501706\" target=\"_blank\" rel=\"noopener noreferrer\">FICHA DE JOGO<\/a> &#8211; <strong><a href=\"https:\/\/www.cri.pt\/?p=16931\">FOTOS<\/a><\/strong><\/p>\n<p>CLASSIFICA\u00c7\u00c3O FINAL &#8211; 1\u00aa FASE<\/p>\n<p><img loading=\"lazy\" decoding=\"async\" class=\"wp-image-16939 alignnone\" src=\"https:\/\/www.cri.pt\/wp-content\/uploads\/2020\/01\/2020.01.18-inf-class.jpg\" alt=\"\" width=\"360\" height=\"465\" srcset=\"https:\/\/www.cri.pt\/wp-content\/uploads\/2020\/01\/2020.01.18-inf-class.jpg 1280w, https:\/\/www.cri.pt\/wp-content\/uploads\/2020\/01\/2020.01.18-inf-class-232x300.jpg 232w, https:\/\/www.cri.pt\/wp-content\/uploads\/2020\/01\/2020.01.18-inf-class-793x1024.jpg 793w, https:\/\/www.cri.pt\/wp-content\/uploads\/2020\/01\/2020.01.18-inf-class-768x992.jpg 768w, https:\/\/www.cri.pt\/wp-content\/uploads\/2020\/01\/2020.01.18-inf-class-1189x1536.jpg 1189w, https:\/\/www.cri.pt\/wp-content\/uploads\/2020\/01\/2020.01.18-inf-class-99x128.jpg 99w, https:\/\/www.cri.pt\/wp-content\/uploads\/2020\/01\/2020.01.18-inf-class-25x32.jpg 25w, https:\/\/www.cri.pt\/wp-content\/uploads\/2020\/01\/2020.01.18-inf-class-77x100.jpg 77w, https:\/\/www.cri.pt\/wp-content\/uploads\/2020\/01\/2020.01.18-inf-class-39x50.jpg 39w, https:\/\/www.cri.pt\/wp-content\/uploads\/2020\/01\/2020.01.18-inf-class-19x25.jpg 19w, https:\/\/www.cri.pt\/wp-content\/uploads\/2020\/01\/2020.01.18-inf-class-990x1278.jpg 990w, https:\/\/www.cri.pt\/wp-content\/uploads\/2020\/01\/2020.01.18-inf-class-300x387.jpg 300w\" sizes=\"auto, (max-width: 360px) 100vw, 360px\" \/><br \/>\n<div class=\"mks_separator\" style=\"border-bottom: 2px solid;\"><\/div>\n<p><strong><a name=\"JOGADORES\"><\/a>JOGADORES<\/strong><img loading=\"lazy\" decoding=\"async\" class=\"aligncenter size-full wp-image-16614\" src=\"https:\/\/www.cri.pt\/wp-content\/uploads\/2019\/12\/barra-jogadores.jpg\" alt=\"\" width=\"1918\" height=\"410\" \/><\/p>\n<hr \/>\n<p><a href=\"https:\/\/www.fpf.pt\/Jogadores\/Ficha-de-Jogador\/playerId\/1821855\" target=\"_blank\" rel=\"noopener noreferrer\">Afonso Canas<\/a> (2008)<br \/>\n<a href=\"https:\/\/www.fpf.pt\/Jogadores\/Ficha-de-Jogador\/playerId\/1743671\" target=\"_blank\" rel=\"noopener noreferrer\">Daniel Rosado<\/a> (2007)<br \/>\n<a href=\"https:\/\/www.fpf.pt\/Jogadores\/Ficha-de-Jogador\/playerId\/1893883\" target=\"_blank\" rel=\"noopener noreferrer\">David Reboredo<\/a> (2008)<br \/>\n<a href=\"https:\/\/www.fpf.pt\/Jogadores\/Ficha-de-Jogador\/playerId\/1822071\" target=\"_blank\" rel=\"noopener noreferrer\">Diogo Matos<\/a> (2007)<br \/>\n<a href=\"https:\/\/www.fpf.pt\/Jogadores\/Ficha-de-Jogador\/playerId\/1741959\" target=\"_blank\" rel=\"noopener noreferrer\">Duarte Benedito<\/a> (2007)<br \/>\n<a href=\"https:\/\/www.fpf.pt\/Jogadores\/Ficha-de-Jogador\/playerId\/1821857\" target=\"_blank\" rel=\"noopener noreferrer\">Duarte Facas<\/a> (2008)<br \/>\n<a href=\"https:\/\/www.fpf.pt\/Jogadores\/Ficha-de-Jogador\/playerId\/1822070\" target=\"_blank\" rel=\"noopener noreferrer\">Francisco Matos<\/a> (2008)<br \/>\n<a href=\"https:\/\/www.fpf.pt\/Jogadores\/Ficha-de-Jogador\/playerId\/1889950\" target=\"_blank\" rel=\"noopener noreferrer\">Gabriel In\u00e1cio<\/a> (2008)<br \/>\n<a href=\"https:\/\/www.fpf.pt\/Jogadores\/Ficha-de-Jogador\/playerId\/877758\" target=\"_blank\" rel=\"noopener noreferrer\">Hugo Rodrigues<\/a> (2007)<br \/>\n<a href=\"https:\/\/www.fpf.pt\/Jogadores\/Ficha-de-Jogador\/playerId\/1948974\" target=\"_blank\" rel=\"noopener noreferrer\">Jo\u00e3o Barros<\/a> (2008)<br \/>\n<a href=\"https:\/\/www.fpf.pt\/Jogadores\/Ficha-de-Jogador\/playerId\/1741967\" target=\"_blank\" rel=\"noopener noreferrer\">Joaquim Ferreira<\/a> (2007)<br \/>\n<a href=\"https:\/\/www.fpf.pt\/Jogadores\/Ficha-de-Jogador\/playerId\/1961408\" target=\"_blank\" rel=\"noopener noreferrer\">Lu\u00eds Pereira<\/a> (2008)<br \/>\n<a href=\"https:\/\/www.fpf.pt\/Jogadores\/Ficha-de-Jogador\/playerId\/1895368\" target=\"_blank\" rel=\"noopener noreferrer\">Martim Fatia<\/a> (2008)<br \/>\n<a href=\"https:\/\/fpfimagehandler.fpf.pt\/ScoreImageHandler.ashx?type=Person&amp;id=1839073&amp;w=142&amp;h=144\" target=\"_blank\" rel=\"noopener noreferrer\">Miguel Angelo<\/a> (2008)<br \/>\n<a href=\"https:\/\/www.fpf.pt\/Jogadores\/Ficha-de-Jogador\/playerId\/1904430\" target=\"_blank\" rel=\"noopener noreferrer\">Miguel Salvador<\/a> (2007)<br \/>\n<a href=\"https:\/\/www.fpf.pt\/Jogadores\/Ficha-de-Jogador\/playerId\/1845466\" target=\"_blank\" rel=\"noopener noreferrer\">Neri Gomes<\/a> (2008)<br \/>\n<a href=\"https:\/\/www.fpf.pt\/Jogadores\/Ficha-de-Jogador\/playerId\/1856431\" target=\"_blank\" rel=\"noopener noreferrer\">Rafael Pedrosa<\/a> (2007)<br \/>\n<a href=\"https:\/\/www.fpf.pt\/Jogadores\/Ficha-de-Jogador\/playerId\/1777008\" target=\"_blank\" rel=\"noopener noreferrer\">Rafael Piedade<\/a> (2008)<br \/>\n<a href=\"https:\/\/www.fpf.pt\/Jogadores\/Ficha-de-Jogador\/playerId\/1968678\" target=\"_blank\" rel=\"noopener noreferrer\">Raul Monteiro<\/a> (2008)<br \/>\n<a href=\"https:\/\/www.fpf.pt\/Jogadores\/Ficha-de-Jogador\/playerId\/1822068\" target=\"_blank\" rel=\"noopener noreferrer\">Rodrigo Baltazar<\/a> (2008)<br \/>\n<a href=\"https:\/\/www.fpf.pt\/Jogadores\/Ficha-de-Jogador\/playerId\/1579105\" target=\"_blank\" rel=\"noopener noreferrer\">Rui Santos<\/a> (2007)<br \/>\n<a href=\"https:\/\/www.fpf.pt\/Jogadores\/Ficha-de-Jogador\/playerId\/1948978\" target=\"_blank\" rel=\"noopener noreferrer\">Santiago Baptista<\/a> (2008)<br \/>\n<a href=\"https:\/\/www.fpf.pt\/Jogadores\/Ficha-de-Jogador\/playerId\/1742010\" target=\"_blank\" rel=\"noopener noreferrer\">Tiago Carromeu<\/a> (2007)<br \/>\n<a href=\"https:\/\/www.fpf.pt\/Jogadores\/Ficha-de-Jogador\/playerId\/878594\" target=\"_blank\" rel=\"noopener noreferrer\">Tiago Horta<\/a> (2007)<br \/>\n<a href=\"https:\/\/www.fpf.pt\/Jogadores\/Ficha-de-Jogador\/playerId\/1844433\" target=\"_blank\" rel=\"noopener noreferrer\">Tom\u00e1s Tungumuna<\/a> (2008)<br \/>\n<a href=\"https:\/\/www.fpf.pt\/Jogadores\/Ficha-de-Jogador\/playerId\/1741939\" target=\"_blank\" rel=\"noopener noreferrer\">Tom\u00e1s Loureiro<\/a> (2008)<br \/>\n<a href=\"https:\/\/www.fpf.pt\/Jogadores\/Ficha-de-Jogador\/playerId\/1961400\" target=\"_blank\" rel=\"noopener noreferrer\">Wilson Vaz<\/a> (2007)<\/p>\n<p>&nbsp;<\/p>\n<div class=\"mks_separator\" style=\"border-bottom: 2px solid;\"><\/div>\n<p><strong><a name=\"TREINADORES. DIRIGENTES. COLABORADORES\"><\/a>TREINADORES. DIRIGENTES. COLABORADORES<\/strong><img loading=\"lazy\" decoding=\"async\" class=\"aligncenter size-full wp-image-16612\" src=\"https:\/\/www.cri.pt\/wp-content\/uploads\/2019\/12\/barra-treinador.jpg\" alt=\"\" width=\"1920\" height=\"407\" \/><\/p>\n<hr \/>\n<p>Treinador: \u00c9lber Saldanha<br \/>\nTreinador Adjunto: Paulo Benedito<br \/>\nTreinador de Guarda-redes: Ricardo Gon\u00e7alves<br \/>\nColaboradores: Miguel Vieira, Diogo Marques e Gon\u00e7alo Fernandes (Estagi\u00e1rio)<br \/>\nMassagista: Paulo Benedito<br \/>\nCoordenador Desportivo: Jos\u00e9 L. Medeiros<br \/>\nDirigente: Vital \u00c2ngelo<\/p>\n<p>&nbsp;<\/p>\n<p>&nbsp;<\/p>\n<p>&nbsp;<\/p>\n<div class=\"mks_separator\" style=\"border-bottom: 2px solid;\"><\/div>\n<p>MAIS FOTOS<\/p>\n<hr \/>\n<hr \/>\n<p><img loading=\"lazy\" decoding=\"async\" class=\"aligncenter size-full wp-image-16323\" src=\"https:\/\/www.cri.pt\/wp-content\/uploads\/2019\/10\/infantis2019-20.jpg\" alt=\"\" width=\"1920\" height=\"1280\" srcset=\"https:\/\/www.cri.pt\/wp-content\/uploads\/2019\/10\/infantis2019-20.jpg 1920w, https:\/\/www.cri.pt\/wp-content\/uploads\/2019\/10\/infantis2019-20-300x200.jpg 300w, https:\/\/www.cri.pt\/wp-content\/uploads\/2019\/10\/infantis2019-20-768x512.jpg 768w, https:\/\/www.cri.pt\/wp-content\/uploads\/2019\/10\/infantis2019-20-1024x683.jpg 1024w, https:\/\/www.cri.pt\/wp-content\/uploads\/2019\/10\/infantis2019-20-128x85.jpg 128w, https:\/\/www.cri.pt\/wp-content\/uploads\/2019\/10\/infantis2019-20-32x21.jpg 32w, https:\/\/www.cri.pt\/wp-content\/uploads\/2019\/10\/infantis2019-20-100x67.jpg 100w, https:\/\/www.cri.pt\/wp-content\/uploads\/2019\/10\/infantis2019-20-50x33.jpg 50w, https:\/\/www.cri.pt\/wp-content\/uploads\/2019\/10\/infantis2019-20-25x17.jpg 25w, https:\/\/www.cri.pt\/wp-content\/uploads\/2019\/10\/infantis2019-20-990x660.jpg 990w, https:\/\/www.cri.pt\/wp-content\/uploads\/2019\/10\/infantis2019-20-1320x880.jpg 1320w, https:\/\/www.cri.pt\/wp-content\/uploads\/2019\/10\/infantis2019-20-414x276.jpg 414w, https:\/\/www.cri.pt\/wp-content\/uploads\/2019\/10\/infantis2019-20-470x313.jpg 470w, https:\/\/www.cri.pt\/wp-content\/uploads\/2019\/10\/infantis2019-20-640x426.jpg 640w, https:\/\/www.cri.pt\/wp-content\/uploads\/2019\/10\/infantis2019-20-130x86.jpg 130w, https:\/\/www.cri.pt\/wp-content\/uploads\/2019\/10\/infantis2019-20-187x124.jpg 187w, https:\/\/www.cri.pt\/wp-content\/uploads\/2019\/10\/infantis2019-20-74x49.jpg 74w, https:\/\/www.cri.pt\/wp-content\/uploads\/2019\/10\/infantis2019-20-111x74.jpg 111w, https:\/\/www.cri.pt\/wp-content\/uploads\/2019\/10\/infantis2019-20-215x143.jpg 215w\" sizes=\"auto, (max-width: 1920px) 100vw, 1920px\" \/>Foto: 2019.10.05<\/p>\n<hr \/>\n<p><img loading=\"lazy\" decoding=\"async\" class=\"aligncenter wp-image-16254\" src=\"https:\/\/www.cri.pt\/wp-content\/uploads\/2019\/09\/2019.09.21-infantis.jpg\" alt=\"\" width=\"1920\" height=\"1440\" srcset=\"https:\/\/www.cri.pt\/wp-content\/uploads\/2019\/09\/2019.09.21-infantis.jpg 960w, https:\/\/www.cri.pt\/wp-content\/uploads\/2019\/09\/2019.09.21-infantis-300x225.jpg 300w, https:\/\/www.cri.pt\/wp-content\/uploads\/2019\/09\/2019.09.21-infantis-768x576.jpg 768w, https:\/\/www.cri.pt\/wp-content\/uploads\/2019\/09\/2019.09.21-infantis-128x96.jpg 128w, https:\/\/www.cri.pt\/wp-content\/uploads\/2019\/09\/2019.09.21-infantis-32x24.jpg 32w, https:\/\/www.cri.pt\/wp-content\/uploads\/2019\/09\/2019.09.21-infantis-100x75.jpg 100w, https:\/\/www.cri.pt\/wp-content\/uploads\/2019\/09\/2019.09.21-infantis-50x38.jpg 50w, https:\/\/www.cri.pt\/wp-content\/uploads\/2019\/09\/2019.09.21-infantis-25x19.jpg 25w\" sizes=\"auto, (max-width: 1920px) 100vw, 1920px\" \/>Foto: 2019.09.21<\/p>\n","protected":false},"excerpt":{"rendered":"<p>Os nossos 27 Guerreiros (pelos nomes de &#8220;guerra&#8221;) Da esquerda para a direita a come\u00e7ar pela fila de cima: Jo\u00e3o, Loureiro, Francisco, Reboredo, Pedrosa, Dani, Salvador, Diogo, Raul, Joaquim e Miguel. Na fila do meio: Piedade, In\u00e1cio, Estrela, Beni, Tiago, Tungumuna, Horta, Fatia, Lu\u00eds e Rui. Na fila de baixo: Wilson, Neri, Canas, Facas, Hugo [&hellip;]<\/p>\n","protected":false},"author":1,"featured_media":0,"parent":0,"menu_order":0,"comment_status":"closed","ping_status":"closed","template":"","meta":{"footnotes":""},"class_list":["post-16190","page","type-page","status-publish","hentry"],"_links":{"self":[{"href":"https:\/\/www.cri.pt\/index.php?rest_route=\/wp\/v2\/pages\/16190","targetHints":{"allow":["GET"]}}],"collection":[{"href":"https:\/\/www.cri.pt\/index.php?rest_route=\/wp\/v2\/pages"}],"about":[{"href":"https:\/\/www.cri.pt\/index.php?rest_route=\/wp\/v2\/types\/page"}],"author":[{"embeddable":true,"href":"https:\/\/www.cri.pt\/index.php?rest_route=\/wp\/v2\/users\/1"}],"replies":[{"embeddable":true,"href":"https:\/\/www.cri.pt\/index.php?rest_route=%2Fwp%2Fv2%2Fcomments&post=16190"}],"version-history":[{"count":49,"href":"https:\/\/www.cri.pt\/index.php?rest_route=\/wp\/v2\/pages\/16190\/revisions"}],"predecessor-version":[{"id":17587,"href":"https:\/\/www.cri.pt\/index.php?rest_route=\/wp\/v2\/pages\/16190\/revisions\/17587"}],"wp:attachment":[{"href":"https:\/\/www.cri.pt\/index.php?rest_route=%2Fwp%2Fv2%2Fmedia&parent=16190"}],"curies":[{"name":"wp","href":"https:\/\/api.w.org\/{rel}","templated":true}]}}