{"id":16193,"date":"2019-09-05T11:13:12","date_gmt":"2019-09-05T11:13:12","guid":{"rendered":"http:\/\/www.cri.pt\/?page_id=16193"},"modified":"2020-06-04T12:04:56","modified_gmt":"2020-06-04T12:04:56","slug":"2019-20-iniciados-sub-15-2","status":"publish","type":"page","link":"https:\/\/www.cri.pt\/?page_id=16193","title":{"rendered":"2019\/20 INICIADOS (SUB-15)"},"content":{"rendered":"<p><img loading=\"lazy\" decoding=\"async\" class=\"aligncenter size-full wp-image-16487\" src=\"https:\/\/www.cri.pt\/wp-content\/uploads\/2019\/11\/2019.11.03_vinhense0-2cri-088.jpg\" alt=\"\" width=\"1620\" height=\"1080\" srcset=\"https:\/\/www.cri.pt\/wp-content\/uploads\/2019\/11\/2019.11.03_vinhense0-2cri-088.jpg 1620w, https:\/\/www.cri.pt\/wp-content\/uploads\/2019\/11\/2019.11.03_vinhense0-2cri-088-300x200.jpg 300w, https:\/\/www.cri.pt\/wp-content\/uploads\/2019\/11\/2019.11.03_vinhense0-2cri-088-768x512.jpg 768w, https:\/\/www.cri.pt\/wp-content\/uploads\/2019\/11\/2019.11.03_vinhense0-2cri-088-1024x683.jpg 1024w, https:\/\/www.cri.pt\/wp-content\/uploads\/2019\/11\/2019.11.03_vinhense0-2cri-088-128x85.jpg 128w, https:\/\/www.cri.pt\/wp-content\/uploads\/2019\/11\/2019.11.03_vinhense0-2cri-088-32x21.jpg 32w, https:\/\/www.cri.pt\/wp-content\/uploads\/2019\/11\/2019.11.03_vinhense0-2cri-088-100x67.jpg 100w, https:\/\/www.cri.pt\/wp-content\/uploads\/2019\/11\/2019.11.03_vinhense0-2cri-088-50x33.jpg 50w, https:\/\/www.cri.pt\/wp-content\/uploads\/2019\/11\/2019.11.03_vinhense0-2cri-088-25x17.jpg 25w, https:\/\/www.cri.pt\/wp-content\/uploads\/2019\/11\/2019.11.03_vinhense0-2cri-088-990x660.jpg 990w, https:\/\/www.cri.pt\/wp-content\/uploads\/2019\/11\/2019.11.03_vinhense0-2cri-088-1320x880.jpg 1320w, https:\/\/www.cri.pt\/wp-content\/uploads\/2019\/11\/2019.11.03_vinhense0-2cri-088-414x276.jpg 414w, https:\/\/www.cri.pt\/wp-content\/uploads\/2019\/11\/2019.11.03_vinhense0-2cri-088-470x313.jpg 470w, https:\/\/www.cri.pt\/wp-content\/uploads\/2019\/11\/2019.11.03_vinhense0-2cri-088-640x426.jpg 640w, https:\/\/www.cri.pt\/wp-content\/uploads\/2019\/11\/2019.11.03_vinhense0-2cri-088-130x86.jpg 130w, https:\/\/www.cri.pt\/wp-content\/uploads\/2019\/11\/2019.11.03_vinhense0-2cri-088-187x124.jpg 187w, https:\/\/www.cri.pt\/wp-content\/uploads\/2019\/11\/2019.11.03_vinhense0-2cri-088-74x49.jpg 74w, https:\/\/www.cri.pt\/wp-content\/uploads\/2019\/11\/2019.11.03_vinhense0-2cri-088-111x74.jpg 111w, https:\/\/www.cri.pt\/wp-content\/uploads\/2019\/11\/2019.11.03_vinhense0-2cri-088-215x143.jpg 215w\" sizes=\"auto, (max-width: 1620px) 100vw, 1620px\" \/><\/p>\n<div class=\"mks_separator\" style=\"border-bottom: 2px solid;\"><\/div>\n<ul>\n<li><a href=\"https:\/\/www.cri.pt\/?page_id=6863\">ARQUIVO \u00c9POCAS ANTERIORES<\/a><\/li>\n<li><strong>\u00c9POCA 2019\/20<\/strong>\n<ul>\n<li><a href=\"#JOGADORES\"><strong>JOGADORES<\/strong><\/a><\/li>\n<li><a href=\"#TREINADORES. DIRIGENTES. COLABORADORES\"><strong>TREINADORES. DIRIGENTES. COLABORADORES<\/strong> <\/a><\/li>\n<li><a href=\"https:\/\/www.cri.pt\/?tag=Iniciados-2019\/20\"><strong>FOTOS. V\u00cdDEOS. NOT\u00cdCIAS<\/strong><\/a><\/li>\n<li><a href=\"https:\/\/resultados.fpf.pt\/Competition\/Details?competitionId=18612&amp;seasonId=99\" target=\"_blank\" rel=\"noopener noreferrer\">CAMPEONATO DISTRITAL DA A.F.SET\u00daBAL &#8211; INICIADOS &#8211; 3\u00aa DIVIS\u00c3O &#8211; S\u00c9RIE &#8220;D&#8221;<\/a><\/li>\n<li><a href=\"https:\/\/resultados.fpf.pt\/Competition\/Details?competitionId=19400&amp;seasonId=99\" target=\"_blank\" rel=\"noopener noreferrer\">TORNEIO COMPLEMENTAR &#8211; S\u00c9RIE &#8220;B&#8221;<\/a><\/li>\n<\/ul>\n<\/li>\n<\/ul>\n<hr \/>\n<div class=\"mks_separator\" style=\"border-bottom: 2px solid;\"><\/div>\n<p><a href=\"https:\/\/resultados.fpf.pt\/Competition\/Details?competitionId=19400&amp;seasonId=99\" target=\"_blank\" rel=\"noopener noreferrer\">TORNEIO COMPLEMENTAR &#8211; S\u00c9RIE &#8220;B&#8221; &#8211; Ver Classifica\u00e7\u00e3o aqui<\/a><\/p>\n<p>01 MAR.2020 Moitense 5-1 <strong>CRI<\/strong>\u00a0 \u00a0<a href=\"https:\/\/resultados.fpf.pt\/Match\/GetMatchInformation?matchId=1580136\" target=\"_blank\" rel=\"noopener noreferrer\">FICHA DE JOGO<\/a>\u00a0 \u00a0<strong><a href=\"https:\/\/www.cri.pt\/?p=17141\">FOTOS<\/a><\/strong><br \/>\n08 MAR. 2020 <strong>CRI<\/strong> 3-2 Brejos Azeit\u00e3o-B\u00a0 \u00a0<a href=\"https:\/\/resultados.fpf.pt\/Match\/GetMatchInformation?matchId=1580141\" target=\"_blank\" rel=\"noopener noreferrer\">FICHA DE JOGO<\/a> &#8211; <strong><a href=\"https:\/\/www.cri.pt\/?p=17200\">FOTOS<\/a><\/strong><\/p>\n<p><strong>Torneio interrompido devido \u00e0 pandemia COVID-19<\/strong><\/p>\n<p>15 MAR. 2020 1\u00ba Maio Sarilhense x <strong>CRI<\/strong><br \/>\n29 MAR. 2020 CRI x EFC Afonsoeirense<br \/>\n05 ABR. 2020 Gd EB D. Jo\u00e3o I x CRI<br \/>\n19 ABR. 2020 CRI x SC Vinhense<br \/>\n26 ABR. 2020 Palmelense-B x CRI<br \/>\n03 MAI. 2020 CRI x Seixal 1925-C<br \/>\n10 MAI. 2020 Ol\u00edmpico Montijo-B x CRI<br \/>\n17 MAI. 2020 CRI x GD Alcochetense-B<br \/>\n31 MAI. 2020 AF Col. Atl\u00e2ntico-B x CRI<br \/>\n10 JUN. 2020 CRI x Rosarense<\/p>\n<p><img loading=\"lazy\" decoding=\"async\" class=\"size-full wp-image-17588 alignnone\" src=\"https:\/\/www.cri.pt\/wp-content\/uploads\/2020\/06\/2019-20-sub-15-complementar-final.jpg\" alt=\"\" width=\"480\" height=\"1078\" srcset=\"https:\/\/www.cri.pt\/wp-content\/uploads\/2020\/06\/2019-20-sub-15-complementar-final.jpg 480w, https:\/\/www.cri.pt\/wp-content\/uploads\/2020\/06\/2019-20-sub-15-complementar-final-134x300.jpg 134w, https:\/\/www.cri.pt\/wp-content\/uploads\/2020\/06\/2019-20-sub-15-complementar-final-456x1024.jpg 456w, https:\/\/www.cri.pt\/wp-content\/uploads\/2020\/06\/2019-20-sub-15-complementar-final-57x128.jpg 57w, https:\/\/www.cri.pt\/wp-content\/uploads\/2020\/06\/2019-20-sub-15-complementar-final-14x32.jpg 14w, https:\/\/www.cri.pt\/wp-content\/uploads\/2020\/06\/2019-20-sub-15-complementar-final-45x100.jpg 45w, https:\/\/www.cri.pt\/wp-content\/uploads\/2020\/06\/2019-20-sub-15-complementar-final-22x50.jpg 22w, https:\/\/www.cri.pt\/wp-content\/uploads\/2020\/06\/2019-20-sub-15-complementar-final-11x25.jpg 11w, https:\/\/www.cri.pt\/wp-content\/uploads\/2020\/06\/2019-20-sub-15-complementar-final-300x674.jpg 300w\" sizes=\"auto, (max-width: 480px) 100vw, 480px\" \/><\/p>\n<div class=\"mks_separator\" style=\"border-bottom: 2px solid;\"><\/div>\n<p><a href=\"https:\/\/resultados.fpf.pt\/Competition\/Details?competitionId=18612&amp;seasonId=99\" target=\"_blank\" rel=\"noopener noreferrer\">CAMPEONATO DISTRITAL DA A.F.SET\u00daBAL &#8211; INICIADOS &#8211; 3\u00aa DIVIS\u00c3O &#8211; S\u00c9RIE &#8220;D&#8221;<\/a> (terminado)<br \/>\nOS NOSSOS JOGOS OFICIAIS:<\/p>\n<p>13 OUT 2019 <strong>CRI<\/strong> 1-3 Moitense\u00a0 \u00a0<a href=\"https:\/\/resultados.fpf.pt\/Match\/GetMatchInformation?matchId=1501390\" target=\"_blank\" rel=\"noopener noreferrer\">FICHA DE JOGO<\/a>\u00a0 \u00a0<strong><a href=\"https:\/\/www.cri.pt\/?p=16420\">FOTOS<\/a><\/strong><br \/>\n27 OUT 2019 <strong>CRI<\/strong> 0-3 D. Jo\u00e3o I\u00a0 \u00a0<a href=\"https:\/\/resultados.fpf.pt\/Match\/GetMatchInformation?matchId=1501396\" target=\"_blank\" rel=\"noopener noreferrer\">FICHA DE JOGO<\/a>\u00a0 \u00a0<strong><a href=\"https:\/\/www.cri.pt\/?p=16462\">FOTOS<\/a><\/strong><br \/>\n03 NOV 2019 Vinhense 0-2 <strong>CRI<\/strong>\u00a0 \u00a0<a href=\"https:\/\/resultados.fpf.pt\/Match\/GetMatchInformation?matchId=1501399\" target=\"_blank\" rel=\"noopener noreferrer\">FICHA DE JOGO<\/a> &#8211; <strong><a href=\"https:\/\/www.cri.pt\/?p=16485\">FOTOS<\/a><\/strong><br \/>\n10 NOV 2019 <strong>CRI<\/strong> 5-0 Amora &#8220;C&#8221;\u00a0 \u00a0<a href=\"https:\/\/resultados.fpf.pt\/Match\/GetMatchInformation?matchId=1501402\" target=\"_blank\" rel=\"noopener noreferrer\">FICHA DE JOGO<\/a> &#8211; <strong><a href=\"https:\/\/www.cri.pt\/?p=16510\">FOTOS<\/a><\/strong><br \/>\n24 NOV 2019 1\u00ba Maio Sarilhense 1-2 <strong>CRI\u00a0 \u00a0<\/strong><a href=\"https:\/\/resultados.fpf.pt\/Match\/GetMatchInformation?matchId=1501387\" target=\"_blank\" rel=\"noopener noreferrer\">FICHA DE JOGO<\/a><br \/>\n01 DEZ 2019 <strong>CRI<\/strong> 1-1 1\u00ba Maio Sarilhense\u00a0 \u00a0<a href=\"https:\/\/resultados.fpf.pt\/Match\/GetMatchInformation?matchId=1501408\" target=\"_blank\" rel=\"noopener noreferrer\">FICHA DE JOGO<\/a> &#8211; <strong><a href=\"https:\/\/www.cri.pt\/?p=16566\">FOTOS<\/a><\/strong><br \/>\n08 DEZ 2019 Moitense 1-1 <strong>CRI\u00a0 \u00a0<\/strong><a href=\"https:\/\/resultados.fpf.pt\/Match\/GetMatchInformation?matchId=1501411\" target=\"_blank\" rel=\"noopener noreferrer\">FICHA DE JOGO<\/a><br \/>\n05 JAN 2020 D. Jo\u00e3o I 3-2 <strong>CRI\u00a0 \u00a0<\/strong><a href=\"https:\/\/resultados.fpf.pt\/Match\/GetMatchInformation?matchId=1501417\" target=\"_blank\" rel=\"noopener noreferrer\">FICHA DE JOGO<\/a><br \/>\n12 JAN 2020 <strong>CRI<\/strong> 0-1 Vinhense\u00a0 \u00a0<a href=\"https:\/\/resultados.fpf.pt\/Match\/GetMatchInformation?matchId=1501420\" target=\"_blank\" rel=\"noopener noreferrer\">FICHA DE JOGO<\/a> &#8211; <strong><a href=\"https:\/\/www.cri.pt\/?p=16895\">FOTOS<\/a><\/strong><br \/>\n19 JAN 2020 Amora &#8220;C&#8221; 2-0 <strong>CRI\u00a0 \u00a0<\/strong><a href=\"https:\/\/resultados.fpf.pt\/Match\/GetMatchInformation?matchId=1501423\" target=\"_blank\" rel=\"noopener noreferrer\">FICHA DE JOGO<\/a><\/p>\n<p><strong>CLASSIFICA\u00c7\u00c3O FINAL<\/strong><\/p>\n<p><img loading=\"lazy\" decoding=\"async\" class=\"size-full wp-image-17008 alignnone\" src=\"https:\/\/www.cri.pt\/wp-content\/uploads\/2020\/02\/2020.02campeonatoiniciados.jpg\" alt=\"\" width=\"480\" height=\"660\" srcset=\"https:\/\/www.cri.pt\/wp-content\/uploads\/2020\/02\/2020.02campeonatoiniciados.jpg 480w, https:\/\/www.cri.pt\/wp-content\/uploads\/2020\/02\/2020.02campeonatoiniciados-218x300.jpg 218w, https:\/\/www.cri.pt\/wp-content\/uploads\/2020\/02\/2020.02campeonatoiniciados-93x128.jpg 93w, https:\/\/www.cri.pt\/wp-content\/uploads\/2020\/02\/2020.02campeonatoiniciados-23x32.jpg 23w, https:\/\/www.cri.pt\/wp-content\/uploads\/2020\/02\/2020.02campeonatoiniciados-73x100.jpg 73w, https:\/\/www.cri.pt\/wp-content\/uploads\/2020\/02\/2020.02campeonatoiniciados-36x50.jpg 36w, https:\/\/www.cri.pt\/wp-content\/uploads\/2020\/02\/2020.02campeonatoiniciados-18x25.jpg 18w, https:\/\/www.cri.pt\/wp-content\/uploads\/2020\/02\/2020.02campeonatoiniciados-300x413.jpg 300w\" sizes=\"auto, (max-width: 480px) 100vw, 480px\" \/><\/p>\n<div class=\"mks_separator\" style=\"border-bottom: 2px solid;\"><\/div>\n<p><strong><a name=\"JOGADORES\"><\/a>JOGADORES<\/strong><img loading=\"lazy\" decoding=\"async\" class=\"aligncenter size-full wp-image-16614\" src=\"https:\/\/www.cri.pt\/wp-content\/uploads\/2019\/12\/barra-jogadores.jpg\" alt=\"\" width=\"1918\" height=\"410\" \/><\/p>\n<hr \/>\n<p><a href=\"https:\/\/www.fpf.pt\/Jogadores\/Ficha-de-Jogador\/playerId\/1613351\" target=\"_blank\" rel=\"noopener noreferrer\">Afonso Oliveira<\/a> (2005)<br \/>\n<a href=\"https:\/\/www.fpf.pt\/Jogadores\/Ficha-de-Jogador\/playerId\/1834375\" target=\"_blank\" rel=\"noopener noreferrer\">Daniel Batista<\/a> (2005)<br \/>\n<a href=\"https:\/\/www.fpf.pt\/Jogadores\/Ficha-de-Jogador\/playerId\/1614390\" target=\"_blank\" rel=\"noopener noreferrer\">David Rodrigues<\/a> (2005)<br \/>\n<a href=\"https:\/\/www.fpf.pt\/Jogadores\/Ficha-de-Jogador\/playerId\/975480\" target=\"_blank\" rel=\"noopener noreferrer\">Diogo Chaves<\/a> (2006)<br \/>\n<a href=\"https:\/\/www.fpf.pt\/Jogadores\/Ficha-de-Jogador\/playerId\/1824315\" target=\"_blank\" rel=\"noopener noreferrer\">Diogo Louren\u00e7o<\/a> (2006)<br \/>\n<a href=\"https:\/\/www.fpf.pt\/Jogadores\/Ficha-de-Jogador\/playerId\/1741968\" target=\"_blank\" rel=\"noopener noreferrer\">Duarte Travessa<\/a> (2006)<br \/>\n<a href=\"https:\/\/www.fpf.pt\/Jogadores\/Ficha-de-Jogador\/playerId\/1579111\" target=\"_blank\" rel=\"noopener noreferrer\">Filipe Gaspar<\/a> (2005)<br \/>\n<a href=\"https:\/\/www.fpf.pt\/Jogadores\/Ficha-de-Jogador\/playerId\/868078\" target=\"_blank\" rel=\"noopener noreferrer\">Filipe Fonseca<\/a> (2005)<br \/>\n<a href=\"https:\/\/www.fpf.pt\/Jogadores\/Ficha-de-Jogador\/playerId\/1897488\" target=\"_blank\" rel=\"noopener noreferrer\">Francisco Fragoso<\/a> (2006)<br \/>\n<a href=\"https:\/\/www.fpf.pt\/Jogadores\/Ficha-de-Jogador\/playerId\/971149\" target=\"_blank\" rel=\"noopener noreferrer\">Gabriel Fernandes<\/a> (2006)<br \/>\n<a href=\"https:\/\/www.fpf.pt\/Jogadores\/Ficha-de-Jogador\/playerId\/863976\" target=\"_blank\" rel=\"noopener noreferrer\">Jo\u00e3o Lampreia<\/a> (2005)<br \/>\n<a href=\"https:\/\/www.fpf.pt\/Jogadores\/Ficha-de-Jogador\/playerId\/841485\" target=\"_blank\" rel=\"noopener noreferrer\">Jo\u00e3o Salsinha<\/a> (2005)<br \/>\n<a href=\"https:\/\/www.fpf.pt\/Jogadores\/Ficha-de-Jogador\/playerId\/1968677\" target=\"_blank\" rel=\"noopener noreferrer\">Joel Kamara<\/a> (2005)<br \/>\n<a href=\"https:\/\/www.fpf.pt\/Jogadores\/Ficha-de-Jogador\/playerId\/1750403\" target=\"_blank\" rel=\"noopener noreferrer\">M\u00e1rio Correia<\/a> (2005)<br \/>\n<a href=\"https:\/\/www.fpf.pt\/Jogadores\/Ficha-de-Jogador\/playerId\/907442\" target=\"_blank\" rel=\"noopener noreferrer\">Martim Ferreira<\/a> (2006)<br \/>\n<a href=\"https:\/\/www.fpf.pt\/Jogadores\/Ficha-de-Jogador\/playerId\/810178\" target=\"_blank\" rel=\"noopener noreferrer\">Miguel Panoias<\/a> (2005)<br \/>\n<a href=\"https:\/\/www.fpf.pt\/Jogadores\/Ficha-de-Jogador\/playerId\/909132\" target=\"_blank\" rel=\"noopener noreferrer\">Miguel Ferreira<\/a> (2006)<br \/>\n<a href=\"https:\/\/www.fpf.pt\/Jogadores\/Ficha-de-Jogador\/playerId\/1579106\" target=\"_blank\" rel=\"noopener noreferrer\">Pedro Gaspar<\/a> (2005)<br \/>\n<a href=\"https:\/\/www.fpf.pt\/Jogadores\/Ficha-de-Jogador\/playerId\/1595810\" target=\"_blank\" rel=\"noopener noreferrer\">Rafael Diniz<\/a> (2006)<br \/>\n<a href=\"https:\/\/www.fpf.pt\/Jogadores\/Ficha-de-Jogador\/playerId\/1741960\" target=\"_blank\" rel=\"noopener noreferrer\">Rafael Carvalho<\/a> (2006)<br \/>\n<a href=\"https:\/\/www.fpf.pt\/Jogadores\/Ficha-de-Jogador\/playerId\/960727\" target=\"_blank\" rel=\"noopener noreferrer\">Ricardo Rito<\/a> (2005)<br \/>\n<a href=\"https:\/\/www.fpf.pt\/Jogadores\/Ficha-de-Jogador\/playerId\/1976330\" target=\"_blank\" rel=\"noopener noreferrer\">Rodrigo Gomes<\/a> (2005)<br \/>\n<a href=\"https:\/\/www.fpf.pt\/Jogadores\/Ficha-de-Jogador\/playerId\/914105\" target=\"_blank\" rel=\"noopener noreferrer\">Rodrigo Nogueira<\/a> (2005)<br \/>\n<a href=\"https:\/\/www.fpf.pt\/Jogadores\/Ficha-de-Jogador\/playerId\/1594148\" target=\"_blank\" rel=\"noopener noreferrer\">Rodrigo Fernandes<\/a> (2005)<br \/>\n<a href=\"https:\/\/www.fpf.pt\/Jogadores\/Ficha-de-Jogador\/playerId\/1824205\" target=\"_blank\" rel=\"noopener noreferrer\">R\u00faben Pacheco<\/a> (2005)<br \/>\n<a href=\"https:\/\/www.fpf.pt\/Jogadores\/Ficha-de-Jogador\/playerId\/985532\" target=\"_blank\" rel=\"noopener noreferrer\">R\u00faben F\u00e9lix<\/a> (2006)<br \/>\n<a href=\"https:\/\/www.fpf.pt\/Jogadores\/Ficha-de-Jogador\/playerId\/966521\" target=\"_blank\" rel=\"noopener noreferrer\">Tom\u00e1s Pereira<\/a> (2005)<\/p>\n<div class=\"mks_separator\" style=\"border-bottom: 2px solid;\"><\/div>\n<p><strong><a name=\"TREINADORES. DIRIGENTES. COLABORADORES\"><\/a>TREINADORES. DIRIGENTES. COLABORADORES<\/strong><img loading=\"lazy\" decoding=\"async\" class=\"aligncenter size-full wp-image-16612\" src=\"https:\/\/www.cri.pt\/wp-content\/uploads\/2019\/12\/barra-treinador.jpg\" alt=\"\" width=\"1920\" height=\"407\" \/><\/p>\n<hr \/>\n<p>Treinador: Leandro Barreto<br \/>\nTreinador adjunto: Gon\u00e7alo Cunha<br \/>\nMassagista: Miguel Nobre<br \/>\nCoordenador Desportivo: Jos\u00e9 L. Medeiros<br \/>\nDirigente: Raul Calado<\/p>\n<p>&nbsp;<\/p>\n<hr \/>\n","protected":false},"excerpt":{"rendered":"<p>ARQUIVO \u00c9POCAS ANTERIORES \u00c9POCA 2019\/20 JOGADORES TREINADORES. DIRIGENTES. COLABORADORES FOTOS. V\u00cdDEOS. NOT\u00cdCIAS CAMPEONATO DISTRITAL DA A.F.SET\u00daBAL &#8211; INICIADOS &#8211; 3\u00aa DIVIS\u00c3O &#8211; S\u00c9RIE &#8220;D&#8221; TORNEIO COMPLEMENTAR &#8211; S\u00c9RIE &#8220;B&#8221; TORNEIO COMPLEMENTAR &#8211; S\u00c9RIE &#8220;B&#8221; &#8211; Ver Classifica\u00e7\u00e3o aqui 01 MAR.2020 Moitense 5-1 CRI\u00a0 \u00a0FICHA DE JOGO\u00a0 \u00a0FOTOS 08 MAR. 2020 CRI 3-2 Brejos Azeit\u00e3o-B\u00a0 \u00a0FICHA [&hellip;]<\/p>\n","protected":false},"author":1,"featured_media":0,"parent":0,"menu_order":0,"comment_status":"closed","ping_status":"closed","template":"","meta":{"footnotes":""},"class_list":["post-16193","page","type-page","status-publish","hentry"],"_links":{"self":[{"href":"https:\/\/www.cri.pt\/index.php?rest_route=\/wp\/v2\/pages\/16193","targetHints":{"allow":["GET"]}}],"collection":[{"href":"https:\/\/www.cri.pt\/index.php?rest_route=\/wp\/v2\/pages"}],"about":[{"href":"https:\/\/www.cri.pt\/index.php?rest_route=\/wp\/v2\/types\/page"}],"author":[{"embeddable":true,"href":"https:\/\/www.cri.pt\/index.php?rest_route=\/wp\/v2\/users\/1"}],"replies":[{"embeddable":true,"href":"https:\/\/www.cri.pt\/index.php?rest_route=%2Fwp%2Fv2%2Fcomments&post=16193"}],"version-history":[{"count":41,"href":"https:\/\/www.cri.pt\/index.php?rest_route=\/wp\/v2\/pages\/16193\/revisions"}],"predecessor-version":[{"id":17589,"href":"https:\/\/www.cri.pt\/index.php?rest_route=\/wp\/v2\/pages\/16193\/revisions\/17589"}],"wp:attachment":[{"href":"https:\/\/www.cri.pt\/index.php?rest_route=%2Fwp%2Fv2%2Fmedia&parent=16193"}],"curies":[{"name":"wp","href":"https:\/\/api.w.org\/{rel}","templated":true}]}}