{"id":16195,"date":"2019-09-05T11:13:57","date_gmt":"2019-09-05T11:13:57","guid":{"rendered":"http:\/\/www.cri.pt\/?page_id=16195"},"modified":"2020-06-04T12:09:55","modified_gmt":"2020-06-04T12:09:55","slug":"2019-20-juvenis-sub-17-2","status":"publish","type":"page","link":"https:\/\/www.cri.pt\/?page_id=16195","title":{"rendered":"2019\/20 JUVENIS (SUB-17)"},"content":{"rendered":"<p><img loading=\"lazy\" decoding=\"async\" class=\"aligncenter size-full wp-image-16478\" src=\"https:\/\/www.cri.pt\/wp-content\/uploads\/2019\/11\/2019.11.01-juvenis.jpg\" alt=\"\" width=\"1920\" height=\"1280\" srcset=\"https:\/\/www.cri.pt\/wp-content\/uploads\/2019\/11\/2019.11.01-juvenis.jpg 1920w, https:\/\/www.cri.pt\/wp-content\/uploads\/2019\/11\/2019.11.01-juvenis-300x200.jpg 300w, https:\/\/www.cri.pt\/wp-content\/uploads\/2019\/11\/2019.11.01-juvenis-768x512.jpg 768w, https:\/\/www.cri.pt\/wp-content\/uploads\/2019\/11\/2019.11.01-juvenis-1024x683.jpg 1024w, https:\/\/www.cri.pt\/wp-content\/uploads\/2019\/11\/2019.11.01-juvenis-128x85.jpg 128w, https:\/\/www.cri.pt\/wp-content\/uploads\/2019\/11\/2019.11.01-juvenis-32x21.jpg 32w, https:\/\/www.cri.pt\/wp-content\/uploads\/2019\/11\/2019.11.01-juvenis-100x67.jpg 100w, https:\/\/www.cri.pt\/wp-content\/uploads\/2019\/11\/2019.11.01-juvenis-50x33.jpg 50w, https:\/\/www.cri.pt\/wp-content\/uploads\/2019\/11\/2019.11.01-juvenis-25x17.jpg 25w, https:\/\/www.cri.pt\/wp-content\/uploads\/2019\/11\/2019.11.01-juvenis-990x660.jpg 990w, https:\/\/www.cri.pt\/wp-content\/uploads\/2019\/11\/2019.11.01-juvenis-1320x880.jpg 1320w, https:\/\/www.cri.pt\/wp-content\/uploads\/2019\/11\/2019.11.01-juvenis-414x276.jpg 414w, https:\/\/www.cri.pt\/wp-content\/uploads\/2019\/11\/2019.11.01-juvenis-470x313.jpg 470w, https:\/\/www.cri.pt\/wp-content\/uploads\/2019\/11\/2019.11.01-juvenis-640x426.jpg 640w, https:\/\/www.cri.pt\/wp-content\/uploads\/2019\/11\/2019.11.01-juvenis-130x86.jpg 130w, https:\/\/www.cri.pt\/wp-content\/uploads\/2019\/11\/2019.11.01-juvenis-187x124.jpg 187w, https:\/\/www.cri.pt\/wp-content\/uploads\/2019\/11\/2019.11.01-juvenis-74x49.jpg 74w, https:\/\/www.cri.pt\/wp-content\/uploads\/2019\/11\/2019.11.01-juvenis-111x74.jpg 111w, https:\/\/www.cri.pt\/wp-content\/uploads\/2019\/11\/2019.11.01-juvenis-215x143.jpg 215w\" sizes=\"auto, (max-width: 1920px) 100vw, 1920px\" \/><\/p>\n<div class=\"mks_separator\" style=\"border-bottom: 2px solid;\"><\/div>\n<ul>\n<li><a href=\"https:\/\/www.cri.pt\/?page_id=6863\">ARQUIVO \u00c9POCAS ANTERIORES<\/a><\/li>\n<li><strong>\u00c9POCA 2019\/20<\/strong>\n<ul>\n<li><a href=\"#JOGADORES\"><strong>JOGADORES<\/strong><\/a><\/li>\n<li><a href=\"#TREINADORES. DIRIGENTES. COLABORADORES\"><strong>TREINADORES. DIRIGENTES. COLABORADORES<\/strong> <\/a><\/li>\n<li><a href=\"https:\/\/www.cri.pt\/?tag=Juvenis-2019\/20\"><strong>FOTOS. V\u00cdDEOS. NOT\u00cdCIAS<\/strong><\/a><\/li>\n<li><a href=\"https:\/\/resultados.fpf.pt\/Competition\/Details?competitionId=18609&amp;seasonId=99\" target=\"_blank\" rel=\"noopener noreferrer\"><strong>CAMPEONATO DISTRITAL DA A.F.SET\u00daBAL &#8211; JUVENIS &#8211; 3\u00aa DIVIS\u00c3O &#8211; S\u00c9RIE &#8220;B&#8221;<\/strong><\/a><\/li>\n<\/ul>\n<\/li>\n<\/ul>\n<div class=\"mks_separator\" style=\"border-bottom: 2px solid;\"><\/div>\n<p>OS NOSSOS JOGOS OFICIAIS:<\/p>\n<p>28 SET 2019 GDR O Sindicato x CRI (adiado para 15\/12\/2019)<br \/>\n05 OUT 2019 <strong>CRI<\/strong> 1-2 Vinhense\u00a0 \u00a0 \u00a0<a href=\"https:\/\/resultados.fpf.pt\/Match\/GetMatchInformation?matchId=1486202\" target=\"_blank\" rel=\"noopener noreferrer\">FICHA DE JOGO<\/a><br \/>\n12 OUT 2019 Sonho XXI&#8221;B&#8221; 2-2 <strong>CRI\u00a0<\/strong> \u00a0<a href=\"https:\/\/resultados.fpf.pt\/Competition\/Details?competitionId=18609&amp;seasonId=99\" target=\"_blank\" rel=\"noopener noreferrer\">FICHA DE JOGO<\/a><br \/>\n19 OUT 2019 <strong>CRI<\/strong> 1-1 Moitense\u00a0 \u00a0<a href=\"https:\/\/resultados.fpf.pt\/Match\/GetMatchInformation?matchId=1486211\" target=\"_blank\" rel=\"noopener noreferrer\">FICHA DE JOGO<\/a>\u00a0 \u00a0<a href=\"https:\/\/www.cri.pt\/?p=16426\">FOTOS<\/a><br \/>\n26 OUT 2019 Pinhalnovense &#8220;B&#8221; 6-0 <strong>CRI<\/strong>\u00a0 \u00a0<a href=\"https:\/\/resultados.fpf.pt\/Match\/GetMatchInformation?matchId=1486216\" target=\"_blank\" rel=\"noopener noreferrer\">FICHA DE JOGO<\/a><br \/>\n01 NOV 2019 <strong>CRI<\/strong> 1-0 S. Domingos\u00a0 \u00a0<a href=\"https:\/\/resultados.fpf.pt\/Match\/GetMatchInformation?matchId=1486220\" target=\"_blank\" rel=\"noopener noreferrer\">FICHA DE JOGO<\/a> &#8211; <a href=\"https:\/\/www.cri.pt\/?p=16476\">FOTOS<\/a><br \/>\n09 NOV 2019 Almada 2015&#8243;B&#8221; 0-2 <strong>CRI\u00a0<\/strong> \u00a0<a href=\"https:\/\/resultados.fpf.pt\/Match\/GetMatchInformation?matchId=1486225\" target=\"_blank\" rel=\"noopener noreferrer\">FICHA DE JOGO<\/a><br \/>\n16 NOV 2019 <strong>CRI<\/strong> 0-0 Quintajense\u00a0 \u00a0<a href=\"http:\/\/resultados.fpf.pt\/Match\/GetMatchInformation?matchId=1486229\" target=\"_blank\" rel=\"noopener noreferrer\">FICHA DE JOGO<\/a><br \/>\n24 NOV 2019 Samouquense 0-2 <strong>CRI\u00a0<\/strong> \u00a0<a href=\"http:\/\/resultados.fpf.pt\/Match\/GetMatchInformation?matchId=1486234\" target=\"_blank\" rel=\"noopener noreferrer\">FICHA DE JOGO<\/a> &#8211; <a href=\"https:\/\/www.cri.pt\/?p=16529\">FOTOS<\/a> &#8211; <a href=\"https:\/\/www.cri.pt\/?p=16529\">V\u00cdDEO DO 2\u00ba GOLO<\/a><br \/>\n07 DEZ 2019 <strong>CRI<\/strong> 1-7 Ol\u00edmpico &#8220;B&#8221;\u00a0 \u00a0<a href=\"https:\/\/resultados.fpf.pt\/Match\/GetMatchInformation?matchId=1486244\" target=\"_blank\" rel=\"noopener noreferrer\">FICHA DE JOGO<\/a> &#8211; <a href=\"https:\/\/www.cri.pt\/?p=16668\">FOTOS<\/a><br \/>\n15 DEZ 2019 GDR O Sindicato 0-0 <strong>CRI\u00a0 \u00a0<\/strong><a href=\"https:\/\/resultados.fpf.pt\/Match\/GetMatchInformation?matchId=1486198\" target=\"_blank\" rel=\"noopener noreferrer\">FICHA DE JOGO<\/a><br \/>\n21 DEZ 2019 <strong>CRI<\/strong> 2-0 GDR o Sindicato\u00a0 \u00a0<a href=\"https:\/\/resultados.fpf.pt\/Match\/GetMatchInformation?matchId=1486253\">FICHA DE JOGO<\/a> &#8211; <a href=\"https:\/\/www.cri.pt\/?p=16789\">FOTOS<\/a><br \/>\n04 JAN 2020 Vinhense 2-0 <strong>CRI\u00a0 \u00a0<\/strong><a href=\"https:\/\/resultados.fpf.pt\/Match\/GetMatchInformation?matchId=1486257\" target=\"_blank\" rel=\"noopener noreferrer\">FICHA DE JOGO<\/a><br \/>\n11 JAN 2020 <strong>CRI<\/strong> 1-2 Sonho XXI &#8220;B&#8221;\u00a0 \u00a0<a href=\"https:\/\/resultados.fpf.pt\/Match\/GetMatchInformation?matchId=1486262\" target=\"_blank\" rel=\"noopener noreferrer\">FICHA DE JOGO<\/a><br \/>\n18 JAN 2020 Moitense 3-2 <strong>CRI\u00a0 \u00a0<\/strong><a href=\"https:\/\/resultados.fpf.pt\/Match\/GetMatchInformation?matchId=1486266\" target=\"_blank\" rel=\"noopener noreferrer\">FICHA DE JOGO<\/a><br \/>\n01 FEV 2020 <strong>CRI<\/strong> 0-6 Pinhalnovense &#8220;B&#8221;\u00a0 \u00a0<a href=\"https:\/\/resultados.fpf.pt\/Match\/GetMatchInformation?matchId=1486271\" target=\"_blank\" rel=\"noopener noreferrer\">FICHA DE JOGO<\/a> &#8211; <a href=\"https:\/\/www.cri.pt\/?p=16969\">FOTOS<\/a><br \/>\n08 FEV 2020 S. Domingos 4-1 <strong>CRI\u00a0 \u00a0<\/strong><a href=\"https:\/\/resultados.fpf.pt\/Match\/GetMatchInformation?matchId=1486275\" target=\"_blank\" rel=\"noopener noreferrer\">FICHA DE JOGO<\/a><br \/>\n15 FEV 2020 <strong>CRI<\/strong> 1-0 Almada 2015 &#8220;B&#8221;\u00a0 \u00a0<a href=\"https:\/\/resultados.fpf.pt\/Match\/GetMatchInformation?matchId=1486280\" target=\"_blank\" rel=\"noopener noreferrer\">FICHA DE JOGO<\/a><br \/>\n01 MAR 2020 Quintajense 2-0 <strong>CRI\u00a0 <\/strong><a href=\"https:\/\/resultados.fpf.pt\/Match\/GetMatchInformation?matchId=1486284\" target=\"_blank\" rel=\"noopener noreferrer\">FICHA DE JOGO<\/a><br \/>\n07 MAR 2020 <strong>CRI<\/strong> 2-0 Samouquense\u00a0 \u00a0<a href=\"https:\/\/resultados.fpf.pt\/Match\/GetMatchInformation?matchId=1486289\" target=\"_blank\" rel=\"noopener noreferrer\">FICHA DE JOGO<\/a> &#8211; <a href=\"https:\/\/www.cri.pt\/?p=17194\">FOTOS<\/a><br \/>\n<strong><br \/>\nTorneio interrompido devido \u00e0 pandemia COVID-19<\/strong><\/p>\n<p>21 MAR 2020 Ol\u00edmpico &#8220;B&#8221; x <strong>CRI<\/strong><\/p>\n<p><img loading=\"lazy\" decoding=\"async\" class=\"size-full wp-image-17590 alignnone\" src=\"https:\/\/www.cri.pt\/wp-content\/uploads\/2020\/06\/2019-20-sub-17-complementar-final.jpg\" alt=\"\" width=\"480\" height=\"927\" srcset=\"https:\/\/www.cri.pt\/wp-content\/uploads\/2020\/06\/2019-20-sub-17-complementar-final.jpg 480w, https:\/\/www.cri.pt\/wp-content\/uploads\/2020\/06\/2019-20-sub-17-complementar-final-155x300.jpg 155w, https:\/\/www.cri.pt\/wp-content\/uploads\/2020\/06\/2019-20-sub-17-complementar-final-66x128.jpg 66w, https:\/\/www.cri.pt\/wp-content\/uploads\/2020\/06\/2019-20-sub-17-complementar-final-17x32.jpg 17w, https:\/\/www.cri.pt\/wp-content\/uploads\/2020\/06\/2019-20-sub-17-complementar-final-52x100.jpg 52w, https:\/\/www.cri.pt\/wp-content\/uploads\/2020\/06\/2019-20-sub-17-complementar-final-26x50.jpg 26w, https:\/\/www.cri.pt\/wp-content\/uploads\/2020\/06\/2019-20-sub-17-complementar-final-13x25.jpg 13w, https:\/\/www.cri.pt\/wp-content\/uploads\/2020\/06\/2019-20-sub-17-complementar-final-300x579.jpg 300w\" sizes=\"auto, (max-width: 480px) 100vw, 480px\" \/><\/p>\n<p>&nbsp;<\/p>\n<div class=\"mks_separator\" style=\"border-bottom: 2px solid;\"><\/div>\n<p><strong><a name=\"JOGADORES\"><\/a>JOGADORES<\/strong><img loading=\"lazy\" decoding=\"async\" class=\"aligncenter size-full wp-image-16614\" src=\"https:\/\/www.cri.pt\/wp-content\/uploads\/2019\/12\/barra-jogadores.jpg\" alt=\"\" width=\"1918\" height=\"410\" \/><\/p>\n<hr \/>\n<p><a href=\"https:\/\/www.fpf.pt\/Jogadores\/Ficha-de-Jogador\/playerId\/914077\" target=\"_blank\" rel=\"noopener noreferrer\">Daniel Matos<\/a><br \/>\n<a href=\"https:\/\/www.fpf.pt\/Jogadores\/Ficha-de-Jogador\/playerId\/914208\" target=\"_blank\" rel=\"noopener noreferrer\">David Arrais<\/a><br \/>\n<a href=\"https:\/\/www.fpf.pt\/Jogadores\/Ficha-de-Jogador\/playerId\/1579474\" target=\"_blank\" rel=\"noopener noreferrer\">Diogo J\u00falio<\/a><br \/>\n<a href=\"https:\/\/www.fpf.pt\/Jogadores\/Ficha-de-Jogador\/playerId\/1948942\" target=\"_blank\" rel=\"noopener noreferrer\">Edivaldo Silva<\/a><br \/>\n<a href=\"https:\/\/www.fpf.pt\/Jogadores\/Ficha-de-Jogador\/playerId\/973603\" target=\"_blank\" rel=\"noopener noreferrer\">Gon\u00e7alo Gil<\/a><br \/>\n<a href=\"https:\/\/www.fpf.pt\/Jogadores\/Ficha-de-Jogador\/playerId\/844685\" target=\"_blank\" rel=\"noopener noreferrer\">Jo\u00e3o Busca<\/a><br \/>\n<a href=\"https:\/\/www.fpf.pt\/Jogadores\/Ficha-de-Jogador\/playerId\/941057\" target=\"_blank\" rel=\"noopener noreferrer\">Jorge Lopes<\/a><br \/>\n<a href=\"https:\/\/www.fpf.pt\/Jogadores\/Ficha-de-Jogador\/playerId\/1907524\" target=\"_blank\" rel=\"noopener noreferrer\">Jos\u00e9 Palma<\/a><br \/>\n<a href=\"https:\/\/www.fpf.pt\/Jogadores\/Ficha-de-Jogador\/playerId\/958205\" target=\"_blank\" rel=\"noopener noreferrer\">Jos\u00e9 Reis<\/a><br \/>\n<a href=\"https:\/\/www.fpf.pt\/Jogadores\/Ficha-de-Jogador\/playerId\/1948948\" target=\"_blank\" rel=\"noopener noreferrer\">Juelson Gomes<\/a><br \/>\n<a href=\"https:\/\/www.fpf.pt\/Jogadores\/Ficha-de-Jogador\/playerId\/1753090\" target=\"_blank\" rel=\"noopener noreferrer\">Kevin Fernandes<\/a><br \/>\n<a href=\"https:\/\/www.fpf.pt\/Jogadores\/Ficha-de-Jogador\/playerId\/898931\" target=\"_blank\" rel=\"noopener noreferrer\">Leandro Brito<\/a><br \/>\n<a href=\"https:\/\/www.fpf.pt\/Jogadores\/Ficha-de-Jogador\/playerId\/1948945\" target=\"_blank\" rel=\"noopener noreferrer\">Leo Carvalho<\/a><br \/>\n<a href=\"https:\/\/www.fpf.pt\/Jogadores\/Ficha-de-Jogador\/playerId\/942456\" target=\"_blank\" rel=\"noopener noreferrer\">Pedro Ingrez<\/a><br \/>\n<a href=\"https:\/\/www.fpf.pt\/Jogadores\/Ficha-de-Jogador\/playerId\/872805\" target=\"_blank\" rel=\"noopener noreferrer\">Rafael Maria<\/a><br \/>\n<a href=\"https:\/\/www.fpf.pt\/Jogadores\/Ficha-de-Jogador\/playerId\/1968675\" target=\"_blank\" rel=\"noopener noreferrer\">Rafael Saramago<\/a><br \/>\n<a href=\"https:\/\/www.fpf.pt\/Jogadores\/Ficha-de-Jogador\/playerId\/803274\" target=\"_blank\" rel=\"noopener noreferrer\">Ricardo Cotocuanda<\/a><br \/>\n<a href=\"https:\/\/www.fpf.pt\/Jogadores\/Ficha-de-Jogador\/playerId\/1748086\" target=\"_blank\" rel=\"noopener noreferrer\">Ricardo Embalo<\/a><br \/>\n<a href=\"https:\/\/www.fpf.pt\/Jogadores\/Ficha-de-Jogador\/playerId\/967773\" target=\"_blank\" rel=\"noopener noreferrer\">Rodrigo Garcia<\/a><br \/>\n<a href=\"https:\/\/www.fpf.pt\/Jogadores\/Ficha-de-Jogador\/playerId\/746407\" target=\"_blank\" rel=\"noopener noreferrer\">Tiago Leit\u00e3o<\/a><br \/>\n<a href=\"https:\/\/www.fpf.pt\/Jogadores\/Ficha-de-Jogador\/playerId\/838456\" target=\"_blank\" rel=\"noopener noreferrer\">Tom\u00e1s Marques<\/a><\/p>\n<div class=\"mks_separator\" style=\"border-bottom: 2px solid;\"><\/div>\n<p><strong><a name=\"TREINADORES. DIRIGENTES. COLABORADORES\"><\/a>TREINADORES. DIRIGENTES. COLABORADORES<\/strong><strong><img loading=\"lazy\" decoding=\"async\" class=\"aligncenter size-full wp-image-16612\" src=\"https:\/\/www.cri.pt\/wp-content\/uploads\/2019\/12\/barra-treinador.jpg\" alt=\"\" width=\"1920\" height=\"407\" \/><\/strong><\/p>\n<hr \/>\n<p>Treinador: Carlos Lan\u00e7a (Rui Cardoso at\u00e9 dez.2019)<br \/>\nTreinador Adjunto: Rafael Baptista (at\u00e9 jan.2020)<br \/>\nColaborador: V\u00edtor Sousa (Estagi\u00e1rio)<br \/>\nMassagista: Miguel Nobre<br \/>\nCoordenador Desportivo: Jos\u00e9 L. Medeiros<br \/>\nDirigente: Bruno Ingrez<\/p>\n<p>&nbsp;<\/p>\n<p>&nbsp;<\/p>\n<p>&nbsp;<\/p>\n<p>&nbsp;<\/p>\n","protected":false},"excerpt":{"rendered":"<p>ARQUIVO \u00c9POCAS ANTERIORES \u00c9POCA 2019\/20 JOGADORES TREINADORES. DIRIGENTES. COLABORADORES FOTOS. V\u00cdDEOS. NOT\u00cdCIAS CAMPEONATO DISTRITAL DA A.F.SET\u00daBAL &#8211; JUVENIS &#8211; 3\u00aa DIVIS\u00c3O &#8211; S\u00c9RIE &#8220;B&#8221; OS NOSSOS JOGOS OFICIAIS: 28 SET 2019 GDR O Sindicato x CRI (adiado para 15\/12\/2019) 05 OUT 2019 CRI 1-2 Vinhense\u00a0 \u00a0 \u00a0FICHA DE JOGO 12 OUT 2019 Sonho XXI&#8221;B&#8221; 2-2 [&hellip;]<\/p>\n","protected":false},"author":1,"featured_media":0,"parent":0,"menu_order":0,"comment_status":"closed","ping_status":"closed","template":"","meta":{"footnotes":""},"class_list":["post-16195","page","type-page","status-publish","hentry"],"_links":{"self":[{"href":"https:\/\/www.cri.pt\/index.php?rest_route=\/wp\/v2\/pages\/16195","targetHints":{"allow":["GET"]}}],"collection":[{"href":"https:\/\/www.cri.pt\/index.php?rest_route=\/wp\/v2\/pages"}],"about":[{"href":"https:\/\/www.cri.pt\/index.php?rest_route=\/wp\/v2\/types\/page"}],"author":[{"embeddable":true,"href":"https:\/\/www.cri.pt\/index.php?rest_route=\/wp\/v2\/users\/1"}],"replies":[{"embeddable":true,"href":"https:\/\/www.cri.pt\/index.php?rest_route=%2Fwp%2Fv2%2Fcomments&post=16195"}],"version-history":[{"count":61,"href":"https:\/\/www.cri.pt\/index.php?rest_route=\/wp\/v2\/pages\/16195\/revisions"}],"predecessor-version":[{"id":17591,"href":"https:\/\/www.cri.pt\/index.php?rest_route=\/wp\/v2\/pages\/16195\/revisions\/17591"}],"wp:attachment":[{"href":"https:\/\/www.cri.pt\/index.php?rest_route=%2Fwp%2Fv2%2Fmedia&parent=16195"}],"curies":[{"name":"wp","href":"https:\/\/api.w.org\/{rel}","templated":true}]}}