{"id":17569,"date":"2020-05-24T20:24:47","date_gmt":"2020-05-24T20:24:47","guid":{"rendered":"http:\/\/www.cri.pt\/?page_id=17569"},"modified":"2020-08-06T21:56:51","modified_gmt":"2020-08-06T21:56:51","slug":"2020-21-infantis-b-sub-12","status":"publish","type":"page","link":"https:\/\/www.cri.pt\/?page_id=17569","title":{"rendered":"2020\/21 INFANTIS-B (SUB-12)"},"content":{"rendered":"<p><img loading=\"lazy\" decoding=\"async\" class=\"aligncenter size-full wp-image-17601\" src=\"https:\/\/www.cri.pt\/wp-content\/uploads\/2020\/06\/equipa-cri-cores.jpg\" alt=\"\" width=\"600\" height=\"450\" srcset=\"https:\/\/www.cri.pt\/wp-content\/uploads\/2020\/06\/equipa-cri-cores.jpg 600w, https:\/\/www.cri.pt\/wp-content\/uploads\/2020\/06\/equipa-cri-cores-300x225.jpg 300w, https:\/\/www.cri.pt\/wp-content\/uploads\/2020\/06\/equipa-cri-cores-128x96.jpg 128w, https:\/\/www.cri.pt\/wp-content\/uploads\/2020\/06\/equipa-cri-cores-32x24.jpg 32w, https:\/\/www.cri.pt\/wp-content\/uploads\/2020\/06\/equipa-cri-cores-100x75.jpg 100w, https:\/\/www.cri.pt\/wp-content\/uploads\/2020\/06\/equipa-cri-cores-50x38.jpg 50w, https:\/\/www.cri.pt\/wp-content\/uploads\/2020\/06\/equipa-cri-cores-25x19.jpg 25w, https:\/\/www.cri.pt\/wp-content\/uploads\/2020\/06\/equipa-cri-cores-400x300.jpg 400w\" sizes=\"auto, (max-width: 600px) 100vw, 600px\" \/><\/p>\n<div class=\"mks_separator\" style=\"border-bottom: 2px solid;\"><\/div>\n<ul>\n<li><a href=\"https:\/\/www.cri.pt\/?page_id=6863\">ARQUIVO \u00c9POCAS ANTERIORES<\/a><\/li>\n<li><strong>\u00c9POCA 2020\/21<\/strong>\n<ul>\n<li><a href=\"#JOGADORES\"><strong>JOGADORES<\/strong><\/a><\/li>\n<li><a href=\"#TREINADORES. DIRIGENTES. COLABORADORES\"><strong>TREINADORES. DIRIGENTES. COLABORADORES<\/strong> <\/a><\/li>\n<li><strong>FOTOS. V\u00cdDEOS. NOT\u00cdCIAS<\/strong><\/li>\n<li><strong>CAMPEONATO DISTRITAL DA A.F.SET\u00daBAL\u00a0<\/strong><\/li>\n<\/ul>\n<\/li>\n<\/ul>\n<div class=\"mks_separator\" style=\"border-bottom: 3px solid;\"><\/div>\n<p>&nbsp;<\/p>\n<p>&nbsp;<\/p>\n<p>&nbsp;<\/p>\n<p>&nbsp;<\/p>\n<div class=\"mks_separator\" style=\"border-bottom: 3px solid;\"><\/div>\n<p><strong><a name=\"JOGADORES\"><\/a>JOGADORES<\/strong><\/p>\n<p><img loading=\"lazy\" decoding=\"async\" class=\"aligncenter wp-image-16614 size-full\" src=\"https:\/\/www.cri.pt\/wp-content\/uploads\/2019\/12\/barra-jogadores-e1591273100147.jpg\" alt=\"\" width=\"959\" height=\"105\" \/><div class=\"mks_separator\" style=\"border-bottom: 1px solid;\"><\/div><strong><br \/>\n<\/strong>Em breve&#8230;<strong><br \/>\n<\/strong><\/p>\n<p>&nbsp;<\/p>\n<p>&nbsp;<\/p>\n<p>&nbsp;<\/p>\n<div class=\"mks_separator\" style=\"border-bottom: 3px solid;\"><\/div>\n<p><strong><a name=\"TREINADORES. DIRIGENTES. COLABORADORES\"><\/a>TREINADORES. DIRIGENTES. COLABORADORES<\/strong><\/p>\n<p><strong><img loading=\"lazy\" decoding=\"async\" class=\"aligncenter wp-image-16612 size-full\" src=\"https:\/\/www.cri.pt\/wp-content\/uploads\/2019\/12\/barra-treinador-e1591273338543.jpg\" alt=\"\" width=\"1920\" height=\"187\" srcset=\"https:\/\/www.cri.pt\/wp-content\/uploads\/2019\/12\/barra-treinador-e1591273338543.jpg 1920w, https:\/\/www.cri.pt\/wp-content\/uploads\/2019\/12\/barra-treinador-e1591273338543-300x29.jpg 300w, https:\/\/www.cri.pt\/wp-content\/uploads\/2019\/12\/barra-treinador-e1591273338543-768x75.jpg 768w, https:\/\/www.cri.pt\/wp-content\/uploads\/2019\/12\/barra-treinador-e1591273338543-1024x100.jpg 1024w, https:\/\/www.cri.pt\/wp-content\/uploads\/2019\/12\/barra-treinador-e1591273338543-128x12.jpg 128w, https:\/\/www.cri.pt\/wp-content\/uploads\/2019\/12\/barra-treinador-e1591273338543-32x3.jpg 32w, https:\/\/www.cri.pt\/wp-content\/uploads\/2019\/12\/barra-treinador-e1591273338543-100x10.jpg 100w, https:\/\/www.cri.pt\/wp-content\/uploads\/2019\/12\/barra-treinador-e1591273338543-50x5.jpg 50w, https:\/\/www.cri.pt\/wp-content\/uploads\/2019\/12\/barra-treinador-e1591273338543-25x2.jpg 25w, https:\/\/www.cri.pt\/wp-content\/uploads\/2019\/12\/barra-treinador-e1591273338543-990x96.jpg 990w, https:\/\/www.cri.pt\/wp-content\/uploads\/2019\/12\/barra-treinador-e1591273338543-1320x129.jpg 1320w, https:\/\/www.cri.pt\/wp-content\/uploads\/2019\/12\/barra-treinador-e1591273338543-650x63.jpg 650w, https:\/\/www.cri.pt\/wp-content\/uploads\/2019\/12\/barra-treinador-e1591273338543-1536x150.jpg 1536w\" sizes=\"auto, (max-width: 1920px) 100vw, 1920px\" \/><\/strong><div class=\"mks_separator\" style=\"border-bottom: 1px solid;\"><\/div>\nTreinador: <strong>Gon\u00e7alo Cunha<\/strong><br \/>\nTreinador Adjunto:<br \/>\nTreinador de Guarda-redes:\u00a0 <strong>Ricardo &#8220;Trunfa&#8221;<\/strong><br \/>\nMassagista: <strong>Catarina Laranjeira e Miguel Nobre<\/strong><br \/>\nCoordenador Desportivo: <strong>Jos\u00e9 L. Medeiros<\/strong><br \/>\nDirigente:<\/p>\n<p><img loading=\"lazy\" decoding=\"async\" class=\"wp-image-17844 size-medium alignnone\" src=\"https:\/\/www.cri.pt\/wp-content\/uploads\/2020\/08\/card-goncalo-cunha-sub-12-214x300.png\" alt=\"\" width=\"214\" height=\"300\" srcset=\"https:\/\/www.cri.pt\/wp-content\/uploads\/2020\/08\/card-goncalo-cunha-sub-12-214x300.png 214w, https:\/\/www.cri.pt\/wp-content\/uploads\/2020\/08\/card-goncalo-cunha-sub-12-731x1024.png 731w, https:\/\/www.cri.pt\/wp-content\/uploads\/2020\/08\/card-goncalo-cunha-sub-12-91x128.png 91w, https:\/\/www.cri.pt\/wp-content\/uploads\/2020\/08\/card-goncalo-cunha-sub-12-23x32.png 23w, https:\/\/www.cri.pt\/wp-content\/uploads\/2020\/08\/card-goncalo-cunha-sub-12-71x100.png 71w, https:\/\/www.cri.pt\/wp-content\/uploads\/2020\/08\/card-goncalo-cunha-sub-12-36x50.png 36w, https:\/\/www.cri.pt\/wp-content\/uploads\/2020\/08\/card-goncalo-cunha-sub-12-18x25.png 18w, https:\/\/www.cri.pt\/wp-content\/uploads\/2020\/08\/card-goncalo-cunha-sub-12-300x420.png 300w, https:\/\/www.cri.pt\/wp-content\/uploads\/2020\/08\/card-goncalo-cunha-sub-12.png 750w\" sizes=\"auto, (max-width: 214px) 100vw, 214px\" \/><img loading=\"lazy\" decoding=\"async\" class=\"alignnone wp-image-17829 size-medium\" src=\"https:\/\/www.cri.pt\/wp-content\/uploads\/2020\/08\/card-ricardo-trunfa-214x300.png\" alt=\"\" width=\"214\" height=\"300\" srcset=\"https:\/\/www.cri.pt\/wp-content\/uploads\/2020\/08\/card-ricardo-trunfa-214x300.png 214w, https:\/\/www.cri.pt\/wp-content\/uploads\/2020\/08\/card-ricardo-trunfa-731x1024.png 731w, https:\/\/www.cri.pt\/wp-content\/uploads\/2020\/08\/card-ricardo-trunfa-91x128.png 91w, https:\/\/www.cri.pt\/wp-content\/uploads\/2020\/08\/card-ricardo-trunfa-23x32.png 23w, https:\/\/www.cri.pt\/wp-content\/uploads\/2020\/08\/card-ricardo-trunfa-71x100.png 71w, https:\/\/www.cri.pt\/wp-content\/uploads\/2020\/08\/card-ricardo-trunfa-36x50.png 36w, https:\/\/www.cri.pt\/wp-content\/uploads\/2020\/08\/card-ricardo-trunfa-18x25.png 18w, https:\/\/www.cri.pt\/wp-content\/uploads\/2020\/08\/card-ricardo-trunfa-300x420.png 300w, https:\/\/www.cri.pt\/wp-content\/uploads\/2020\/08\/card-ricardo-trunfa.png 750w\" sizes=\"auto, (max-width: 214px) 100vw, 214px\" \/><br \/>\n<img loading=\"lazy\" decoding=\"async\" class=\"alignnone wp-image-17831 size-medium\" src=\"https:\/\/www.cri.pt\/wp-content\/uploads\/2020\/08\/card-catarina-silva-214x300.png\" alt=\"\" width=\"214\" height=\"300\" srcset=\"https:\/\/www.cri.pt\/wp-content\/uploads\/2020\/08\/card-catarina-silva-214x300.png 214w, https:\/\/www.cri.pt\/wp-content\/uploads\/2020\/08\/card-catarina-silva-731x1024.png 731w, https:\/\/www.cri.pt\/wp-content\/uploads\/2020\/08\/card-catarina-silva-91x128.png 91w, https:\/\/www.cri.pt\/wp-content\/uploads\/2020\/08\/card-catarina-silva-23x32.png 23w, https:\/\/www.cri.pt\/wp-content\/uploads\/2020\/08\/card-catarina-silva-71x100.png 71w, https:\/\/www.cri.pt\/wp-content\/uploads\/2020\/08\/card-catarina-silva-36x50.png 36w, https:\/\/www.cri.pt\/wp-content\/uploads\/2020\/08\/card-catarina-silva-18x25.png 18w, https:\/\/www.cri.pt\/wp-content\/uploads\/2020\/08\/card-catarina-silva-300x420.png 300w, https:\/\/www.cri.pt\/wp-content\/uploads\/2020\/08\/card-catarina-silva.png 750w\" sizes=\"auto, (max-width: 214px) 100vw, 214px\" \/><\/p>\n<p><img loading=\"lazy\" decoding=\"async\" class=\"wp-image-17832 size-medium alignnone\" src=\"https:\/\/www.cri.pt\/wp-content\/uploads\/2020\/08\/card-jose-medeiros-214x300.png\" alt=\"\" width=\"214\" height=\"300\" srcset=\"https:\/\/www.cri.pt\/wp-content\/uploads\/2020\/08\/card-jose-medeiros-214x300.png 214w, https:\/\/www.cri.pt\/wp-content\/uploads\/2020\/08\/card-jose-medeiros-731x1024.png 731w, https:\/\/www.cri.pt\/wp-content\/uploads\/2020\/08\/card-jose-medeiros-91x128.png 91w, https:\/\/www.cri.pt\/wp-content\/uploads\/2020\/08\/card-jose-medeiros-23x32.png 23w, https:\/\/www.cri.pt\/wp-content\/uploads\/2020\/08\/card-jose-medeiros-71x100.png 71w, https:\/\/www.cri.pt\/wp-content\/uploads\/2020\/08\/card-jose-medeiros-36x50.png 36w, https:\/\/www.cri.pt\/wp-content\/uploads\/2020\/08\/card-jose-medeiros-18x25.png 18w, https:\/\/www.cri.pt\/wp-content\/uploads\/2020\/08\/card-jose-medeiros-300x420.png 300w, https:\/\/www.cri.pt\/wp-content\/uploads\/2020\/08\/card-jose-medeiros.png 750w\" sizes=\"auto, (max-width: 214px) 100vw, 214px\" \/><\/p>\n<p>&nbsp;<\/p>\n<p>&nbsp;<\/p>\n<p>&nbsp;<\/p>\n","protected":false},"excerpt":{"rendered":"<p>ARQUIVO \u00c9POCAS ANTERIORES \u00c9POCA 2020\/21 JOGADORES TREINADORES. DIRIGENTES. COLABORADORES FOTOS. V\u00cdDEOS. NOT\u00cdCIAS CAMPEONATO DISTRITAL DA A.F.SET\u00daBAL\u00a0 &nbsp; &nbsp; &nbsp; &nbsp; JOGADORES Em breve&#8230; &nbsp; &nbsp; &nbsp; TREINADORES. DIRIGENTES. COLABORADORES Treinador: Gon\u00e7alo Cunha Treinador Adjunto: Treinador de Guarda-redes:\u00a0 Ricardo &#8220;Trunfa&#8221; Massagista: Catarina Laranjeira e Miguel Nobre Coordenador Desportivo: Jos\u00e9 L. Medeiros Dirigente: &nbsp; &nbsp; &nbsp;<\/p>\n","protected":false},"author":1,"featured_media":0,"parent":0,"menu_order":0,"comment_status":"closed","ping_status":"closed","template":"","meta":{"footnotes":""},"class_list":["post-17569","page","type-page","status-publish","hentry"],"_links":{"self":[{"href":"https:\/\/www.cri.pt\/index.php?rest_route=\/wp\/v2\/pages\/17569","targetHints":{"allow":["GET"]}}],"collection":[{"href":"https:\/\/www.cri.pt\/index.php?rest_route=\/wp\/v2\/pages"}],"about":[{"href":"https:\/\/www.cri.pt\/index.php?rest_route=\/wp\/v2\/types\/page"}],"author":[{"embeddable":true,"href":"https:\/\/www.cri.pt\/index.php?rest_route=\/wp\/v2\/users\/1"}],"replies":[{"embeddable":true,"href":"https:\/\/www.cri.pt\/index.php?rest_route=%2Fwp%2Fv2%2Fcomments&post=17569"}],"version-history":[{"count":9,"href":"https:\/\/www.cri.pt\/index.php?rest_route=\/wp\/v2\/pages\/17569\/revisions"}],"predecessor-version":[{"id":17853,"href":"https:\/\/www.cri.pt\/index.php?rest_route=\/wp\/v2\/pages\/17569\/revisions\/17853"}],"wp:attachment":[{"href":"https:\/\/www.cri.pt\/index.php?rest_route=%2Fwp%2Fv2%2Fmedia&parent=17569"}],"curies":[{"name":"wp","href":"https:\/\/api.w.org\/{rel}","templated":true}]}}