{"id":18227,"date":"2021-04-17T06:51:30","date_gmt":"2021-04-17T06:51:30","guid":{"rendered":"https:\/\/www.cri.pt\/?page_id=18227"},"modified":"2025-07-11T20:50:31","modified_gmt":"2025-07-11T20:50:31","slug":"historial","status":"publish","type":"page","link":"https:\/\/www.cri.pt\/?page_id=18227","title":{"rendered":"HISTORIAL"},"content":{"rendered":"<div class=\"mks_separator\" style=\"border-bottom: 2px solid;\"><\/div>\n<ul>\n<li><a href=\"https:\/\/www.cri.pt\/?page_id=4846\">BREVE HISTORIAL<\/a><\/li>\n<li><a href=\"https:\/\/www.cri.pt\/?p=21899\">O FUTEBOL NO CLUBE<\/a> (em desenvolvimento)\n<ul>\n<li><a href=\"https:\/\/www.cri.pt\/?page_id=26831\">Por Escal\u00e3o<\/a> (todos os n\u00fameros)<\/li>\n<\/ul>\n<\/li>\n<li><a href=\"https:\/\/www.cri.pt\/?page_id=919\">CLASSIFICA\u00c7\u00d5ES E M\u00c9RITOS<\/a><\/li>\n<li><a href=\"https:\/\/www.cri.pt\/?page_id=2980\">FOTOS ANTIGAS<\/a><\/li>\n<li><a href=\"https:\/\/www.cri.pt\/?cat=9\">ENTREVISTAS<\/a><\/li>\n<li><a href=\"https:\/\/www.cri.pt\/?tag=comemoracoes-centenario\">COMEMORA\u00c7\u00d5ES DO CENTEN\u00c1RIO<\/a><\/li>\n<\/ul>\n<div class=\"mks_separator\" style=\"border-bottom: 2px solid;\"><\/div>\n<p>&nbsp;<\/p>\n","protected":false},"excerpt":{"rendered":"<p>BREVE HISTORIAL O FUTEBOL NO CLUBE (em desenvolvimento) Por Escal\u00e3o (todos os n\u00fameros) CLASSIFICA\u00c7\u00d5ES E M\u00c9RITOS FOTOS ANTIGAS ENTREVISTAS COMEMORA\u00c7\u00d5ES DO CENTEN\u00c1RIO &nbsp;<\/p>\n","protected":false},"author":1,"featured_media":0,"parent":0,"menu_order":0,"comment_status":"closed","ping_status":"closed","template":"","meta":{"footnotes":""},"class_list":["post-18227","page","type-page","status-publish","hentry"],"_links":{"self":[{"href":"https:\/\/www.cri.pt\/index.php?rest_route=\/wp\/v2\/pages\/18227","targetHints":{"allow":["GET"]}}],"collection":[{"href":"https:\/\/www.cri.pt\/index.php?rest_route=\/wp\/v2\/pages"}],"about":[{"href":"https:\/\/www.cri.pt\/index.php?rest_route=\/wp\/v2\/types\/page"}],"author":[{"embeddable":true,"href":"https:\/\/www.cri.pt\/index.php?rest_route=\/wp\/v2\/users\/1"}],"replies":[{"embeddable":true,"href":"https:\/\/www.cri.pt\/index.php?rest_route=%2Fwp%2Fv2%2Fcomments&post=18227"}],"version-history":[{"count":5,"href":"https:\/\/www.cri.pt\/index.php?rest_route=\/wp\/v2\/pages\/18227\/revisions"}],"predecessor-version":[{"id":26839,"href":"https:\/\/www.cri.pt\/index.php?rest_route=\/wp\/v2\/pages\/18227\/revisions\/26839"}],"wp:attachment":[{"href":"https:\/\/www.cri.pt\/index.php?rest_route=%2Fwp%2Fv2%2Fmedia&parent=18227"}],"curies":[{"name":"wp","href":"https:\/\/api.w.org\/{rel}","templated":true}]}}