{"id":18309,"date":"2020-11-10T17:09:29","date_gmt":"2020-11-10T17:09:29","guid":{"rendered":"http:\/\/www.cri.pt\/?page_id=18309"},"modified":"2024-03-22T14:26:27","modified_gmt":"2024-03-22T14:26:27","slug":"gabinete-de-recrutamento-e-angariacao","status":"publish","type":"page","link":"https:\/\/www.cri.pt\/?page_id=18309","title":{"rendered":"GABINETE DE RECRUTAMENTO E ANGARIA\u00c7\u00c3O"},"content":{"rendered":"<p style=\"text-align: center;\"><a href=\"https:\/\/www.cri.pt\/?p=23839\" target=\"_blank\" rel=\"noopener\"><img loading=\"lazy\" decoding=\"async\" class=\"aligncenter wp-image-11856 size-thumbnail\" src=\"https:\/\/www.cri.pt\/wp-content\/uploads\/2015\/04\/cri_logo_oficial_600x600-150x150.png\" alt=\"\" width=\"150\" height=\"150\" srcset=\"https:\/\/www.cri.pt\/wp-content\/uploads\/2015\/04\/cri_logo_oficial_600x600-150x150.png 150w, https:\/\/www.cri.pt\/wp-content\/uploads\/2015\/04\/cri_logo_oficial_600x600-300x300.png 300w, https:\/\/www.cri.pt\/wp-content\/uploads\/2015\/04\/cri_logo_oficial_600x600-65x65.png 65w, https:\/\/www.cri.pt\/wp-content\/uploads\/2015\/04\/cri_logo_oficial_600x600-90x90.png 90w, https:\/\/www.cri.pt\/wp-content\/uploads\/2015\/04\/cri_logo_oficial_600x600.png 600w\" sizes=\"auto, (max-width: 150px) 100vw, 150px\" \/><\/a><\/p>\n<p><em>A cria\u00e7\u00e3o de um departamento de selec\u00e3o e dete\u00e7\u00e3o\u00a0de talentos num clube \u00e9 uma das permissas\u00a0fundamentais na potencia\u00e7\u00e3o de todo o\u00a0 processo de\u00a0Forma\u00e7\u00e3o.<\/em><br \/>\nLeal &amp; Quinta &#8211; 2001<\/p>\n<hr \/>\n<p>O recrutamento e angaria\u00e7\u00e3o \u00e9 uma das \u00e1reas importantes para o futebol de forma\u00e7\u00e3o do Clube Recreio e Instru\u00e7\u00e3o, que atrav\u00e9s do seu Gabinete de Recrutamento e Angaria\u00e7\u00e3o (GRA) pretende observar, avaliar, recrutar e principalmente angariar jogadores para as suas equipas.<br \/>\nEsta \u00e1rea espec\u00edfica \u00e9 composta por colaboradores, que est\u00e3o devidamente enquadrados e identificados com a realidade do Clube e que recebem forma\u00e7\u00e3o t\u00e9cnica ao longo da \u00e9poca.<br \/>\nSe tiver disponibilidade e gosto pelo Futebol Forma\u00e7\u00e3o e queira colaborar connosco, envie a sua candidatura para o e-mail <a href=\"mailto:coordenador.tecnico@cri.pt;%20coordenador.desp.cri@gmail.com\">coordenador.tecnico@cri.pt<\/a><\/p>\n<div class=\"mks_separator\" style=\"border-bottom: 2px solid;\"><\/div>\n<p>Se pretender indicar-nos um jogador, envie um e-mail para coordenador.tecnico@cri.pt com o seu nome completo, data de nascimento, contacto e se estiver jogar em algum clube indique-nos qual.<\/p>\n<div class=\"mks_separator\" style=\"border-bottom: 2px solid;\"><\/div>\n<p>&nbsp;<\/p>\n<p>&nbsp;<\/p>\n","protected":false},"excerpt":{"rendered":"<p>A cria\u00e7\u00e3o de um departamento de selec\u00e3o e dete\u00e7\u00e3o\u00a0de talentos num clube \u00e9 uma das permissas\u00a0fundamentais na potencia\u00e7\u00e3o de todo o\u00a0 processo de\u00a0Forma\u00e7\u00e3o. Leal &amp; Quinta &#8211; 2001 O recrutamento e angaria\u00e7\u00e3o \u00e9 uma das \u00e1reas importantes para o futebol de forma\u00e7\u00e3o do Clube Recreio e Instru\u00e7\u00e3o, que atrav\u00e9s do seu Gabinete de Recrutamento e [&hellip;]<\/p>\n","protected":false},"author":1,"featured_media":0,"parent":0,"menu_order":0,"comment_status":"closed","ping_status":"closed","template":"","meta":{"footnotes":""},"class_list":["post-18309","page","type-page","status-publish","hentry"],"_links":{"self":[{"href":"https:\/\/www.cri.pt\/index.php?rest_route=\/wp\/v2\/pages\/18309","targetHints":{"allow":["GET"]}}],"collection":[{"href":"https:\/\/www.cri.pt\/index.php?rest_route=\/wp\/v2\/pages"}],"about":[{"href":"https:\/\/www.cri.pt\/index.php?rest_route=\/wp\/v2\/types\/page"}],"author":[{"embeddable":true,"href":"https:\/\/www.cri.pt\/index.php?rest_route=\/wp\/v2\/users\/1"}],"replies":[{"embeddable":true,"href":"https:\/\/www.cri.pt\/index.php?rest_route=%2Fwp%2Fv2%2Fcomments&post=18309"}],"version-history":[{"count":6,"href":"https:\/\/www.cri.pt\/index.php?rest_route=\/wp\/v2\/pages\/18309\/revisions"}],"predecessor-version":[{"id":23842,"href":"https:\/\/www.cri.pt\/index.php?rest_route=\/wp\/v2\/pages\/18309\/revisions\/23842"}],"wp:attachment":[{"href":"https:\/\/www.cri.pt\/index.php?rest_route=%2Fwp%2Fv2%2Fmedia&parent=18309"}],"curies":[{"name":"wp","href":"https:\/\/api.w.org\/{rel}","templated":true}]}}