{"id":18326,"date":"2021-05-10T22:48:27","date_gmt":"2021-05-10T22:48:27","guid":{"rendered":"http:\/\/www.cri.pt\/?page_id=18326"},"modified":"2023-09-08T10:39:07","modified_gmt":"2023-09-08T10:39:07","slug":"acompanhamento-escolar-pessoal-e-social","status":"publish","type":"page","link":"https:\/\/www.cri.pt\/?page_id=18326","title":{"rendered":"ACOMPANHAMENTO ESCOLAR, PESSOAL E SOCIAL"},"content":{"rendered":"<p><img loading=\"lazy\" decoding=\"async\" class=\"aligncenter wp-image-11195 size-thumbnail\" src=\"https:\/\/www.cri.pt\/wp-content\/uploads\/2016\/08\/emblema_novo_480x_TRANSP-150x150.png\" alt=\"\" width=\"150\" height=\"150\" srcset=\"https:\/\/www.cri.pt\/wp-content\/uploads\/2016\/08\/emblema_novo_480x_TRANSP-150x150.png 150w, https:\/\/www.cri.pt\/wp-content\/uploads\/2016\/08\/emblema_novo_480x_TRANSP-300x300.png 300w, https:\/\/www.cri.pt\/wp-content\/uploads\/2016\/08\/emblema_novo_480x_TRANSP-65x65.png 65w, https:\/\/www.cri.pt\/wp-content\/uploads\/2016\/08\/emblema_novo_480x_TRANSP-90x90.png 90w, https:\/\/www.cri.pt\/wp-content\/uploads\/2016\/08\/emblema_novo_480x_TRANSP.png 480w\" sizes=\"auto, (max-width: 150px) 100vw, 150px\" \/><\/p>\n<p><strong><em>\u00ab\u00c9 um direito que o jovem jogador tem: a forma\u00e7\u00e3o. E temos de lutar por isso. A liga\u00e7\u00e3o \u00e0 escola \u00e9 fundamental\u00bb. \u00abEm cada cinco mil jovens que praticam um desporto federado no mundo inteiro s\u00f3 um deles vai fazer um contrato profissional\u00bb.<\/em><br \/>\n<\/strong>Jos\u00e9 Couceiro<\/p>\n<hr \/>\n<p>OBJETIVOS NO CLUBE RECREIO E INSTRU\u00c7\u00c3O<\/p>\n<ol>\n<li>Acompanhar a vida escolar dos jogadores<\/li>\n<li>Incentivar e promover o sucesso escolar<\/li>\n<li>Forma\u00e7\u00e3o complementar<\/li>\n<li>Acompanhar o desenvolvimento psicol\u00f3gico dos jogadores<\/li>\n<li>Gerir a atribui\u00e7\u00e3o de m\u00e9ritos desportivos e escolares<\/li>\n<\/ol>\n<div class=\"mks_separator\" style=\"border-bottom: 1px solid;\"><\/div>\n<p>Respons\u00e1vel pela \u00e1rea: Almiro Antunes &#8211; Contacto:\u00a0<a href=\"mailto:acompanhamento.eps@cri.pt;%20cri.acompanhamento.eps@gmail.com\">acompanhamento.eps@cri.pt<\/a><\/p>\n<div class=\"mks_separator\" style=\"border-bottom: 1px solid;\"><\/div>\n<p>PREMIADOS 2022\/23 &#8211; 3\u00ba Per\u00edodo &#8211; Ver aqui em breve<br \/>\nPREMIADOS 2022\/23 &#8211; 2\u00ba Per\u00edodo &#8211; <a href=\"https:\/\/www.cri.pt\/?p=22336\">Ver aqui<\/a><br \/>\nPREMIADOS 2022\/23 &#8211; 1\u00ba Per\u00edodo &#8211; <a href=\"https:\/\/www.cri.pt\/?p=22022\">Ver aqui<\/a><\/p>\n<p>PREMIADOS 2021\/22 &#8211; 3\u00ba Per\u00edodo &#8211; <a href=\"https:\/\/www.cri.pt\/?p=21521\">Ver aqui<\/a><br \/>\nPREMIADOS 2021\/22 &#8211; 2\u00ba Per\u00edodo &#8211; <a href=\"https:\/\/www.cri.pt\/?p=20475\">Ver aqui<\/a><br \/>\nPREMIADOS 2021\/22 &#8211; 1\u00ba Per\u00edodo &#8211; <a href=\"https:\/\/www.cri.pt\/?p=19870\">Ver aqui<\/a><\/p>\n<p>PREMIADOS 2020\/21 &#8211; <a href=\"https:\/\/www.cri.pt\/?p=18618\">Ver aqui<\/a><\/p>\n<p>&nbsp;<\/p>\n<p>&nbsp;<\/p>\n<div class=\"mks_separator\" style=\"border-bottom: 2px solid;\"><\/div>\n<p>INFORMA\u00c7\u00c3O COMPLEMENTAR<\/p>\n<div class=\"mks_separator\" style=\"border-bottom: 1px solid;\"><\/div>\n<p><strong>Import\u00e2ncia da escola e desporto na forma\u00e7\u00e3o dos indiv\u00edduos<br \/>\n<\/strong><br \/>\nA escola e o desporto trazem grandes benef\u00edcios para os jovens.<\/p>\n<p>Por um lado, o desporto transmite aos jovens valores como o trabalho e o esp\u00edrito de equipa, a uni\u00e3o, a supera\u00e7\u00e3o, entre muitos outros. Valores estes que ficam para a vida e que s\u00e3o verdadeiramente importantes ao longo do processo formativo.<\/p>\n<p>Por outro lado, a escola n\u00e3o s\u00f3 \u00e9 o local onde crian\u00e7as e jovens adquirem conhecimentos sobre diversas \u00e1reas cient\u00edficas, como tamb\u00e9m \u00e9 onde s\u00e3o aprendidos os princ\u00edpios b\u00e1sicos de uma conviv\u00eancia em sociedade, nomeadamente: criar rotinas, compreender conte\u00fados, ser soci\u00e1vel, executar tarefas da melhor maneira poss\u00edvel, entre outros fatores que ter\u00e3o grande impacto na sua forma\u00e7\u00e3o como adultos.<\/p>\n<p>Sendo a sua principal miss\u00e3o a forma\u00e7\u00e3o de jovens para o desporto, muitos clubes desportivos est\u00e3o a organizar-se de modo a inclu\u00edrem o acompanhamento escolar no seu processo formativo, atrav\u00e9s de um departamento pr\u00f3prio.<\/p>\n<p><strong>Qual \u00e9 o papel do departamento escolar num clube de forma\u00e7\u00e3o?<\/strong><br \/>\nO departamento escolar deve ser composto por um tutor respons\u00e1vel por acompanhar e gerir todas as informa\u00e7\u00f5es acerca do percurso escolar dos jovens, nomeadamente:<\/p>\n<p>1. Registo de informa\u00e7\u00f5es escolares e avalia\u00e7\u00f5es<br \/>\nO tutor \u00e9 o respons\u00e1vel por manter um registo de todos os dados escolares do atleta, sobretudo institui\u00e7\u00e3o de ensino, diretor de turma ou pessoa respons\u00e1vel bem como informa\u00e7\u00f5es relativamente ao seu desempenho escolar.<\/p>\n<p>2. Sinaliza\u00e7\u00e3o de atletas em risco<br \/>\nAo estarem mais atentos e preocupados com o sucesso escolar dos seus atletas, os clubes tornam-se mais pertinentes e ativos na forma\u00e7\u00e3o dos jovens, com a possibilidade de atuarem mais rapidamente e delinearem planos que auxiliem os atletas a melhorar o seu desempenho.<\/p>\n<p>3. Motiva\u00e7\u00e3o dos atletas para a import\u00e2ncia do desporto e a escola<br \/>\nUma carreira desportiva \u00e9 por norma mais curta que qualquer outra, para al\u00e9m de que, est\u00e1 apenas ao alcance de uma pequena minoria ficando muitas vezes aqu\u00e9m do que se pensa ou se deseja.<\/p>\n<p>Neste sentido, \u00e9 importante que os atletas sejam motivados pelos pr\u00f3prios clubes de forma a adquirirem uma maior consci\u00eancia dos benef\u00edcios que a escola tem tanto para o desporto como para o seu processo formativo.<\/p>\n<p>4. Coordena\u00e7\u00e3o com outros pilares de forma\u00e7\u00e3o<br \/>\nConciliar a escola e o desporto \u00e9 importante para a forma\u00e7\u00e3o dos adultos do futuro, pelo que \u00e9 necess\u00e1rio que sejam estabelecidas sinergias entre atleta-fam\u00edlia-escola-clube, e que todos estejam envolvidos e conscientes do seu papel no desenvolvimento dos jovens.<\/p>\n<p>A escola e o desporto s\u00e3o duas \u00e1reas paralelas e complementares<br \/>\nConscientes da import\u00e2ncia da forma\u00e7\u00e3o acad\u00e9mica para o desporto, e de forma a reduzir o insucesso e o abandono escolar, os clubes, t\u00eam vindo a arranjar estrat\u00e9gias que lhes permitam criar melhores atletas e cumulativamente melhores alunos.<\/p>\n<p>Ao manter os clubes mais atentos ao processo escolar dos seus atletas, atrav\u00e9s de um registo permanente e atualizado, \u00e9 poss\u00edvel identificar mais rapidamente os casos em que \u00e9 necess\u00e1ria alguma interven\u00e7\u00e3o, e assim, em conjunto com a escola e os pais delinear uma estrat\u00e9gia de apoio.<\/p>\n<p>Desta forma, \u00e9 garantido que todas as necessidades do jovem s\u00e3o satisfeitas n\u00e3o comprometendo a sua educa\u00e7\u00e3o e consequentemente o seu futuro.<\/p>\n<p>Fonte: <a href=\"https:\/\/emjogo.pt\/blog\/escola-e-desporto-na-formacao-atletas\/\" target=\"_blank\" rel=\"noopener\">https:\/\/emjogo.pt\/blog\/escola-e-desporto-na-formacao-atletas\/<\/a><\/p>\n<p>&nbsp;<\/p>\n<div class=\"mks_separator\" style=\"border-bottom: 2px solid;\"><\/div>\n<p>&nbsp;<\/p>\n<p><strong>EDUCA\u00c7\u00c3O E O PAPEL DA ESCOLA FORMAL NA FORMA\u00c7\u00c3O DO CIDAD\u00c3O<\/strong><\/p>\n<p>Quando uma crian\u00e7a inicia a sua pr\u00e1tica desportiva, num Clube, numa Escola de Futebol \u00e9 necess\u00e1rio gerir e observar diferentes vari\u00e1veis durante o seu processo formativo. Uma delas, de grande import\u00e2ncia \u00e9 o rendimento escolar\/acad\u00e9mico dos jogadores. Quer sejam de futebol Infantil, Juvenil ou mesmo S\u00e9nior \u00e9 fundamental que consigam obter um bom aproveitamento escolar durante as v\u00e1rias etapas e consigam futuramente uma forma\u00e7\u00e3o acad\u00e9mica independentemente da sua actividade desportiva.<br \/>\nO jogador de futebol base deve entender que a sua obriga\u00e7\u00e3o prim\u00e1ria nesta etapa da vida \u00e9 a forma\u00e7\u00e3o escolar. O futebol \u00e9 um desporto onde se diverte, desfruta, treina, compete e devem ser respeitadas uma s\u00e9rie de regras essenciais para que possam praticar um desporto de forma saud\u00e1vel.<br \/>\nUma forma\u00e7\u00e3o adequada que lhe permita no futuro saber tomar decis\u00f5es de uma forma mais madura, aut\u00f3noma e consistente com as suas op\u00e7\u00f5es profissionais para al\u00e9m do mundo do futebol, ou at\u00e9 mesmo dentro desse mundo mas n\u00e3o obrigatoriamente como jogador, em fun\u00e7\u00f5es como Dirigente, Treinador, \u00c1rbitro, Coordenador, Etc.<\/p>\n<p>Os jogadores devem entender que o futebol pode ser um dos caminhos na sua vida, no entanto, o seu futuro depende tamb\u00e9m em grande parte da sua forma\u00e7\u00e3o escolar e acad\u00e9mica. Ao estar bem formado, inclusive quando finalizar a sua etapa de jogador, poder\u00e1 ingressar no mercado laboral com as ferramentas que lhe permitir\u00e3o triunfar tamb\u00e9m fora das quatro linhas.<br \/>\nA escola muitas vezes \u00e9 punitiva, em alguns clubes se o atleta n\u00e3o obtiver bom desempenho e \u00edndice de presen\u00e7a nas mat\u00e9rias, ele \u00e9 retirado dos jogos, o que faz com que o atleta tome repulsa pela escola e professores, gerando desinteresse pela escola.<\/p>\n<p>Fonte: www.futeboldeformacao.pt<\/p>\n","protected":false},"excerpt":{"rendered":"<p>\u00ab\u00c9 um direito que o jovem jogador tem: a forma\u00e7\u00e3o. E temos de lutar por isso. A liga\u00e7\u00e3o \u00e0 escola \u00e9 fundamental\u00bb. \u00abEm cada cinco mil jovens que praticam um desporto federado no mundo inteiro s\u00f3 um deles vai fazer um contrato profissional\u00bb. Jos\u00e9 Couceiro OBJETIVOS NO CLUBE RECREIO E INSTRU\u00c7\u00c3O Acompanhar a vida escolar [&hellip;]<\/p>\n","protected":false},"author":1,"featured_media":0,"parent":0,"menu_order":0,"comment_status":"closed","ping_status":"closed","template":"","meta":{"footnotes":""},"class_list":["post-18326","page","type-page","status-publish","hentry"],"_links":{"self":[{"href":"https:\/\/www.cri.pt\/index.php?rest_route=\/wp\/v2\/pages\/18326","targetHints":{"allow":["GET"]}}],"collection":[{"href":"https:\/\/www.cri.pt\/index.php?rest_route=\/wp\/v2\/pages"}],"about":[{"href":"https:\/\/www.cri.pt\/index.php?rest_route=\/wp\/v2\/types\/page"}],"author":[{"embeddable":true,"href":"https:\/\/www.cri.pt\/index.php?rest_route=\/wp\/v2\/users\/1"}],"replies":[{"embeddable":true,"href":"https:\/\/www.cri.pt\/index.php?rest_route=%2Fwp%2Fv2%2Fcomments&post=18326"}],"version-history":[{"count":13,"href":"https:\/\/www.cri.pt\/index.php?rest_route=\/wp\/v2\/pages\/18326\/revisions"}],"predecessor-version":[{"id":22623,"href":"https:\/\/www.cri.pt\/index.php?rest_route=\/wp\/v2\/pages\/18326\/revisions\/22623"}],"wp:attachment":[{"href":"https:\/\/www.cri.pt\/index.php?rest_route=%2Fwp%2Fv2%2Fmedia&parent=18326"}],"curies":[{"name":"wp","href":"https:\/\/api.w.org\/{rel}","templated":true}]}}