{"id":18704,"date":"2021-08-18T04:27:37","date_gmt":"2021-08-18T04:27:37","guid":{"rendered":"http:\/\/www.cri.pt\/?page_id=18704"},"modified":"2022-06-03T03:44:44","modified_gmt":"2022-06-03T03:44:44","slug":"2021-22-iniciados-sub-15","status":"publish","type":"page","link":"https:\/\/www.cri.pt\/?page_id=18704","title":{"rendered":"2021\/22 INICIADOS (SUB-15)"},"content":{"rendered":"<p><img loading=\"lazy\" decoding=\"async\" class=\"aligncenter size-full wp-image-19558\" src=\"https:\/\/www.cri.pt\/wp-content\/uploads\/2022\/01\/2022_01_29_sarilhense_cri-001.jpg\" alt=\"\" width=\"1620\" height=\"1080\" srcset=\"https:\/\/www.cri.pt\/wp-content\/uploads\/2022\/01\/2022_01_29_sarilhense_cri-001.jpg 1620w, https:\/\/www.cri.pt\/wp-content\/uploads\/2022\/01\/2022_01_29_sarilhense_cri-001-300x200.jpg 300w, https:\/\/www.cri.pt\/wp-content\/uploads\/2022\/01\/2022_01_29_sarilhense_cri-001-1024x683.jpg 1024w, https:\/\/www.cri.pt\/wp-content\/uploads\/2022\/01\/2022_01_29_sarilhense_cri-001-768x512.jpg 768w, https:\/\/www.cri.pt\/wp-content\/uploads\/2022\/01\/2022_01_29_sarilhense_cri-001-1536x1024.jpg 1536w, https:\/\/www.cri.pt\/wp-content\/uploads\/2022\/01\/2022_01_29_sarilhense_cri-001-128x85.jpg 128w, https:\/\/www.cri.pt\/wp-content\/uploads\/2022\/01\/2022_01_29_sarilhense_cri-001-32x21.jpg 32w, https:\/\/www.cri.pt\/wp-content\/uploads\/2022\/01\/2022_01_29_sarilhense_cri-001-100x67.jpg 100w, https:\/\/www.cri.pt\/wp-content\/uploads\/2022\/01\/2022_01_29_sarilhense_cri-001-50x33.jpg 50w, https:\/\/www.cri.pt\/wp-content\/uploads\/2022\/01\/2022_01_29_sarilhense_cri-001-25x17.jpg 25w, https:\/\/www.cri.pt\/wp-content\/uploads\/2022\/01\/2022_01_29_sarilhense_cri-001-414x276.jpg 414w, https:\/\/www.cri.pt\/wp-content\/uploads\/2022\/01\/2022_01_29_sarilhense_cri-001-470x313.jpg 470w, https:\/\/www.cri.pt\/wp-content\/uploads\/2022\/01\/2022_01_29_sarilhense_cri-001-640x426.jpg 640w, https:\/\/www.cri.pt\/wp-content\/uploads\/2022\/01\/2022_01_29_sarilhense_cri-001-130x86.jpg 130w, https:\/\/www.cri.pt\/wp-content\/uploads\/2022\/01\/2022_01_29_sarilhense_cri-001-187x124.jpg 187w, https:\/\/www.cri.pt\/wp-content\/uploads\/2022\/01\/2022_01_29_sarilhense_cri-001-990x660.jpg 990w, https:\/\/www.cri.pt\/wp-content\/uploads\/2022\/01\/2022_01_29_sarilhense_cri-001-1320x880.jpg 1320w, https:\/\/www.cri.pt\/wp-content\/uploads\/2022\/01\/2022_01_29_sarilhense_cri-001-450x300.jpg 450w\" sizes=\"auto, (max-width: 1620px) 100vw, 1620px\" \/>Foto: 29.01.2022<\/p>\n<p>&nbsp;<\/p>\n<div class=\"mks_separator\" style=\"border-bottom: 2px solid;\"><\/div>\n<ul>\n<li><a href=\"https:\/\/www.cri.pt\/?page_id=6863\">ARQUIVO \u00c9POCAS ANTERIORES<\/a><\/li>\n<li><strong>\u00c9POCA 2021\/22<\/strong>\n<ul>\n<li><a href=\"#JOGADORES\"><strong>JOGADORES<\/strong><\/a><\/li>\n<li><a href=\"#TREINADORES. DIRIGENTES. COLABORADORES\"><strong>TREINADORES. DIRIGENTES. COLABORADORES<\/strong> <\/a><\/li>\n<li><a href=\"https:\/\/www.cri.pt\/?tag=Iniciados-2021\/22\"><strong>FOTOS. V\u00cdDEOS. <\/strong><strong>NOT\u00cdCIAS<\/strong><\/a><\/li>\n<li><strong><a href=\"https:\/\/resultados.fpf.pt\/Competition\/Details?competitionId=20808&amp;seasonId=101\" target=\"_blank\" rel=\"noopener\">CAMPEONATO AF SET\u00daBAL &#8211; 3\u00aa DIV- 1\u00aa FASE &#8211; S\u00c9RIE &#8220;D&#8221;<\/a><\/strong><\/li>\n<li><strong><a href=\"https:\/\/resultados.fpf.pt\/Competition\/Details?competitionId=21180&amp;seasonId=101\" target=\"_blank\" rel=\"noopener\">TORNEIO COMPLEMENTAR DE INICIADOS &#8211; &#8220;S\u00c9RIE C&#8221;<\/a><\/strong><\/li>\n<\/ul>\n<\/li>\n<\/ul>\n<div class=\"mks_separator\" style=\"border-bottom: 3px solid;\"><\/div>\n<p><a href=\"https:\/\/resultados.fpf.pt\/Competition\/Details?competitionId=21180&amp;seasonId=101\" target=\"_blank\" rel=\"noopener\">TORNEIO COMPLEMENTAR DE INICIADOS &#8211; &#8220;S\u00c9RIE C&#8221;<\/a><\/p>\n<p>OS NOSSOS JOGOS OFICIAIS:<\/p>\n<p>06 MAR 2022 &#8211; Ol\u00edmpico Montijo &#8220;B&#8221; 3-5 <strong>CRI<\/strong> &#8211; <a href=\"https:\/\/resultados.fpf.pt\/Match\/GetMatchInformation?matchId=1731420\" target=\"_blank\" rel=\"noopener\">FICHA DE JOGO<\/a> &#8211; <a href=\"https:\/\/www.cri.pt\/?p=19737\">FOTOS<\/a><br \/>\n13 MAR 2022 &#8211; <strong>CRI<\/strong> 3-0 Afonsoeirense &#8211; <a href=\"https:\/\/resultados.fpf.pt\/Match\/GetMatchInformation?matchId=1731422\" target=\"_blank\" rel=\"noopener\">FICHA DE JOGO<\/a> &#8211; <a href=\"https:\/\/www.cri.pt\/?p=19803\">FOTOS<\/a><br \/>\n20 MAR 2022 &#8211; Moitense 0-0 <strong>CRI<\/strong>\u00a0 <a href=\"https:\/\/resultados.fpf.pt\/Match\/GetMatchInformation?matchId=1731424\" target=\"_blank\" rel=\"noopener\">FICHA DE JOGO<\/a> &#8211; <a href=\"https:\/\/www.cri.pt\/?p=19850\">FOTOS<\/a><br \/>\n27 MAR 2022 &#8211; <strong>CRI<\/strong> 2-1 B. Azeit\u00e3o &#8220;B&#8221; <a href=\"https:\/\/resultados.fpf.pt\/Match\/GetMatchInformation?matchId=1731426\" target=\"_blank\" rel=\"noopener\">FICHA DE JOGO<\/a> &#8211; <a href=\"https:\/\/www.cri.pt\/?p=19898\">FOTOS<\/a><br \/>\n24 ABR 2022 &#8211; <strong>CRI<\/strong> 11-0 Ol\u00edmpico &#8220;B&#8221; <a href=\"https:\/\/resultados.fpf.pt\/Match\/GetMatchInformation?matchId=1731430\" target=\"_blank\" rel=\"noopener\">FICHA DE JOGO<\/a> &#8211; <a href=\"https:\/\/www.cri.pt\/?p=20100\">FOTOS<\/a><br \/>\n01 MAI 2022 &#8211; Afonsoeirense 0-2 <strong>CRI<\/strong> &#8211; <a href=\"https:\/\/resultados.fpf.pt\/Match\/GetMatchInformation?matchId=1731432\" target=\"_blank\" rel=\"noopener\">FICHA DE JOGO<\/a><br \/>\n08 MAI 2022 &#8211; <strong>CRI<\/strong> 4-1 Moitense &#8211; <a href=\"https:\/\/resultados.fpf.pt\/Match\/GetMatchInformation?matchId=1731434\" target=\"_blank\" rel=\"noopener\">FICHA DE JOGO<\/a> &#8211; <a href=\"https:\/\/www.cri.pt\/?p=20155\">FOTOS<\/a><br \/>\n22 MAI 2022 &#8211; B. Azeit\u00e3o &#8220;B&#8221; 0-2 <strong>CRI<\/strong> &#8211; <a href=\"https:\/\/resultados.fpf.pt\/Match\/GetMatchInformation?matchId=1731436\" target=\"_blank\" rel=\"noopener\">FICHA DE JOGO<\/a> &#8211; <a href=\"https:\/\/www.cri.pt\/?p=20231\">FOTOS<\/a><\/p>\n<p>CLASSIFICA\u00c7\u00c3O FINAL<\/p>\n<p><img loading=\"lazy\" decoding=\"async\" class=\"alignnone wp-image-20292\" src=\"https:\/\/www.cri.pt\/wp-content\/uploads\/2022\/06\/2021_22_complementar_final_sub_15.jpg\" alt=\"\" width=\"360\" height=\"511\" srcset=\"https:\/\/www.cri.pt\/wp-content\/uploads\/2022\/06\/2021_22_complementar_final_sub_15.jpg 640w, https:\/\/www.cri.pt\/wp-content\/uploads\/2022\/06\/2021_22_complementar_final_sub_15-211x300.jpg 211w, https:\/\/www.cri.pt\/wp-content\/uploads\/2022\/06\/2021_22_complementar_final_sub_15-90x128.jpg 90w, https:\/\/www.cri.pt\/wp-content\/uploads\/2022\/06\/2021_22_complementar_final_sub_15-23x32.jpg 23w, https:\/\/www.cri.pt\/wp-content\/uploads\/2022\/06\/2021_22_complementar_final_sub_15-70x100.jpg 70w, https:\/\/www.cri.pt\/wp-content\/uploads\/2022\/06\/2021_22_complementar_final_sub_15-35x50.jpg 35w, https:\/\/www.cri.pt\/wp-content\/uploads\/2022\/06\/2021_22_complementar_final_sub_15-18x25.jpg 18w, https:\/\/www.cri.pt\/wp-content\/uploads\/2022\/06\/2021_22_complementar_final_sub_15-300x426.jpg 300w\" sizes=\"auto, (max-width: 360px) 100vw, 360px\" \/><\/p>\n<div class=\"mks_separator\" style=\"border-bottom: 3px solid;\"><\/div>\n<p><strong><a href=\"https:\/\/resultados.fpf.pt\/Competition\/Details?competitionId=20808&amp;seasonId=101\" target=\"_blank\" rel=\"noopener\">CAMPEONATO AF SET\u00daBAL &#8211; 3\u00aa DIV- 1\u00aa FASE &#8211; S\u00c9RIE &#8220;D&#8221;<\/a><\/strong><\/p>\n<p>OS NOSSOS JOGOS OFICIAIS:<\/p>\n<p>31.10.2021 &#8211; B. Azeit\u00e3o&#8221;B&#8221; 0-4 <strong>CRI<\/strong> &#8211; <a href=\"https:\/\/resultados.fpf.pt\/Match\/GetMatchInformation?matchId=1688565\" target=\"_blank\" rel=\"noopener\">FICHA DE JOGO<\/a> &#8211; <strong><a href=\"https:\/\/www.cri.pt\/?p=19020\">FOTOS<\/a><\/strong><br \/>\n07.11.2021 &#8211; <strong>CRI<\/strong> 0-4 D. Jo\u00e3o I &#8211; <a href=\"https:\/\/resultados.fpf.pt\/Match\/GetMatchInformation?matchId=1688568\" target=\"_blank\" rel=\"noopener\">FICHA DE JOGO<\/a> &#8211; <a href=\"https:\/\/www.cri.pt\/?p=19044\"><strong>FOTOS<\/strong><\/a><br \/>\n14.11.2021 &#8211; Vinhense 6-0 <strong>CRI<\/strong> &#8211; <a href=\"https:\/\/resultados.fpf.pt\/Match\/GetMatchInformation?matchId=1688571\" target=\"_blank\" rel=\"noopener\">FICHA DE JOGO<\/a><br \/>\n21.11.2021 &#8211; <strong>CRI<\/strong> 8-0 ADQC &#8220;B&#8221; &#8211; <a href=\"https:\/\/resultados.fpf.pt\/Match\/GetMatchInformation?matchId=1688574\" target=\"_blank\" rel=\"noopener\">FICHA DE JOGO<\/a> &#8211; <strong><a href=\"https:\/\/www.cri.pt\/?p=19147\">FOTOS<\/a><br \/>\n<\/strong>28.11.2021 &#8211; U.Banheirense 5-0 <strong>CRI<\/strong> &#8211; <a href=\"https:\/\/resultados.fpf.pt\/Match\/GetMatchInformation?matchId=1688577\" target=\"_blank\" rel=\"noopener\">FICHA DE JOGO<\/a> &#8211; <strong><a href=\"https:\/\/www.cri.pt\/?p=19234\">FOTOS<\/a><\/strong><br \/>\n12.12.2021 &#8211; <strong>CRI<\/strong> 1-3 B.Azeit\u00e3o &#8220;B&#8221; &#8211; <a href=\"https:\/\/resultados.fpf.pt\/Match\/GetMatchInformation?matchId=1688580\" target=\"_blank\" rel=\"noopener\">FICHA DE JOGO<\/a><br \/>\n19.12.2021 D. Jo\u00e3o I\u00a0 9-0 <strong>CRI<\/strong> &#8211; <a href=\"https:\/\/resultados.fpf.pt\/Match\/GetMatchInformation?matchId=1688583\" target=\"_blank\" rel=\"noopener\">FICHA DE JOGO<\/a><br \/>\n16.01.2022 <strong>CRI<\/strong> 0-3 Vinhense &#8211; <a href=\"https:\/\/resultados.fpf.pt\/Match\/GetMatchInformation?matchId=1688586\" target=\"_blank\" rel=\"noopener\">FICHA DE JOGO<\/a> &#8211; <strong><a href=\"https:\/\/www.cri.pt\/?p=19519\">FOTOS<\/a><\/strong><br \/>\n23.01.2022 ADQC&#8221;B&#8221; 0-1 <strong>CRI<\/strong> &#8211; <a href=\"https:\/\/resultados.fpf.pt\/Match\/GetMatchInformation?matchId=1688589\" target=\"_blank\" rel=\"noopener\">FICHA DE JOGO<\/a> &#8211; <strong><a href=\"https:\/\/www.cri.pt\/?p=19538\">FOTOS<\/a><br \/>\n<\/strong>06.02.2022 <strong>CRI<\/strong> 0-1 Banheirense &#8211; <a href=\"https:\/\/resultados.fpf.pt\/Match\/GetMatchInformation?matchId=1688592\" target=\"_blank\" rel=\"noopener\">FICHA DE JOGO<\/a><\/p>\n<p>CLASSIFICA\u00c7\u00c3O FINAL<\/p>\n<p><img loading=\"lazy\" decoding=\"async\" class=\"alignleft wp-image-19600\" src=\"https:\/\/www.cri.pt\/wp-content\/uploads\/2022\/02\/sub-15-2021-22.jpg\" alt=\"\" width=\"360\" height=\"546\" srcset=\"https:\/\/www.cri.pt\/wp-content\/uploads\/2022\/02\/sub-15-2021-22.jpg 640w, https:\/\/www.cri.pt\/wp-content\/uploads\/2022\/02\/sub-15-2021-22-198x300.jpg 198w, https:\/\/www.cri.pt\/wp-content\/uploads\/2022\/02\/sub-15-2021-22-84x128.jpg 84w, https:\/\/www.cri.pt\/wp-content\/uploads\/2022\/02\/sub-15-2021-22-21x32.jpg 21w, https:\/\/www.cri.pt\/wp-content\/uploads\/2022\/02\/sub-15-2021-22-66x100.jpg 66w, https:\/\/www.cri.pt\/wp-content\/uploads\/2022\/02\/sub-15-2021-22-33x50.jpg 33w, https:\/\/www.cri.pt\/wp-content\/uploads\/2022\/02\/sub-15-2021-22-16x25.jpg 16w, https:\/\/www.cri.pt\/wp-content\/uploads\/2022\/02\/sub-15-2021-22-300x455.jpg 300w\" sizes=\"auto, (max-width: 360px) 100vw, 360px\" \/><\/p>\n<p>&nbsp;<\/p>\n<p>&nbsp;<\/p>\n<p>&nbsp;<\/p>\n<p>&nbsp;<\/p>\n<p>&nbsp;<\/p>\n<p>&nbsp;<\/p>\n<p>&nbsp;<\/p>\n<p>&nbsp;<\/p>\n<p>&nbsp;<\/p>\n<p>&nbsp;<\/p>\n<p>&nbsp;<\/p>\n<p>&nbsp;<\/p>\n<p>&nbsp;<\/p>\n<p>&nbsp;<\/p>\n<p>&nbsp;<\/p>\n<p>&nbsp;<\/p>\n<p>&nbsp;<\/p>\n<p>&nbsp;<\/p>\n<p>&nbsp;<\/p>\n<p>&nbsp;<\/p>\n<p>&nbsp;<\/p>\n<p>&nbsp;<\/p>\n<p>&nbsp;<\/p>\n<p>&nbsp;<\/p>\n<p>&nbsp;<\/p>\n<div class=\"mks_separator\" style=\"border-bottom: 3px solid;\"><\/div>\n<p><strong><a name=\"JOGADORES\"><\/a><\/strong><\/p>\n<p>JOGADORES<img loading=\"lazy\" decoding=\"async\" class=\"aligncenter wp-image-16614 size-full\" src=\"https:\/\/www.cri.pt\/wp-content\/uploads\/2019\/12\/barra-jogadores-e1591273100147.jpg\" alt=\"\" width=\"959\" height=\"105\" \/><div class=\"mks_separator\" style=\"border-bottom: 1px solid;\"><\/div>\n<p><a href=\"https:\/\/www.fpf.pt\/pt\/Jogadores\/Ficha-de-Jogador\/playerId\/1821855\" target=\"_blank\" rel=\"noopener\">Afonso Canas<\/a><br \/>\n<a href=\"https:\/\/www.fpf.pt\/pt\/Jogadores\/Ficha-de-Jogador\/playerId\/2012444\" target=\"_blank\" rel=\"noopener\">Alexandre Saraiva<\/a><br \/>\n<a href=\"https:\/\/www.fpf.pt\/pt\/Jogadores\/Ficha-de-Jogador\/playerId\/1961574\" target=\"_blank\" rel=\"noopener\">Bruno Barros<\/a><br \/>\n<a href=\"https:\/\/www.fpf.pt\/pt\/Jogadores\/Ficha-de-Jogador\/playerId\/1743671\" target=\"_blank\" rel=\"noopener\">Daniel Rosado<\/a><br \/>\n<a href=\"https:\/\/www.fpf.pt\/pt\/Jogadores\/Ficha-de-Jogador\/playerId\/1952925\" target=\"_blank\" rel=\"noopener\">Guilherme Gon\u00e7alves<\/a><br \/>\n<a href=\"https:\/\/www.fpf.pt\/pt\/Jogadores\/Ficha-de-Jogador\/playerId\/1843344\" target=\"_blank\" rel=\"noopener\">Guilherme Pinto<\/a><br \/>\n<a href=\"https:\/\/www.fpf.pt\/pt\/Jogadores\/Ficha-de-Jogador\/playerId\/2058653\" target=\"_blank\" rel=\"noopener\">Hildebrando Silva<\/a><br \/>\n<a href=\"https:\/\/www.fpf.pt\/pt\/Jogadores\/Ficha-de-Jogador\/playerId\/1741967\" target=\"_blank\" rel=\"noopener\">Joaquim Ferreira<\/a><br \/>\n<a href=\"https:\/\/www.fpf.pt\/pt\/Jogadores\/Ficha-de-Jogador\/playerId\/2061442\" target=\"_blank\" rel=\"noopener\">Marco Neri<\/a><br \/>\n<a href=\"https:\/\/www.fpf.pt\/pt\/Jogadores\/Ficha-de-Jogador\/playerId\/2012457\" target=\"_blank\" rel=\"noopener\">Martim Caldeira<\/a><br \/>\n<a href=\"https:\/\/www.fpf.pt\/pt\/Jogadores\/Ficha-de-Jogador\/playerId\/1957783\" target=\"_blank\" rel=\"noopener\">Matis Lopes<\/a><br \/>\n<a href=\"https:\/\/www.fpf.pt\/pt\/Jogadores\/Ficha-de-Jogador\/playerId\/1821846\" target=\"_blank\" rel=\"noopener\">Miguel \u00c2ngelo<\/a><br \/>\n<a href=\"https:\/\/www.fpf.pt\/pt\/Jogadores\/Ficha-de-Jogador\/playerId\/1904430\" target=\"_blank\" rel=\"noopener\">Miguel Salvador<\/a><br \/>\n<a href=\"https:\/\/www.fpf.pt\/pt\/Jogadores\/Ficha-de-Jogador\/playerId\/1845466\" target=\"_blank\" rel=\"noopener\">Neri Gomes<\/a><br \/>\n<a href=\"https:\/\/www.fpf.pt\/pt\/Jogadores\/Ficha-de-Jogador\/playerId\/1777008\" target=\"_blank\" rel=\"noopener\">Rafael Piedade<\/a><br \/>\n<a href=\"https:\/\/www.fpf.pt\/pt\/Jogadores\/Ficha-de-Jogador\/playerId\/1968678\" target=\"_blank\" rel=\"noopener\">Raul Monteiro<\/a><br \/>\n<a href=\"https:\/\/www.fpf.pt\/pt\/Jogadores\/Ficha-de-Jogador\/playerId\/1822068\" target=\"_blank\" rel=\"noopener\">Rodrigo Baltasar<\/a><br \/>\n<a href=\"https:\/\/www.fpf.pt\/pt\/Jogadores\/Ficha-de-Jogador\/playerId\/1776472\" target=\"_blank\" rel=\"noopener\">Rodrigo Mira<\/a><br \/>\n<a href=\"https:\/\/www.fpf.pt\/pt\/Jogadores\/Ficha-de-Jogador\/playerId\/2012458\" target=\"_blank\" rel=\"noopener\">Ruben Machado<\/a><br \/>\n<a href=\"https:\/\/www.fpf.pt\/pt\/Jogadores\/Ficha-de-Jogador\/playerId\/1579105\" target=\"_blank\" rel=\"noopener\">Rui Santos<\/a><br \/>\n<a href=\"https:\/\/www.fpf.pt\/pt\/Jogadores\/Ficha-de-Jogador\/playerId\/1827093\" target=\"_blank\" rel=\"noopener\">Tiago Glandim<\/a><br \/>\n<a href=\"https:\/\/www.fpf.pt\/pt\/Jogadores\/Ficha-de-Jogador\/playerId\/878594\" target=\"_blank\" rel=\"noopener\">Tiago Horta<\/a><br \/>\n<a href=\"https:\/\/www.fpf.pt\/pt\/Jogadores\/Ficha-de-Jogador\/playerId\/1741939\" target=\"_blank\" rel=\"noopener\">Tom\u00e1s Loureiro<\/a><\/p>\n<div class=\"mks_separator\" style=\"border-bottom: 3px solid;\"><\/div>\n<strong><a name=\"TREINADORES. DIRIGENTES. COLABORADORES\"><\/a><\/strong><\/p>\n<p>TREINADORES. DIRIGENTES. COLABORADORES<strong><img loading=\"lazy\" decoding=\"async\" class=\"aligncenter wp-image-16612 size-full\" src=\"https:\/\/www.cri.pt\/wp-content\/uploads\/2019\/12\/barra-treinador-e1591273338543.jpg\" alt=\"\" width=\"1920\" height=\"187\" srcset=\"https:\/\/www.cri.pt\/wp-content\/uploads\/2019\/12\/barra-treinador-e1591273338543.jpg 1920w, https:\/\/www.cri.pt\/wp-content\/uploads\/2019\/12\/barra-treinador-e1591273338543-300x29.jpg 300w, https:\/\/www.cri.pt\/wp-content\/uploads\/2019\/12\/barra-treinador-e1591273338543-768x75.jpg 768w, https:\/\/www.cri.pt\/wp-content\/uploads\/2019\/12\/barra-treinador-e1591273338543-1024x100.jpg 1024w, https:\/\/www.cri.pt\/wp-content\/uploads\/2019\/12\/barra-treinador-e1591273338543-128x12.jpg 128w, https:\/\/www.cri.pt\/wp-content\/uploads\/2019\/12\/barra-treinador-e1591273338543-32x3.jpg 32w, https:\/\/www.cri.pt\/wp-content\/uploads\/2019\/12\/barra-treinador-e1591273338543-100x10.jpg 100w, https:\/\/www.cri.pt\/wp-content\/uploads\/2019\/12\/barra-treinador-e1591273338543-50x5.jpg 50w, https:\/\/www.cri.pt\/wp-content\/uploads\/2019\/12\/barra-treinador-e1591273338543-25x2.jpg 25w, https:\/\/www.cri.pt\/wp-content\/uploads\/2019\/12\/barra-treinador-e1591273338543-990x96.jpg 990w, https:\/\/www.cri.pt\/wp-content\/uploads\/2019\/12\/barra-treinador-e1591273338543-1320x129.jpg 1320w, https:\/\/www.cri.pt\/wp-content\/uploads\/2019\/12\/barra-treinador-e1591273338543-650x63.jpg 650w, https:\/\/www.cri.pt\/wp-content\/uploads\/2019\/12\/barra-treinador-e1591273338543-1536x150.jpg 1536w\" sizes=\"auto, (max-width: 1920px) 100vw, 1920px\" \/><\/strong><div class=\"mks_separator\" style=\"border-bottom: 1px solid;\"><\/div>\nTreinador: <strong>S\u00e9rgio Alegria<\/strong><br \/>\nTreinador Adjunto: <strong>Diogo Farinha<br \/>\n<\/strong>Treinador de Guarda-redes: <strong>Angelino Matos<\/strong><br \/>\nMassagista: <strong>Paulo Benedito<br \/>\n<\/strong>Delegado: <strong>Vital \u00c2ngelo<\/strong><br \/>\nCoordenador T\u00e9cnico: <strong>Jos\u00e9 L. Medeiros<\/strong><\/p>\n<p>Nota: O treinador desde o in\u00edcio da \u00e9poca e at\u00e9 31 de dezembro foi: <strong>Tiago Fatia<\/strong><br \/>\n<div class=\"mks_separator\" style=\"border-bottom: 1px solid;\"><\/div>\n<p>&nbsp;<\/p>\n<p><img loading=\"lazy\" decoding=\"async\" class=\"aligncenter size-full wp-image-18818\" src=\"https:\/\/www.cri.pt\/wp-content\/uploads\/2021\/09\/2021.09.26-moitense3-3cri-001.jpg\" alt=\"\" width=\"1620\" height=\"1080\" srcset=\"https:\/\/www.cri.pt\/wp-content\/uploads\/2021\/09\/2021.09.26-moitense3-3cri-001.jpg 1620w, https:\/\/www.cri.pt\/wp-content\/uploads\/2021\/09\/2021.09.26-moitense3-3cri-001-300x200.jpg 300w, https:\/\/www.cri.pt\/wp-content\/uploads\/2021\/09\/2021.09.26-moitense3-3cri-001-1024x683.jpg 1024w, https:\/\/www.cri.pt\/wp-content\/uploads\/2021\/09\/2021.09.26-moitense3-3cri-001-768x512.jpg 768w, https:\/\/www.cri.pt\/wp-content\/uploads\/2021\/09\/2021.09.26-moitense3-3cri-001-1536x1024.jpg 1536w, https:\/\/www.cri.pt\/wp-content\/uploads\/2021\/09\/2021.09.26-moitense3-3cri-001-128x85.jpg 128w, https:\/\/www.cri.pt\/wp-content\/uploads\/2021\/09\/2021.09.26-moitense3-3cri-001-32x21.jpg 32w, https:\/\/www.cri.pt\/wp-content\/uploads\/2021\/09\/2021.09.26-moitense3-3cri-001-100x67.jpg 100w, https:\/\/www.cri.pt\/wp-content\/uploads\/2021\/09\/2021.09.26-moitense3-3cri-001-50x33.jpg 50w, https:\/\/www.cri.pt\/wp-content\/uploads\/2021\/09\/2021.09.26-moitense3-3cri-001-25x17.jpg 25w, https:\/\/www.cri.pt\/wp-content\/uploads\/2021\/09\/2021.09.26-moitense3-3cri-001-414x276.jpg 414w, https:\/\/www.cri.pt\/wp-content\/uploads\/2021\/09\/2021.09.26-moitense3-3cri-001-470x313.jpg 470w, https:\/\/www.cri.pt\/wp-content\/uploads\/2021\/09\/2021.09.26-moitense3-3cri-001-640x426.jpg 640w, https:\/\/www.cri.pt\/wp-content\/uploads\/2021\/09\/2021.09.26-moitense3-3cri-001-130x86.jpg 130w, https:\/\/www.cri.pt\/wp-content\/uploads\/2021\/09\/2021.09.26-moitense3-3cri-001-187x124.jpg 187w, https:\/\/www.cri.pt\/wp-content\/uploads\/2021\/09\/2021.09.26-moitense3-3cri-001-990x660.jpg 990w, https:\/\/www.cri.pt\/wp-content\/uploads\/2021\/09\/2021.09.26-moitense3-3cri-001-1320x880.jpg 1320w, https:\/\/www.cri.pt\/wp-content\/uploads\/2021\/09\/2021.09.26-moitense3-3cri-001-450x300.jpg 450w\" sizes=\"auto, (max-width: 1620px) 100vw, 1620px\" \/>Foto: 26.09.2021<\/p>\n<p>&nbsp;<\/p>\n","protected":false},"excerpt":{"rendered":"<p>Foto: 29.01.2022 &nbsp; ARQUIVO \u00c9POCAS ANTERIORES \u00c9POCA 2021\/22 JOGADORES TREINADORES. DIRIGENTES. COLABORADORES FOTOS. V\u00cdDEOS. NOT\u00cdCIAS CAMPEONATO AF SET\u00daBAL &#8211; 3\u00aa DIV- 1\u00aa FASE &#8211; S\u00c9RIE &#8220;D&#8221; TORNEIO COMPLEMENTAR DE INICIADOS &#8211; &#8220;S\u00c9RIE C&#8221; TORNEIO COMPLEMENTAR DE INICIADOS &#8211; &#8220;S\u00c9RIE C&#8221; OS NOSSOS JOGOS OFICIAIS: 06 MAR 2022 &#8211; Ol\u00edmpico Montijo &#8220;B&#8221; 3-5 CRI &#8211; FICHA [&hellip;]<\/p>\n","protected":false},"author":1,"featured_media":0,"parent":0,"menu_order":0,"comment_status":"closed","ping_status":"closed","template":"","meta":{"footnotes":""},"class_list":["post-18704","page","type-page","status-publish","hentry"],"_links":{"self":[{"href":"https:\/\/www.cri.pt\/index.php?rest_route=\/wp\/v2\/pages\/18704","targetHints":{"allow":["GET"]}}],"collection":[{"href":"https:\/\/www.cri.pt\/index.php?rest_route=\/wp\/v2\/pages"}],"about":[{"href":"https:\/\/www.cri.pt\/index.php?rest_route=\/wp\/v2\/types\/page"}],"author":[{"embeddable":true,"href":"https:\/\/www.cri.pt\/index.php?rest_route=\/wp\/v2\/users\/1"}],"replies":[{"embeddable":true,"href":"https:\/\/www.cri.pt\/index.php?rest_route=%2Fwp%2Fv2%2Fcomments&post=18704"}],"version-history":[{"count":35,"href":"https:\/\/www.cri.pt\/index.php?rest_route=\/wp\/v2\/pages\/18704\/revisions"}],"predecessor-version":[{"id":20294,"href":"https:\/\/www.cri.pt\/index.php?rest_route=\/wp\/v2\/pages\/18704\/revisions\/20294"}],"wp:attachment":[{"href":"https:\/\/www.cri.pt\/index.php?rest_route=%2Fwp%2Fv2%2Fmedia&parent=18704"}],"curies":[{"name":"wp","href":"https:\/\/api.w.org\/{rel}","templated":true}]}}