{"id":18708,"date":"2021-08-18T04:30:31","date_gmt":"2021-08-18T04:30:31","guid":{"rendered":"http:\/\/www.cri.pt\/?page_id=18708"},"modified":"2022-06-04T22:48:43","modified_gmt":"2022-06-04T22:48:43","slug":"2021-22-infantis-b-sub-12","status":"publish","type":"page","link":"https:\/\/www.cri.pt\/?page_id=18708","title":{"rendered":"2021\/22 INFANTIS B (SUB-12)"},"content":{"rendered":"<p><img loading=\"lazy\" decoding=\"async\" class=\"aligncenter size-full wp-image-18780\" src=\"https:\/\/www.cri.pt\/wp-content\/uploads\/2021\/09\/2021.09.17-sub-12.jpg\" alt=\"\" width=\"1620\" height=\"1080\" srcset=\"https:\/\/www.cri.pt\/wp-content\/uploads\/2021\/09\/2021.09.17-sub-12.jpg 1620w, https:\/\/www.cri.pt\/wp-content\/uploads\/2021\/09\/2021.09.17-sub-12-300x200.jpg 300w, https:\/\/www.cri.pt\/wp-content\/uploads\/2021\/09\/2021.09.17-sub-12-1024x683.jpg 1024w, https:\/\/www.cri.pt\/wp-content\/uploads\/2021\/09\/2021.09.17-sub-12-768x512.jpg 768w, https:\/\/www.cri.pt\/wp-content\/uploads\/2021\/09\/2021.09.17-sub-12-1536x1024.jpg 1536w, https:\/\/www.cri.pt\/wp-content\/uploads\/2021\/09\/2021.09.17-sub-12-128x85.jpg 128w, https:\/\/www.cri.pt\/wp-content\/uploads\/2021\/09\/2021.09.17-sub-12-32x21.jpg 32w, https:\/\/www.cri.pt\/wp-content\/uploads\/2021\/09\/2021.09.17-sub-12-100x67.jpg 100w, https:\/\/www.cri.pt\/wp-content\/uploads\/2021\/09\/2021.09.17-sub-12-50x33.jpg 50w, https:\/\/www.cri.pt\/wp-content\/uploads\/2021\/09\/2021.09.17-sub-12-25x17.jpg 25w, https:\/\/www.cri.pt\/wp-content\/uploads\/2021\/09\/2021.09.17-sub-12-414x276.jpg 414w, https:\/\/www.cri.pt\/wp-content\/uploads\/2021\/09\/2021.09.17-sub-12-470x313.jpg 470w, https:\/\/www.cri.pt\/wp-content\/uploads\/2021\/09\/2021.09.17-sub-12-640x426.jpg 640w, https:\/\/www.cri.pt\/wp-content\/uploads\/2021\/09\/2021.09.17-sub-12-130x86.jpg 130w, https:\/\/www.cri.pt\/wp-content\/uploads\/2021\/09\/2021.09.17-sub-12-187x124.jpg 187w, https:\/\/www.cri.pt\/wp-content\/uploads\/2021\/09\/2021.09.17-sub-12-990x660.jpg 990w, https:\/\/www.cri.pt\/wp-content\/uploads\/2021\/09\/2021.09.17-sub-12-1320x880.jpg 1320w, https:\/\/www.cri.pt\/wp-content\/uploads\/2021\/09\/2021.09.17-sub-12-450x300.jpg 450w\" sizes=\"auto, (max-width: 1620px) 100vw, 1620px\" \/><\/p>\n<div class=\"mks_separator\" style=\"border-bottom: 2px solid;\"><\/div>\n<ul>\n<li><a href=\"https:\/\/www.cri.pt\/?page_id=6863\">ARQUIVO \u00c9POCAS ANTERIORES<\/a><\/li>\n<li><strong>\u00c9POCA 2021\/22<\/strong>\n<ul>\n<li><a href=\"#JOGADORES\"><strong>JOGADORES<\/strong><\/a><\/li>\n<li><a href=\"#TREINADORES. DIRIGENTES. COLABORADORES\"><strong>TREINADORES. DIRIGENTES. COLABORADORES<\/strong> <\/a><\/li>\n<li><a href=\"https:\/\/www.cri.pt\/?tag=Infantis-B-2021\/22\"><strong>FOTOS. V\u00cdDEOS. <\/strong><strong>NOT\u00cdCIAS<\/strong><\/a><\/li>\n<li><strong><a href=\"https:\/\/resultados.fpf.pt\/Competition\/Details?competitionId=20974&amp;seasonId=101\" target=\"_blank\" rel=\"noopener\">CAMPEONATO A.F.SET\u00daBAL &#8211; 1\u00aa FASE &#8211; S\u00c9RIE &#8220;D&#8221;\u00a0<\/a><\/strong><\/li>\n<li><strong><a href=\"https:\/\/resultados.fpf.pt\/Competition\/Details?competitionId=21198&amp;seasonId=101\" target=\"_blank\" rel=\"noopener\">TORNEIO COMPLEMENTAR A.F. SET\u00daBAL &#8211; S\u00c9RIE &#8220;C&#8221; <\/a><\/strong><\/li>\n<\/ul>\n<\/li>\n<\/ul>\n<div class=\"mks_separator\" style=\"border-bottom: 3px solid;\"><\/div>\n<ul>\n<li><strong><a href=\"https:\/\/resultados.fpf.pt\/Competition\/Details?competitionId=21198&amp;seasonId=101\" target=\"_blank\" rel=\"noopener\">TORNEIO COMPLEMENTAR A.F. SET\u00daBAL &#8211; S\u00c9RIE &#8220;C&#8221; &#8211; CLASSIFICA\u00c7\u00c3O<\/a><\/strong><\/li>\n<li>OS NOSSOS JOGOS OFICIAIS:<\/li>\n<\/ul>\n<p>12 mar 2022 <strong>CRI<\/strong> 2-3 B. Azeit\u00e3o &#8211; <a href=\"https:\/\/resultados.fpf.pt\/Match\/GetMatchInformation?matchId=1733847\" target=\"_blank\" rel=\"noopener\">FICHA DE JOGO<\/a> &#8211; <a href=\"https:\/\/www.cri.pt\/?p=19792\">FOTOS<\/a><br \/>\n19 mar 2022 D. Jo\u00e3o I 3-4 <strong>CRI<\/strong> &#8211; <a href=\"https:\/\/resultados.fpf.pt\/Match\/GetMatchInformation?matchId=1733848\" target=\"_blank\" rel=\"noopener\">FICHA DE JOGO<\/a><br \/>\n26 mar 2022 <strong>CRI<\/strong> 5-0 Vinhense &#8211; <a href=\"https:\/\/resultados.fpf.pt\/Match\/GetMatchInformation?matchId=1733851\" target=\"_blank\" rel=\"noopener\">FICHA DE JOGO<\/a> &#8211; <a href=\"https:\/\/www.cri.pt\/?p=19912\">FOTOS<\/a><br \/>\n09 abr 2022 Moitense 3-7 <strong>CRI &#8211; <\/strong><a href=\"https:\/\/resultados.fpf.pt\/Match\/GetMatchInformation?matchId=1733855\" target=\"_blank\" rel=\"noopener\">FICHA DE JOGO<\/a><br \/>\n30 abr 2022 B. Azeit\u00e3o 7-5 <strong>CRI <\/strong>&#8211; <a href=\"https:\/\/resultados.fpf.pt\/Match\/GetMatchInformation?matchId=1733857\" target=\"_blank\" rel=\"noopener\">FICHA DE JOGO<\/a><br \/>\n07 mai 2022 <strong>CRI<\/strong> 2-3 D. Jo\u00e3o I &#8211; <a href=\"https:\/\/resultados.fpf.pt\/Match\/GetMatchInformation?matchId=1733858\" target=\"_blank\" rel=\"noopener\">FICHA DE JOGO<\/a> &#8211; <a href=\"https:\/\/www.cri.pt\/?p=20178\">FOTOS<\/a><br \/>\n14 mai 2022 Vinhense 0-4 <strong>CRI<\/strong> &#8211; <a href=\"https:\/\/resultados.fpf.pt\/Match\/GetMatchInformation?matchId=1733860\" target=\"_blank\" rel=\"noopener\">FICHA DE JOGO<\/a> &#8211; <a href=\"https:\/\/www.cri.pt\/?p=20204\">FOTOS<\/a><br \/>\n04 jun 2022 <strong>CRI<\/strong> 5-6 Moitense &#8211; <a href=\"https:\/\/resultados.fpf.pt\/Match\/GetMatchInformation?matchId=1733865\" target=\"_blank\" rel=\"noopener\">FICHA DE JOGO<\/a> &#8211; <a href=\"https:\/\/www.cri.pt\/?p=20301\">FOTOS<\/a><\/p>\n<p>CLASSIFICA\u00c7\u00c3O FINAL<\/p>\n<p><img loading=\"lazy\" decoding=\"async\" class=\"alignnone wp-image-20306\" src=\"https:\/\/www.cri.pt\/wp-content\/uploads\/2022\/06\/complementar_sub_12.jpg\" alt=\"\" width=\"360\" height=\"513\" srcset=\"https:\/\/www.cri.pt\/wp-content\/uploads\/2022\/06\/complementar_sub_12.jpg 640w, https:\/\/www.cri.pt\/wp-content\/uploads\/2022\/06\/complementar_sub_12-211x300.jpg 211w, https:\/\/www.cri.pt\/wp-content\/uploads\/2022\/06\/complementar_sub_12-90x128.jpg 90w, https:\/\/www.cri.pt\/wp-content\/uploads\/2022\/06\/complementar_sub_12-22x32.jpg 22w, https:\/\/www.cri.pt\/wp-content\/uploads\/2022\/06\/complementar_sub_12-70x100.jpg 70w, https:\/\/www.cri.pt\/wp-content\/uploads\/2022\/06\/complementar_sub_12-35x50.jpg 35w, https:\/\/www.cri.pt\/wp-content\/uploads\/2022\/06\/complementar_sub_12-18x25.jpg 18w, https:\/\/www.cri.pt\/wp-content\/uploads\/2022\/06\/complementar_sub_12-300x428.jpg 300w\" sizes=\"auto, (max-width: 360px) 100vw, 360px\" \/><\/p>\n<p>&nbsp;<\/p>\n<p>&nbsp;<\/p>\n<p>&nbsp;<\/p>\n<div class=\"mks_separator\" style=\"border-bottom: 3px solid;\"><\/div>\n<p>&nbsp;<\/p>\n<p><strong><a href=\"https:\/\/resultados.fpf.pt\/Competition\/Details?competitionId=20974&amp;seasonId=101\" target=\"_blank\" rel=\"noopener\">CAMPEONATO A.F.SET\u00daBAL &#8211; 1\u00aa FASE &#8211; S\u00c9RIE &#8220;D&#8221; &#8211; CLASSIFICA\u00c7\u00c3O\u00a0<\/a><\/strong><br \/>\nOS NOSSOS JOGOS OFICIAIS:<\/p>\n<p>06.11.2021 <strong>CRI<\/strong> 0-11 Fabril &#8211; <a href=\"https:\/\/resultados.fpf.pt\/Match\/GetMatchInformation?matchId=1697886\" target=\"_blank\" rel=\"noopener\">FICHA DE JOGO<\/a> &#8211; <strong><a href=\"https:\/\/www.cri.pt\/?p=19061\">FOTOS<\/a><\/strong><br \/>\n13.11.2021 Vinhense 0-8 <strong>CRI <\/strong>&#8211; <a href=\"https:\/\/resultados.fpf.pt\/Match\/GetMatchInformation?matchId=1697889\" target=\"_blank\" rel=\"noopener\">FICHA DE JOGO<\/a><br \/>\n20.11.2021 <strong>CRI<\/strong> 5-2 ADQ Conde &#8211; <a href=\"https:\/\/resultados.fpf.pt\/Match\/GetMatchInformation?matchId=1697890\" target=\"_blank\" rel=\"noopener\">FICHA DE JOGO<\/a> &#8211; <strong><a href=\"https:\/\/www.cri.pt\/?p=19152\">FOTOS<\/a><\/strong><br \/>\n27.11.2021 Barreirense 11-2 <strong>CRI<\/strong> &#8211; <a href=\"https:\/\/resultados.fpf.pt\/Match\/GetMatchInformation?matchId=1697894\" target=\"_blank\" rel=\"noopener\">FICHA DE JOGO<\/a> &#8211; <strong><a href=\"https:\/\/www.cri.pt\/?p=19213\">FOTOS<\/a><\/strong><br \/>\n04.12.2021 <strong>CRI<\/strong> 2-14 D. Jo\u00e3o I &#8211; <a href=\"https:\/\/resultados.fpf.pt\/Match\/GetMatchInformation?matchId=1697898\" target=\"_blank\" rel=\"noopener\">FICHA DE JOGO<\/a><br \/>\n18.12.2021 <strong>Fabril<\/strong> 16-0 CRI &#8211; <a href=\"https:\/\/resultados.fpf.pt\/Match\/GetMatchInformation?matchId=1697901\" target=\"_blank\" rel=\"noopener\">FICHA DE JOGO<\/a><br \/>\n15.01.2022 <strong>CRI<\/strong> 5-2 Vinhense &#8211; <a href=\"https:\/\/resultados.fpf.pt\/Match\/GetMatchInformation?matchId=1697904\" target=\"_blank\" rel=\"noopener\">FICHA DE JOGO<\/a> &#8211; <strong><a href=\"https:\/\/www.cri.pt\/?p=19473\">FOTOS<\/a><br \/>\n<\/strong>22.01.2022 ADQC 1-6 <strong>CRI<\/strong> &#8211; <a href=\"https:\/\/resultados.fpf.pt\/Match\/GetMatchInformation?matchId=1697905\" target=\"_blank\" rel=\"noopener\">FICHA DE JOGO<\/a> &#8211; <strong><a href=\"https:\/\/www.cri.pt\/?p=19533\">FOTOS<\/a><br \/>\n<\/strong>05.02.2022 <strong>CRI<\/strong> 1-6 Barreirense &#8211; <a href=\"https:\/\/resultados.fpf.pt\/Match\/GetMatchInformation?matchId=1697909\" target=\"_blank\" rel=\"noopener\">FICHA DE JOGO<\/a><br \/>\n12.02.2022 D. Jo\u00e3o I 16-0 <strong>CRI<\/strong> &#8211; <a href=\"https:\/\/resultados.fpf.pt\/Match\/GetMatchInformation?matchId=1697913\" target=\"_blank\" rel=\"noopener\">FICHA DE JOGO<\/a><\/p>\n<p><strong>CLASSIFICA\u00c7\u00c3O FINAL DA 1\u00aa FASE<\/strong><\/p>\n<p><img loading=\"lazy\" decoding=\"async\" class=\"alignnone wp-image-19641\" src=\"https:\/\/www.cri.pt\/wp-content\/uploads\/2022\/02\/sub-12.jpg\" alt=\"\" width=\"360\" height=\"548\" srcset=\"https:\/\/www.cri.pt\/wp-content\/uploads\/2022\/02\/sub-12.jpg 480w, https:\/\/www.cri.pt\/wp-content\/uploads\/2022\/02\/sub-12-197x300.jpg 197w, https:\/\/www.cri.pt\/wp-content\/uploads\/2022\/02\/sub-12-84x128.jpg 84w, https:\/\/www.cri.pt\/wp-content\/uploads\/2022\/02\/sub-12-21x32.jpg 21w, https:\/\/www.cri.pt\/wp-content\/uploads\/2022\/02\/sub-12-66x100.jpg 66w, https:\/\/www.cri.pt\/wp-content\/uploads\/2022\/02\/sub-12-33x50.jpg 33w, https:\/\/www.cri.pt\/wp-content\/uploads\/2022\/02\/sub-12-16x25.jpg 16w, https:\/\/www.cri.pt\/wp-content\/uploads\/2022\/02\/sub-12-300x456.jpg 300w\" sizes=\"auto, (max-width: 360px) 100vw, 360px\" \/><\/p>\n<div class=\"mks_separator\" style=\"border-bottom: 3px solid;\"><\/div>\n<p><strong><a name=\"JOGADORES\"><\/a><\/strong><\/p>\n<p>JOGADORES<img loading=\"lazy\" decoding=\"async\" class=\"aligncenter wp-image-16614 size-full\" src=\"https:\/\/www.cri.pt\/wp-content\/uploads\/2019\/12\/barra-jogadores-e1591273100147.jpg\" alt=\"\" width=\"959\" height=\"105\" \/><div class=\"mks_separator\" style=\"border-bottom: 1px solid;\"><\/div>\n<p><a href=\"https:\/\/www.fpf.pt\/pt\/Jogadores\/Ficha-de-Jogador\/playerId\/2050475\" target=\"_blank\" rel=\"noopener\">Afonso Mouro<\/a><br \/>\n<a href=\"https:\/\/www.fpf.pt\/pt\/Jogadores\/Ficha-de-Jogador\/playerId\/1847560\" target=\"_blank\" rel=\"noopener\">Alexandre Palma<\/a><br \/>\n<a href=\"https:\/\/www.fpf.pt\/pt\/Jogadores\/Ficha-de-Jogador\/playerId\/1961260\" target=\"_blank\" rel=\"noopener\">Carolina Candeias<\/a><br \/>\n<a href=\"https:\/\/www.fpf.pt\/pt\/Jogadores\/Ficha-de-Jogador\/playerId\/1915282\" target=\"_blank\" rel=\"noopener\">Diogo Gra\u00e7a<\/a><br \/>\n<a href=\"https:\/\/www.fpf.pt\/pt\/Jogadores\/Ficha-de-Jogador\/playerId\/2038498\" target=\"_blank\" rel=\"noopener\">Enzo Ferreira<\/a><br \/>\n<a href=\"https:\/\/www.fpf.pt\/pt\/Jogadores\/Ficha-de-Jogador\/playerId\/1847563\" target=\"_blank\" rel=\"noopener\">Filipe Antunes<\/a><br \/>\n<a href=\"https:\/\/www.fpf.pt\/pt\/Jogadores\/Ficha-de-Jogador\/playerId\/1765072\" target=\"_blank\" rel=\"noopener\">Gabriel Brito<\/a><br \/>\n<a href=\"https:\/\/www.fpf.pt\/pt\/Jogadores\/Ficha-de-Jogador\/playerId\/2052903\" target=\"_blank\" rel=\"noopener\">Kevin Correia<\/a><br \/>\n<a href=\"https:\/\/www.fpf.pt\/pt\/Jogadores\/Ficha-de-Jogador\/playerId\/2057416\" target=\"_blank\" rel=\"noopener\">Leonardo Piedade<\/a><br \/>\n<a href=\"https:\/\/www.fpf.pt\/pt\/Jogadores\/Ficha-de-Jogador\/playerId\/1830499\" target=\"_blank\" rel=\"noopener\">Lucas Mestre<\/a><br \/>\n<a href=\"https:\/\/www.fpf.pt\/pt\/Jogadores\/Ficha-de-Jogador\/playerId\/2014152\" target=\"_blank\" rel=\"noopener\">Marco Silva<\/a><br \/>\n<a href=\"https:\/\/www.fpf.pt\/pt\/Jogadores\/Ficha-de-Jogador\/playerId\/1855711\" target=\"_blank\" rel=\"noopener\">Salvador Marote<\/a><br \/>\n<a href=\"https:\/\/www.fpf.pt\/pt\/Jogadores\/Ficha-de-Jogador\/playerId\/1956674\" target=\"_blank\" rel=\"noopener\">Salvador Claro<\/a><br \/>\n<a href=\"https:\/\/www.fpf.pt\/pt\/Jogadores\/Ficha-de-Jogador\/playerId\/1954163\" target=\"_blank\" rel=\"noopener\">Sim\u00e3o Fernandes<\/a><br \/>\n<a href=\"https:\/\/www.fpf.pt\/pt\/Jogadores\/Ficha-de-Jogador\/playerId\/2066844\" target=\"_blank\" rel=\"noopener\">Sorin Pojar<\/a><br \/>\n<a href=\"https:\/\/www.fpf.pt\/pt\/Jogadores\/Ficha-de-Jogador\/playerId\/1847569\" target=\"_blank\" rel=\"noopener\">Tom\u00e1s Elias<\/a><br \/>\n<a href=\"https:\/\/www.fpf.pt\/pt\/Jogadores\/Ficha-de-Jogador\/playerId\/1847570\" target=\"_blank\" rel=\"noopener\">Tom\u00e1s Dias<\/a><\/p>\n<div class=\"mks_separator\" style=\"border-bottom: 3px solid;\"><\/div>\n<strong><a name=\"TREINADORES. DIRIGENTES. COLABORADORES\"><\/a><\/strong><\/p>\n<p>TREINADORES. DIRIGENTES. COLABORADORES<strong><img loading=\"lazy\" decoding=\"async\" class=\"aligncenter wp-image-16612 size-full\" src=\"https:\/\/www.cri.pt\/wp-content\/uploads\/2019\/12\/barra-treinador-e1591273338543.jpg\" alt=\"\" width=\"1920\" height=\"187\" srcset=\"https:\/\/www.cri.pt\/wp-content\/uploads\/2019\/12\/barra-treinador-e1591273338543.jpg 1920w, https:\/\/www.cri.pt\/wp-content\/uploads\/2019\/12\/barra-treinador-e1591273338543-300x29.jpg 300w, https:\/\/www.cri.pt\/wp-content\/uploads\/2019\/12\/barra-treinador-e1591273338543-768x75.jpg 768w, https:\/\/www.cri.pt\/wp-content\/uploads\/2019\/12\/barra-treinador-e1591273338543-1024x100.jpg 1024w, https:\/\/www.cri.pt\/wp-content\/uploads\/2019\/12\/barra-treinador-e1591273338543-128x12.jpg 128w, https:\/\/www.cri.pt\/wp-content\/uploads\/2019\/12\/barra-treinador-e1591273338543-32x3.jpg 32w, https:\/\/www.cri.pt\/wp-content\/uploads\/2019\/12\/barra-treinador-e1591273338543-100x10.jpg 100w, https:\/\/www.cri.pt\/wp-content\/uploads\/2019\/12\/barra-treinador-e1591273338543-50x5.jpg 50w, https:\/\/www.cri.pt\/wp-content\/uploads\/2019\/12\/barra-treinador-e1591273338543-25x2.jpg 25w, https:\/\/www.cri.pt\/wp-content\/uploads\/2019\/12\/barra-treinador-e1591273338543-990x96.jpg 990w, https:\/\/www.cri.pt\/wp-content\/uploads\/2019\/12\/barra-treinador-e1591273338543-1320x129.jpg 1320w, https:\/\/www.cri.pt\/wp-content\/uploads\/2019\/12\/barra-treinador-e1591273338543-650x63.jpg 650w, https:\/\/www.cri.pt\/wp-content\/uploads\/2019\/12\/barra-treinador-e1591273338543-1536x150.jpg 1536w\" sizes=\"auto, (max-width: 1920px) 100vw, 1920px\" \/><\/strong><div class=\"mks_separator\" style=\"border-bottom: 1px solid;\"><\/div>\nTreinador: <strong>Am\u00edlcar Neves<\/strong><br \/>\nTreinadores Adjuntos: <strong>Jo\u00e3o Gra\u00fado<\/strong> e <strong>Lu\u00eds Ferreira<br \/>\n<\/strong>Treinador de Guarda-redes: <strong>Jorge Carvalho<\/strong><br \/>\nMassagista: <strong>Paulo Benedito<\/strong><br \/>\nCoordenador T\u00e9cnico: <strong>Jos\u00e9 L. Medeiros<\/strong><br \/>\n<div class=\"mks_separator\" style=\"border-bottom: 1px solid;\"><\/div>\n<p>&nbsp;<\/p>\n","protected":false},"excerpt":{"rendered":"<p>ARQUIVO \u00c9POCAS ANTERIORES \u00c9POCA 2021\/22 JOGADORES TREINADORES. DIRIGENTES. COLABORADORES FOTOS. V\u00cdDEOS. NOT\u00cdCIAS CAMPEONATO A.F.SET\u00daBAL &#8211; 1\u00aa FASE &#8211; S\u00c9RIE &#8220;D&#8221;\u00a0 TORNEIO COMPLEMENTAR A.F. SET\u00daBAL &#8211; S\u00c9RIE &#8220;C&#8221; TORNEIO COMPLEMENTAR A.F. SET\u00daBAL &#8211; S\u00c9RIE &#8220;C&#8221; &#8211; CLASSIFICA\u00c7\u00c3O OS NOSSOS JOGOS OFICIAIS: 12 mar 2022 CRI 2-3 B. Azeit\u00e3o &#8211; FICHA DE JOGO &#8211; FOTOS 19 mar [&hellip;]<\/p>\n","protected":false},"author":1,"featured_media":0,"parent":0,"menu_order":0,"comment_status":"closed","ping_status":"closed","template":"","meta":{"footnotes":""},"class_list":["post-18708","page","type-page","status-publish","hentry"],"_links":{"self":[{"href":"https:\/\/www.cri.pt\/index.php?rest_route=\/wp\/v2\/pages\/18708","targetHints":{"allow":["GET"]}}],"collection":[{"href":"https:\/\/www.cri.pt\/index.php?rest_route=\/wp\/v2\/pages"}],"about":[{"href":"https:\/\/www.cri.pt\/index.php?rest_route=\/wp\/v2\/types\/page"}],"author":[{"embeddable":true,"href":"https:\/\/www.cri.pt\/index.php?rest_route=\/wp\/v2\/users\/1"}],"replies":[{"embeddable":true,"href":"https:\/\/www.cri.pt\/index.php?rest_route=%2Fwp%2Fv2%2Fcomments&post=18708"}],"version-history":[{"count":34,"href":"https:\/\/www.cri.pt\/index.php?rest_route=\/wp\/v2\/pages\/18708\/revisions"}],"predecessor-version":[{"id":20308,"href":"https:\/\/www.cri.pt\/index.php?rest_route=\/wp\/v2\/pages\/18708\/revisions\/20308"}],"wp:attachment":[{"href":"https:\/\/www.cri.pt\/index.php?rest_route=%2Fwp%2Fv2%2Fmedia&parent=18708"}],"curies":[{"name":"wp","href":"https:\/\/api.w.org\/{rel}","templated":true}]}}