{"id":18712,"date":"2021-08-18T04:33:23","date_gmt":"2021-08-18T04:33:23","guid":{"rendered":"http:\/\/www.cri.pt\/?page_id=18712"},"modified":"2022-06-17T08:08:35","modified_gmt":"2022-06-17T08:08:35","slug":"2021-22-benjamins-b-sub-10","status":"publish","type":"page","link":"https:\/\/www.cri.pt\/?page_id=18712","title":{"rendered":"2021\/22 BENJAMINS B (SUB-10)"},"content":{"rendered":"<p><img loading=\"lazy\" decoding=\"async\" class=\"aligncenter size-full wp-image-18967\" src=\"https:\/\/www.cri.pt\/wp-content\/uploads\/2021\/10\/2021.10.05-sesimbra-cri-059.jpg\" alt=\"\" width=\"1620\" height=\"1080\" srcset=\"https:\/\/www.cri.pt\/wp-content\/uploads\/2021\/10\/2021.10.05-sesimbra-cri-059.jpg 1620w, https:\/\/www.cri.pt\/wp-content\/uploads\/2021\/10\/2021.10.05-sesimbra-cri-059-300x200.jpg 300w, https:\/\/www.cri.pt\/wp-content\/uploads\/2021\/10\/2021.10.05-sesimbra-cri-059-1024x683.jpg 1024w, https:\/\/www.cri.pt\/wp-content\/uploads\/2021\/10\/2021.10.05-sesimbra-cri-059-768x512.jpg 768w, https:\/\/www.cri.pt\/wp-content\/uploads\/2021\/10\/2021.10.05-sesimbra-cri-059-1536x1024.jpg 1536w, https:\/\/www.cri.pt\/wp-content\/uploads\/2021\/10\/2021.10.05-sesimbra-cri-059-128x85.jpg 128w, https:\/\/www.cri.pt\/wp-content\/uploads\/2021\/10\/2021.10.05-sesimbra-cri-059-32x21.jpg 32w, https:\/\/www.cri.pt\/wp-content\/uploads\/2021\/10\/2021.10.05-sesimbra-cri-059-100x67.jpg 100w, https:\/\/www.cri.pt\/wp-content\/uploads\/2021\/10\/2021.10.05-sesimbra-cri-059-50x33.jpg 50w, https:\/\/www.cri.pt\/wp-content\/uploads\/2021\/10\/2021.10.05-sesimbra-cri-059-25x17.jpg 25w, https:\/\/www.cri.pt\/wp-content\/uploads\/2021\/10\/2021.10.05-sesimbra-cri-059-414x276.jpg 414w, https:\/\/www.cri.pt\/wp-content\/uploads\/2021\/10\/2021.10.05-sesimbra-cri-059-470x313.jpg 470w, https:\/\/www.cri.pt\/wp-content\/uploads\/2021\/10\/2021.10.05-sesimbra-cri-059-640x426.jpg 640w, https:\/\/www.cri.pt\/wp-content\/uploads\/2021\/10\/2021.10.05-sesimbra-cri-059-130x86.jpg 130w, https:\/\/www.cri.pt\/wp-content\/uploads\/2021\/10\/2021.10.05-sesimbra-cri-059-187x124.jpg 187w, https:\/\/www.cri.pt\/wp-content\/uploads\/2021\/10\/2021.10.05-sesimbra-cri-059-990x660.jpg 990w, https:\/\/www.cri.pt\/wp-content\/uploads\/2021\/10\/2021.10.05-sesimbra-cri-059-1320x880.jpg 1320w, https:\/\/www.cri.pt\/wp-content\/uploads\/2021\/10\/2021.10.05-sesimbra-cri-059-450x300.jpg 450w\" sizes=\"auto, (max-width: 1620px) 100vw, 1620px\" \/><\/p>\n<div class=\"mks_separator\" style=\"border-bottom: 2px solid;\"><\/div>\n<ul>\n<li><a href=\"https:\/\/www.cri.pt\/?page_id=6863\">ARQUIVO \u00c9POCAS ANTERIORES<\/a><\/li>\n<li><strong>\u00c9POCA 2021\/22<\/strong>\n<ul>\n<li><a href=\"#JOGADORES\"><strong>JOGADORES<\/strong><\/a><\/li>\n<li><a href=\"#TREINADORES. DIRIGENTES. COLABORADORES\"><strong>TREINADORES. DIRIGENTES. COLABORADORES<\/strong> <\/a><\/li>\n<li><a href=\"https:\/\/www.cri.pt\/?tag=Benjamins-B-2021\/22\"><strong>FOTOS. V\u00cdDEOS. <\/strong><strong>NOT\u00cdCIAS<\/strong><\/a><\/li>\n<li><a href=\"https:\/\/resultados.fpf.pt\/Competition\/Details?competitionId=21061&amp;seasonId=101\" target=\"_blank\" rel=\"noopener\">CAMPEONATO A.F. SET\u00daBAL &#8211; S\u00c9RIE &#8220;C&#8221; &#8211; CLASSIFICA\u00c7\u00c3O<\/a> (terminado)<\/li>\n<li><a href=\"https:\/\/resultados.fpf.pt\/Competition\/Details?competitionId=21212&amp;seasonId=101\" target=\"_blank\" rel=\"noopener\">TORNEIO COMPLEMENTAR A.F. SET\u00daBAL &#8211; S\u00c9RIE &#8220;D&#8221;<\/a><\/li>\n<\/ul>\n<\/li>\n<\/ul>\n<div class=\"mks_separator\" style=\"border-bottom: 3px solid;\"><\/div>\n<p>OS JOSSOS JOGOS OFICIAIS:<br \/>\n<a href=\"https:\/\/resultados.fpf.pt\/Competition\/Details?competitionId=21212&amp;seasonId=101\" target=\"_blank\" rel=\"noopener\">TORNEIO COMPLEMENTAR A.F. SET\u00daBAL &#8211; <strong>S\u00c9RIE &#8220;D<\/strong>&#8220;<\/a><br \/>\n<em>Escal\u00e3o: Benjamins &#8220;B&#8221; (1\u00ba Ano \/ Sub-10) &#8211; Equipa &#8220;A&#8221; (jogadores nascidos em 2012 e 2013)<\/em><\/p>\n<p>19 mar 2022 <strong>CRI<\/strong> &#8220;A&#8221; 4-2 Barreirense &#8220;B&#8221; &#8211; <a href=\"https:\/\/resultados.fpf.pt\/Match\/GetMatchInformation?matchId=1735778\" target=\"_blank\" rel=\"noopener\">FICHA DE JOGO<\/a> &#8211; <strong><a href=\"https:\/\/www.cri.pt\/?p=19834\">FOTOS<\/a><\/strong><br \/>\n02 abr 2022 B. Azeit\u00e3o 4-7 <strong>CRI<\/strong> &#8220;A&#8221; &#8211; <a href=\"https:\/\/resultados.fpf.pt\/Match\/GetMatchInformation?matchId=1735783\" target=\"_blank\" rel=\"noopener\">FICHA DE JOGO<\/a> &#8211; <strong><a href=\"https:\/\/www.cri.pt\/?p=20033\">FOTOS<\/a><\/strong><br \/>\n09 abr 2022 <strong>CRI<\/strong> &#8220;A&#8221; 8-0 Vinhense &#8211; <a href=\"https:\/\/resultados.fpf.pt\/Match\/GetMatchInformation?matchId=1735785\" target=\"_blank\" rel=\"noopener\">FICHA DE JOGO<\/a> &#8211; <strong><a href=\"https:\/\/www.cri.pt\/?p=20012\">FOTOS<\/a><br \/>\n<\/strong>24 abr 2022 Moitense &#8220;B&#8221; 0-8 <strong>CRI<\/strong> &#8220;A&#8221; &#8211; <a href=\"https:\/\/resultados.fpf.pt\/Match\/GetMatchInformation?matchId=1735786\" target=\"_blank\" rel=\"noopener\">FICHA DE JOGO<\/a> &#8211; <strong><a href=\"https:\/\/www.cri.pt\/?p=20104\">FOTOS<\/a><br \/>\n<\/strong>07 mai 2022 Barreirense &#8220;B&#8221; 4-1 <strong>CRI<\/strong> &#8220;A&#8221; &#8211; <a href=\"https:\/\/resultados.fpf.pt\/Match\/GetMatchInformation?matchId=1735788\" target=\"_blank\" rel=\"noopener\">FICHA DE JOGO<\/a> &#8211; <strong><a href=\"https:\/\/www.cri.pt\/?p=20174\">FOTOS<\/a><\/strong><br \/>\n21 mai 2022 <strong>CRI<\/strong> &#8220;A&#8221; 3-3 B. Azeit\u00e3o &#8211; <a href=\"https:\/\/resultados.fpf.pt\/Match\/GetMatchInformation?matchId=1735793\" target=\"_blank\" rel=\"noopener\">FICHA DE JOGO<\/a> &#8211; <strong><a href=\"https:\/\/www.cri.pt\/?p=20248\">FOTOS<\/a><br \/>\n<\/strong>04 jun 2022 Vinhense 1-2 <strong>CRI<\/strong> &#8220;A&#8221; &#8211; <a href=\"https:\/\/resultados.fpf.pt\/Match\/GetMatchInformation?matchId=1735795\" target=\"_blank\" rel=\"noopener\">FICHA DE JOGO<\/a> &#8211; <strong><a href=\"https:\/\/www.cri.pt\/?p=20313\">FOTOS<\/a><\/strong><br \/>\n11 jun 2022 <strong>CRI<\/strong> &#8220;A&#8221; 14-0 Moitense &#8220;B&#8221; &#8211; <a href=\"https:\/\/resultados.fpf.pt\/Match\/GetMatchInformation?matchId=1735796\" target=\"_blank\" rel=\"noopener\">FICHA DE JOGO<\/a><\/p>\n<p>CLASSIFICA\u00c7\u00c3O FINAL<\/p>\n<p><img loading=\"lazy\" decoding=\"async\" class=\"alignnone wp-image-20357\" src=\"https:\/\/www.cri.pt\/wp-content\/uploads\/2022\/06\/tcomplementarBENJAMINS-B21_22.jpg\" alt=\"\" width=\"360\" height=\"506\" srcset=\"https:\/\/www.cri.pt\/wp-content\/uploads\/2022\/06\/tcomplementarBENJAMINS-B21_22.jpg 640w, https:\/\/www.cri.pt\/wp-content\/uploads\/2022\/06\/tcomplementarBENJAMINS-B21_22-214x300.jpg 214w, https:\/\/www.cri.pt\/wp-content\/uploads\/2022\/06\/tcomplementarBENJAMINS-B21_22-91x128.jpg 91w, https:\/\/www.cri.pt\/wp-content\/uploads\/2022\/06\/tcomplementarBENJAMINS-B21_22-23x32.jpg 23w, https:\/\/www.cri.pt\/wp-content\/uploads\/2022\/06\/tcomplementarBENJAMINS-B21_22-71x100.jpg 71w, https:\/\/www.cri.pt\/wp-content\/uploads\/2022\/06\/tcomplementarBENJAMINS-B21_22-36x50.jpg 36w, https:\/\/www.cri.pt\/wp-content\/uploads\/2022\/06\/tcomplementarBENJAMINS-B21_22-18x25.jpg 18w, https:\/\/www.cri.pt\/wp-content\/uploads\/2022\/06\/tcomplementarBENJAMINS-B21_22-300x421.jpg 300w\" sizes=\"auto, (max-width: 360px) 100vw, 360px\" \/><\/p>\n<p>&nbsp;<\/p>\n<div class=\"mks_separator\" style=\"border-bottom: 3px solid;\"><\/div>\nOS JOSSOS JOGOS OFICIAIS:<br \/>\n<a href=\"https:\/\/resultados.fpf.pt\/Competition\/Details?competitionId=21061&amp;seasonId=101\" target=\"_blank\" rel=\"noopener\">CAMPEONATO A.F. SET\u00daBAL &#8211; S\u00c9RIE &#8220;C&#8221; <\/a><\/p>\n<p>27.11.2021 <strong>CRI<\/strong> 1-2 Afonsoeirense &#8211; <a href=\"https:\/\/resultados.fpf.pt\/Match\/GetMatchInformation?matchId=1704515\" target=\"_blank\" rel=\"noopener\">FICHA DE JOGO<\/a> &#8211; <strong><a href=\"https:\/\/www.cri.pt\/?p=19207\">FOTOS<\/a><\/strong><br \/>\n04.12.2021 Ol\u00edmpico Montijo 1-1 <strong>CRI<\/strong> &#8211; <a href=\"https:\/\/resultados.fpf.pt\/Match\/GetMatchInformation?matchId=1704519\" target=\"_blank\" rel=\"noopener\">FICHA DE JOGO<\/a> &#8211; <strong><a href=\"https:\/\/www.cri.pt\/?p=19287\">FOTOS<\/a><\/strong><br \/>\n11.12.2021 D. Jo\u00e3o I 5-1 <strong>CRI<\/strong> &#8211; <a href=\"https:\/\/resultados.fpf.pt\/Match\/GetMatchInformation?matchId=1704522\" target=\"_blank\" rel=\"noopener\">FICHA DE JOGO<\/a> &#8211; <strong><a href=\"https:\/\/www.cri.pt\/?p=19334\">FOTOS<\/a><\/strong><br \/>\n18.12.2021 <strong>CRI<\/strong> 2-13 Alcochetense &#8211; <a href=\"https:\/\/resultados.fpf.pt\/Match\/GetMatchInformation?matchId=1704525\" target=\"_blank\" rel=\"noopener\">FICHA DE JOGO<\/a> &#8211; <strong><a href=\"https:\/\/www.cri.pt\/?p=19339\">FOTOS<\/a><\/strong><br \/>\n15.01.2022 Vinhense 1-6 <strong>CRI<\/strong> &#8211; <a href=\"https:\/\/resultados.fpf.pt\/Match\/GetMatchInformation?matchId=1704528\" target=\"_blank\" rel=\"noopener\">FICHA DE JOGO<\/a> &#8211; <strong><a href=\"https:\/\/www.cri.pt\/?p=19503\">FOTOS<\/a><br \/>\n<\/strong>29.01.2022 Afonsoeirense 5-2 <strong>CRI<\/strong> &#8211; <a href=\"https:\/\/resultados.fpf.pt\/Match\/GetMatchInformation?matchId=1704530\" target=\"_blank\" rel=\"noopener\">FICHA DE JOGO<\/a> &#8211; <a href=\"https:\/\/www.cri.pt\/?p=19575\"><strong>FOTOS<\/strong><\/a><br \/>\n05.02.2022 <strong>CRI<\/strong> 3-3 Ol\u00edmpico Montijo &#8211; <a href=\"https:\/\/resultados.fpf.pt\/Match\/GetMatchInformation?matchId=1704534\" target=\"_blank\" rel=\"noopener\">FICHA DE JOGO<\/a><br \/>\n12.02.2022 <strong>CRI<\/strong> 0-4 D. Jo\u00e3o I &#8211; <a href=\"https:\/\/resultados.fpf.pt\/Match\/GetMatchInformation?matchId=1704537\" target=\"_blank\" rel=\"noopener\">FICHA DE JOGO<\/a><br \/>\n19.02.2022 Alcochetense 2-0 <strong>CRI &#8211; <\/strong><a href=\"https:\/\/resultados.fpf.pt\/Match\/GetMatchInformation?matchId=1704540\" target=\"_blank\" rel=\"noopener\">FICHA DE JOGO<\/a><br \/>\n26.02.2022 <strong>CRI<\/strong> 2-0 Vinhense &#8211; <a href=\"https:\/\/resultados.fpf.pt\/Match\/GetMatchInformation?matchId=1704543\" target=\"_blank\" rel=\"noopener\">FICHA DE JOGO<\/a><\/p>\n<p>CLASSIFICA\u00c7\u00c3O FINAL &#8211; S\u00c9RIE &#8220;C&#8221;<\/p>\n<p><img loading=\"lazy\" decoding=\"async\" class=\"wp-image-19762 alignnone\" src=\"https:\/\/www.cri.pt\/wp-content\/uploads\/2022\/03\/SUB-10.jpg\" alt=\"\" width=\"360\" height=\"553\" srcset=\"https:\/\/www.cri.pt\/wp-content\/uploads\/2022\/03\/SUB-10.jpg 640w, https:\/\/www.cri.pt\/wp-content\/uploads\/2022\/03\/SUB-10-195x300.jpg 195w, https:\/\/www.cri.pt\/wp-content\/uploads\/2022\/03\/SUB-10-83x128.jpg 83w, https:\/\/www.cri.pt\/wp-content\/uploads\/2022\/03\/SUB-10-21x32.jpg 21w, https:\/\/www.cri.pt\/wp-content\/uploads\/2022\/03\/SUB-10-65x100.jpg 65w, https:\/\/www.cri.pt\/wp-content\/uploads\/2022\/03\/SUB-10-33x50.jpg 33w, https:\/\/www.cri.pt\/wp-content\/uploads\/2022\/03\/SUB-10-16x25.jpg 16w, https:\/\/www.cri.pt\/wp-content\/uploads\/2022\/03\/SUB-10-300x461.jpg 300w\" sizes=\"auto, (max-width: 360px) 100vw, 360px\" \/><\/p>\n<div class=\"mks_separator\" style=\"border-bottom: 3px solid;\"><\/div>\n<p><strong><a name=\"JOGADORES\"><\/a><\/strong><\/p>\n<p><strong>JOGADORES<\/strong><br \/>\n<img loading=\"lazy\" decoding=\"async\" class=\"wp-image-16614 alignnone\" src=\"https:\/\/www.cri.pt\/wp-content\/uploads\/2019\/12\/barra-jogadores-e1591273100147.jpg\" alt=\"\" width=\"822\" height=\"90\" \/><br \/>\n<div class=\"mks_separator\" style=\"border-bottom: 1px solid;\"><\/div>\n<a href=\"https:\/\/www.fpf.pt\/pt\/Jogadores\/Ficha-de-Jogador\/playerId\/1847957\" target=\"_blank\" rel=\"noopener\">Ant\u00f3nio Nisa<\/a><br \/>\n<a href=\"https:\/\/www.fpf.pt\/pt\/Jogadores\/Ficha-de-Jogador\/playerId\/1968679\" target=\"_blank\" rel=\"noopener\">David Lopes<\/a> *<br \/>\n<a href=\"https:\/\/www.fpf.pt\/pt\/Jogadores\/Ficha-de-Jogador\/playerId\/1977454\" target=\"_blank\" rel=\"noopener\">Dinis Sim\u00f5es<\/a> *<br \/>\n<a href=\"https:\/\/www.fpf.pt\/pt\/Jogadores\/Ficha-de-Jogador\/playerId\/1955771\" target=\"_blank\" rel=\"noopener\">Enzo Gon\u00e7alves<\/a><br \/>\n<a href=\"https:\/\/www.fpf.pt\/pt\/Jogadores\/Ficha-de-Jogador\/playerId\/2057417\" target=\"_blank\" rel=\"noopener\">Gabriel Filipe Pereira<\/a><br \/>\n<a href=\"https:\/\/www.fpf.pt\/pt\/Jogadores\/Ficha-de-Jogador\/playerId\/1955361\" target=\"_blank\" rel=\"noopener\">Gon\u00e7alo Rato<\/a><br \/>\n<a href=\"https:\/\/www.fpf.pt\/pt\/Jogadores\/Ficha-de-Jogador\/playerId\/2060994\" target=\"_blank\" rel=\"noopener\">Gustavo Ferreira<\/a><br \/>\n<a href=\"https:\/\/www.fpf.pt\/pt\/Jogadores\/Ficha-de-Jogador\/playerId\/1955364\" target=\"_blank\" rel=\"noopener\">Gustavo Gomes<\/a><br \/>\n<a href=\"https:\/\/www.fpf.pt\/pt\/Jogadores\/Ficha-de-Jogador\/playerId\/1850450\" target=\"_blank\" rel=\"noopener\">Hugo Almeida<\/a><br \/>\n<a href=\"https:\/\/www.fpf.pt\/pt\/Jogadores\/Ficha-de-Jogador\/playerId\/1957712\" target=\"_blank\" rel=\"noopener\">Leonor Mendon\u00e7a<\/a><br \/>\n<a href=\"https:\/\/www.fpf.pt\/pt\/Jogadores\/Ficha-de-Jogador\/playerId\/2038510\" target=\"_blank\" rel=\"noopener\">Maria Pedro<\/a><br \/>\n<a href=\"https:\/\/www.fpf.pt\/pt\/Jogadores\/Ficha-de-Jogador\/playerId\/1973265\" target=\"_blank\" rel=\"noopener\">Martim Rebocho<\/a><br \/>\n<a href=\"https:\/\/www.fpf.pt\/pt\/Jogadores\/Ficha-de-Jogador\/playerId\/2053398\" target=\"_blank\" rel=\"noopener\">Miguel Carrega<\/a> *<br \/>\n<a href=\"https:\/\/www.fpf.pt\/pt\/Jogadores\/Ficha-de-Jogador\/playerId\/2012463\" target=\"_blank\" rel=\"noopener\">Noah Santos<\/a><br \/>\n<a href=\"https:\/\/www.fpf.pt\/pt\/Jogadores\/Ficha-de-Jogador\/playerId\/1955756\" target=\"_blank\" rel=\"noopener\">Santiago Carvalho<\/a><br \/>\n<a href=\"https:\/\/www.fpf.pt\/pt\/Jogadores\/Ficha-de-Jogador\/playerId\/2012276\" target=\"_blank\" rel=\"noopener\">Santiago Rasteiro<\/a> *<br \/>\n<a href=\"https:\/\/www.fpf.pt\/pt\/Jogadores\/Ficha-de-Jogador\/playerId\/2016374\" target=\"_blank\" rel=\"noopener\">Tom\u00e1s Sarilho<\/a> *<br \/>\n<a href=\"https:\/\/www.fpf.pt\/pt\/Jogadores\/Ficha-de-Jogador\/playerId\/1955759\" target=\"_blank\" rel=\"noopener\">Tom\u00e1s Silva<\/a><br \/>\n<a href=\"https:\/\/www.fpf.pt\/pt\/Jogadores\/Ficha-de-Jogador\/playerId\/2050289\" target=\"_blank\" rel=\"noopener\">Vicente Mendes<\/a> *<br \/>\n<div class=\"mks_separator\" style=\"border-bottom: 3px solid;\"><\/div>\n<strong><a name=\"TREINADORES. DIRIGENTES. COLABORADORES\"><\/a><\/strong><\/p>\n<p><strong>TREINADORES. DIRIGENTES. COLABORADORES<img loading=\"lazy\" decoding=\"async\" class=\"alignnone wp-image-16612\" src=\"https:\/\/www.cri.pt\/wp-content\/uploads\/2019\/12\/barra-treinador-e1591273338543.jpg\" alt=\"\" width=\"827\" height=\"80\" srcset=\"https:\/\/www.cri.pt\/wp-content\/uploads\/2019\/12\/barra-treinador-e1591273338543.jpg 1920w, https:\/\/www.cri.pt\/wp-content\/uploads\/2019\/12\/barra-treinador-e1591273338543-300x29.jpg 300w, https:\/\/www.cri.pt\/wp-content\/uploads\/2019\/12\/barra-treinador-e1591273338543-768x75.jpg 768w, https:\/\/www.cri.pt\/wp-content\/uploads\/2019\/12\/barra-treinador-e1591273338543-1024x100.jpg 1024w, https:\/\/www.cri.pt\/wp-content\/uploads\/2019\/12\/barra-treinador-e1591273338543-128x12.jpg 128w, https:\/\/www.cri.pt\/wp-content\/uploads\/2019\/12\/barra-treinador-e1591273338543-32x3.jpg 32w, https:\/\/www.cri.pt\/wp-content\/uploads\/2019\/12\/barra-treinador-e1591273338543-100x10.jpg 100w, https:\/\/www.cri.pt\/wp-content\/uploads\/2019\/12\/barra-treinador-e1591273338543-50x5.jpg 50w, https:\/\/www.cri.pt\/wp-content\/uploads\/2019\/12\/barra-treinador-e1591273338543-25x2.jpg 25w, https:\/\/www.cri.pt\/wp-content\/uploads\/2019\/12\/barra-treinador-e1591273338543-990x96.jpg 990w, https:\/\/www.cri.pt\/wp-content\/uploads\/2019\/12\/barra-treinador-e1591273338543-1320x129.jpg 1320w, https:\/\/www.cri.pt\/wp-content\/uploads\/2019\/12\/barra-treinador-e1591273338543-650x63.jpg 650w, https:\/\/www.cri.pt\/wp-content\/uploads\/2019\/12\/barra-treinador-e1591273338543-1536x150.jpg 1536w\" sizes=\"auto, (max-width: 827px) 100vw, 827px\" \/><br \/>\n<\/strong><div class=\"mks_separator\" style=\"border-bottom: 1px solid;\"><\/div>\nTreinador: <strong>Nuno Aiveca<\/strong><br \/>\nTreinador Adjunto: <strong>Samuel Silva<br \/>\n<\/strong>Treinador G. Redes: <strong>Jorge Carvalho<br \/>\n<\/strong>Massagista:<strong> Paulo Benedito e Ana Silva<br \/>\n<\/strong>Coordenador T\u00e9cnico:<strong> Jos\u00e9 Medeiros<br \/>\n<\/strong><div class=\"mks_separator\" style=\"border-bottom: 1px solid;\"><\/div>\n<p>&nbsp;<\/p>\n<p>&nbsp;<\/p>\n<p>&nbsp;<\/p>\n","protected":false},"excerpt":{"rendered":"<p>ARQUIVO \u00c9POCAS ANTERIORES \u00c9POCA 2021\/22 JOGADORES TREINADORES. DIRIGENTES. COLABORADORES FOTOS. V\u00cdDEOS. NOT\u00cdCIAS CAMPEONATO A.F. SET\u00daBAL &#8211; S\u00c9RIE &#8220;C&#8221; &#8211; CLASSIFICA\u00c7\u00c3O (terminado) TORNEIO COMPLEMENTAR A.F. SET\u00daBAL &#8211; S\u00c9RIE &#8220;D&#8221; OS JOSSOS JOGOS OFICIAIS: TORNEIO COMPLEMENTAR A.F. SET\u00daBAL &#8211; S\u00c9RIE &#8220;D&#8220; Escal\u00e3o: Benjamins &#8220;B&#8221; (1\u00ba Ano \/ Sub-10) &#8211; Equipa &#8220;A&#8221; (jogadores nascidos em 2012 e 2013) [&hellip;]<\/p>\n","protected":false},"author":1,"featured_media":0,"parent":0,"menu_order":0,"comment_status":"closed","ping_status":"closed","template":"","meta":{"footnotes":""},"class_list":["post-18712","page","type-page","status-publish","hentry"],"_links":{"self":[{"href":"https:\/\/www.cri.pt\/index.php?rest_route=\/wp\/v2\/pages\/18712","targetHints":{"allow":["GET"]}}],"collection":[{"href":"https:\/\/www.cri.pt\/index.php?rest_route=\/wp\/v2\/pages"}],"about":[{"href":"https:\/\/www.cri.pt\/index.php?rest_route=\/wp\/v2\/types\/page"}],"author":[{"embeddable":true,"href":"https:\/\/www.cri.pt\/index.php?rest_route=\/wp\/v2\/users\/1"}],"replies":[{"embeddable":true,"href":"https:\/\/www.cri.pt\/index.php?rest_route=%2Fwp%2Fv2%2Fcomments&post=18712"}],"version-history":[{"count":47,"href":"https:\/\/www.cri.pt\/index.php?rest_route=\/wp\/v2\/pages\/18712\/revisions"}],"predecessor-version":[{"id":20358,"href":"https:\/\/www.cri.pt\/index.php?rest_route=\/wp\/v2\/pages\/18712\/revisions\/20358"}],"wp:attachment":[{"href":"https:\/\/www.cri.pt\/index.php?rest_route=%2Fwp%2Fv2%2Fmedia&parent=18712"}],"curies":[{"name":"wp","href":"https:\/\/api.w.org\/{rel}","templated":true}]}}