{"id":19749,"date":"2022-03-09T10:48:00","date_gmt":"2022-03-09T10:48:00","guid":{"rendered":"http:\/\/www.cri.pt\/?page_id=19749"},"modified":"2022-06-17T08:20:33","modified_gmt":"2022-06-17T08:20:33","slug":"2021-22-benjamins-c-sub-9","status":"publish","type":"page","link":"https:\/\/www.cri.pt\/?page_id=19749","title":{"rendered":"2021\/22 BENJAMINS B2 (SUB-9)"},"content":{"rendered":"<p><img loading=\"lazy\" decoding=\"async\" class=\"aligncenter size-full wp-image-19675\" src=\"https:\/\/www.cri.pt\/wp-content\/uploads\/2022\/02\/cri-sub-9.jpg\" alt=\"\" width=\"1920\" height=\"1280\" srcset=\"https:\/\/www.cri.pt\/wp-content\/uploads\/2022\/02\/cri-sub-9.jpg 1920w, https:\/\/www.cri.pt\/wp-content\/uploads\/2022\/02\/cri-sub-9-300x200.jpg 300w, https:\/\/www.cri.pt\/wp-content\/uploads\/2022\/02\/cri-sub-9-1024x683.jpg 1024w, https:\/\/www.cri.pt\/wp-content\/uploads\/2022\/02\/cri-sub-9-768x512.jpg 768w, https:\/\/www.cri.pt\/wp-content\/uploads\/2022\/02\/cri-sub-9-1536x1024.jpg 1536w, https:\/\/www.cri.pt\/wp-content\/uploads\/2022\/02\/cri-sub-9-128x85.jpg 128w, https:\/\/www.cri.pt\/wp-content\/uploads\/2022\/02\/cri-sub-9-32x21.jpg 32w, https:\/\/www.cri.pt\/wp-content\/uploads\/2022\/02\/cri-sub-9-100x67.jpg 100w, https:\/\/www.cri.pt\/wp-content\/uploads\/2022\/02\/cri-sub-9-50x33.jpg 50w, https:\/\/www.cri.pt\/wp-content\/uploads\/2022\/02\/cri-sub-9-25x17.jpg 25w, https:\/\/www.cri.pt\/wp-content\/uploads\/2022\/02\/cri-sub-9-414x276.jpg 414w, https:\/\/www.cri.pt\/wp-content\/uploads\/2022\/02\/cri-sub-9-470x313.jpg 470w, https:\/\/www.cri.pt\/wp-content\/uploads\/2022\/02\/cri-sub-9-640x426.jpg 640w, https:\/\/www.cri.pt\/wp-content\/uploads\/2022\/02\/cri-sub-9-130x86.jpg 130w, https:\/\/www.cri.pt\/wp-content\/uploads\/2022\/02\/cri-sub-9-187x124.jpg 187w, https:\/\/www.cri.pt\/wp-content\/uploads\/2022\/02\/cri-sub-9-990x660.jpg 990w, https:\/\/www.cri.pt\/wp-content\/uploads\/2022\/02\/cri-sub-9-1320x880.jpg 1320w, https:\/\/www.cri.pt\/wp-content\/uploads\/2022\/02\/cri-sub-9-450x300.jpg 450w\" sizes=\"auto, (max-width: 1920px) 100vw, 1920px\" \/><\/p>\n<ul>\n<li><a href=\"https:\/\/www.cri.pt\/?page_id=6863\">ARQUIVO \u00c9POCAS ANTERIORES<\/a><\/li>\n<li><strong>\u00c9POCA 2021\/22<\/strong>\n<ul>\n<li><a href=\"https:\/\/www.cri.pt\/?page_id=18712#JOGADORES\"><strong>JOGADORES<\/strong><\/a><\/li>\n<li><a href=\"https:\/\/www.cri.pt\/?page_id=18712#TREINADORES.%20DIRIGENTES.%20COLABORADORES\"><strong>TREINADORES. DIRIGENTES. COLABORADORES<\/strong><\/a><\/li>\n<li><a href=\"https:\/\/www.cri.pt\/?tag=Benjamins-B2-2021\/22\"><strong>FOTOS. V\u00cdDEOS.\u00a0<\/strong><strong>NOT\u00cdCIAS<\/strong><\/a><\/li>\n<li><strong><a href=\"https:\/\/resultados.fpf.pt\/Competition\/Details?competitionId=21212&amp;seasonId=101\" target=\"_blank\" rel=\"noopener\">TORNEIO COMPLEMENTAR A.F. SET\u00daBAL \u2013 S\u00c9RIE \u201cE\u201d \u2013 CLASSIFICA\u00c7\u00c3O<\/a><\/strong><\/li>\n<\/ul>\n<\/li>\n<\/ul>\n<div class=\"mks_separator\"><div class=\"mks_separator\" style=\"border-bottom: 2px solid;\"><\/div>\nObservando a evolu\u00e7\u00e3o da aprendizagem, neste caso espec\u00edfico dos meninos do escal\u00e3o de Traquinas (Sub-9 e alguns Sub-8), a \u00e1rea t\u00e9cnica decidiu que seria ben\u00e9fico a sua transi\u00e7\u00e3o do futebol de 5 para o futebol de 7.<br \/>\nFoi criada e inscrita na A. F. Set\u00fabal uma nova equipa (Benjamins-B2\/Sub-9) e pretende-se que a sua participa\u00e7\u00e3o nos torneios complementares de Benjamins-B (Sub-10) contribua positivamente para o seu desenvolvimento desportivo.<br \/>\n<div class=\"mks_separator\" style=\"border-bottom: 2px solid;\"><\/div><\/div>\n<p>OS JOSSOS JOGOS OFICIAIS:<br \/>\n<em><strong>Escal\u00e3o competitivo<\/strong>: Benjamins &#8220;B&#8221; (1\u00ba Ano \/ Sub-10)<br \/>\nEquipa &#8220;B&#8221; (jogadores nascidos em 2013 e 2014 &#8211; Sub-9)<\/em><\/p>\n<p>19 mar 2022 <strong>CRI<\/strong> &#8220;B&#8221; 0-10 Barreirense &#8220;A&#8221; &#8211; <a href=\"https:\/\/resultados.fpf.pt\/Match\/GetMatchInformation?matchId=1735628\" target=\"_blank\" rel=\"noopener\">FICHA DE JOGO<\/a> &#8211; <a href=\"https:\/\/www.cri.pt\/?p=19842\">FOTOS<\/a><br \/>\n26 mar 2022 Seixal 1925 &#8220;C&#8221; 9-0 <strong>CRI<\/strong> &#8220;B&#8221; &#8211; <a href=\"https:\/\/resultados.fpf.pt\/Match\/GetMatchInformation?matchId=1735632\" target=\"_blank\" rel=\"noopener\">FICHA DE JOGO<\/a><br \/>\n02 abr 2022 ADQ Conde 0-11 <strong>CRI<\/strong> &#8220;B&#8221; &#8211; <a href=\"https:\/\/resultados.fpf.pt\/Match\/GetMatchInformation?matchId=1735635\" target=\"_blank\" rel=\"noopener\">FICHA DE JOGO<\/a><br \/>\n09 abr 2022 <strong>CRI<\/strong> &#8220;B&#8221; 0-7 D. Jo\u00e3o I &#8220;B&#8221; &#8211; <a href=\"https:\/\/resultados.fpf.pt\/Match\/GetMatchInformation?matchId=1735638\" target=\"_blank\" rel=\"noopener\">FICHA DE JOGO<\/a> &#8211; <a href=\"https:\/\/www.cri.pt\/?p=20008\">FOTOS<\/a><br \/>\n23 abr 2022 P. Pires 5-0 <strong>CRI<\/strong> &#8220;B&#8221; &#8211; <a href=\"https:\/\/resultados.fpf.pt\/Match\/GetMatchInformation?matchId=1735641\" target=\"_blank\" rel=\"noopener\">FICHA DE JOGO<\/a><br \/>\n07 mai 2022 Barreirense &#8220;A&#8221; 2-0 <strong>CRI<\/strong> &#8220;B&#8221; &#8211; <a href=\"https:\/\/resultados.fpf.pt\/Match\/GetMatchInformation?matchId=1735643\" target=\"_blank\" rel=\"noopener\">FICHA DE JOGO<\/a> &#8211; <a href=\"https:\/\/www.cri.pt\/?page_id=19749\">FOTOS<\/a><br \/>\n14 mai 2022 <strong>CRI<\/strong> &#8220;B&#8221; 1-7 Seixal 1925 &#8220;C&#8221; &#8211; <a href=\"https:\/\/resultados.fpf.pt\/Match\/GetMatchInformation?matchId=1735647\" target=\"_blank\" rel=\"noopener\">FICHA DE JOGO<\/a> &#8211; <a href=\"https:\/\/www.cri.pt\/?p=20197\">FOTOS<\/a><br \/>\n21 mai 2022 <strong>CRI<\/strong> &#8220;B&#8221; 0-5 ADQC &#8211; <a href=\"https:\/\/resultados.fpf.pt\/Match\/GetMatchInformation?matchId=1735650\" target=\"_blank\" rel=\"noopener\">FICHA DE JOGO<\/a> &#8211; <a href=\"https:\/\/www.cri.pt\/?p=20243\">FOTOS<\/a><br \/>\n04 jun 2022 D. Jo\u00e3o I &#8220;B&#8221; 20-0 <strong>CRI<\/strong> &#8220;B&#8221; &#8211; <a href=\"https:\/\/resultados.fpf.pt\/Match\/GetMatchInformation?matchId=1735653\" target=\"_blank\" rel=\"noopener\">FICHA DE JOGO<\/a> &#8211; <a href=\"https:\/\/www.cri.pt\/?p=20309\">FOTOS<\/a><br \/>\n11 jun 2022 <strong>CRI<\/strong> &#8220;B&#8221; 1-5 P. Pires &#8211; <a href=\"https:\/\/resultados.fpf.pt\/Match\/GetMatchInformation?matchId=1735656\" target=\"_blank\" rel=\"noopener\">FICHA DE JOGO<\/a> &#8211; <a href=\"https:\/\/www.cri.pt\/?p=20342\">FOTOS<\/a><\/p>\n<p>CLASSIFICA\u00c7\u00c3O FINAL<\/p>\n<p><img loading=\"lazy\" decoding=\"async\" class=\"wp-image-20361 alignnone\" src=\"https:\/\/www.cri.pt\/wp-content\/uploads\/2022\/06\/tcomplementarBENJAMINS-C21_22.jpg\" alt=\"\" width=\"360\" height=\"570\" srcset=\"https:\/\/www.cri.pt\/wp-content\/uploads\/2022\/06\/tcomplementarBENJAMINS-C21_22.jpg 680w, https:\/\/www.cri.pt\/wp-content\/uploads\/2022\/06\/tcomplementarBENJAMINS-C21_22-190x300.jpg 190w, https:\/\/www.cri.pt\/wp-content\/uploads\/2022\/06\/tcomplementarBENJAMINS-C21_22-647x1024.jpg 647w, https:\/\/www.cri.pt\/wp-content\/uploads\/2022\/06\/tcomplementarBENJAMINS-C21_22-81x128.jpg 81w, https:\/\/www.cri.pt\/wp-content\/uploads\/2022\/06\/tcomplementarBENJAMINS-C21_22-20x32.jpg 20w, https:\/\/www.cri.pt\/wp-content\/uploads\/2022\/06\/tcomplementarBENJAMINS-C21_22-63x100.jpg 63w, https:\/\/www.cri.pt\/wp-content\/uploads\/2022\/06\/tcomplementarBENJAMINS-C21_22-32x50.jpg 32w, https:\/\/www.cri.pt\/wp-content\/uploads\/2022\/06\/tcomplementarBENJAMINS-C21_22-16x25.jpg 16w, https:\/\/www.cri.pt\/wp-content\/uploads\/2022\/06\/tcomplementarBENJAMINS-C21_22-300x475.jpg 300w\" sizes=\"auto, (max-width: 360px) 100vw, 360px\" \/><\/p>\n<div class=\"mks_separator\"><div class=\"mks_separator\" style=\"border-bottom: 2px solid;\"><\/div><\/div>\n<p><strong><a name=\"JOGADORES\"><\/a><\/strong><\/p>\n<p><strong>JOGADORES<\/strong><br \/>\n<img loading=\"lazy\" decoding=\"async\" class=\"wp-image-16614 alignnone\" src=\"https:\/\/www.cri.pt\/wp-content\/uploads\/2019\/12\/barra-jogadores-e1591273100147.jpg\" alt=\"\" width=\"822\" height=\"90\" \/><\/p>\n<div class=\"mks_separator\"><\/div>\n<p><a href=\"https:\/\/www.fpf.pt\/pt\/Jogadores\/Ficha-de-Jogador\/playerId\/1968683\" target=\"_blank\" rel=\"noopener\">Afonso Nunes<\/a><br \/>\n<a href=\"https:\/\/www.fpf.pt\/pt\/Jogadores\/Ficha-de-Jogador\/playerId\/2045899\" target=\"_blank\" rel=\"noopener\">Denis Santos<\/a> *<br \/>\n<a href=\"https:\/\/www.fpf.pt\/pt\/Jogadores\/Ficha-de-Jogador\/playerId\/2066647\" target=\"_blank\" rel=\"noopener\">Dinis Moreira<\/a><br \/>\n<a href=\"https:\/\/www.fpf.pt\/pt\/Jogadores\/Ficha-de-Jogador\/playerId\/1977454\" target=\"_blank\" rel=\"noopener\">Dinis Sim\u00f5es<\/a><br \/>\n<a href=\"https:\/\/www.fpf.pt\/pt\/Jogadores\/Ficha-de-Jogador\/playerId\/1947406\" target=\"_blank\" rel=\"noopener\">Guilherme Elias<\/a> *<br \/>\n<a href=\"https:\/\/www.fpf.pt\/pt\/Jogadores\/Ficha-de-Jogador\/playerId\/2047646\" target=\"_blank\" rel=\"noopener\">Henrique Silva<\/a> *<br \/>\n<a href=\"https:\/\/www.fpf.pt\/pt\/Jogadores\/Ficha-de-Jogador\/playerId\/2045859\" target=\"_blank\" rel=\"noopener\">Martim Rodrigues<\/a> *<br \/>\n<a href=\"https:\/\/www.fpf.pt\/pt\/Jogadores\/Ficha-de-Jogador\/playerId\/1968681\" target=\"_blank\" rel=\"noopener\">Mateus Silva<\/a> *<br \/>\n<a href=\"https:\/\/www.fpf.pt\/pt\/Jogadores\/Ficha-de-Jogador\/playerId\/2066626\" target=\"_blank\" rel=\"noopener\">Miguel Almeida<\/a> *<br \/>\n<a href=\"https:\/\/www.fpf.pt\/pt\/Jogadores\/Ficha-de-Jogador\/playerId\/2053398\" target=\"_blank\" rel=\"noopener\">Miguel Carrega<\/a><br \/>\n<a href=\"https:\/\/www.fpf.pt\/pt\/Jogadores\/Ficha-de-Jogador\/playerId\/2067724\" target=\"_blank\" rel=\"noopener\">Rodrigo Salgado<\/a><br \/>\n<a href=\"https:\/\/www.fpf.pt\/pt\/Jogadores\/Ficha-de-Jogador\/playerId\/2047730\" target=\"_blank\" rel=\"noopener\">Ronaldo Saraiva<\/a> *<br \/>\n<a href=\"https:\/\/www.fpf.pt\/pt\/Jogadores\/Ficha-de-Jogador\/playerId\/2012276\" target=\"_blank\" rel=\"noopener\">Santiago Rasteiro<\/a><br \/>\n<a href=\"https:\/\/www.fpf.pt\/pt\/Jogadores\/Ficha-de-Jogador\/playerId\/2066627\" target=\"_blank\" rel=\"noopener\">Tiago Almeida<\/a><br \/>\n<a href=\"https:\/\/www.fpf.pt\/pt\/Jogadores\/Ficha-de-Jogador\/playerId\/2016374\" target=\"_blank\" rel=\"noopener\">Tom\u00e1s Sarilho<\/a><br \/>\n<a href=\"https:\/\/www.fpf.pt\/pt\/Jogadores\/Ficha-de-Jogador\/playerId\/2050289\" target=\"_blank\" rel=\"noopener\">Vicente Mendes<\/a>\u00a0*<\/p>\n<div class=\"mks_separator\">* Sub-8<\/div>\n<p><strong><a name=\"TREINADORES. DIRIGENTES. COLABORADORES\"><\/a><\/strong><\/p>\n<div class=\"mks_separator\" style=\"border-bottom: 2px solid;\"><\/div>\n<p><strong>TREINADORES. DIRIGENTES. COLABORADORES<img loading=\"lazy\" decoding=\"async\" class=\"alignnone wp-image-16612\" src=\"https:\/\/www.cri.pt\/wp-content\/uploads\/2019\/12\/barra-treinador-e1591273338543.jpg\" sizes=\"auto, (max-width: 827px) 100vw, 827px\" srcset=\"https:\/\/www.cri.pt\/wp-content\/uploads\/2019\/12\/barra-treinador-e1591273338543.jpg 1920w, https:\/\/www.cri.pt\/wp-content\/uploads\/2019\/12\/barra-treinador-e1591273338543-300x29.jpg 300w, https:\/\/www.cri.pt\/wp-content\/uploads\/2019\/12\/barra-treinador-e1591273338543-768x75.jpg 768w, https:\/\/www.cri.pt\/wp-content\/uploads\/2019\/12\/barra-treinador-e1591273338543-1024x100.jpg 1024w, https:\/\/www.cri.pt\/wp-content\/uploads\/2019\/12\/barra-treinador-e1591273338543-128x12.jpg 128w, https:\/\/www.cri.pt\/wp-content\/uploads\/2019\/12\/barra-treinador-e1591273338543-32x3.jpg 32w, https:\/\/www.cri.pt\/wp-content\/uploads\/2019\/12\/barra-treinador-e1591273338543-100x10.jpg 100w, https:\/\/www.cri.pt\/wp-content\/uploads\/2019\/12\/barra-treinador-e1591273338543-50x5.jpg 50w, https:\/\/www.cri.pt\/wp-content\/uploads\/2019\/12\/barra-treinador-e1591273338543-25x2.jpg 25w, https:\/\/www.cri.pt\/wp-content\/uploads\/2019\/12\/barra-treinador-e1591273338543-990x96.jpg 990w, https:\/\/www.cri.pt\/wp-content\/uploads\/2019\/12\/barra-treinador-e1591273338543-1320x129.jpg 1320w, https:\/\/www.cri.pt\/wp-content\/uploads\/2019\/12\/barra-treinador-e1591273338543-650x63.jpg 650w, https:\/\/www.cri.pt\/wp-content\/uploads\/2019\/12\/barra-treinador-e1591273338543-1536x150.jpg 1536w\" alt=\"\" width=\"827\" height=\"80\" \/><br \/>\n<\/strong><\/p>\n<div class=\"mks_separator\"><\/div>\n<p>Treinador:\u00a0<strong>Nuno Aiveca<\/strong><br \/>\nTreinadores Adjuntos:\u00a0<strong>Samuel Silva<br \/>\n<\/strong>Treinador G. Redes:\u00a0<strong>Jorge Carvalho<br \/>\n<\/strong>Massagista:<strong> Paulo Benedito e Ana Silva<br \/>\n<\/strong>Coordenador T\u00e9cnico:<strong>\u00a0Jos\u00e9 Medeiros<br \/>\n<\/strong><\/p>\n<div class=\"mks_separator\"><\/div>\n<p>&nbsp;<\/p>\n<div class=\"mks_separator\" style=\"border-bottom: 2px solid;\"><\/div>\n<p>&nbsp;<\/p>\n","protected":false},"excerpt":{"rendered":"<p>ARQUIVO \u00c9POCAS ANTERIORES \u00c9POCA 2021\/22 JOGADORES TREINADORES. DIRIGENTES. COLABORADORES FOTOS. V\u00cdDEOS.\u00a0NOT\u00cdCIAS TORNEIO COMPLEMENTAR A.F. SET\u00daBAL \u2013 S\u00c9RIE \u201cE\u201d \u2013 CLASSIFICA\u00c7\u00c3O Observando a evolu\u00e7\u00e3o da aprendizagem, neste caso espec\u00edfico dos meninos do escal\u00e3o de Traquinas (Sub-9 e alguns Sub-8), a \u00e1rea t\u00e9cnica decidiu que seria ben\u00e9fico a sua transi\u00e7\u00e3o do futebol de 5 para o futebol [&hellip;]<\/p>\n","protected":false},"author":1,"featured_media":0,"parent":0,"menu_order":0,"comment_status":"closed","ping_status":"closed","template":"","meta":{"footnotes":""},"class_list":["post-19749","page","type-page","status-publish","hentry"],"_links":{"self":[{"href":"https:\/\/www.cri.pt\/index.php?rest_route=\/wp\/v2\/pages\/19749","targetHints":{"allow":["GET"]}}],"collection":[{"href":"https:\/\/www.cri.pt\/index.php?rest_route=\/wp\/v2\/pages"}],"about":[{"href":"https:\/\/www.cri.pt\/index.php?rest_route=\/wp\/v2\/types\/page"}],"author":[{"embeddable":true,"href":"https:\/\/www.cri.pt\/index.php?rest_route=\/wp\/v2\/users\/1"}],"replies":[{"embeddable":true,"href":"https:\/\/www.cri.pt\/index.php?rest_route=%2Fwp%2Fv2%2Fcomments&post=19749"}],"version-history":[{"count":27,"href":"https:\/\/www.cri.pt\/index.php?rest_route=\/wp\/v2\/pages\/19749\/revisions"}],"predecessor-version":[{"id":20362,"href":"https:\/\/www.cri.pt\/index.php?rest_route=\/wp\/v2\/pages\/19749\/revisions\/20362"}],"wp:attachment":[{"href":"https:\/\/www.cri.pt\/index.php?rest_route=%2Fwp%2Fv2%2Fmedia&parent=19749"}],"curies":[{"name":"wp","href":"https:\/\/api.w.org\/{rel}","templated":true}]}}