{"id":20510,"date":"2022-07-06T09:14:50","date_gmt":"2022-07-06T09:14:50","guid":{"rendered":"http:\/\/www.cri.pt\/?page_id=20510"},"modified":"2023-06-04T02:34:44","modified_gmt":"2023-06-04T02:34:44","slug":"2022-23-juvenis","status":"publish","type":"page","link":"https:\/\/www.cri.pt\/?page_id=20510","title":{"rendered":"2022\/23 JUVENIS (SUB-17)"},"content":{"rendered":"<p>&nbsp;<\/p>\n<p><img loading=\"lazy\" decoding=\"async\" class=\"aligncenter size-full wp-image-20863\" src=\"https:\/\/www.cri.pt\/wp-content\/uploads\/2022\/10\/2022_10_16_moitense_1_1_cri_011.jpg\" alt=\"\" width=\"1620\" height=\"1080\" srcset=\"https:\/\/www.cri.pt\/wp-content\/uploads\/2022\/10\/2022_10_16_moitense_1_1_cri_011.jpg 1620w, https:\/\/www.cri.pt\/wp-content\/uploads\/2022\/10\/2022_10_16_moitense_1_1_cri_011-300x200.jpg 300w, https:\/\/www.cri.pt\/wp-content\/uploads\/2022\/10\/2022_10_16_moitense_1_1_cri_011-1024x683.jpg 1024w, https:\/\/www.cri.pt\/wp-content\/uploads\/2022\/10\/2022_10_16_moitense_1_1_cri_011-768x512.jpg 768w, https:\/\/www.cri.pt\/wp-content\/uploads\/2022\/10\/2022_10_16_moitense_1_1_cri_011-1536x1024.jpg 1536w, https:\/\/www.cri.pt\/wp-content\/uploads\/2022\/10\/2022_10_16_moitense_1_1_cri_011-128x85.jpg 128w, https:\/\/www.cri.pt\/wp-content\/uploads\/2022\/10\/2022_10_16_moitense_1_1_cri_011-32x21.jpg 32w, https:\/\/www.cri.pt\/wp-content\/uploads\/2022\/10\/2022_10_16_moitense_1_1_cri_011-100x67.jpg 100w, https:\/\/www.cri.pt\/wp-content\/uploads\/2022\/10\/2022_10_16_moitense_1_1_cri_011-50x33.jpg 50w, https:\/\/www.cri.pt\/wp-content\/uploads\/2022\/10\/2022_10_16_moitense_1_1_cri_011-25x17.jpg 25w, https:\/\/www.cri.pt\/wp-content\/uploads\/2022\/10\/2022_10_16_moitense_1_1_cri_011-414x276.jpg 414w, https:\/\/www.cri.pt\/wp-content\/uploads\/2022\/10\/2022_10_16_moitense_1_1_cri_011-470x313.jpg 470w, https:\/\/www.cri.pt\/wp-content\/uploads\/2022\/10\/2022_10_16_moitense_1_1_cri_011-640x426.jpg 640w, https:\/\/www.cri.pt\/wp-content\/uploads\/2022\/10\/2022_10_16_moitense_1_1_cri_011-130x86.jpg 130w, https:\/\/www.cri.pt\/wp-content\/uploads\/2022\/10\/2022_10_16_moitense_1_1_cri_011-187x124.jpg 187w, https:\/\/www.cri.pt\/wp-content\/uploads\/2022\/10\/2022_10_16_moitense_1_1_cri_011-990x660.jpg 990w, https:\/\/www.cri.pt\/wp-content\/uploads\/2022\/10\/2022_10_16_moitense_1_1_cri_011-1320x880.jpg 1320w, https:\/\/www.cri.pt\/wp-content\/uploads\/2022\/10\/2022_10_16_moitense_1_1_cri_011-450x300.jpg 450w, https:\/\/www.cri.pt\/wp-content\/uploads\/2022\/10\/2022_10_16_moitense_1_1_cri_011-310x207.jpg 310w, https:\/\/www.cri.pt\/wp-content\/uploads\/2022\/10\/2022_10_16_moitense_1_1_cri_011-150x100.jpg 150w\" sizes=\"auto, (max-width: 1620px) 100vw, 1620px\" \/><\/p>\n<div class=\"mks_separator\"><div class=\"mks_separator\" style=\"border-bottom: 2px solid;\"><\/div><\/div>\n<ul>\n<li><a href=\"https:\/\/www.cri.pt\/?page_id=6863\">ARQUIVO \u00c9POCAS ANTERIORES<\/a><\/li>\n<li><strong>\u00c9POCA 2022\/3<\/strong>\n<ul>\n<li><a href=\"https:\/\/www.cri.pt\/?page_id=20510#JOGADORES\"><strong>JOGADORES<\/strong><\/a><\/li>\n<li><a href=\"https:\/\/www.cri.pt\/?page_id=20510#TREINADORES.%20DIRIGENTES.%20COLABORADORES\"><strong>TREINADORES. DIRIGENTES. COLABORADORES<\/strong><\/a><\/li>\n<li><a href=\"https:\/\/www.cri.pt\/?tag=Juvenis-2022\/23\"><strong>FOTOS. V\u00cdDEOS.\u00a0<\/strong><strong>NOT\u00cdCIAS<\/strong><\/a><\/li>\n<li><a href=\"https:\/\/resultados.fpf.pt\/Competition\/Details?competitionId=22757&amp;seasonId=102\" target=\"_blank\" rel=\"noopener\"><strong>RESULTADOS E CLASSIFICA\u00c7\u00d5ES &#8211; AF SET\u00daBAL 3\u00aaDiv. S\u00e9rie &#8220;C&#8221;<\/strong><\/a>(terminado)<\/li>\n<li><a href=\"https:\/\/resultados.fpf.pt\/Competition\/Details?competitionId=23475&amp;seasonId=102\" target=\"_blank\" rel=\"noopener\"><strong>RESULTADOS E CLASSIFICA\u00c7\u00d5ES &#8211; AF SET\u00daBAL Ta\u00e7a AFS &#8211; S\u00e9rie &#8220;C&#8221; &#8211; 1\u00aa Fase<\/strong><\/a> (terminado)<\/li>\n<li><a href=\"https:\/\/resultados.fpf.pt\/Competition\/Details?competitionId=23475&amp;seasonId=102\" target=\"_blank\" rel=\"noopener\"><strong>RESULTADOS E CLASSIFICA\u00c7\u00d5ES &#8211; AF SET\u00daBAL Ta\u00e7a AFS &#8211; S\u00c9RIE &#8220;OURO&#8221;<\/strong><\/a><\/li>\n<\/ul>\n<\/li>\n<\/ul>\n<div class=\"mks_separator\" style=\"border-bottom: 6px solid;\"><\/div>\n<p><a href=\"https:\/\/resultados.fpf.pt\/Competition\/Details?competitionId=23475&amp;seasonId=102\" target=\"_blank\" rel=\"noopener\">TA\u00c7A AFS DE JUVENIS &#8211; FASE FINAL &#8211; S\u00c9RIE &#8220;OURO&#8221;<\/a><\/p>\n<p>15-04 <strong>CRI <\/strong>2-1 Alcacerense &#8211; <a href=\"https:\/\/resultados.fpf.pt\/Match\/GetMatchInformation?matchId=1914820\" target=\"_blank\" rel=\"noopener\">FICHA DE JOGO<\/a> &#8211; <a href=\"https:\/\/www.cri.pt\/?p=21922\">FOTOS<\/a><br \/>\n22-04 Pescadores &#8220;B&#8221; 3-0 <strong>CRI <\/strong>&#8211; <a href=\"https:\/\/resultados.fpf.pt\/Match\/GetMatchInformation?matchId=1914824\" target=\"_blank\" rel=\"noopener\">FICHA DE JOGO<\/a><br \/>\n29-04 <strong>CRI<\/strong> 3-2 Os Pelezinhos &#8220;B&#8221; &#8211; <a href=\"https:\/\/resultados.fpf.pt\/Match\/GetMatchInformation?matchId=1914826\" target=\"_blank\" rel=\"noopener\">FICHA DE JOGO<\/a> &#8211; <a href=\"https:\/\/www.cri.pt\/?p=22008\">FOTOS<\/a><br \/>\n06-05 Moitense 2-1 <strong>CRI <\/strong>&#8211; <a href=\"https:\/\/resultados.fpf.pt\/Match\/GetMatchInformation?matchId=1914831\" target=\"_blank\" rel=\"noopener\">FICHA DE JOGO<\/a><br \/>\n13-05 <strong>CRI<\/strong> 4-2 Juv. Sarilhense &#8211; <a href=\"https:\/\/resultados.fpf.pt\/Match\/GetMatchInformation?matchId=1914836\" target=\"_blank\" rel=\"noopener\">FICHA DE JOGO<\/a> &#8211; <a href=\"https:\/\/www.cri.pt\/?p=22084\">FOTOS<\/a><br \/>\n27-05 <strong>CRI<\/strong> 2-0 Amora &#8220;C&#8221; &#8211; <a href=\"https:\/\/resultados.fpf.pt\/Match\/GetMatchInformation?matchId=1914841\" target=\"_blank\" rel=\"noopener\">FICHA DE JOGO<\/a> &#8211; <a href=\"https:\/\/www.cri.pt\/?p=22140\">FOTOS<\/a><br \/>\n03-06 U.Banheirense 0-3 <strong>CRI<\/strong> &#8211; N\u00c3O REALIZADO POR FALTA DE POLICIAMENTO<\/p>\n<p>&nbsp;<\/p>\n<div class=\"mks_separator\" style=\"border-bottom: 2px solid;\"><\/div>\n<p>&nbsp;<\/p>\n<p><a href=\"https:\/\/resultados.fpf.pt\/Competition\/Details?competitionId=23475&amp;seasonId=102\" target=\"_blank\" rel=\"noopener\">TA\u00c7A DE JUVENIS &#8211; S\u00c9RIE &#8220;C&#8221;\u00a0 &#8211; 1\u00aa Fase<\/a><\/p>\n<p>25.02.2023 <strong>CRI<\/strong> 2-1 ADQC &#8220;B&#8221; &#8211; <a href=\"https:\/\/resultados.fpf.pt\/Match\/GetMatchInformation?matchId=1902049\" target=\"_blank\" rel=\"noopener\">FICHA DE JOGO<\/a><br \/>\n11.03.2023 B. Azeit\u00e3o &#8220;B&#8221; 1-3 <strong>CRI<\/strong> &#8211; <a href=\"https:\/\/resultados.fpf.pt\/Match\/GetMatchInformation?matchId=1902054\" target=\"_blank\" rel=\"noopener\">FICHA DE JOGO<\/a><br \/>\n18.03.2023 <strong>CRI<\/strong> 5-1 Santoantoniense &#8211; <a href=\"https:\/\/resultados.fpf.pt\/Match\/GetMatchInformation?matchId=1902056\" target=\"_blank\" rel=\"noopener\">FICHA DE JOGO<\/a> &#8211; <a href=\"https:\/\/www.cri.pt\/?p=21751\">FOTOS<\/a><br \/>\n25.03.2023 Samouquense 1-1 <strong>CRI<\/strong> &#8211; <a href=\"https:\/\/resultados.fpf.pt\/Match\/GetMatchInformation?matchId=1902057\" target=\"_blank\" rel=\"noopener\">FICHA DE JOGO<\/a><\/p>\n<p>&nbsp;<\/p>\n<p><strong>CLASSIFICA\u00c7\u00c3O<\/strong><\/p>\n<p><img loading=\"lazy\" decoding=\"async\" class=\"alignnone wp-image-21779\" src=\"https:\/\/www.cri.pt\/wp-content\/uploads\/2023\/03\/JUV.jpg\" alt=\"\" width=\"300\" height=\"426\" srcset=\"https:\/\/www.cri.pt\/wp-content\/uploads\/2023\/03\/JUV.jpg 480w, https:\/\/www.cri.pt\/wp-content\/uploads\/2023\/03\/JUV-211x300.jpg 211w, https:\/\/www.cri.pt\/wp-content\/uploads\/2023\/03\/JUV-90x128.jpg 90w, https:\/\/www.cri.pt\/wp-content\/uploads\/2023\/03\/JUV-23x32.jpg 23w, https:\/\/www.cri.pt\/wp-content\/uploads\/2023\/03\/JUV-70x100.jpg 70w, https:\/\/www.cri.pt\/wp-content\/uploads\/2023\/03\/JUV-35x50.jpg 35w, https:\/\/www.cri.pt\/wp-content\/uploads\/2023\/03\/JUV-18x25.jpg 18w, https:\/\/www.cri.pt\/wp-content\/uploads\/2023\/03\/JUV-218x310.jpg 218w, https:\/\/www.cri.pt\/wp-content\/uploads\/2023\/03\/JUV-74x105.jpg 74w, https:\/\/www.cri.pt\/wp-content\/uploads\/2023\/03\/JUV-300x426.jpg 300w\" sizes=\"auto, (max-width: 300px) 100vw, 300px\" \/><\/p>\n<p>&nbsp;<\/p>\n<div class=\"mks_separator\" style=\"border-bottom: 2px solid;\"><\/div>\n<p><strong><a href=\"https:\/\/resultados.fpf.pt\/Competition\/Details?competitionId=22757&amp;seasonId=102\" target=\"_blank\" rel=\"noopener\">AF SET\u00daBAL 3\u00aaDiv. S\u00e9rie &#8220;C&#8221;<\/a><\/strong><\/p>\n<p>16 OUT &#8211; Moitense 1-1 <strong>CRI<\/strong> &#8211; <a href=\"https:\/\/resultados.fpf.pt\/Match\/GetMatchInformation?matchId=1800049\" target=\"_blank\" rel=\"noopener\">FICHA DE JOGO<\/a> &#8211; <a href=\"https:\/\/www.cri.pt\/?p=20839\">FOTOS<\/a><br \/>\n22 OUT &#8211; <strong>CRI<\/strong> 0-0 Samouquense &#8211; <a href=\"https:\/\/resultados.fpf.pt\/Match\/GetMatchInformation?matchId=1800052\" target=\"_blank\" rel=\"noopener\">FICHA DE JOGO<\/a> &#8211; <a href=\"https:\/\/www.cri.pt\/?p=20874\">FOTOS<\/a><br \/>\n29 OUT &#8211; B.Azeit\u00e3o &#8220;B&#8221; 1-2 <strong>CRI <\/strong><a href=\"https:\/\/resultados.fpf.pt\/Match\/GetMatchInformation?matchId=1800055\" target=\"_blank\" rel=\"noopener\">FICHA DE JOGO<\/a><strong><br \/>\n<\/strong>12 NOV &#8211; <strong>CRI<\/strong> 0-0 1\u00ba Maio Sarilhense &#8211; <a href=\"https:\/\/resultados.fpf.pt\/Match\/GetMatchInformation?matchId=1800058\" target=\"_blank\" rel=\"noopener\">FICHA DE JOGO<\/a> &#8211; <a href=\"https:\/\/www.cri.pt\/?p=21017\">FOTOS<\/a><br \/>\n19 NOV &#8211; Vinhense 3-1 <strong>CRI<\/strong> &#8211; <a href=\"https:\/\/resultados.fpf.pt\/Match\/GetMatchInformation?matchId=1800060\" target=\"_blank\" rel=\"noopener\">FICHA DE JOGO<\/a> &#8211; <a href=\"https:\/\/www.cri.pt\/?p=21061\">FOTOS<\/a><br \/>\n17 DEZ &#8211; <strong>CRI<\/strong> 2-1 Moitense &#8211; <a href=\"https:\/\/resultados.fpf.pt\/Match\/GetMatchInformation?matchId=1800070\" target=\"_blank\" rel=\"noopener\">FICHA DE JOGO<\/a> &#8211; <a href=\"https:\/\/www.cri.pt\/?p=21228\">FOTOS<\/a><br \/>\n07 JAN &#8211; Samouquense 1-3 <strong>CRI &#8211; <\/strong><a href=\"https:\/\/resultados.fpf.pt\/Match\/GetMatchInformation?matchId=1800073\" target=\"_blank\" rel=\"noopener\">FICHA DE JOGO<\/a><br \/>\n14 JAN &#8211; <strong>CRI<\/strong> 2-0 B. Azeit\u00e3o &#8220;B&#8221; &#8211; <a href=\"https:\/\/resultados.fpf.pt\/Match\/GetMatchInformation?matchId=1800076\" target=\"_blank\" rel=\"noopener\">FICHA DE JOGO<\/a> &#8211; <a href=\"https:\/\/www.cri.pt\/?p=21311\">FOTOS<\/a><br \/>\n28 JAN &#8211; 1\u00ba Maio Sarilhense 2-1 <strong>CRI <\/strong>&#8211; <a href=\"https:\/\/resultados.fpf.pt\/Match\/GetMatchInformation?matchId=1800079\" target=\"_blank\" rel=\"noopener\">FICHA DE JOGO<\/a><br \/>\n04 FEV &#8211; <strong>CRI<\/strong> 0-1 Vinhense &#8211; <a href=\"https:\/\/resultados.fpf.pt\/Match\/GetMatchInformation?matchId=1800081\" target=\"_blank\" rel=\"noopener\">FICHA DE JOGO<\/a> &#8211; <a href=\"https:\/\/www.cri.pt\/?p=21461\">FOTOS<\/a><\/p>\n<p><strong>CLASSIFICA\u00c7\u00c3O FINAL 1\u00aa FASE<\/strong><\/p>\n<p><img loading=\"lazy\" decoding=\"async\" class=\"alignnone wp-image-21476\" src=\"https:\/\/www.cri.pt\/wp-content\/uploads\/2023\/02\/junenis.jpg\" alt=\"\" width=\"300\" height=\"529\" srcset=\"https:\/\/www.cri.pt\/wp-content\/uploads\/2023\/02\/junenis.jpg 480w, https:\/\/www.cri.pt\/wp-content\/uploads\/2023\/02\/junenis-170x300.jpg 170w, https:\/\/www.cri.pt\/wp-content\/uploads\/2023\/02\/junenis-73x128.jpg 73w, https:\/\/www.cri.pt\/wp-content\/uploads\/2023\/02\/junenis-18x32.jpg 18w, https:\/\/www.cri.pt\/wp-content\/uploads\/2023\/02\/junenis-57x100.jpg 57w, https:\/\/www.cri.pt\/wp-content\/uploads\/2023\/02\/junenis-28x50.jpg 28w, https:\/\/www.cri.pt\/wp-content\/uploads\/2023\/02\/junenis-14x25.jpg 14w, https:\/\/www.cri.pt\/wp-content\/uploads\/2023\/02\/junenis-176x310.jpg 176w, https:\/\/www.cri.pt\/wp-content\/uploads\/2023\/02\/junenis-60x105.jpg 60w, https:\/\/www.cri.pt\/wp-content\/uploads\/2023\/02\/junenis-300x529.jpg 300w\" sizes=\"auto, (max-width: 300px) 100vw, 300px\" \/><\/p>\n<div class=\"mks_separator\"><\/div>\n<p><strong><a name=\"JOGADORES\"><\/a><\/strong><\/p>\n<p>JOGADORES<img loading=\"lazy\" decoding=\"async\" class=\"aligncenter wp-image-16614 size-full\" src=\"https:\/\/www.cri.pt\/wp-content\/uploads\/2019\/12\/barra-jogadores-e1591273100147.jpg\" alt=\"\" width=\"959\" height=\"105\" \/><\/p>\n<div class=\"mks_separator\">JOGADORES<\/div>\n<p><a href=\"https:\/\/www.fpf.pt\/pt\/Jogadores\/Ficha-de-Jogador\/playerId\/1925198\" target=\"_blank\" rel=\"noopener\">\u00c1lvaro Francisco<\/a><br \/>\n<a href=\"https:\/\/www.fpf.pt\/pt\/Jogadores\/Ficha-de-Jogador\/playerId\/1599680\" target=\"_blank\" rel=\"noopener\">Andr\u00e9 Matos<\/a><br \/>\n<a href=\"https:\/\/www.fpf.pt\/pt\/Jogadores\/Ficha-de-Jogador\/playerId\/1830944\" target=\"_blank\" rel=\"noopener\">Carlos Pontes<\/a><br \/>\n<a href=\"https:\/\/www.fpf.pt\/pt\/Jogadores\/Ficha-de-Jogador\/playerId\/1743671\" target=\"_blank\" rel=\"noopener\">Daniel Rosado<\/a><br \/>\n<a href=\"https:\/\/www.fpf.pt\/pt\/Jogadores\/Ficha-de-Jogador\/playerId\/1855006\" target=\"_blank\" rel=\"noopener\">David Rodrigues<\/a><br \/>\n<a href=\"https:\/\/www.fpf.pt\/pt\/Jogadores\/Ficha-de-Jogador\/playerId\/1600025\" target=\"_blank\" rel=\"noopener\">Davide Tavares<\/a><br \/>\n<a href=\"https:\/\/www.fpf.pt\/pt\/Jogadores\/Ficha-de-Jogador\/playerId\/1600025\" target=\"_blank\" rel=\"noopener\">Diogo Louren\u00e7o<\/a><br \/>\n<a href=\"https:\/\/www.fpf.pt\/pt\/Jogadores\/Ficha-de-Jogador\/playerId\/1741968\" target=\"_blank\" rel=\"noopener\">Duarte Travessa<\/a><br \/>\n<a href=\"https:\/\/www.fpf.pt\/pt\/Jogadores\/Ficha-de-Jogador\/playerId\/1897488\" target=\"_blank\" rel=\"noopener\">Francisco Fragoso<\/a><br \/>\n<a href=\"https:\/\/www.fpf.pt\/pt\/Jogadores\/Ficha-de-Jogador\/playerId\/971149\" target=\"_blank\" rel=\"noopener\">Gabriel Fernandes<\/a><br \/>\n<a href=\"https:\/\/www.fpf.pt\/pt\/Jogadores\/Ficha-de-Jogador\/playerId\/2012786\" target=\"_blank\" rel=\"noopener\">Henrique Vinagre<\/a><br \/>\n<a href=\"https:\/\/www.fpf.pt\/pt\/Jogadores\/Ficha-de-Jogador\/playerId\/1964335\" target=\"_blank\" rel=\"noopener\">Ivan Gra\u00e7a<\/a><br \/>\n<a href=\"https:\/\/www.fpf.pt\/pt\/Jogadores\/Ficha-de-Jogador\/playerId\/1741967\" target=\"_blank\" rel=\"noopener\">Joaquim Ferreira<\/a><br \/>\n<a href=\"https:\/\/www.fpf.pt\/pt\/Jogadores\/Ficha-de-Jogador\/playerId\/2097739\" target=\"_blank\" rel=\"noopener\">Martim Silva<\/a><br \/>\n<a href=\"https:\/\/www.fpf.pt\/pt\/Jogadores\/Ficha-de-Jogador\/playerId\/1904430\" target=\"_blank\" rel=\"noopener\">Miguel Salvador<\/a><br \/>\n<a href=\"https:\/\/www.fpf.pt\/pt\/Jogadores\/Ficha-de-Jogador\/playerId\/928724\" target=\"_blank\" rel=\"noopener\">Nil Fonseca<\/a><br \/>\n<a href=\"https:\/\/www.fpf.pt\/pt\/Jogadores\/Ficha-de-Jogador\/playerId\/1595810\" target=\"_blank\" rel=\"noopener\">Rafael Diniz<\/a><br \/>\n<a href=\"https:\/\/www.fpf.pt\/pt\/Jogadores\/Ficha-de-Jogador\/playerId\/1741960\" target=\"_blank\" rel=\"noopener\">Rafael Carvalho<\/a><br \/>\n<a href=\"https:\/\/www.fpf.pt\/pt\/Jogadores\/Ficha-de-Jogador\/playerId\/2012458\" target=\"_blank\" rel=\"noopener\">Ruben Machado<\/a><br \/>\n<a href=\"https:\/\/www.fpf.pt\/pt\/Jogadores\/Ficha-de-Jogador\/playerId\/1579105\" target=\"_blank\" rel=\"noopener\">Rui Santos<\/a><br \/>\n<a href=\"https:\/\/www.fpf.pt\/pt\/Jogadores\/Ficha-de-Jogador\/playerId\/2031881\" target=\"_blank\" rel=\"noopener\">Sidney Coronel<\/a><br \/>\n<a href=\"https:\/\/www.fpf.pt\/pt\/Jogadores\/Ficha-de-Jogador\/playerId\/878594\" target=\"_blank\" rel=\"noopener\">Tiago Horta<\/a><\/p>\n<div class=\"mks_separator\"><\/div>\n<p><strong><a name=\"TREINADORES. DIRIGENTES. COLABORADORES\"><\/a><\/strong><\/p>\n<p>TREINADORES. DIRIGENTES. COLABORADORES<strong><img loading=\"lazy\" decoding=\"async\" class=\"aligncenter wp-image-16612 size-full\" src=\"https:\/\/www.cri.pt\/wp-content\/uploads\/2019\/12\/barra-treinador-e1591273338543.jpg\" sizes=\"auto, (max-width: 1920px) 100vw, 1920px\" srcset=\"https:\/\/www.cri.pt\/wp-content\/uploads\/2019\/12\/barra-treinador-e1591273338543.jpg 1920w, https:\/\/www.cri.pt\/wp-content\/uploads\/2019\/12\/barra-treinador-e1591273338543-300x29.jpg 300w, https:\/\/www.cri.pt\/wp-content\/uploads\/2019\/12\/barra-treinador-e1591273338543-768x75.jpg 768w, https:\/\/www.cri.pt\/wp-content\/uploads\/2019\/12\/barra-treinador-e1591273338543-1024x100.jpg 1024w, https:\/\/www.cri.pt\/wp-content\/uploads\/2019\/12\/barra-treinador-e1591273338543-128x12.jpg 128w, https:\/\/www.cri.pt\/wp-content\/uploads\/2019\/12\/barra-treinador-e1591273338543-32x3.jpg 32w, https:\/\/www.cri.pt\/wp-content\/uploads\/2019\/12\/barra-treinador-e1591273338543-100x10.jpg 100w, https:\/\/www.cri.pt\/wp-content\/uploads\/2019\/12\/barra-treinador-e1591273338543-50x5.jpg 50w, https:\/\/www.cri.pt\/wp-content\/uploads\/2019\/12\/barra-treinador-e1591273338543-25x2.jpg 25w, https:\/\/www.cri.pt\/wp-content\/uploads\/2019\/12\/barra-treinador-e1591273338543-990x96.jpg 990w, https:\/\/www.cri.pt\/wp-content\/uploads\/2019\/12\/barra-treinador-e1591273338543-1320x129.jpg 1320w, https:\/\/www.cri.pt\/wp-content\/uploads\/2019\/12\/barra-treinador-e1591273338543-650x63.jpg 650w, https:\/\/www.cri.pt\/wp-content\/uploads\/2019\/12\/barra-treinador-e1591273338543-1536x150.jpg 1536w\" alt=\"\" width=\"1920\" height=\"187\" \/><\/strong><\/p>\n<p>Treinador: <strong>Gon\u00e7alo Cunha<\/strong><br \/>\nTreinador de Guarda-redes: <strong>Angelino Matos<\/strong><br \/>\nMassagista:\u00a0<strong>Paulo Benedito<\/strong><br \/>\nDelegado:\u00a0<strong>Filipe Louren\u00e7o<\/strong><br \/>\nCoordenador T\u00e9cnico:\u00a0<strong>Jos\u00e9 L. Medeiros<\/strong><\/p>\n<p>&nbsp;<\/p>\n","protected":false},"excerpt":{"rendered":"<p>&nbsp; ARQUIVO \u00c9POCAS ANTERIORES \u00c9POCA 2022\/3 JOGADORES TREINADORES. DIRIGENTES. COLABORADORES FOTOS. V\u00cdDEOS.\u00a0NOT\u00cdCIAS RESULTADOS E CLASSIFICA\u00c7\u00d5ES &#8211; AF SET\u00daBAL 3\u00aaDiv. S\u00e9rie &#8220;C&#8221;(terminado) RESULTADOS E CLASSIFICA\u00c7\u00d5ES &#8211; AF SET\u00daBAL Ta\u00e7a AFS &#8211; S\u00e9rie &#8220;C&#8221; &#8211; 1\u00aa Fase (terminado) RESULTADOS E CLASSIFICA\u00c7\u00d5ES &#8211; AF SET\u00daBAL Ta\u00e7a AFS &#8211; S\u00c9RIE &#8220;OURO&#8221; TA\u00c7A AFS DE JUVENIS &#8211; FASE FINAL &#8211; [&hellip;]<\/p>\n","protected":false},"author":1,"featured_media":0,"parent":0,"menu_order":0,"comment_status":"closed","ping_status":"closed","template":"","meta":{"footnotes":""},"class_list":["post-20510","page","type-page","status-publish","hentry"],"_links":{"self":[{"href":"https:\/\/www.cri.pt\/index.php?rest_route=\/wp\/v2\/pages\/20510","targetHints":{"allow":["GET"]}}],"collection":[{"href":"https:\/\/www.cri.pt\/index.php?rest_route=\/wp\/v2\/pages"}],"about":[{"href":"https:\/\/www.cri.pt\/index.php?rest_route=\/wp\/v2\/types\/page"}],"author":[{"embeddable":true,"href":"https:\/\/www.cri.pt\/index.php?rest_route=\/wp\/v2\/users\/1"}],"replies":[{"embeddable":true,"href":"https:\/\/www.cri.pt\/index.php?rest_route=%2Fwp%2Fv2%2Fcomments&post=20510"}],"version-history":[{"count":44,"href":"https:\/\/www.cri.pt\/index.php?rest_route=\/wp\/v2\/pages\/20510\/revisions"}],"predecessor-version":[{"id":22182,"href":"https:\/\/www.cri.pt\/index.php?rest_route=\/wp\/v2\/pages\/20510\/revisions\/22182"}],"wp:attachment":[{"href":"https:\/\/www.cri.pt\/index.php?rest_route=%2Fwp%2Fv2%2Fmedia&parent=20510"}],"curies":[{"name":"wp","href":"https:\/\/api.w.org\/{rel}","templated":true}]}}