{"id":20513,"date":"2022-07-06T09:16:19","date_gmt":"2022-07-06T09:16:19","guid":{"rendered":"http:\/\/www.cri.pt\/?page_id=20513"},"modified":"2023-06-05T13:59:25","modified_gmt":"2023-06-05T13:59:25","slug":"2022-23-iniciados","status":"publish","type":"page","link":"https:\/\/www.cri.pt\/?page_id=20513","title":{"rendered":"2022\/23 INICIADOS (SUB-15)"},"content":{"rendered":"<p><img loading=\"lazy\" decoding=\"async\" class=\"aligncenter size-full wp-image-20794\" src=\"https:\/\/www.cri.pt\/wp-content\/uploads\/2022\/10\/iniciados-2022_23.jpeg\" alt=\"\" width=\"1920\" height=\"1440\" srcset=\"https:\/\/www.cri.pt\/wp-content\/uploads\/2022\/10\/iniciados-2022_23.jpeg 1920w, https:\/\/www.cri.pt\/wp-content\/uploads\/2022\/10\/iniciados-2022_23-300x225.jpeg 300w, https:\/\/www.cri.pt\/wp-content\/uploads\/2022\/10\/iniciados-2022_23-1024x768.jpeg 1024w, https:\/\/www.cri.pt\/wp-content\/uploads\/2022\/10\/iniciados-2022_23-768x576.jpeg 768w, https:\/\/www.cri.pt\/wp-content\/uploads\/2022\/10\/iniciados-2022_23-1536x1152.jpeg 1536w, https:\/\/www.cri.pt\/wp-content\/uploads\/2022\/10\/iniciados-2022_23-128x96.jpeg 128w, https:\/\/www.cri.pt\/wp-content\/uploads\/2022\/10\/iniciados-2022_23-32x24.jpeg 32w, https:\/\/www.cri.pt\/wp-content\/uploads\/2022\/10\/iniciados-2022_23-100x75.jpeg 100w, https:\/\/www.cri.pt\/wp-content\/uploads\/2022\/10\/iniciados-2022_23-50x38.jpeg 50w, https:\/\/www.cri.pt\/wp-content\/uploads\/2022\/10\/iniciados-2022_23-25x19.jpeg 25w, https:\/\/www.cri.pt\/wp-content\/uploads\/2022\/10\/iniciados-2022_23-74x55.jpeg 74w, https:\/\/www.cri.pt\/wp-content\/uploads\/2022\/10\/iniciados-2022_23-111x83.jpeg 111w, https:\/\/www.cri.pt\/wp-content\/uploads\/2022\/10\/iniciados-2022_23-215x161.jpeg 215w, https:\/\/www.cri.pt\/wp-content\/uploads\/2022\/10\/iniciados-2022_23-990x743.jpeg 990w, https:\/\/www.cri.pt\/wp-content\/uploads\/2022\/10\/iniciados-2022_23-1320x990.jpeg 1320w, https:\/\/www.cri.pt\/wp-content\/uploads\/2022\/10\/iniciados-2022_23-400x300.jpeg 400w, https:\/\/www.cri.pt\/wp-content\/uploads\/2022\/10\/iniciados-2022_23-310x233.jpeg 310w, https:\/\/www.cri.pt\/wp-content\/uploads\/2022\/10\/iniciados-2022_23-140x105.jpeg 140w\" sizes=\"auto, (max-width: 1920px) 100vw, 1920px\" \/><\/p>\n<div class=\"mks_separator\"><div class=\"mks_separator\" style=\"border-bottom: 2px solid;\"><\/div><\/div>\n<ul>\n<li><a href=\"https:\/\/www.cri.pt\/?page_id=6863\">ARQUIVO \u00c9POCAS ANTERIORES<\/a><\/li>\n<li><strong>\u00c9POCA 2022\/3<\/strong>\n<ul>\n<li><a href=\"https:\/\/www.cri.pt\/?page_id=20513#JOGADORES\"><strong>JOGADORES<\/strong><\/a><\/li>\n<li><a href=\"https:\/\/www.cri.pt\/?page_id=20513#TREINADORES.%20DIRIGENTES.%20COLABORADORES\"><strong>TREINADORES. DIRIGENTES. COLABORADORES<\/strong><\/a><\/li>\n<li><a href=\"https:\/\/www.cri.pt\/?tag=Iniciados-2022\/23\"><strong>FOTOS. V\u00cdDEOS.\u00a0<\/strong><strong>NOT\u00cdCIAS<\/strong><\/a><\/li>\n<li><a href=\"https:\/\/resultados.fpf.pt\/Competition\/Details?competitionId=22807&amp;seasonId=102\" target=\"_blank\" rel=\"noopener\"><strong>RESULTADOS E CLASSIFICA\u00c7\u00d5ES &#8211; AF Set\u00fabal &#8211; 3\u00aaDiv &#8211; S\u00e9rie &#8220;D&#8221;<\/strong><\/a><\/li>\n<li><a href=\"https:\/\/resultados.fpf.pt\/Competition\/Details?competitionId=22807&amp;seasonId=102\" target=\"_blank\" rel=\"noopener\"><strong>RESULTADOS E CLASSIFICA\u00c7\u00d5ES &#8211; AF Set\u00fabal &#8211; 3\u00aaDiv &#8211; FASE FINAL<\/strong><\/a><\/li>\n<\/ul>\n<\/li>\n<\/ul>\n<div class=\"mks_separator\" style=\"border-bottom: 2px solid;\"><\/div>\n<div>\n<ul>\n<li><a href=\"https:\/\/resultados.fpf.pt\/Competition\/Details?competitionId=22807&amp;seasonId=102\" target=\"_blank\" rel=\"noopener\"><strong>RESULTADOS E CLASSIFICA\u00c7\u00d5ES &#8211; AF Set\u00fabal &#8211; 3\u00aaDiv &#8211; FASE FINAL<\/strong><\/a><\/li>\n<\/ul>\n<\/div>\n<div><\/div>\n<div>\n<p>12-02-2023 <strong>CRI<\/strong> 2-3 Pinhalnovense &#8211; <a href=\"https:\/\/resultados.fpf.pt\/Match\/GetMatchInformation?matchId=1892258\" target=\"_blank\" rel=\"noopener\">FICHA DE JOGO<\/a><br \/>\n19-02-2023 Vit. Set\u00fabal &#8220;C&#8221; 1-6 <strong>CRI<\/strong> &#8211; <a href=\"https:\/\/resultados.fpf.pt\/Match\/GetMatchInformation?matchId=1892261\" target=\"_blank\" rel=\"noopener\">FICHA DE JOGO<\/a> &#8211; <a href=\"https:\/\/www.cri.pt\/?p=21577\">FOTOS<\/a><br \/>\n26-02-2023 <strong>CRI<\/strong> 4-2 Alcochetense &#8220;B&#8221; &#8211; <a href=\"https:\/\/resultados.fpf.pt\/Match\/GetMatchInformation?matchId=1892266\" target=\"_blank\" rel=\"noopener\">FICHA DE JOGO<\/a> &#8211; <a href=\"https:\/\/www.cri.pt\/?p=21622\">FOTOS<\/a><br \/>\n05-03-2023 <strong>CRI<\/strong> 3-0 Peg\u00f5es &#8211; <a href=\"https:\/\/resultados.fpf.pt\/Match\/GetMatchInformation?matchId=1892271\" target=\"_blank\" rel=\"noopener\">FICHA DE JOGO<\/a> &#8211; <a href=\"https:\/\/www.cri.pt\/?p=21654\">FOTOS<\/a><br \/>\n11-03-2023 U. Banheirense 1-3 <strong>CRI<\/strong> &#8211; <a href=\"https:\/\/resultados.fpf.pt\/Match\/GetMatchInformation?matchId=1892275\" target=\"_blank\" rel=\"noopener\">FICHA DE JOGO<\/a> &#8211; <a href=\"https:\/\/www.cri.pt\/?p=21679\">FOTOS<\/a><br \/>\n19-03-2023 <strong>CRI<\/strong> 1-0 Monte Caparica &#8211; <a href=\"https:\/\/resultados.fpf.pt\/Match\/GetMatchInformation?matchId=1892279\" target=\"_blank\" rel=\"noopener\">FICHA DE JOGO<\/a> &#8211; <a href=\"https:\/\/www.cri.pt\/?p=21746\">FOTOS<\/a><br \/>\n26-03-2023 Pelezinhos &#8220;B&#8221; 2-2 <strong>CRI<\/strong> &#8211; <a href=\"https:\/\/resultados.fpf.pt\/Match\/GetMatchInformation?matchId=1892283\" target=\"_blank\" rel=\"noopener\">FICHA DE JOGO<\/a><br \/>\n16-04-2023 Pinhalnovense 4-0 <strong>CRI &#8211; <\/strong><a href=\"https:\/\/resultados.fpf.pt\/Match\/GetMatchInformation?matchId=1892286\" target=\"_blank\" rel=\"noopener\">FICHA DE JOGO<\/a><br \/>\n23-04-2023 <strong>CRI<\/strong> 6-4 Vit.Set\u00fabal &#8220;C&#8221; &#8211; <a href=\"https:\/\/resultados.fpf.pt\/Match\/GetMatchInformation?matchId=1892289\" target=\"_blank\" rel=\"noopener\">FICHA DE JOGO<\/a><br \/>\n30-04-2023 Alcochetense &#8220;B&#8221; 1-0 <strong>CRI<\/strong> &#8211; <a href=\"https:\/\/resultados.fpf.pt\/Match\/GetMatchInformation?matchId=1892294\" target=\"_blank\" rel=\"noopener\">FICHA DE JOGO<\/a><br \/>\n07-05-2023 Cruzamento Peg\u00f5es 0-6 <strong>CRI <\/strong>&#8211; <a href=\"https:\/\/resultados.fpf.pt\/Match\/GetMatchInformation?matchId=1892299\" target=\"_blank\" rel=\"noopener\">FICHA DE JOGO<\/a> &#8211; <a href=\"https:\/\/www.cri.pt\/?p=22037\">FOTOS<\/a><br \/>\n14-05-2023 <strong>CRI<\/strong> 3-1 Banheirense &#8211; <a href=\"https:\/\/resultados.fpf.pt\/Match\/GetMatchInformation?matchId=1892303\" target=\"_blank\" rel=\"noopener\">FICHA DE JOGO<\/a> &#8211; <a href=\"https:\/\/www.cri.pt\/?p=22078\">FOTOS<\/a><br \/>\n21-05-2023 Monte Caparica 3-2 <strong>CRI <\/strong>&#8211; <a href=\"https:\/\/resultados.fpf.pt\/Match\/GetMatchInformation?matchId=1892307\" target=\"_blank\" rel=\"noopener\">FICHA DE JOGO<\/a> &#8211; <a href=\"https:\/\/www.cri.pt\/?p=22100\">FOTOS<\/a><br \/>\n28-05-2023 <strong>CRI<\/strong> 4-1 Pelezinhos &#8220;B&#8221; &#8211; <a href=\"https:\/\/resultados.fpf.pt\/Match\/GetMatchInformation?matchId=1892311\" target=\"_blank\" rel=\"noopener\">FICHA DE JOGO<\/a> &#8211; <a href=\"https:\/\/www.cri.pt\/?p=22134\">FOTOS &#8211;<\/a> <a href=\"https:\/\/www.cri.pt\/?p=22144\">FOTOS HOMENAGEM<\/a><\/p>\n<p><strong>CLASSIFICA\u00c7\u00c3O FINAL<\/strong><\/p>\n<\/div>\n<div><img loading=\"lazy\" decoding=\"async\" class=\"alignnone wp-image-22186\" src=\"https:\/\/www.cri.pt\/wp-content\/uploads\/2023\/06\/ini.jpg\" alt=\"\" width=\"360\" height=\"656\" srcset=\"https:\/\/www.cri.pt\/wp-content\/uploads\/2023\/06\/ini.jpg 480w, https:\/\/www.cri.pt\/wp-content\/uploads\/2023\/06\/ini-165x300.jpg 165w, https:\/\/www.cri.pt\/wp-content\/uploads\/2023\/06\/ini-70x128.jpg 70w, https:\/\/www.cri.pt\/wp-content\/uploads\/2023\/06\/ini-18x32.jpg 18w, https:\/\/www.cri.pt\/wp-content\/uploads\/2023\/06\/ini-55x100.jpg 55w, https:\/\/www.cri.pt\/wp-content\/uploads\/2023\/06\/ini-27x50.jpg 27w, https:\/\/www.cri.pt\/wp-content\/uploads\/2023\/06\/ini-14x25.jpg 14w\" sizes=\"auto, (max-width: 360px) 100vw, 360px\" \/><\/div>\n<div><\/div>\n<div class=\"mks_separator\"><div class=\"mks_separator\" style=\"border-bottom: 2px solid;\"><\/div><\/div>\n<div><\/div>\n<div>\n<ul>\n<li><a href=\"https:\/\/resultados.fpf.pt\/Competition\/Details?competitionId=22807&amp;seasonId=102\" target=\"_blank\" rel=\"noopener\"><strong>RESULTADOS E CLASSIFICA\u00c7\u00d5ES &#8211; AF Set\u00fabal &#8211; 3\u00aaDiv &#8211; S\u00e9rie &#8220;D&#8221;<\/strong><\/a><\/li>\n<\/ul>\n<\/div>\n<div>\n<p>09 OUT &#8211; Vinhense 1-4 <strong>CRI <\/strong>&#8211; <a href=\"https:\/\/resultados.fpf.pt\/Match\/GetMatchInformation?matchId=1799585\" target=\"_blank\" rel=\"noopener\">FICHA DE JOGO<\/a> &#8211; <a href=\"https:\/\/www.cri.pt\/?p=20792\">FOTOS<\/a><br \/>\n16 OUT &#8211; <strong>CRI<\/strong> 6-0 ADQC &#8220;B&#8221; &#8211; <a href=\"https:\/\/resultados.fpf.pt\/Match\/GetMatchInformation?matchId=1799588\" target=\"_blank\" rel=\"noopener\">FICHA DE JOGO<\/a> &#8211; <a href=\"https:\/\/www.cri.pt\/?p=20843\">FOTOS<\/a><br \/>\n23 OUT &#8211; Moitense 1-8 <strong>CRI<\/strong> &#8211; <a href=\"https:\/\/resultados.fpf.pt\/Match\/GetMatchInformation?matchId=1799589\" target=\"_blank\" rel=\"noopener\">FICHA DE JOGO<\/a> &#8211; <a href=\"https:\/\/www.cri.pt\/?p=20891\">FOTOS<\/a><strong><br \/>\n<\/strong>30 OUT &#8211; CRI x Santoantoniense (cancelado devido a desist\u00eancia do Santoantoniense)<br \/>\n06 NOV &#8211; B. Azeit\u00e3o &#8220;B&#8221; 1-3 <strong>CRI <\/strong>&#8211; <a href=\"https:\/\/resultados.fpf.pt\/Match\/GetMatchInformation?matchId=1799597\" target=\"_blank\" rel=\"noopener\">FICHA DE JOGO<\/a> &#8211; <a href=\"https:\/\/www.cri.pt\/?p=20981\">FOTOS<\/a><br \/>\n13 NOV &#8211; <strong>CRI<\/strong> 0-2 D. Jo\u00e3o &#8220;B&#8221; &#8211; <a href=\"https:\/\/resultados.fpf.pt\/Match\/GetMatchInformation?matchId=1799600\" target=\"_blank\" rel=\"noopener\">FICHA DE JOGO<\/a> &#8211; <a href=\"https:\/\/www.cri.pt\/?p=21013\">FOTOS<\/a><br \/>\n04 DEZ &#8211; <strong>CRI<\/strong> 5-0 Vinhense &#8211; <a href=\"https:\/\/resultados.fpf.pt\/Match\/GetMatchInformation?matchId=1799606\" target=\"_blank\" rel=\"noopener\">FICHA DE JOGO<\/a> &#8211; <a href=\"https:\/\/www.cri.pt\/?p=21179\">FOTOS<\/a><br \/>\n11 DEZ &#8211; ADQC &#8220;B&#8221; 0-3 <strong>CRI<\/strong> &#8211; <a href=\"https:\/\/resultados.fpf.pt\/Match\/GetMatchInformation?matchId=1799609\" target=\"_blank\" rel=\"noopener\">FICHA DE JOGO\u00a0<\/a><br \/>\n18 DEZ &#8211; <strong>CRI<\/strong> 4-1 Moitense &#8211; <a href=\"https:\/\/resultados.fpf.pt\/Match\/GetMatchInformation?matchId=1799610\" target=\"_blank\" rel=\"noopener\">FICHA DE JOGO<\/a> &#8211; <a href=\"https:\/\/www.cri.pt\/?p=21233\">FOTOS<\/a><br \/>\n15 JAN &#8211; <strong>CRI<\/strong> 3-3 B.Azeit\u00e3o &#8220;B&#8221; &#8211; <a href=\"https:\/\/resultados.fpf.pt\/Match\/GetMatchInformation?matchId=1799618\" target=\"_blank\" rel=\"noopener\">FICHA DE JOGO<\/a> &#8211; <a href=\"https:\/\/www.cri.pt\/?p=21322\">FOTOS<\/a><br \/>\n29 JAN &#8211; D. Jo\u00e3o &#8220;B&#8221; 3-6 <strong>CRI <\/strong>&#8211; <a href=\"https:\/\/resultados.fpf.pt\/Match\/GetMatchInformation?matchId=1799621\" target=\"_blank\" rel=\"noopener\">FICHA DE JOGO<\/a><\/p>\n<p>CLASSIFICA\u00c7\u00c3O FINAL 1\u00aa FASE<\/p>\n<p><img loading=\"lazy\" decoding=\"async\" class=\"alignnone wp-image-21472\" src=\"https:\/\/www.cri.pt\/wp-content\/uploads\/2023\/02\/iniciados.jpg\" alt=\"\" width=\"300\" height=\"501\" srcset=\"https:\/\/www.cri.pt\/wp-content\/uploads\/2023\/02\/iniciados.jpg 480w, https:\/\/www.cri.pt\/wp-content\/uploads\/2023\/02\/iniciados-180x300.jpg 180w, https:\/\/www.cri.pt\/wp-content\/uploads\/2023\/02\/iniciados-77x128.jpg 77w, https:\/\/www.cri.pt\/wp-content\/uploads\/2023\/02\/iniciados-19x32.jpg 19w, https:\/\/www.cri.pt\/wp-content\/uploads\/2023\/02\/iniciados-60x100.jpg 60w, https:\/\/www.cri.pt\/wp-content\/uploads\/2023\/02\/iniciados-30x50.jpg 30w, https:\/\/www.cri.pt\/wp-content\/uploads\/2023\/02\/iniciados-15x25.jpg 15w, https:\/\/www.cri.pt\/wp-content\/uploads\/2023\/02\/iniciados-186x310.jpg 186w, https:\/\/www.cri.pt\/wp-content\/uploads\/2023\/02\/iniciados-63x105.jpg 63w, https:\/\/www.cri.pt\/wp-content\/uploads\/2023\/02\/iniciados-300x501.jpg 300w\" sizes=\"auto, (max-width: 300px) 100vw, 300px\" \/><\/p>\n<hr \/>\n<p>&nbsp;<\/p>\n<\/div>\n<div><img loading=\"lazy\" decoding=\"async\" class=\"aligncenter size-full wp-image-21341\" src=\"https:\/\/www.cri.pt\/wp-content\/uploads\/2023\/01\/WhatsApp-Image-2023-01-08-at-21.44.00.jpeg\" alt=\"\" width=\"800\" height=\"992\" srcset=\"https:\/\/www.cri.pt\/wp-content\/uploads\/2023\/01\/WhatsApp-Image-2023-01-08-at-21.44.00.jpeg 800w, https:\/\/www.cri.pt\/wp-content\/uploads\/2023\/01\/WhatsApp-Image-2023-01-08-at-21.44.00-242x300.jpeg 242w, https:\/\/www.cri.pt\/wp-content\/uploads\/2023\/01\/WhatsApp-Image-2023-01-08-at-21.44.00-768x952.jpeg 768w, https:\/\/www.cri.pt\/wp-content\/uploads\/2023\/01\/WhatsApp-Image-2023-01-08-at-21.44.00-103x128.jpeg 103w, https:\/\/www.cri.pt\/wp-content\/uploads\/2023\/01\/WhatsApp-Image-2023-01-08-at-21.44.00-26x32.jpeg 26w, https:\/\/www.cri.pt\/wp-content\/uploads\/2023\/01\/WhatsApp-Image-2023-01-08-at-21.44.00-81x100.jpeg 81w, https:\/\/www.cri.pt\/wp-content\/uploads\/2023\/01\/WhatsApp-Image-2023-01-08-at-21.44.00-40x50.jpeg 40w, https:\/\/www.cri.pt\/wp-content\/uploads\/2023\/01\/WhatsApp-Image-2023-01-08-at-21.44.00-20x25.jpeg 20w, https:\/\/www.cri.pt\/wp-content\/uploads\/2023\/01\/WhatsApp-Image-2023-01-08-at-21.44.00-250x310.jpeg 250w, https:\/\/www.cri.pt\/wp-content\/uploads\/2023\/01\/WhatsApp-Image-2023-01-08-at-21.44.00-85x105.jpeg 85w, https:\/\/www.cri.pt\/wp-content\/uploads\/2023\/01\/WhatsApp-Image-2023-01-08-at-21.44.00-300x372.jpeg 300w\" sizes=\"auto, (max-width: 800px) 100vw, 800px\" \/><\/div>\n<div><\/div>\n<div><\/div>\n<div><\/div>\n<p><strong><a name=\"JOGADORES\"><\/a><\/strong><\/p>\n<p>JOGADORES<img loading=\"lazy\" decoding=\"async\" class=\"aligncenter wp-image-16614 size-full\" src=\"https:\/\/www.cri.pt\/wp-content\/uploads\/2019\/12\/barra-jogadores-e1591273100147.jpg\" alt=\"\" width=\"959\" height=\"105\" \/><\/p>\n<div class=\"mks_separator\">JOGADORES<\/div>\n<p><a href=\"https:\/\/www.fpf.pt\/pt\/Jogadores\/Ficha-de-Jogador\/playerId\/1821855\" target=\"_blank\" rel=\"noopener\">Afonso Canas<\/a><br \/>\n<a href=\"https:\/\/www.fpf.pt\/pt\/Jogadores\/Ficha-de-Jogador\/playerId\/2012444\" target=\"_blank\" rel=\"noopener\">Alexandre Saraiva<\/a><br \/>\n<a href=\"https:\/\/www.fpf.pt\/pt\/Jogadores\/Ficha-de-Jogador\/playerId\/2112593\" target=\"_blank\" rel=\"noopener\">Diogo Dias<\/a><br \/>\n<a href=\"https:\/\/www.fpf.pt\/pt\/Jogadores\/Ficha-de-Jogador\/playerId\/1844432\" target=\"_blank\" rel=\"noopener\">Eduardo Caetano<\/a><br \/>\n<a href=\"https:\/\/www.fpf.pt\/pt\/Jogadores\/Ficha-de-Jogador\/playerId\/1902882\" target=\"_blank\" rel=\"noopener\">Gabriel Pereira<\/a><br \/>\n<a href=\"https:\/\/www.fpf.pt\/pt\/Jogadores\/Ficha-de-Jogador\/playerId\/1952925\" target=\"_blank\" rel=\"noopener\">Guilherme Gon\u00e7alves<\/a><br \/>\n<a href=\"https:\/\/www.fpf.pt\/pt\/Jogadores\/Ficha-de-Jogador\/playerId\/1843344\" target=\"_blank\" rel=\"noopener\">Guilherme Pinto<\/a><br \/>\n<a href=\"https:\/\/www.fpf.pt\/pt\/Jogadores\/Ficha-de-Jogador\/playerId\/1954652\" target=\"_blank\" rel=\"noopener\">Jo\u00e3o Alves<\/a><br \/>\n<a href=\"https:\/\/www.fpf.pt\/pt\/Jogadores\/Ficha-de-Jogador\/playerId\/1892298\" target=\"_blank\" rel=\"noopener\">Jos\u00e9 Benedito<\/a><br \/>\n<a href=\"https:\/\/www.fpf.pt\/pt\/Jogadores\/Ficha-de-Jogador\/playerId\/1918979\" target=\"_blank\" rel=\"noopener\">Martim Santos<\/a><br \/>\n<a href=\"https:\/\/www.fpf.pt\/pt\/Jogadores\/Ficha-de-Jogador\/playerId\/1910097\" target=\"_blank\" rel=\"noopener\">Martim Campino<\/a><br \/>\n<a href=\"https:\/\/www.fpf.pt\/pt\/Jogadores\/Ficha-de-Jogador\/playerId\/2012457\" target=\"_blank\" rel=\"noopener\">Martim Caldeira<\/a><br \/>\n<a href=\"https:\/\/www.fpf.pt\/pt\/Jogadores\/Ficha-de-Jogador\/playerId\/1850452\" target=\"_blank\" rel=\"noopener\">Miguel Almeida<\/a><br \/>\n<a href=\"https:\/\/www.fpf.pt\/pt\/Jogadores\/Ficha-de-Jogador\/playerId\/1821846\" target=\"_blank\" rel=\"noopener\">Miguel \u00c2ngelo<\/a><br \/>\n<a href=\"https:\/\/www.fpf.pt\/pt\/Jogadores\/Ficha-de-Jogador\/playerId\/1847565\" target=\"_blank\" rel=\"noopener\">Paulo Zacarias<\/a><br \/>\n<a href=\"https:\/\/www.fpf.pt\/pt\/Jogadores\/Ficha-de-Jogador\/playerId\/1847574\" target=\"_blank\" rel=\"noopener\">Pedro Primo<\/a><br \/>\n<a href=\"https:\/\/www.fpf.pt\/pt\/Jogadores\/Ficha-de-Jogador\/playerId\/1777008\" target=\"_blank\" rel=\"noopener\">Rafael Piedade<\/a><br \/>\n<a href=\"https:\/\/www.fpf.pt\/pt\/Jogadores\/Ficha-de-Jogador\/playerId\/1968678\" target=\"_blank\" rel=\"noopener\">Raul Monteiro<\/a><br \/>\n<a href=\"https:\/\/www.fpf.pt\/pt\/Jogadores\/Ficha-de-Jogador\/playerId\/1822068\" target=\"_blank\" rel=\"noopener\">Rodrigo Estrela<\/a><br \/>\n<a href=\"https:\/\/www.fpf.pt\/pt\/Jogadores\/Ficha-de-Jogador\/playerId\/1776472\" target=\"_blank\" rel=\"noopener\">Rodrigo Mira<\/a><br \/>\n<a href=\"https:\/\/www.fpf.pt\/pt\/Jogadores\/Ficha-de-Jogador\/playerId\/2058897\" target=\"_blank\" rel=\"noopener\">Samuel Tavares<\/a><br \/>\n<a href=\"https:\/\/www.fpf.pt\/pt\/Jogadores\/Ficha-de-Jogador\/playerId\/1847567\" target=\"_blank\" rel=\"noopener\">Santiago Pinto<\/a><br \/>\n<a href=\"https:\/\/www.fpf.pt\/pt\/Jogadores\/Ficha-de-Jogador\/playerId\/1847568\" target=\"_blank\" rel=\"noopener\">Tiago J\u00falio<\/a><br \/>\n<a href=\"https:\/\/www.fpf.pt\/pt\/Jogadores\/Ficha-de-Jogador\/playerId\/1976429\" target=\"_blank\" rel=\"noopener\">Tiago Louren\u00e7o<\/a><br \/>\n<a href=\"https:\/\/www.fpf.pt\/pt\/Jogadores\/Ficha-de-Jogador\/playerId\/1844433\" target=\"_blank\" rel=\"noopener\">Tom\u00e1s Tunguma<\/a><br \/>\n<a href=\"https:\/\/www.fpf.pt\/pt\/Jogadores\/Ficha-de-Jogador\/playerId\/1741939\" target=\"_blank\" rel=\"noopener\">Tom\u00e1s Loureiro<\/a><\/p>\n<p>&nbsp;<\/p>\n<p>&nbsp;<\/p>\n<div class=\"mks_separator\"><\/div>\n<p><strong><a name=\"TREINADORES. DIRIGENTES. COLABORADORES\"><\/a><\/strong><\/p>\n<p>TREINADORES. DIRIGENTES. COLABORADORES<strong><img loading=\"lazy\" decoding=\"async\" class=\"aligncenter wp-image-16612 size-full\" src=\"https:\/\/www.cri.pt\/wp-content\/uploads\/2019\/12\/barra-treinador-e1591273338543.jpg\" sizes=\"auto, (max-width: 1920px) 100vw, 1920px\" srcset=\"https:\/\/www.cri.pt\/wp-content\/uploads\/2019\/12\/barra-treinador-e1591273338543.jpg 1920w, https:\/\/www.cri.pt\/wp-content\/uploads\/2019\/12\/barra-treinador-e1591273338543-300x29.jpg 300w, https:\/\/www.cri.pt\/wp-content\/uploads\/2019\/12\/barra-treinador-e1591273338543-768x75.jpg 768w, https:\/\/www.cri.pt\/wp-content\/uploads\/2019\/12\/barra-treinador-e1591273338543-1024x100.jpg 1024w, https:\/\/www.cri.pt\/wp-content\/uploads\/2019\/12\/barra-treinador-e1591273338543-128x12.jpg 128w, https:\/\/www.cri.pt\/wp-content\/uploads\/2019\/12\/barra-treinador-e1591273338543-32x3.jpg 32w, https:\/\/www.cri.pt\/wp-content\/uploads\/2019\/12\/barra-treinador-e1591273338543-100x10.jpg 100w, https:\/\/www.cri.pt\/wp-content\/uploads\/2019\/12\/barra-treinador-e1591273338543-50x5.jpg 50w, https:\/\/www.cri.pt\/wp-content\/uploads\/2019\/12\/barra-treinador-e1591273338543-25x2.jpg 25w, https:\/\/www.cri.pt\/wp-content\/uploads\/2019\/12\/barra-treinador-e1591273338543-990x96.jpg 990w, https:\/\/www.cri.pt\/wp-content\/uploads\/2019\/12\/barra-treinador-e1591273338543-1320x129.jpg 1320w, https:\/\/www.cri.pt\/wp-content\/uploads\/2019\/12\/barra-treinador-e1591273338543-650x63.jpg 650w, https:\/\/www.cri.pt\/wp-content\/uploads\/2019\/12\/barra-treinador-e1591273338543-1536x150.jpg 1536w\" alt=\"\" width=\"1920\" height=\"187\" \/><\/strong><\/p>\n<div class=\"mks_separator\"><\/div>\n<p>Treinador: <strong>S\u00e9rgio Alegria<\/strong><br \/>\nTreinador Adjunto: <strong>Diogo Farinha<br \/>\n<\/strong>Treinador de Guarda-redes: <strong>Angelino Matos<\/strong><br \/>\nMassagista: <strong>Paulo Benedito<\/strong><br \/>\nDelegado: <strong>Vital \u00c2ngelo<\/strong><br \/>\nCoordenador T\u00e9cnico: <strong>Jos\u00e9 Medeiros<\/strong><\/p>\n<p>&nbsp;<\/p>\n","protected":false},"excerpt":{"rendered":"<p>ARQUIVO \u00c9POCAS ANTERIORES \u00c9POCA 2022\/3 JOGADORES TREINADORES. DIRIGENTES. COLABORADORES FOTOS. V\u00cdDEOS.\u00a0NOT\u00cdCIAS RESULTADOS E CLASSIFICA\u00c7\u00d5ES &#8211; AF Set\u00fabal &#8211; 3\u00aaDiv &#8211; S\u00e9rie &#8220;D&#8221; RESULTADOS E CLASSIFICA\u00c7\u00d5ES &#8211; AF Set\u00fabal &#8211; 3\u00aaDiv &#8211; FASE FINAL RESULTADOS E CLASSIFICA\u00c7\u00d5ES &#8211; AF Set\u00fabal &#8211; 3\u00aaDiv &#8211; FASE FINAL 12-02-2023 CRI 2-3 Pinhalnovense &#8211; FICHA DE JOGO 19-02-2023 Vit. Set\u00fabal [&hellip;]<\/p>\n","protected":false},"author":1,"featured_media":0,"parent":0,"menu_order":0,"comment_status":"closed","ping_status":"closed","template":"","meta":{"footnotes":""},"class_list":["post-20513","page","type-page","status-publish","hentry"],"_links":{"self":[{"href":"https:\/\/www.cri.pt\/index.php?rest_route=\/wp\/v2\/pages\/20513","targetHints":{"allow":["GET"]}}],"collection":[{"href":"https:\/\/www.cri.pt\/index.php?rest_route=\/wp\/v2\/pages"}],"about":[{"href":"https:\/\/www.cri.pt\/index.php?rest_route=\/wp\/v2\/types\/page"}],"author":[{"embeddable":true,"href":"https:\/\/www.cri.pt\/index.php?rest_route=\/wp\/v2\/users\/1"}],"replies":[{"embeddable":true,"href":"https:\/\/www.cri.pt\/index.php?rest_route=%2Fwp%2Fv2%2Fcomments&post=20513"}],"version-history":[{"count":43,"href":"https:\/\/www.cri.pt\/index.php?rest_route=\/wp\/v2\/pages\/20513\/revisions"}],"predecessor-version":[{"id":22187,"href":"https:\/\/www.cri.pt\/index.php?rest_route=\/wp\/v2\/pages\/20513\/revisions\/22187"}],"wp:attachment":[{"href":"https:\/\/www.cri.pt\/index.php?rest_route=%2Fwp%2Fv2%2Fmedia&parent=20513"}],"curies":[{"name":"wp","href":"https:\/\/api.w.org\/{rel}","templated":true}]}}