{"id":20533,"date":"2022-07-07T07:56:07","date_gmt":"2022-07-07T07:56:07","guid":{"rendered":"http:\/\/www.cri.pt\/?page_id=20533"},"modified":"2023-06-04T02:46:13","modified_gmt":"2023-06-04T02:46:13","slug":"2022-23-infantis-a-sub-13","status":"publish","type":"page","link":"https:\/\/www.cri.pt\/?page_id=20533","title":{"rendered":"2022\/23 INFANTIS A (SUB-13)"},"content":{"rendered":"<p><img loading=\"lazy\" decoding=\"async\" class=\"aligncenter size-full wp-image-21454\" src=\"https:\/\/www.cri.pt\/wp-content\/uploads\/2023\/02\/sub_13_2022_23.jpg\" alt=\"\" width=\"1280\" height=\"854\" srcset=\"https:\/\/www.cri.pt\/wp-content\/uploads\/2023\/02\/sub_13_2022_23.jpg 1280w, https:\/\/www.cri.pt\/wp-content\/uploads\/2023\/02\/sub_13_2022_23-300x200.jpg 300w, https:\/\/www.cri.pt\/wp-content\/uploads\/2023\/02\/sub_13_2022_23-1024x683.jpg 1024w, https:\/\/www.cri.pt\/wp-content\/uploads\/2023\/02\/sub_13_2022_23-768x512.jpg 768w, https:\/\/www.cri.pt\/wp-content\/uploads\/2023\/02\/sub_13_2022_23-128x85.jpg 128w, https:\/\/www.cri.pt\/wp-content\/uploads\/2023\/02\/sub_13_2022_23-32x21.jpg 32w, https:\/\/www.cri.pt\/wp-content\/uploads\/2023\/02\/sub_13_2022_23-100x67.jpg 100w, https:\/\/www.cri.pt\/wp-content\/uploads\/2023\/02\/sub_13_2022_23-50x33.jpg 50w, https:\/\/www.cri.pt\/wp-content\/uploads\/2023\/02\/sub_13_2022_23-25x17.jpg 25w, https:\/\/www.cri.pt\/wp-content\/uploads\/2023\/02\/sub_13_2022_23-414x276.jpg 414w, https:\/\/www.cri.pt\/wp-content\/uploads\/2023\/02\/sub_13_2022_23-470x313.jpg 470w, https:\/\/www.cri.pt\/wp-content\/uploads\/2023\/02\/sub_13_2022_23-640x426.jpg 640w, https:\/\/www.cri.pt\/wp-content\/uploads\/2023\/02\/sub_13_2022_23-130x86.jpg 130w, https:\/\/www.cri.pt\/wp-content\/uploads\/2023\/02\/sub_13_2022_23-187x124.jpg 187w, https:\/\/www.cri.pt\/wp-content\/uploads\/2023\/02\/sub_13_2022_23-990x661.jpg 990w, https:\/\/www.cri.pt\/wp-content\/uploads\/2023\/02\/sub_13_2022_23-450x300.jpg 450w, https:\/\/www.cri.pt\/wp-content\/uploads\/2023\/02\/sub_13_2022_23-310x207.jpg 310w, https:\/\/www.cri.pt\/wp-content\/uploads\/2023\/02\/sub_13_2022_23-150x100.jpg 150w\" sizes=\"auto, (max-width: 1280px) 100vw, 1280px\" \/><\/p>\n<p>Foto: 03 Fev 2023<\/p>\n<p>&nbsp;<\/p>\n<div class=\"mks_separator\"><div class=\"mks_separator\" style=\"border-bottom: 2px solid;\"><\/div><\/div>\n<ul>\n<li><a href=\"https:\/\/www.cri.pt\/?page_id=6863\">ARQUIVO \u00c9POCAS ANTERIORES<\/a><\/li>\n<li><strong>\u00c9POCA 2022\/3<\/strong>\n<ul>\n<li><a href=\"https:\/\/www.cri.pt\/?page_id=20533#JOGADORES\"><strong>JOGADORES<\/strong><\/a><\/li>\n<li><a href=\"https:\/\/www.cri.pt\/?page_id=20533#TREINADORES.%20DIRIGENTES.%20COLABORADORES\"><strong>TREINADORES. DIRIGENTES. COLABORADORES<\/strong><\/a><\/li>\n<li><a href=\"https:\/\/www.cri.pt\/?tag=infantis-a-2022\/23\"><strong>FOTOS. V\u00cdDEOS.\u00a0<\/strong><strong>NOT\u00cdCIAS<\/strong><\/a><\/li>\n<li><a href=\"https:\/\/resultados.fpf.pt\/Competition\/Details?competitionId=22670&amp;seasonId=102\" target=\"_blank\" rel=\"noopener\"><strong>RESULTADOS E CLASSIFICA\u00c7\u00d5ES &#8211; AF Set\u00fabal &#8211; 1\u00aa FASE &#8211; S\u00e9rie &#8220;C&#8221;<\/strong><\/a> (terminado)<\/li>\n<li><a href=\"https:\/\/resultados.fpf.pt\/Competition\/Details?competitionId=22670&amp;seasonId=102\" target=\"_blank\" rel=\"noopener\"><strong>RESULTADOS E CLASSIFICA\u00c7\u00d5ES &#8211; AF Set\u00fabal &#8211;\u00a0 2\u00aa FASE &#8211; S\u00e9rie &#8220;A&#8221;<\/strong><\/a> (terminado)<\/li>\n<li><a href=\"https:\/\/resultados.fpf.pt\/Competition\/Details?competitionId=22670&amp;seasonId=102\" target=\"_blank\" rel=\"noopener\"><strong>RESULTADOS E CLASSIFICA\u00c7\u00d5ES &#8211; AF Set\u00fabal &#8211;\u00a0 3\u00aa FASE &#8211; Compl. N\u00edvel 1<\/strong><\/a><\/li>\n<\/ul>\n<\/li>\n<\/ul>\n<div class=\"mks_separator\" style=\"border-bottom: 2px solid;\"><\/div>\n<p>&nbsp;<\/p>\n<p><a href=\"https:\/\/resultados.fpf.pt\/Competition\/Details?competitionId=22670&amp;seasonId=102\" target=\"_blank\" rel=\"noopener\"><strong> AF Set\u00fabal 3\u00aa FASE &#8211; Compl. N\u00edvel 1<\/strong><\/a><\/p>\n<p>OS NOSSOS JOGOS<\/p>\n<p>18.03.2023 <strong>CRI<\/strong> 3-0 S. Domingos &#8211; <a href=\"https:\/\/resultados.fpf.pt\/Match\/GetMatchInformation?matchId=1908543\" target=\"_blank\" rel=\"noopener\">FICHA DE JOGO<\/a> &#8211; <a href=\"https:\/\/www.cri.pt\/?p=21732\">FOTOS<\/a><br \/>\n25.03.2023 Casa Benfica Almada 5-3 <strong>CRI<\/strong> &#8211; <a href=\"https:\/\/resultados.fpf.pt\/Match\/GetMatchInformation?matchId=1908547\" target=\"_blank\" rel=\"noopener\">FICHA DE JOGO<\/a><br \/>\n01.04.2023 C. Peg\u00f5es 1-8 <strong>CRI &#8211; <\/strong><a href=\"https:\/\/resultados.fpf.pt\/Match\/GetMatchInformation?matchId=1908550\" target=\"_blank\" rel=\"noopener\">FICHA DE JOGO<\/a><br \/>\n15.04.2023 <strong>CRI<\/strong> 3-3 C. Ind\u00fastria &#8211; <a href=\"https:\/\/resultados.fpf.pt\/Match\/GetMatchInformation?matchId=1908553\" target=\"_blank\" rel=\"noopener\">FICHA DE JOGO<\/a> &#8211; <a href=\"https:\/\/www.cri.pt\/?p=21914\">FOTOS<\/a><br \/>\n22.04.2023 Alfarim 3-4 <strong>CRI <\/strong>&#8211; <a href=\"https:\/\/resultados.fpf.pt\/Match\/GetMatchInformation?matchId=1908556\" target=\"_blank\" rel=\"noopener\">FICHA DE JOGO<\/a><br \/>\n06.05.2023 S. Domingos 3-1 <strong>CRI &#8211; <\/strong><a href=\"https:\/\/resultados.fpf.pt\/Match\/GetMatchInformation?matchId=1908558\" target=\"_blank\" rel=\"noopener\">FICHA DE JOGO<\/a><br \/>\n13.05.2023 <strong>CRI<\/strong> 3-1 Casa Benfica Almada &#8211; <a href=\"https:\/\/resultados.fpf.pt\/Match\/GetMatchInformation?matchId=1908562\" target=\"_blank\" rel=\"noopener\">FICHA DE JOGO<\/a> &#8211; <a href=\"https:\/\/www.cri.pt\/?p=22055\">FOTOS<\/a><br \/>\n20.05.2023 <strong>CRI<\/strong> 7-1 C. Peg\u00f5es &#8211; <a href=\"https:\/\/resultados.fpf.pt\/Match\/GetMatchInformation?matchId=1908565\" target=\"_blank\" rel=\"noopener\">FICHA DE JOGO<\/a> &#8211; <a href=\"https:\/\/www.cri.pt\/?p=22096\">FOTOS<\/a><br \/>\n27.05.2023 C. Ind\u00fastria 2-0 <strong>CRI &#8211; <\/strong><a href=\"https:\/\/resultados.fpf.pt\/Match\/GetMatchInformation?matchId=1908568\" target=\"_blank\" rel=\"noopener\">FICHA DE JOGO<\/a><br \/>\n03.06.2023 <strong>CRI<\/strong> 4-0 Alfarim &#8211; <a href=\"https:\/\/resultados.fpf.pt\/Match\/GetMatchInformation?matchId=1908571\" target=\"_blank\" rel=\"noopener\">FICHA DE JOGO<\/a> &#8211; <a href=\"https:\/\/www.cri.pt\/?p=22175\">FOTOS<\/a><\/p>\n<p><img loading=\"lazy\" decoding=\"async\" class=\"alignnone wp-image-22183\" src=\"https:\/\/www.cri.pt\/wp-content\/uploads\/2023\/06\/SUB-13.jpg\" alt=\"\" width=\"360\" height=\"536\" srcset=\"https:\/\/www.cri.pt\/wp-content\/uploads\/2023\/06\/SUB-13.jpg 640w, https:\/\/www.cri.pt\/wp-content\/uploads\/2023\/06\/SUB-13-201x300.jpg 201w, https:\/\/www.cri.pt\/wp-content\/uploads\/2023\/06\/SUB-13-86x128.jpg 86w, https:\/\/www.cri.pt\/wp-content\/uploads\/2023\/06\/SUB-13-21x32.jpg 21w, https:\/\/www.cri.pt\/wp-content\/uploads\/2023\/06\/SUB-13-67x100.jpg 67w, https:\/\/www.cri.pt\/wp-content\/uploads\/2023\/06\/SUB-13-34x50.jpg 34w, https:\/\/www.cri.pt\/wp-content\/uploads\/2023\/06\/SUB-13-17x25.jpg 17w\" sizes=\"auto, (max-width: 360px) 100vw, 360px\" \/><\/p>\n<div class=\"mks_separator\" style=\"border-bottom: 2px solid;\"><\/div>\n<p>&nbsp;<\/p>\n<p><a href=\"https:\/\/resultados.fpf.pt\/Competition\/Details?competitionId=22670&amp;seasonId=102\" target=\"_blank\" rel=\"noopener\"><strong>AF Set\u00fabal 2\u00aa FASE &#8211; S\u00e9rie &#8220;A&#8221;<\/strong><\/a><\/p>\n<p>17 DEZ &#8211; AD Almada 2015\u00a0 2-1 <strong>CRI &#8211; <\/strong><a href=\"https:\/\/resultados.fpf.pt\/Match\/GetMatchInformation?matchId=1864523\" target=\"_blank\" rel=\"noopener\">FICHA DE JOGO<\/a><br \/>\n07 JAN &#8211; <strong>CRI<\/strong> 0-3 Le\u00e3o Altivo &#8211; <a href=\"https:\/\/resultados.fpf.pt\/Match\/GetMatchInformation?matchId=1864526\" target=\"_blank\" rel=\"noopener\">FICHA DE JOGO<\/a> &#8211; <a href=\"https:\/\/www.cri.pt\/?p=21272\">FOTOS<\/a><br \/>\n14 JAN &#8211; Os Amarelos 1-5 <strong>CRI <\/strong>&#8211; <a href=\"https:\/\/resultados.fpf.pt\/Match\/GetMatchInformation?matchId=1864529\" target=\"_blank\" rel=\"noopener\">FICHA DE JOGO<\/a><br \/>\n21 JAN &#8211; <strong>CRI<\/strong> 3-2 ADQ Conde &#8211; <a href=\"https:\/\/resultados.fpf.pt\/Match\/GetMatchInformation?matchId=1864532\" target=\"_blank\" rel=\"noopener\">FICHA DE JOGO<\/a><br \/>\n28 JAN &#8211; Oriental Dragon 1-13 <strong>CRI<\/strong> &#8211; <a href=\"https:\/\/resultados.fpf.pt\/Match\/GetMatchInformation?matchId=1864535\" target=\"_blank\" rel=\"noopener\">FICHA DE JOGO<\/a><br \/>\n04 FEV &#8211; <strong>CRI<\/strong> 1-2 AD Almada 2015 &#8211; <a href=\"https:\/\/resultados.fpf.pt\/Match\/GetMatchInformation?matchId=1864538\" target=\"_blank\" rel=\"noopener\">FICHA DE JOGO<\/a> &#8211;\u00a0<a href=\"https:\/\/www.cri.pt\/?p=21452\">FOTOS<\/a><br \/>\n11 FEV &#8211; L. altivo 3-1 <strong>CRI <\/strong>&#8211; <a href=\"https:\/\/resultados.fpf.pt\/Match\/GetMatchInformation?matchId=1864541\" target=\"_blank\" rel=\"noopener\">FICHA DE JOGO<\/a> &#8211; <a href=\"https:\/\/www.cri.pt\/?p=21495\">FOTOS<\/a><br \/>\n18 FEV &#8211; <strong>CRI<\/strong> 3-1 Os Amarelos &#8211; <a href=\"https:\/\/resultados.fpf.pt\/Match\/GetMatchInformation?matchId=1864544\" target=\"_blank\" rel=\"noopener\">FICHA DE JOGO<\/a> &#8211; FOTOS &#8211; <a href=\"https:\/\/youtu.be\/VhrsIVxcccg\" target=\"_blank\" rel=\"noopener\">V\u00cdDEO<\/a><br \/>\n25 FEV &#8211; ADQ Conde 3-4 <strong>CRI &#8211; <\/strong><a href=\"https:\/\/resultados.fpf.pt\/Match\/GetMatchInformation?matchId=1864547\" target=\"_blank\" rel=\"noopener\">FICHA DE JOGO<\/a><br \/>\n04 MAR &#8211; <strong>CRI<\/strong> 11-2 Oriental Dragon &#8211; <a href=\"https:\/\/resultados.fpf.pt\/Match\/GetMatchInformation?matchId=1864550\" target=\"_blank\" rel=\"noopener\">FICHA DE JOGO<\/a> &#8211; <a href=\"https:\/\/www.cri.pt\/?p=21640\">FOTOS<\/a><\/p>\n<p>CLASSIFICA\u00c7AO FINAL<\/p>\n<p><img loading=\"lazy\" decoding=\"async\" class=\"alignnone wp-image-21644\" src=\"https:\/\/www.cri.pt\/wp-content\/uploads\/2023\/03\/infantis_final_2afase.jpg\" alt=\"\" width=\"360\" height=\"596\" srcset=\"https:\/\/www.cri.pt\/wp-content\/uploads\/2023\/03\/infantis_final_2afase.jpg 480w, https:\/\/www.cri.pt\/wp-content\/uploads\/2023\/03\/infantis_final_2afase-181x300.jpg 181w, https:\/\/www.cri.pt\/wp-content\/uploads\/2023\/03\/infantis_final_2afase-77x128.jpg 77w, https:\/\/www.cri.pt\/wp-content\/uploads\/2023\/03\/infantis_final_2afase-19x32.jpg 19w, https:\/\/www.cri.pt\/wp-content\/uploads\/2023\/03\/infantis_final_2afase-60x100.jpg 60w, https:\/\/www.cri.pt\/wp-content\/uploads\/2023\/03\/infantis_final_2afase-30x50.jpg 30w, https:\/\/www.cri.pt\/wp-content\/uploads\/2023\/03\/infantis_final_2afase-15x25.jpg 15w, https:\/\/www.cri.pt\/wp-content\/uploads\/2023\/03\/infantis_final_2afase-187x310.jpg 187w, https:\/\/www.cri.pt\/wp-content\/uploads\/2023\/03\/infantis_final_2afase-63x105.jpg 63w, https:\/\/www.cri.pt\/wp-content\/uploads\/2023\/03\/infantis_final_2afase-300x496.jpg 300w\" sizes=\"auto, (max-width: 360px) 100vw, 360px\" \/><\/p>\n<p>&nbsp;<\/p>\n<div class=\"mks_separator\" style=\"border-bottom: 2px solid;\"><\/div>\n<p>&nbsp;<\/p>\n<p><a href=\"https:\/\/resultados.fpf.pt\/Competition\/Details?competitionId=22670&amp;seasonId=102\" target=\"_blank\" rel=\"noopener\"><strong>AF Set\u00fabal &#8211; 1\u00aa FASE &#8211; S\u00e9rie &#8220;C&#8221;<\/strong><\/a><\/p>\n<p>01 OUT &#8211; <strong>CRI<\/strong> 3-0 Vinhense &#8211; <a href=\"https:\/\/resultados.fpf.pt\/Match\/GetMatchInformation?matchId=1799289\" target=\"_blank\" rel=\"noopener\">FICHA DE JOGO<\/a> &#8211; <a href=\"https:\/\/www.cri.pt\/?p=20783\">FOTOS<\/a><br \/>\n08 OUT &#8211; Futuro Vener\u00e1vel 0-3 <strong>CRI <\/strong>(N\u00e3o realizado)<br \/>\n15 OUT &#8211; <strong>CRI<\/strong> 4-0 B. Azeit\u00e3o &#8211; <a href=\"https:\/\/resultados.fpf.pt\/Match\/GetMatchInformation?matchId=1799293\" target=\"_blank\" rel=\"noopener\">FICHA DE JOGO<\/a> &#8211; <a href=\"https:\/\/www.cri.pt\/?p=20822\">FOTOS<\/a><br \/>\n29 OUT &#8211; Santoantoniense x <strong>CRI<\/strong> (Desist\u00eancia)<br \/>\n05 NOV &#8211; Vinhense 0-2 <strong>CRI<\/strong> &#8211; <a href=\"https:\/\/resultados.fpf.pt\/Match\/GetMatchInformation?matchId=1799299\" target=\"_blank\" rel=\"noopener\">FICHA DE JOGO<\/a> &#8211; <a href=\"https:\/\/www.cri.pt\/?p=20964\">FOTOS<\/a><br \/>\n12 NOV &#8211; <strong>CRI<\/strong> 11-0 Futuro Vener\u00e1vel &#8211; <a href=\"https:\/\/resultados.fpf.pt\/Match\/GetMatchInformation?matchId=1799300\" target=\"_blank\" rel=\"noopener\">FICHA DE JOGO<\/a> &#8211; <a href=\"https:\/\/www.cri.pt\/?p=21008\">FOTOS<\/a><br \/>\n19 NOV &#8211; B. Azeit\u00e3o 2-6 <strong>CRI<\/strong> &#8211; <a href=\"https:\/\/resultados.fpf.pt\/Match\/GetMatchInformation?matchId=1799303\" target=\"_blank\" rel=\"noopener\">FICHA DE JOGO<\/a><br \/>\n03 DEZ &#8211; CRI x Santoantoniense (Cancelado devido a desist\u00eancia do advers\u00e1rio)<\/p>\n<p>CLASSIFICA\u00c7\u00c3O FINAL<\/p>\n<p><img loading=\"lazy\" decoding=\"async\" class=\"alignnone wp-image-21211\" src=\"https:\/\/www.cri.pt\/wp-content\/uploads\/2022\/12\/SUB-13.jpg\" alt=\"\" width=\"360\" height=\"530\" srcset=\"https:\/\/www.cri.pt\/wp-content\/uploads\/2022\/12\/SUB-13.jpg 480w, https:\/\/www.cri.pt\/wp-content\/uploads\/2022\/12\/SUB-13-204x300.jpg 204w, https:\/\/www.cri.pt\/wp-content\/uploads\/2022\/12\/SUB-13-87x128.jpg 87w, https:\/\/www.cri.pt\/wp-content\/uploads\/2022\/12\/SUB-13-22x32.jpg 22w, https:\/\/www.cri.pt\/wp-content\/uploads\/2022\/12\/SUB-13-68x100.jpg 68w, https:\/\/www.cri.pt\/wp-content\/uploads\/2022\/12\/SUB-13-34x50.jpg 34w, https:\/\/www.cri.pt\/wp-content\/uploads\/2022\/12\/SUB-13-17x25.jpg 17w, https:\/\/www.cri.pt\/wp-content\/uploads\/2022\/12\/SUB-13-210x310.jpg 210w, https:\/\/www.cri.pt\/wp-content\/uploads\/2022\/12\/SUB-13-71x105.jpg 71w, https:\/\/www.cri.pt\/wp-content\/uploads\/2022\/12\/SUB-13-300x442.jpg 300w\" sizes=\"auto, (max-width: 360px) 100vw, 360px\" \/><\/p>\n<div class=\"mks_separator\"><\/div>\n<p><strong><a name=\"JOGADORES\"><\/a><\/strong><\/p>\n<p>JOGADORES<img loading=\"lazy\" decoding=\"async\" class=\"aligncenter wp-image-16614 size-full\" src=\"https:\/\/www.cri.pt\/wp-content\/uploads\/2019\/12\/barra-jogadores-e1591273100147.jpg\" alt=\"\" width=\"959\" height=\"105\" \/><\/p>\n<div class=\"mks_separator\">JOGADORES<\/div>\n<p><a href=\"https:\/\/www.fpf.pt\/pt\/Jogadores\/Ficha-de-Jogador\/playerId\/2050475\" target=\"_blank\" rel=\"noopener\">Afonso Mouro<\/a><br \/>\n<a href=\"https:\/\/www.fpf.pt\/pt\/Jogadores\/Ficha-de-Jogador\/playerId\/1847560\" target=\"_blank\" rel=\"noopener\">Alexandre Palma<\/a><br \/>\n<a href=\"https:\/\/www.fpf.pt\/pt\/Jogadores\/Ficha-de-Jogador\/playerId\/2120401\" target=\"_blank\" rel=\"noopener\">Cristiano Piedade<\/a><br \/>\n<a href=\"https:\/\/www.fpf.pt\/pt\/Jogadores\/Ficha-de-Jogador\/playerId\/1855656\" target=\"_blank\" rel=\"noopener\">David Pratas<\/a><br \/>\n<a href=\"https:\/\/www.fpf.pt\/pt\/Jogadores\/Ficha-de-Jogador\/playerId\/1915282\" target=\"_blank\" rel=\"noopener\">Diogo Gra\u00e7a<\/a><br \/>\n<a href=\"https:\/\/www.fpf.pt\/pt\/Jogadores\/Ficha-de-Jogador\/playerId\/1847563\" target=\"_blank\" rel=\"noopener\">Filipe Antunes<\/a><br \/>\n<a href=\"https:\/\/www.fpf.pt\/pt\/Jogadores\/Ficha-de-Jogador\/playerId\/2012466\" target=\"_blank\" rel=\"noopener\">Guilherme Santos<\/a><br \/>\n<a href=\"https:\/\/www.fpf.pt\/pt\/Jogadores\/Ficha-de-Jogador\/playerId\/2073305\" target=\"_blank\" rel=\"noopener\">Jo\u00e3o Novais<\/a><br \/>\n<a href=\"https:\/\/www.fpf.pt\/pt\/Jogadores\/Ficha-de-Jogador\/playerId\/2097733\" target=\"_blank\" rel=\"noopener\">Luana Mota<\/a><br \/>\n<a href=\"https:\/\/www.fpf.pt\/pt\/Jogadores\/Ficha-de-Jogador\/playerId\/1830499\" target=\"_blank\" rel=\"noopener\">Lucas Mestre<\/a><br \/>\n<a href=\"https:\/\/www.fpf.pt\/pt\/Jogadores\/Ficha-de-Jogador\/playerId\/2014152\" target=\"_blank\" rel=\"noopener\">Marco Silva<\/a><br \/>\n<a href=\"https:\/\/www.fpf.pt\/pt\/Jogadores\/Ficha-de-Jogador\/playerId\/1956674\" target=\"_blank\" rel=\"noopener\">Salvador Claro<\/a><br \/>\n<a href=\"https:\/\/www.fpf.pt\/pt\/Jogadores\/Ficha-de-Jogador\/playerId\/1855711\" target=\"_blank\" rel=\"noopener\">Salvador Marote<\/a><br \/>\n<a href=\"https:\/\/www.fpf.pt\/pt\/Jogadores\/Ficha-de-Jogador\/playerId\/1954163\" target=\"_blank\" rel=\"noopener\">Sim\u00e3o Fernandes<\/a><br \/>\n<a href=\"https:\/\/www.fpf.pt\/pt\/Jogadores\/Ficha-de-Jogador\/playerId\/1847569\" target=\"_blank\" rel=\"noopener\">Tom\u00e1s Elias<\/a><br \/>\n<a href=\"https:\/\/www.fpf.pt\/pt\/Jogadores\/Ficha-de-Jogador\/playerId\/1847570\" target=\"_blank\" rel=\"noopener\">Tom\u00e1s Dias<\/a><br \/>\nWellington Filemon (n\u00e3o inscrito)<\/p>\n<div class=\"mks_separator\"><\/div>\n<p><strong><a name=\"TREINADORES. DIRIGENTES. COLABORADORES\"><\/a><\/strong><\/p>\n<p>TREINADORES. DIRIGENTES. COLABORADORES<strong><img loading=\"lazy\" decoding=\"async\" class=\"aligncenter wp-image-16612 size-full\" src=\"https:\/\/www.cri.pt\/wp-content\/uploads\/2019\/12\/barra-treinador-e1591273338543.jpg\" sizes=\"auto, (max-width: 1920px) 100vw, 1920px\" srcset=\"https:\/\/www.cri.pt\/wp-content\/uploads\/2019\/12\/barra-treinador-e1591273338543.jpg 1920w, https:\/\/www.cri.pt\/wp-content\/uploads\/2019\/12\/barra-treinador-e1591273338543-300x29.jpg 300w, https:\/\/www.cri.pt\/wp-content\/uploads\/2019\/12\/barra-treinador-e1591273338543-768x75.jpg 768w, https:\/\/www.cri.pt\/wp-content\/uploads\/2019\/12\/barra-treinador-e1591273338543-1024x100.jpg 1024w, https:\/\/www.cri.pt\/wp-content\/uploads\/2019\/12\/barra-treinador-e1591273338543-128x12.jpg 128w, https:\/\/www.cri.pt\/wp-content\/uploads\/2019\/12\/barra-treinador-e1591273338543-32x3.jpg 32w, https:\/\/www.cri.pt\/wp-content\/uploads\/2019\/12\/barra-treinador-e1591273338543-100x10.jpg 100w, https:\/\/www.cri.pt\/wp-content\/uploads\/2019\/12\/barra-treinador-e1591273338543-50x5.jpg 50w, https:\/\/www.cri.pt\/wp-content\/uploads\/2019\/12\/barra-treinador-e1591273338543-25x2.jpg 25w, https:\/\/www.cri.pt\/wp-content\/uploads\/2019\/12\/barra-treinador-e1591273338543-990x96.jpg 990w, https:\/\/www.cri.pt\/wp-content\/uploads\/2019\/12\/barra-treinador-e1591273338543-1320x129.jpg 1320w, https:\/\/www.cri.pt\/wp-content\/uploads\/2019\/12\/barra-treinador-e1591273338543-650x63.jpg 650w, https:\/\/www.cri.pt\/wp-content\/uploads\/2019\/12\/barra-treinador-e1591273338543-1536x150.jpg 1536w\" alt=\"\" width=\"1920\" height=\"187\" \/><\/strong><\/p>\n<div class=\"mks_separator\"><\/div>\n<p>Treinador: <strong>Nelson Velho<\/strong><br \/>\nTreinador Adjunto: <strong>Tiago Lopes<br \/>\n<\/strong>Estagi\u00e1rios:<strong> Everaldo Lu\u00eds Santos, Sidney Coronel e Leandro Carromeu<br \/>\n<\/strong>Treinador de Guarda-redes: <strong>Jorge Carvalho<\/strong><br \/>\nMassagista: <strong>Ana Silva<\/strong><br \/>\nCoordenador T\u00e9cnico: <strong>Jos\u00e9 Medeiros<\/strong><\/p>\n<div class=\"mks_separator\" style=\"border-bottom: 2px solid;\"><\/div>\n<p>2022_10_15_cri_4_0_ccdba_017.jpg<img loading=\"lazy\" decoding=\"async\" class=\"aligncenter size-full wp-image-20824\" src=\"https:\/\/www.cri.pt\/wp-content\/uploads\/2022\/10\/2022_10_15_cri_4_0_ccdba_017.jpg\" alt=\"\" width=\"1920\" height=\"1080\" srcset=\"https:\/\/www.cri.pt\/wp-content\/uploads\/2022\/10\/2022_10_15_cri_4_0_ccdba_017.jpg 1920w, https:\/\/www.cri.pt\/wp-content\/uploads\/2022\/10\/2022_10_15_cri_4_0_ccdba_017-300x169.jpg 300w, https:\/\/www.cri.pt\/wp-content\/uploads\/2022\/10\/2022_10_15_cri_4_0_ccdba_017-1024x576.jpg 1024w, https:\/\/www.cri.pt\/wp-content\/uploads\/2022\/10\/2022_10_15_cri_4_0_ccdba_017-768x432.jpg 768w, https:\/\/www.cri.pt\/wp-content\/uploads\/2022\/10\/2022_10_15_cri_4_0_ccdba_017-1536x864.jpg 1536w, https:\/\/www.cri.pt\/wp-content\/uploads\/2022\/10\/2022_10_15_cri_4_0_ccdba_017-128x72.jpg 128w, https:\/\/www.cri.pt\/wp-content\/uploads\/2022\/10\/2022_10_15_cri_4_0_ccdba_017-32x18.jpg 32w, https:\/\/www.cri.pt\/wp-content\/uploads\/2022\/10\/2022_10_15_cri_4_0_ccdba_017-100x56.jpg 100w, https:\/\/www.cri.pt\/wp-content\/uploads\/2022\/10\/2022_10_15_cri_4_0_ccdba_017-50x28.jpg 50w, https:\/\/www.cri.pt\/wp-content\/uploads\/2022\/10\/2022_10_15_cri_4_0_ccdba_017-25x14.jpg 25w, https:\/\/www.cri.pt\/wp-content\/uploads\/2022\/10\/2022_10_15_cri_4_0_ccdba_017-990x557.jpg 990w, https:\/\/www.cri.pt\/wp-content\/uploads\/2022\/10\/2022_10_15_cri_4_0_ccdba_017-1320x743.jpg 1320w, https:\/\/www.cri.pt\/wp-content\/uploads\/2022\/10\/2022_10_15_cri_4_0_ccdba_017-470x264.jpg 470w, https:\/\/www.cri.pt\/wp-content\/uploads\/2022\/10\/2022_10_15_cri_4_0_ccdba_017-640x360.jpg 640w, https:\/\/www.cri.pt\/wp-content\/uploads\/2022\/10\/2022_10_15_cri_4_0_ccdba_017-215x120.jpg 215w, https:\/\/www.cri.pt\/wp-content\/uploads\/2022\/10\/2022_10_15_cri_4_0_ccdba_017-414x232.jpg 414w, https:\/\/www.cri.pt\/wp-content\/uploads\/2022\/10\/2022_10_15_cri_4_0_ccdba_017-533x300.jpg 533w, https:\/\/www.cri.pt\/wp-content\/uploads\/2022\/10\/2022_10_15_cri_4_0_ccdba_017-310x174.jpg 310w, https:\/\/www.cri.pt\/wp-content\/uploads\/2022\/10\/2022_10_15_cri_4_0_ccdba_017-150x84.jpg 150w\" sizes=\"auto, (max-width: 1920px) 100vw, 1920px\" \/><\/p>\n<p>Foto: 15 out 2022<\/p>\n<p>&nbsp;<\/p>\n<p><img loading=\"lazy\" decoding=\"async\" class=\"aligncenter size-full wp-image-20786\" src=\"https:\/\/www.cri.pt\/wp-content\/uploads\/2022\/10\/2022-10-01_sub-13.jpeg\" alt=\"\" width=\"1920\" height=\"1441\" srcset=\"https:\/\/www.cri.pt\/wp-content\/uploads\/2022\/10\/2022-10-01_sub-13.jpeg 1920w, https:\/\/www.cri.pt\/wp-content\/uploads\/2022\/10\/2022-10-01_sub-13-300x225.jpeg 300w, https:\/\/www.cri.pt\/wp-content\/uploads\/2022\/10\/2022-10-01_sub-13-1024x769.jpeg 1024w, https:\/\/www.cri.pt\/wp-content\/uploads\/2022\/10\/2022-10-01_sub-13-768x576.jpeg 768w, https:\/\/www.cri.pt\/wp-content\/uploads\/2022\/10\/2022-10-01_sub-13-1536x1153.jpeg 1536w, https:\/\/www.cri.pt\/wp-content\/uploads\/2022\/10\/2022-10-01_sub-13-128x96.jpeg 128w, https:\/\/www.cri.pt\/wp-content\/uploads\/2022\/10\/2022-10-01_sub-13-32x24.jpeg 32w, https:\/\/www.cri.pt\/wp-content\/uploads\/2022\/10\/2022-10-01_sub-13-100x75.jpeg 100w, https:\/\/www.cri.pt\/wp-content\/uploads\/2022\/10\/2022-10-01_sub-13-50x38.jpeg 50w, https:\/\/www.cri.pt\/wp-content\/uploads\/2022\/10\/2022-10-01_sub-13-25x19.jpeg 25w, https:\/\/www.cri.pt\/wp-content\/uploads\/2022\/10\/2022-10-01_sub-13-74x55.jpeg 74w, https:\/\/www.cri.pt\/wp-content\/uploads\/2022\/10\/2022-10-01_sub-13-111x83.jpeg 111w, https:\/\/www.cri.pt\/wp-content\/uploads\/2022\/10\/2022-10-01_sub-13-215x161.jpeg 215w, https:\/\/www.cri.pt\/wp-content\/uploads\/2022\/10\/2022-10-01_sub-13-990x743.jpeg 990w, https:\/\/www.cri.pt\/wp-content\/uploads\/2022\/10\/2022-10-01_sub-13-1320x991.jpeg 1320w, https:\/\/www.cri.pt\/wp-content\/uploads\/2022\/10\/2022-10-01_sub-13-400x300.jpeg 400w, https:\/\/www.cri.pt\/wp-content\/uploads\/2022\/10\/2022-10-01_sub-13-310x233.jpeg 310w, https:\/\/www.cri.pt\/wp-content\/uploads\/2022\/10\/2022-10-01_sub-13-140x105.jpeg 140w\" sizes=\"auto, (max-width: 1920px) 100vw, 1920px\" \/><\/p>\n<p>Foto: 01 out 2022<\/p>\n<p>&nbsp;<\/p>\n","protected":false},"excerpt":{"rendered":"<p>Foto: 03 Fev 2023 &nbsp; ARQUIVO \u00c9POCAS ANTERIORES \u00c9POCA 2022\/3 JOGADORES TREINADORES. DIRIGENTES. COLABORADORES FOTOS. V\u00cdDEOS.\u00a0NOT\u00cdCIAS RESULTADOS E CLASSIFICA\u00c7\u00d5ES &#8211; AF Set\u00fabal &#8211; 1\u00aa FASE &#8211; S\u00e9rie &#8220;C&#8221; (terminado) RESULTADOS E CLASSIFICA\u00c7\u00d5ES &#8211; AF Set\u00fabal &#8211;\u00a0 2\u00aa FASE &#8211; S\u00e9rie &#8220;A&#8221; (terminado) RESULTADOS E CLASSIFICA\u00c7\u00d5ES &#8211; AF Set\u00fabal &#8211;\u00a0 3\u00aa FASE &#8211; Compl. N\u00edvel 1 [&hellip;]<\/p>\n","protected":false},"author":1,"featured_media":0,"parent":0,"menu_order":0,"comment_status":"closed","ping_status":"closed","template":"","meta":{"footnotes":""},"class_list":["post-20533","page","type-page","status-publish","hentry"],"_links":{"self":[{"href":"https:\/\/www.cri.pt\/index.php?rest_route=\/wp\/v2\/pages\/20533","targetHints":{"allow":["GET"]}}],"collection":[{"href":"https:\/\/www.cri.pt\/index.php?rest_route=\/wp\/v2\/pages"}],"about":[{"href":"https:\/\/www.cri.pt\/index.php?rest_route=\/wp\/v2\/types\/page"}],"author":[{"embeddable":true,"href":"https:\/\/www.cri.pt\/index.php?rest_route=\/wp\/v2\/users\/1"}],"replies":[{"embeddable":true,"href":"https:\/\/www.cri.pt\/index.php?rest_route=%2Fwp%2Fv2%2Fcomments&post=20533"}],"version-history":[{"count":45,"href":"https:\/\/www.cri.pt\/index.php?rest_route=\/wp\/v2\/pages\/20533\/revisions"}],"predecessor-version":[{"id":22185,"href":"https:\/\/www.cri.pt\/index.php?rest_route=\/wp\/v2\/pages\/20533\/revisions\/22185"}],"wp:attachment":[{"href":"https:\/\/www.cri.pt\/index.php?rest_route=%2Fwp%2Fv2%2Fmedia&parent=20533"}],"curies":[{"name":"wp","href":"https:\/\/api.w.org\/{rel}","templated":true}]}}