{"id":20535,"date":"2022-07-07T07:56:46","date_gmt":"2022-07-07T07:56:46","guid":{"rendered":"http:\/\/www.cri.pt\/?page_id=20535"},"modified":"2023-06-05T14:02:38","modified_gmt":"2023-06-05T14:02:38","slug":"2022-23-infantis-b-sub-12","status":"publish","type":"page","link":"https:\/\/www.cri.pt\/?page_id=20535","title":{"rendered":"2022\/23 INFANTIS B (SUB-12)"},"content":{"rendered":"<p><img loading=\"lazy\" decoding=\"async\" class=\"aligncenter size-full wp-image-20956\" src=\"https:\/\/www.cri.pt\/wp-content\/uploads\/2022\/11\/2022_11_01_cri_sub12_x_benficamoita_sub_13_115.jpg\" alt=\"\" width=\"1620\" height=\"1080\" srcset=\"https:\/\/www.cri.pt\/wp-content\/uploads\/2022\/11\/2022_11_01_cri_sub12_x_benficamoita_sub_13_115.jpg 1620w, https:\/\/www.cri.pt\/wp-content\/uploads\/2022\/11\/2022_11_01_cri_sub12_x_benficamoita_sub_13_115-300x200.jpg 300w, https:\/\/www.cri.pt\/wp-content\/uploads\/2022\/11\/2022_11_01_cri_sub12_x_benficamoita_sub_13_115-1024x683.jpg 1024w, https:\/\/www.cri.pt\/wp-content\/uploads\/2022\/11\/2022_11_01_cri_sub12_x_benficamoita_sub_13_115-768x512.jpg 768w, https:\/\/www.cri.pt\/wp-content\/uploads\/2022\/11\/2022_11_01_cri_sub12_x_benficamoita_sub_13_115-1536x1024.jpg 1536w, https:\/\/www.cri.pt\/wp-content\/uploads\/2022\/11\/2022_11_01_cri_sub12_x_benficamoita_sub_13_115-128x85.jpg 128w, https:\/\/www.cri.pt\/wp-content\/uploads\/2022\/11\/2022_11_01_cri_sub12_x_benficamoita_sub_13_115-32x21.jpg 32w, https:\/\/www.cri.pt\/wp-content\/uploads\/2022\/11\/2022_11_01_cri_sub12_x_benficamoita_sub_13_115-100x67.jpg 100w, https:\/\/www.cri.pt\/wp-content\/uploads\/2022\/11\/2022_11_01_cri_sub12_x_benficamoita_sub_13_115-50x33.jpg 50w, https:\/\/www.cri.pt\/wp-content\/uploads\/2022\/11\/2022_11_01_cri_sub12_x_benficamoita_sub_13_115-25x17.jpg 25w, https:\/\/www.cri.pt\/wp-content\/uploads\/2022\/11\/2022_11_01_cri_sub12_x_benficamoita_sub_13_115-414x276.jpg 414w, https:\/\/www.cri.pt\/wp-content\/uploads\/2022\/11\/2022_11_01_cri_sub12_x_benficamoita_sub_13_115-470x313.jpg 470w, https:\/\/www.cri.pt\/wp-content\/uploads\/2022\/11\/2022_11_01_cri_sub12_x_benficamoita_sub_13_115-640x426.jpg 640w, https:\/\/www.cri.pt\/wp-content\/uploads\/2022\/11\/2022_11_01_cri_sub12_x_benficamoita_sub_13_115-130x86.jpg 130w, https:\/\/www.cri.pt\/wp-content\/uploads\/2022\/11\/2022_11_01_cri_sub12_x_benficamoita_sub_13_115-187x124.jpg 187w, https:\/\/www.cri.pt\/wp-content\/uploads\/2022\/11\/2022_11_01_cri_sub12_x_benficamoita_sub_13_115-990x660.jpg 990w, https:\/\/www.cri.pt\/wp-content\/uploads\/2022\/11\/2022_11_01_cri_sub12_x_benficamoita_sub_13_115-1320x880.jpg 1320w, https:\/\/www.cri.pt\/wp-content\/uploads\/2022\/11\/2022_11_01_cri_sub12_x_benficamoita_sub_13_115-450x300.jpg 450w, https:\/\/www.cri.pt\/wp-content\/uploads\/2022\/11\/2022_11_01_cri_sub12_x_benficamoita_sub_13_115-310x207.jpg 310w, https:\/\/www.cri.pt\/wp-content\/uploads\/2022\/11\/2022_11_01_cri_sub12_x_benficamoita_sub_13_115-150x100.jpg 150w\" sizes=\"auto, (max-width: 1620px) 100vw, 1620px\" \/><\/p>\n<div class=\"mks_separator\"><div class=\"mks_separator\" style=\"border-bottom: 2px solid;\"><\/div><\/div>\n<ul>\n<li><a href=\"https:\/\/www.cri.pt\/?page_id=6863\">ARQUIVO \u00c9POCAS ANTERIORES<\/a><\/li>\n<li><strong>\u00c9POCA 2022\/3<\/strong>\n<ul>\n<li><a href=\"https:\/\/www.cri.pt\/?page_id=20535#JOGADORES\"><strong>JOGADORES<\/strong><\/a><\/li>\n<li><a href=\"https:\/\/www.cri.pt\/?page_id=20535#TREINADORES.%20DIRIGENTES.%20COLABORADORES\"><strong>TREINADORES. DIRIGENTES. COLABORADORES<\/strong><\/a><\/li>\n<li><a href=\"https:\/\/www.cri.pt\/?tag=Infantis-b-2022\/23\"><strong>FOTOS. V\u00cdDEOS.\u00a0<\/strong><strong>NOT\u00cdCIAS<\/strong><\/a><\/li>\n<li><a href=\"https:\/\/resultados.fpf.pt\/Competition\/Details?competitionId=22671&amp;seasonId=102\" target=\"_blank\" rel=\"noopener\"><strong>RESULTADOS E CLASSIFICA\u00c7\u00d5ES OFICIAIS<\/strong><\/a> &#8211; Campeonato Distrital &#8211; <strong>1\u00aa Fase &#8211; S\u00e9rie &#8220;D&#8221;<\/strong><\/li>\n<li><a href=\"https:\/\/resultados.fpf.pt\/Competition\/Details?competitionId=22671&amp;seasonId=102\" target=\"_blank\" rel=\"noopener\"><strong>RESULTADOS E CLASSIFICA\u00c7\u00d5ES OFICIAIS<\/strong><\/a> &#8211; Campeonato Distrital &#8211; <strong>2\u00aa Fase &#8211; S\u00e9rie &#8220;A&#8221;<\/strong><\/li>\n<li><a href=\"https:\/\/resultados.fpf.pt\/Competition\/Details?competitionId=22671&amp;seasonId=102\" target=\"_blank\" rel=\"noopener\"><strong>RESULTADOS E CLASSIFICA\u00c7\u00d5ES OFICIAIS<\/strong><\/a> &#8211; Campeonato Distrital &#8211; <strong>Fase Complementar &#8211; N\u00edvel 2<\/strong><\/li>\n<\/ul>\n<\/li>\n<\/ul>\n<div class=\"mks_separator\" style=\"border-bottom: 2px solid;\"><\/div>\n<p><a href=\"https:\/\/resultados.fpf.pt\/Competition\/Details?competitionId=22671&amp;seasonId=102\" target=\"_blank\" rel=\"noopener\"><strong>RESULTADOS E CLASSIFICA\u00c7\u00d5ES OFICIAIS<\/strong><\/a> &#8211; Campeonato Distrital &#8211; <strong>Fase Complementar &#8211; N\u00edvel 2<\/strong><\/p>\n<p>OS NOSSOS JOGOS<\/p>\n<p>12.03.2023 Amora\u00a0 5-1 <strong>CRI<\/strong> &#8211; <a href=\"https:\/\/resultados.fpf.pt\/Match\/GetMatchInformation?matchId=1906396\" target=\"_blank\" rel=\"noopener\">FICHA DE JOGO<\/a><br \/>\n18.03.2023 <strong>CRI<\/strong> 1-3 BM Almada &#8211; <a href=\"https:\/\/resultados.fpf.pt\/Match\/GetMatchInformation?matchId=1906400\" target=\"_blank\" rel=\"noopener\">FICHA DE JOGO<\/a> &#8211; <a href=\"https:\/\/www.cri.pt\/?p=21736\">FOTOS<\/a><br \/>\n25.03.2023 B.Azeit\u00e3o 4-1 <strong>CRI <\/strong>&#8211; <a href=\"https:\/\/resultados.fpf.pt\/Match\/GetMatchInformation?matchId=1906403\" target=\"_blank\" rel=\"noopener\">FICHA DE JOGO<\/a><br \/>\n01.04.2023 Seixal 10-1 <strong>CRI &#8211; <\/strong><a href=\"https:\/\/resultados.fpf.pt\/Match\/GetMatchInformation?matchId=1906404\" target=\"_blank\" rel=\"noopener\">FICHA DE JOGO<\/a> &#8211; <a href=\"https:\/\/www.cri.pt\/?p=21838\">FOTOS<\/a><br \/>\n15.04.2023 <strong>CRI<\/strong> 3-4 Alcochetense &#8211; <a href=\"https:\/\/resultados.fpf.pt\/Match\/GetMatchInformation?matchId=1906408\" target=\"_blank\" rel=\"noopener\">FICHA DE JOGO<\/a> &#8211; <a href=\"https:\/\/www.cri.pt\/?p=21918\">FOTOS<\/a><br \/>\n29.04.2023 <strong>CRI<\/strong> 4-6 Amora &#8211; <a href=\"https:\/\/resultados.fpf.pt\/Match\/GetMatchInformation?matchId=1906411\" target=\"_blank\" rel=\"noopener\">FICHA DE JOGO<\/a><br \/>\n06.05.2023 BM Almada 2-0 <strong>CRI &#8211; <\/strong><a href=\"https:\/\/resultados.fpf.pt\/Match\/GetMatchInformation?matchId=1906415\" target=\"_blank\" rel=\"noopener\">FICHA DE JOGO<\/a><br \/>\n13.05.2023 <strong>CRI<\/strong> 1-3 B. Azeit\u00e3o &#8211; <a href=\"https:\/\/resultados.fpf.pt\/Match\/GetMatchInformation?matchId=1906418\" target=\"_blank\" rel=\"noopener\">FICHA DE JOGO<\/a> &#8211; <a href=\"https:\/\/www.cri.pt\/?p=22060\">FOTOS<\/a><br \/>\n20.05.2023 <strong>CRI<\/strong> 0-10 Seixal &#8211; <a href=\"https:\/\/resultados.fpf.pt\/Match\/GetMatchInformation?matchId=1906419\" target=\"_blank\" rel=\"noopener\">FICHA DE JOGO<\/a><br \/>\n27.05.2023 Alcochetense 6-1 <strong>CRI &#8211; <\/strong><a href=\"https:\/\/resultados.fpf.pt\/Match\/GetMatchInformation?matchId=1906423\" target=\"_blank\" rel=\"noopener\">FICHA DE JOGO<\/a><\/p>\n<p><strong>CLASSIFICA\u00c7\u00c3O FINAL<\/strong><\/p>\n<p><img loading=\"lazy\" decoding=\"async\" class=\"alignnone wp-image-22188\" src=\"https:\/\/www.cri.pt\/wp-content\/uploads\/2023\/06\/SUB12.jpg\" alt=\"\" width=\"360\" height=\"537\" srcset=\"https:\/\/www.cri.pt\/wp-content\/uploads\/2023\/06\/SUB12.jpg 480w, https:\/\/www.cri.pt\/wp-content\/uploads\/2023\/06\/SUB12-201x300.jpg 201w, https:\/\/www.cri.pt\/wp-content\/uploads\/2023\/06\/SUB12-86x128.jpg 86w, https:\/\/www.cri.pt\/wp-content\/uploads\/2023\/06\/SUB12-21x32.jpg 21w, https:\/\/www.cri.pt\/wp-content\/uploads\/2023\/06\/SUB12-67x100.jpg 67w, https:\/\/www.cri.pt\/wp-content\/uploads\/2023\/06\/SUB12-34x50.jpg 34w, https:\/\/www.cri.pt\/wp-content\/uploads\/2023\/06\/SUB12-17x25.jpg 17w\" sizes=\"auto, (max-width: 360px) 100vw, 360px\" \/><\/p>\n<div class=\"mks_separator\" style=\"border-bottom: 2px solid;\"><\/div>\n<p>&nbsp;<\/p>\n<p>&nbsp;<\/p>\n<div class=\"mks_separator\">\n<ul>\n<li><a href=\"https:\/\/resultados.fpf.pt\/Competition\/Details?competitionId=22671&amp;seasonId=102\" target=\"_blank\" rel=\"noopener\"><strong>RESULTADOS E CLASSIFICA\u00c7\u00d5ES OFICIAIS<\/strong><\/a> &#8211; Campeonato Distrital &#8211; 2<strong>\u00aa Fase &#8211; S\u00e9rie &#8220;A&#8221;<\/strong><\/li>\n<\/ul>\n<\/div>\n<p>JOGOS OFICIAIS<\/p>\n<p>10\/12\/2022 <strong>CRI<\/strong> 0-1 C. Ind\u00fastria &#8211; <a href=\"https:\/\/resultados.fpf.pt\/Match\/GetMatchInformation?matchId=1862756\" target=\"_blank\" rel=\"noopener\">FICHA DE JOGO<\/a><br \/>\n17\/12\/2022 <strong>CRI<\/strong> 2-1 Pinhalnovense &#8211; <a href=\"https:\/\/resultados.fpf.pt\/Match\/GetMatchInformation?matchId=1862760\" target=\"_blank\" rel=\"noopener\">FICHA DE JOGO<\/a> &#8211; <a href=\"https:\/\/www.cri.pt\/?p=21217\">FOTOS<\/a><br \/>\n07\/01\/2023 Alfarim 3-3 <strong>CRI<\/strong> &#8211; <a href=\"https:\/\/resultados.fpf.pt\/Match\/GetMatchInformation?matchId=1862763\" target=\"_blank\" rel=\"noopener\">FICHA DE JOGO<\/a><br \/>\n14\/01\/2023 <strong>CRI<\/strong> 0-8 Samouquense &#8211; <a href=\"https:\/\/resultados.fpf.pt\/Match\/GetMatchInformation?matchId=1862764\" target=\"_blank\" rel=\"noopener\">FICHA DE JOGO<\/a> &#8211; <a href=\"https:\/\/www.cri.pt\/?p=21300\">FOTOS<\/a><br \/>\n21\/01\/2023 U.Santiago 2-2 <strong>CRI &#8211; <\/strong><a href=\"https:\/\/resultados.fpf.pt\/Match\/GetMatchInformation?matchId=1862754\" target=\"_blank\" rel=\"noopener\">FICHA DE JOGO<\/a><strong><br \/>\n<\/strong>28\/01\/2023 <strong>CRI<\/strong> 1-0 U. Santiago &#8211; <a href=\"https:\/\/resultados.fpf.pt\/Match\/GetMatchInformation?matchId=1862769\" target=\"_blank\" rel=\"noopener\">FICHA DE JOGO<\/a> &#8211; <a href=\"https:\/\/www.cri.pt\/?p=21403\">FOTOS<\/a><br \/>\n04\/02\/2023 C. Ind\u00faistria 8-0 <strong>CRI <\/strong>&#8211; <a href=\"https:\/\/resultados.fpf.pt\/Match\/GetMatchInformation?matchId=1862771\" target=\"_blank\" rel=\"noopener\">FICHA DE JOGO<\/a><br \/>\n11\/02\/2023 Pinhalnovense 8-1 <strong>CRI<\/strong> &#8211; <a href=\"https:\/\/resultados.fpf.pt\/Match\/GetMatchInformation?matchId=1862775\" target=\"_blank\" rel=\"noopener\">FICHA DE JOGO<\/a><br \/>\n18\/02\/2023 <strong>CRI<\/strong> 1-0 Alfarim &#8211; <a href=\"https:\/\/resultados.fpf.pt\/Match\/GetMatchInformation?matchId=1862778\" target=\"_blank\" rel=\"noopener\">FICHA DE JOGO<\/a><br \/>\n25\/02\/2023 Samouquense 7-1 <strong>CRI<\/strong> &#8211; <a href=\"https:\/\/resultados.fpf.pt\/Match\/GetMatchInformation?matchId=1862779\" target=\"_blank\" rel=\"noopener\">FICHA DE JOGO<\/a><\/p>\n<p><strong>CLASSIFICA\u00c7\u00c3O FINAL<\/strong><\/p>\n<p><img loading=\"lazy\" decoding=\"async\" class=\"alignnone wp-image-21675\" src=\"https:\/\/www.cri.pt\/wp-content\/uploads\/2023\/03\/SUB12FINAL.jpg\" alt=\"\" width=\"360\" height=\"597\" srcset=\"https:\/\/www.cri.pt\/wp-content\/uploads\/2023\/03\/SUB12FINAL.jpg 480w, https:\/\/www.cri.pt\/wp-content\/uploads\/2023\/03\/SUB12FINAL-181x300.jpg 181w, https:\/\/www.cri.pt\/wp-content\/uploads\/2023\/03\/SUB12FINAL-77x128.jpg 77w, https:\/\/www.cri.pt\/wp-content\/uploads\/2023\/03\/SUB12FINAL-19x32.jpg 19w, https:\/\/www.cri.pt\/wp-content\/uploads\/2023\/03\/SUB12FINAL-60x100.jpg 60w, https:\/\/www.cri.pt\/wp-content\/uploads\/2023\/03\/SUB12FINAL-30x50.jpg 30w, https:\/\/www.cri.pt\/wp-content\/uploads\/2023\/03\/SUB12FINAL-15x25.jpg 15w, https:\/\/www.cri.pt\/wp-content\/uploads\/2023\/03\/SUB12FINAL-187x310.jpg 187w, https:\/\/www.cri.pt\/wp-content\/uploads\/2023\/03\/SUB12FINAL-63x105.jpg 63w, https:\/\/www.cri.pt\/wp-content\/uploads\/2023\/03\/SUB12FINAL-300x498.jpg 300w\" sizes=\"auto, (max-width: 360px) 100vw, 360px\" \/><\/p>\n<p>&nbsp;<\/p>\n<div class=\"mks_separator\" style=\"border-bottom: 1px solid;\"><\/div>\n<div class=\"mks_separator\">\n<ul>\n<li><a href=\"https:\/\/resultados.fpf.pt\/Competition\/Details?competitionId=22671&amp;seasonId=102\" target=\"_blank\" rel=\"noopener\"><strong>RESULTADOS E CLASSIFICA\u00c7\u00d5ES OFICIAIS<\/strong><\/a> &#8211; Campeonato Distrital &#8211; <strong>1\u00aa Fase &#8211; S\u00e9rie &#8220;D&#8221;<\/strong><\/li>\n<\/ul>\n<\/div>\n<p>JOGOS OFICIAIS<\/p>\n<p>08-10-2022 <strong>CRI<\/strong> 3-1 Moitense &#8211; <a href=\"https:\/\/resultados.fpf.pt\/Match\/GetMatchInformation?matchId=1781478\" target=\"_blank\" rel=\"noopener\">FICHA DE JOGO<\/a><br \/>\n15-10-2022 Vinhense 2-8 <strong>CRI<\/strong> &#8211; <a href=\"https:\/\/resultados.fpf.pt\/Match\/GetMatchInformation?matchId=1781480\" target=\"_blank\" rel=\"noopener\">FICHA DE JOGO<\/a><br \/>\n22-10-2022 <strong>CRI<\/strong> 2-4 Samouquense &#8211; <a href=\"https:\/\/resultados.fpf.pt\/Match\/GetMatchInformation?matchId=1781484\" target=\"_blank\" rel=\"noopener\">FICHA DE JOGO<\/a><br \/>\n05-11-2022 Fonte Prata 3-12 <strong>CRI<\/strong> &#8211; <a href=\"https:\/\/resultados.fpf.pt\/Match\/GetMatchInformation?matchId=1781491\" target=\"_blank\" rel=\"noopener\">FICHA DE JOGO<\/a><br \/>\n12-11-2022 <strong>CRI<\/strong> 1-4 B. Azeit\u00e3o &#8211; <a href=\"https:\/\/resultados.fpf.pt\/Match\/GetMatchInformation?matchId=1781494\" target=\"_blank\" rel=\"noopener\">FICHA DE JOGO<\/a> &#8211; <a href=\"https:\/\/www.cri.pt\/?p=21001\">FOTOS<\/a><br \/>\n19-11-2022 Barreirense &#8220;B&#8221; 1-1 <strong>CRI<\/strong> &#8211; <a href=\"https:\/\/resultados.fpf.pt\/Match\/GetMatchInformation?matchId=1781496\" target=\"_blank\" rel=\"noopener\">FICHA DE JOGO<\/a><\/p>\n<hr \/>\n<p>CLASSIFICA\u00c7\u00c3O FINAL 1\u00aa FAE<\/p>\n<p><img loading=\"lazy\" decoding=\"async\" class=\"alignnone wp-image-21133\" src=\"https:\/\/www.cri.pt\/wp-content\/uploads\/2022\/11\/sub-12_1fase.jpg\" alt=\"\" width=\"360\" height=\"629\" srcset=\"https:\/\/www.cri.pt\/wp-content\/uploads\/2022\/11\/sub-12_1fase.jpg 640w, https:\/\/www.cri.pt\/wp-content\/uploads\/2022\/11\/sub-12_1fase-172x300.jpg 172w, https:\/\/www.cri.pt\/wp-content\/uploads\/2022\/11\/sub-12_1fase-586x1024.jpg 586w, https:\/\/www.cri.pt\/wp-content\/uploads\/2022\/11\/sub-12_1fase-73x128.jpg 73w, https:\/\/www.cri.pt\/wp-content\/uploads\/2022\/11\/sub-12_1fase-18x32.jpg 18w, https:\/\/www.cri.pt\/wp-content\/uploads\/2022\/11\/sub-12_1fase-57x100.jpg 57w, https:\/\/www.cri.pt\/wp-content\/uploads\/2022\/11\/sub-12_1fase-29x50.jpg 29w, https:\/\/www.cri.pt\/wp-content\/uploads\/2022\/11\/sub-12_1fase-14x25.jpg 14w, https:\/\/www.cri.pt\/wp-content\/uploads\/2022\/11\/sub-12_1fase-177x310.jpg 177w, https:\/\/www.cri.pt\/wp-content\/uploads\/2022\/11\/sub-12_1fase-60x105.jpg 60w, https:\/\/www.cri.pt\/wp-content\/uploads\/2022\/11\/sub-12_1fase-300x525.jpg 300w\" sizes=\"auto, (max-width: 360px) 100vw, 360px\" \/><\/p>\n<p><strong><a name=\"JOGADORES\"><\/a><\/strong><\/p>\n<p>JOGADORES<img loading=\"lazy\" decoding=\"async\" class=\"aligncenter wp-image-16614 size-full\" src=\"https:\/\/www.cri.pt\/wp-content\/uploads\/2019\/12\/barra-jogadores-e1591273100147.jpg\" alt=\"\" width=\"959\" height=\"105\" \/><\/p>\n<div class=\"mks_separator\">JOGADORES<\/div>\n<p><a href=\"https:\/\/www.fpf.pt\/pt\/Jogadores\/Ficha-de-Jogador\/playerId\/2012785\" target=\"_blank\" rel=\"noopener\">Afonso Aiveca<\/a><br \/>\n<a href=\"https:\/\/www.fpf.pt\/pt\/Jogadores\/Ficha-de-Jogador\/playerId\/2012277\" target=\"_blank\" rel=\"noopener\">Afonso Lima<\/a><br \/>\n<a href=\"https:\/\/www.fpf.pt\/pt\/Jogadores\/Ficha-de-Jogador\/playerId\/2042193\" target=\"_blank\" rel=\"noopener\">Afonso Moura<\/a><br \/>\n<a href=\"https:\/\/www.fpf.pt\/pt\/Jogadores\/Ficha-de-Jogador\/playerId\/1979962\" target=\"_blank\" rel=\"noopener\">Diego Madureira<\/a><br \/>\n<a href=\"https:\/\/www.fpf.pt\/pt\/Jogadores\/Ficha-de-Jogador\/playerId\/1798834\" target=\"_blank\" rel=\"noopener\">Diogo Fernandes<\/a><br \/>\n<a href=\"https:\/\/www.fpf.pt\/pt\/Jogadores\/Ficha-de-Jogador\/playerId\/1956658\" target=\"_blank\" rel=\"noopener\">Diogo Ribeiro<\/a><br \/>\n<a href=\"https:\/\/www.fpf.pt\/pt\/Jogadores\/Ficha-de-Jogador\/playerId\/1947398\" target=\"_blank\" rel=\"noopener\">Gon\u00e7alo Teles<\/a><br \/>\n<a href=\"https:\/\/www.fpf.pt\/pt\/Jogadores\/Ficha-de-Jogador\/playerId\/2046532\" target=\"_blank\" rel=\"noopener\">Guilherme Lopes<\/a><br \/>\n<a href=\"https:\/\/www.fpf.pt\/pt\/Jogadores\/Ficha-de-Jogador\/playerId\/1849728\" target=\"_blank\" rel=\"noopener\">Jo\u00e3o Cortez<\/a><br \/>\n<a href=\"https:\/\/www.fpf.pt\/pt\/Jogadores\/Ficha-de-Jogador\/playerId\/1949156\" target=\"_blank\" rel=\"noopener\">Jos\u00e9 Figueiredo<\/a><br \/>\n<a href=\"https:\/\/www.fpf.pt\/pt\/Jogadores\/Ficha-de-Jogador\/playerId\/2129233\" target=\"_blank\" rel=\"noopener\">Leonardo Assun\u00e7\u00e3o<\/a><br \/>\n<a href=\"https:\/\/www.fpf.pt\/pt\/Jogadores\/Ficha-de-Jogador\/playerId\/2076039\" target=\"_blank\" rel=\"noopener\">Luana Garrido<\/a><br \/>\n<a href=\"https:\/\/www.fpf.pt\/pt\/Jogadores\/Ficha-de-Jogador\/playerId\/2099444\" target=\"_blank\" rel=\"noopener\">Martim Ribeiro<\/a><br \/>\n<a href=\"https:\/\/www.fpf.pt\/pt\/Jogadores\/Ficha-de-Jogador\/playerId\/1960092\" target=\"_blank\" rel=\"noopener\">Miguel Pedrog\u00e3o<\/a><br \/>\n<a href=\"https:\/\/www.fpf.pt\/pt\/Jogadores\/Ficha-de-Jogador\/playerId\/1947396\" target=\"_blank\" rel=\"noopener\">Rafael Silva<\/a><br \/>\n<a href=\"https:\/\/www.fpf.pt\/pt\/Jogadores\/Ficha-de-Jogador\/playerId\/1847552\" target=\"_blank\" rel=\"noopener\">Rodrigo Carromeu<\/a><br \/>\n<a href=\"https:\/\/www.fpf.pt\/pt\/Jogadores\/Ficha-de-Jogador\/playerId\/1847551\" target=\"_blank\" rel=\"noopener\">Santiago Ramalho<\/a><\/p>\n<div class=\"mks_separator\"><\/div>\n<p><strong><a name=\"TREINADORES. DIRIGENTES. COLABORADORES\"><\/a><\/strong><\/p>\n<p>TREINADORES. DIRIGENTES. COLABORADORES<strong><img loading=\"lazy\" decoding=\"async\" class=\"aligncenter wp-image-16612 size-full\" src=\"https:\/\/www.cri.pt\/wp-content\/uploads\/2019\/12\/barra-treinador-e1591273338543.jpg\" sizes=\"auto, (max-width: 1920px) 100vw, 1920px\" srcset=\"https:\/\/www.cri.pt\/wp-content\/uploads\/2019\/12\/barra-treinador-e1591273338543.jpg 1920w, https:\/\/www.cri.pt\/wp-content\/uploads\/2019\/12\/barra-treinador-e1591273338543-300x29.jpg 300w, https:\/\/www.cri.pt\/wp-content\/uploads\/2019\/12\/barra-treinador-e1591273338543-768x75.jpg 768w, https:\/\/www.cri.pt\/wp-content\/uploads\/2019\/12\/barra-treinador-e1591273338543-1024x100.jpg 1024w, https:\/\/www.cri.pt\/wp-content\/uploads\/2019\/12\/barra-treinador-e1591273338543-128x12.jpg 128w, https:\/\/www.cri.pt\/wp-content\/uploads\/2019\/12\/barra-treinador-e1591273338543-32x3.jpg 32w, https:\/\/www.cri.pt\/wp-content\/uploads\/2019\/12\/barra-treinador-e1591273338543-100x10.jpg 100w, https:\/\/www.cri.pt\/wp-content\/uploads\/2019\/12\/barra-treinador-e1591273338543-50x5.jpg 50w, https:\/\/www.cri.pt\/wp-content\/uploads\/2019\/12\/barra-treinador-e1591273338543-25x2.jpg 25w, https:\/\/www.cri.pt\/wp-content\/uploads\/2019\/12\/barra-treinador-e1591273338543-990x96.jpg 990w, https:\/\/www.cri.pt\/wp-content\/uploads\/2019\/12\/barra-treinador-e1591273338543-1320x129.jpg 1320w, https:\/\/www.cri.pt\/wp-content\/uploads\/2019\/12\/barra-treinador-e1591273338543-650x63.jpg 650w, https:\/\/www.cri.pt\/wp-content\/uploads\/2019\/12\/barra-treinador-e1591273338543-1536x150.jpg 1536w\" alt=\"\" width=\"1920\" height=\"187\" \/><\/strong><\/p>\n<div class=\"mks_separator\"><\/div>\n<p>Treinadores:\u00a0 <strong>Jo\u00e3o Gl\u00f3ria e Augusto Manhita<\/strong><br \/>\nTreinador de Guarda-redes: <strong>Jorge Carvalho<\/strong><br \/>\nMassagista: <strong>Ana Silva<\/strong><br \/>\nDelegado: <strong>Marco Santos<\/strong><br \/>\nCoordenador T\u00e9cnico: <strong>Jos\u00e9 Medeiros<\/strong><\/p>\n<p>&nbsp;<\/p>\n","protected":false},"excerpt":{"rendered":"<p>ARQUIVO \u00c9POCAS ANTERIORES \u00c9POCA 2022\/3 JOGADORES TREINADORES. DIRIGENTES. COLABORADORES FOTOS. V\u00cdDEOS.\u00a0NOT\u00cdCIAS RESULTADOS E CLASSIFICA\u00c7\u00d5ES OFICIAIS &#8211; Campeonato Distrital &#8211; 1\u00aa Fase &#8211; S\u00e9rie &#8220;D&#8221; RESULTADOS E CLASSIFICA\u00c7\u00d5ES OFICIAIS &#8211; Campeonato Distrital &#8211; 2\u00aa Fase &#8211; S\u00e9rie &#8220;A&#8221; RESULTADOS E CLASSIFICA\u00c7\u00d5ES OFICIAIS &#8211; Campeonato Distrital &#8211; Fase Complementar &#8211; N\u00edvel 2 RESULTADOS E CLASSIFICA\u00c7\u00d5ES OFICIAIS &#8211; [&hellip;]<\/p>\n","protected":false},"author":1,"featured_media":0,"parent":0,"menu_order":0,"comment_status":"closed","ping_status":"closed","template":"","meta":{"footnotes":""},"class_list":["post-20535","page","type-page","status-publish","hentry"],"_links":{"self":[{"href":"https:\/\/www.cri.pt\/index.php?rest_route=\/wp\/v2\/pages\/20535","targetHints":{"allow":["GET"]}}],"collection":[{"href":"https:\/\/www.cri.pt\/index.php?rest_route=\/wp\/v2\/pages"}],"about":[{"href":"https:\/\/www.cri.pt\/index.php?rest_route=\/wp\/v2\/types\/page"}],"author":[{"embeddable":true,"href":"https:\/\/www.cri.pt\/index.php?rest_route=\/wp\/v2\/users\/1"}],"replies":[{"embeddable":true,"href":"https:\/\/www.cri.pt\/index.php?rest_route=%2Fwp%2Fv2%2Fcomments&post=20535"}],"version-history":[{"count":38,"href":"https:\/\/www.cri.pt\/index.php?rest_route=\/wp\/v2\/pages\/20535\/revisions"}],"predecessor-version":[{"id":22189,"href":"https:\/\/www.cri.pt\/index.php?rest_route=\/wp\/v2\/pages\/20535\/revisions\/22189"}],"wp:attachment":[{"href":"https:\/\/www.cri.pt\/index.php?rest_route=%2Fwp%2Fv2%2Fmedia&parent=20535"}],"curies":[{"name":"wp","href":"https:\/\/api.w.org\/{rel}","templated":true}]}}