{"id":20537,"date":"2022-07-07T07:57:21","date_gmt":"2022-07-07T07:57:21","guid":{"rendered":"http:\/\/www.cri.pt\/?page_id=20537"},"modified":"2023-06-07T15:40:00","modified_gmt":"2023-06-07T15:40:00","slug":"2022-23-benjamins-a-sub-11","status":"publish","type":"page","link":"https:\/\/www.cri.pt\/?page_id=20537","title":{"rendered":"2022\/23 BENJAMINS A (SUB-11)"},"content":{"rendered":"<p><img loading=\"lazy\" decoding=\"async\" class=\"aligncenter size-full wp-image-21651\" src=\"https:\/\/www.cri.pt\/wp-content\/uploads\/2023\/03\/2023_03_04_cri_5_1_rosarense_054.jpg\" alt=\"\" width=\"1080\" height=\"720\" srcset=\"https:\/\/www.cri.pt\/wp-content\/uploads\/2023\/03\/2023_03_04_cri_5_1_rosarense_054.jpg 1080w, https:\/\/www.cri.pt\/wp-content\/uploads\/2023\/03\/2023_03_04_cri_5_1_rosarense_054-300x200.jpg 300w, https:\/\/www.cri.pt\/wp-content\/uploads\/2023\/03\/2023_03_04_cri_5_1_rosarense_054-1024x683.jpg 1024w, https:\/\/www.cri.pt\/wp-content\/uploads\/2023\/03\/2023_03_04_cri_5_1_rosarense_054-768x512.jpg 768w, https:\/\/www.cri.pt\/wp-content\/uploads\/2023\/03\/2023_03_04_cri_5_1_rosarense_054-128x85.jpg 128w, https:\/\/www.cri.pt\/wp-content\/uploads\/2023\/03\/2023_03_04_cri_5_1_rosarense_054-32x21.jpg 32w, https:\/\/www.cri.pt\/wp-content\/uploads\/2023\/03\/2023_03_04_cri_5_1_rosarense_054-100x67.jpg 100w, https:\/\/www.cri.pt\/wp-content\/uploads\/2023\/03\/2023_03_04_cri_5_1_rosarense_054-50x33.jpg 50w, https:\/\/www.cri.pt\/wp-content\/uploads\/2023\/03\/2023_03_04_cri_5_1_rosarense_054-25x17.jpg 25w, https:\/\/www.cri.pt\/wp-content\/uploads\/2023\/03\/2023_03_04_cri_5_1_rosarense_054-414x276.jpg 414w, https:\/\/www.cri.pt\/wp-content\/uploads\/2023\/03\/2023_03_04_cri_5_1_rosarense_054-470x313.jpg 470w, https:\/\/www.cri.pt\/wp-content\/uploads\/2023\/03\/2023_03_04_cri_5_1_rosarense_054-640x426.jpg 640w, https:\/\/www.cri.pt\/wp-content\/uploads\/2023\/03\/2023_03_04_cri_5_1_rosarense_054-130x86.jpg 130w, https:\/\/www.cri.pt\/wp-content\/uploads\/2023\/03\/2023_03_04_cri_5_1_rosarense_054-187x124.jpg 187w, https:\/\/www.cri.pt\/wp-content\/uploads\/2023\/03\/2023_03_04_cri_5_1_rosarense_054-990x660.jpg 990w, https:\/\/www.cri.pt\/wp-content\/uploads\/2023\/03\/2023_03_04_cri_5_1_rosarense_054-450x300.jpg 450w, https:\/\/www.cri.pt\/wp-content\/uploads\/2023\/03\/2023_03_04_cri_5_1_rosarense_054-310x207.jpg 310w, https:\/\/www.cri.pt\/wp-content\/uploads\/2023\/03\/2023_03_04_cri_5_1_rosarense_054-150x100.jpg 150w\" sizes=\"auto, (max-width: 1080px) 100vw, 1080px\" \/><\/p>\n<div class=\"mks_separator\"><div class=\"mks_separator\" style=\"border-bottom: 2px solid;\"><\/div><\/div>\n<ul>\n<li><a href=\"https:\/\/www.cri.pt\/?page_id=6863\">ARQUIVO \u00c9POCAS ANTERIORES<\/a><\/li>\n<li><strong>\u00c9POCA 2022\/3<\/strong>\n<ul>\n<li><a href=\"https:\/\/www.cri.pt\/?page_id=20537#JOGADORES\"><strong>JOGADORES<\/strong><\/a><\/li>\n<li><a href=\"https:\/\/www.cri.pt\/?page_id=20537#TREINADORES.%20DIRIGENTES.%20COLABORADORES\"><strong>TREINADORES. DIRIGENTES. COLABORADORES<\/strong><\/a><\/li>\n<li><a href=\"https:\/\/www.cri.pt\/?tag=benjamins-a-2022\/23\"><strong>FOTOS. V\u00cdDEOS.\u00a0<\/strong><strong>NOT\u00cdCIAS<\/strong><\/a><\/li>\n<li><a href=\"https:\/\/resultados.fpf.pt\/Competition\/Details?competitionId=23173&amp;seasonId=102\" target=\"_blank\" rel=\"noopener\"><strong>RESULTADOS E CLASSIFICA\u00c7\u00d5ES &#8211; Campeonato Distrital &#8211; 1\u00aa fase &#8211; S\u00e9rie &#8220;D&#8221;<\/strong><\/a> (terminado)<\/li>\n<li><a href=\"https:\/\/resultados.fpf.pt\/Competition\/Details?competitionId=23420&amp;seasonId=102\" target=\"_blank\" rel=\"noopener\"><strong>RESULTADOS E CLASSIFICA\u00c7\u00d5ES &#8211; Ta\u00e7a A F Set\u00fabal &#8211; 1\u00aa Fase &#8211; S\u00e9rie &#8220;D&#8221;<\/strong><\/a> (terminado)<\/li>\n<li><a href=\"https:\/\/resultados.fpf.pt\/Competition\/Details?competitionId=23420&amp;seasonId=102\" target=\"_blank\" rel=\"noopener\"><strong>RESULTADOS E CLASSIFICA\u00c7\u00d5ES &#8211; Ta\u00e7a A F Set\u00fabal &#8211; 2\u00aa Fase &#8211; Ta\u00e7a OURO<\/strong><\/a><\/li>\n<\/ul>\n<\/li>\n<\/ul>\n<div class=\"mks_separator\" style=\"border-bottom: 6px solid;\"><\/div>\n<p><a href=\"https:\/\/resultados.fpf.pt\/Competition\/Details?competitionId=23420&amp;seasonId=102\" target=\"_blank\" rel=\"noopener\"><strong>RESULTADOS E CLASSIFICA\u00c7\u00d5ES &#8211; Ta\u00e7a A F Set\u00fabal &#8211; 2\u00aa Fase &#8211; Ta\u00e7a OURO<\/strong><\/a><\/p>\n<p>04.03 <strong>CRI<\/strong> 5-1 Rosarense &#8211; <a href=\"https:\/\/resultados.fpf.pt\/Match\/GetMatchInformation?matchId=1902789\" target=\"_blank\" rel=\"noopener\">FICHA DE JOGO<\/a> &#8211; <a href=\"https:\/\/www.cri.pt\/?p=21649\">FOTOS<\/a><br \/>\n11.03 \u00cddolos Pra\u00e7a 1-6 <strong>CRI<\/strong> &#8211; <a href=\"https:\/\/resultados.fpf.pt\/Match\/GetMatchInformation?matchId=1902796\" target=\"_blank\" rel=\"noopener\">FICHA DE JOGO<\/a> &#8211; <a href=\"https:\/\/www.cri.pt\/?p=21727\">FOTOS<\/a><br \/>\n25.03 <strong>CRI<\/strong> 5-3 Ch.Caparica &#8220;B&#8221; &#8211; <a href=\"https:\/\/resultados.fpf.pt\/Match\/GetMatchInformation?matchId=1902802\" target=\"_blank\" rel=\"noopener\">FICHA DE JOGO<\/a> &#8211; <a href=\"https:\/\/www.cri.pt\/?p=21876\">FOTOS<\/a><br \/>\n01.04 Le\u00e3o Altivo 7-5 <strong>CRI &#8211; <\/strong><a href=\"https:\/\/resultados.fpf.pt\/Match\/GetMatchInformation?matchId=1902809\" target=\"_blank\" rel=\"noopener\">FICHA DE JOGO<\/a> &#8211; <a href=\"https:\/\/www.cri.pt\/?p=21881\">FOTOS<\/a><br \/>\n15.04 Almada 2015 &#8220;B&#8221; 0-0 <strong>CRI <\/strong>&#8211; <a href=\"https:\/\/resultados.fpf.pt\/Match\/GetMatchInformation?matchId=1902815\" target=\"_blank\" rel=\"noopener\">FICHA DE JOGO<\/a> &#8211; <a href=\"https:\/\/www.cri.pt\/?p=21988\">FOTOS\u00a0<\/a><br \/>\n22.04 <strong>CRI<\/strong> 1-0 C. Ind\u00fastria &#8211; <a href=\"https:\/\/resultados.fpf.pt\/Match\/GetMatchInformation?matchId=1902821\" target=\"_blank\" rel=\"noopener\">FICHA DE JOGO<\/a> &#8211; <a href=\"https:\/\/www.cri.pt\/?p=21992\">FOTOS<\/a><br \/>\n29.04 Palmelense 3-2 <strong>CRI &#8211; <\/strong><a href=\"https:\/\/resultados.fpf.pt\/Match\/GetMatchInformation?matchId=1902826\" target=\"_blank\" rel=\"noopener\">FICHA DE JOGO<\/a><br \/>\n06.05 <strong>CRI<\/strong> 3-1 Seixal 1925 &#8220;B&#8221; &#8211; <a href=\"https:\/\/resultados.fpf.pt\/Match\/GetMatchInformation?matchId=1902832\" target=\"_blank\" rel=\"noopener\">FICHA DE JOGO<\/a><br \/>\n20.05 1\u00ba Maio Sarilhense 3-7 <strong>CRI <\/strong>&#8211; <a href=\"https:\/\/resultados.fpf.pt\/Match\/GetMatchInformation?matchId=1902837\" target=\"_blank\" rel=\"noopener\">FICHA DE JOGO<\/a> &#8211; <a href=\"https:\/\/www.cri.pt\/?p=22156\">FOTOS<\/a><br \/>\n27.05 <strong>CRI<\/strong> 5-1 Grandolense &#8211; <a href=\"https:\/\/resultados.fpf.pt\/Match\/GetMatchInformation?matchId=1902843\" target=\"_blank\" rel=\"noopener\">FICHA DE JOGO<\/a> &#8211; <a href=\"https:\/\/www.cri.pt\/?p=22127\">FOTOS<\/a><br \/>\n03.06 Arrentela 4-2 <strong>CRI &#8211; <\/strong><a href=\"https:\/\/resultados.fpf.pt\/Match\/GetMatchInformation?matchId=1902848\" target=\"_blank\" rel=\"noopener\">FICHA DE JOGO<\/a> &#8211; <a href=\"https:\/\/www.cri.pt\/?p=22200\">FOTOS<\/a><\/p>\n<p><strong>CLASSIFICA\u00c7\u00c3O FINAL<\/strong><\/p>\n<p><img loading=\"lazy\" decoding=\"async\" class=\"alignnone wp-image-22190\" src=\"https:\/\/www.cri.pt\/wp-content\/uploads\/2023\/06\/SUB11.jpg\" alt=\"\" width=\"360\" height=\"895\" srcset=\"https:\/\/www.cri.pt\/wp-content\/uploads\/2023\/06\/SUB11.jpg 480w, https:\/\/www.cri.pt\/wp-content\/uploads\/2023\/06\/SUB11-121x300.jpg 121w, https:\/\/www.cri.pt\/wp-content\/uploads\/2023\/06\/SUB11-412x1024.jpg 412w, https:\/\/www.cri.pt\/wp-content\/uploads\/2023\/06\/SUB11-52x128.jpg 52w, https:\/\/www.cri.pt\/wp-content\/uploads\/2023\/06\/SUB11-13x32.jpg 13w, https:\/\/www.cri.pt\/wp-content\/uploads\/2023\/06\/SUB11-40x100.jpg 40w, https:\/\/www.cri.pt\/wp-content\/uploads\/2023\/06\/SUB11-20x50.jpg 20w, https:\/\/www.cri.pt\/wp-content\/uploads\/2023\/06\/SUB11-10x25.jpg 10w\" sizes=\"auto, (max-width: 360px) 100vw, 360px\" \/><\/p>\n<div class=\"mks_separator\" style=\"border-bottom: 2px solid;\"><\/div>\n<p><a href=\"https:\/\/resultados.fpf.pt\/Competition\/Details?competitionId=23420&amp;seasonId=102\" target=\"_blank\" rel=\"noopener\"><strong>RESULTADOS E CLASSIFICA\u00c7\u00d5ES &#8211; Ta\u00e7a A F Set\u00fabal &#8211; 1\u00aa Fase &#8211; S\u00e9rie &#8220;D&#8221;<\/strong><\/a><\/p>\n<p>07\/01\/2023 <strong>CRI<\/strong> 1-0 P. Pires &#8211; <a href=\"https:\/\/resultados.fpf.pt\/Match\/GetMatchInformation?matchId=1875306\" target=\"_blank\" rel=\"noopener\">FICHA DE JOGO<\/a> &#8211; <a href=\"https:\/\/www.cri.pt\/?p=21355\">FOTOS<\/a><br \/>\n14\/01\/2023 ADQ Conde 0-2 <strong>CRI<\/strong> &#8211; <a href=\"https:\/\/resultados.fpf.pt\/Match\/GetMatchInformation?matchId=1875310\" target=\"_blank\" rel=\"noopener\">FICHA DE JOGO<\/a> &#8211; <a href=\"https:\/\/www.cri.pt\/?p=21360\">FOTOS<\/a><br \/>\n21\/01\/2023 Vinhense 2-2 <strong>CRI &#8211;<\/strong> <a href=\"https:\/\/resultados.fpf.pt\/Match\/GetMatchInformation?matchId=1875313\" target=\"_blank\" rel=\"noopener\">FICHA DE JOGO<\/a><br \/>\n28\/01\/2023 <strong>CRI<\/strong> 4-1 Arrentela &#8211; <a href=\"https:\/\/resultados.fpf.pt\/Match\/GetMatchInformation?matchId=1875316\" target=\"_blank\" rel=\"noopener\">FICHA DE JOGO<\/a> &#8211; <a href=\"https:\/\/www.cri.pt\/?p=21399\">FOTOS<\/a><br \/>\n11\/02\/2023 Col Atl\u00e2ntico &#8220;B&#8221; 0-7 <strong>CRI &#8211; <\/strong><a href=\"https:\/\/resultados.fpf.pt\/Match\/GetMatchInformation?matchId=1875319\" target=\"_blank\" rel=\"noopener\">FICHA DE JOGO<\/a><\/p>\n<p><strong>CLASSIFICA\u00c7\u00c3O FINAL DA 1\u00aa FASE &#8211; S\u00c9RIE &#8220;D&#8221;<\/strong><\/p>\n<p><img loading=\"lazy\" decoding=\"async\" class=\"alignnone wp-image-21480\" src=\"https:\/\/www.cri.pt\/wp-content\/uploads\/2023\/02\/SUB11.jpg\" alt=\"\" width=\"300\" height=\"436\" srcset=\"https:\/\/www.cri.pt\/wp-content\/uploads\/2023\/02\/SUB11.jpg 480w, https:\/\/www.cri.pt\/wp-content\/uploads\/2023\/02\/SUB11-206x300.jpg 206w, https:\/\/www.cri.pt\/wp-content\/uploads\/2023\/02\/SUB11-88x128.jpg 88w, https:\/\/www.cri.pt\/wp-content\/uploads\/2023\/02\/SUB11-22x32.jpg 22w, https:\/\/www.cri.pt\/wp-content\/uploads\/2023\/02\/SUB11-69x100.jpg 69w, https:\/\/www.cri.pt\/wp-content\/uploads\/2023\/02\/SUB11-34x50.jpg 34w, https:\/\/www.cri.pt\/wp-content\/uploads\/2023\/02\/SUB11-17x25.jpg 17w, https:\/\/www.cri.pt\/wp-content\/uploads\/2023\/02\/SUB11-213x310.jpg 213w, https:\/\/www.cri.pt\/wp-content\/uploads\/2023\/02\/SUB11-72x105.jpg 72w, https:\/\/www.cri.pt\/wp-content\/uploads\/2023\/02\/SUB11-300x436.jpg 300w\" sizes=\"auto, (max-width: 300px) 100vw, 300px\" \/><\/p>\n<div class=\"mks_separator\" style=\"border-bottom: 2px solid;\"><\/div>\n<p><a href=\"https:\/\/resultados.fpf.pt\/Competition\/Details?competitionId=23173&amp;seasonId=102\" target=\"_blank\" rel=\"noopener\"><strong>RESULTADOS E CLASSIFICA\u00c7\u00d5ES &#8211; Campeonato Distrital &#8211; 1\u00aa fase &#8211; S\u00e9rie &#8220;D&#8221;<\/strong><\/a><\/p>\n<p>22\/10\/2022 AQD Conde 1-3 <strong>CRI<\/strong> &#8211; <a href=\"https:\/\/resultados.fpf.pt\/Match\/GetMatchInformation?matchId=1841229\" target=\"_blank\" rel=\"noopener\">FICHA DE JOGO<\/a> &#8211; <a href=\"https:\/\/www.cri.pt\/?p=20910\">FOTOS<\/a><br \/>\n29\/10\/2022 <strong>CRI<\/strong> 1-4 Fabril &#8211; <a href=\"https:\/\/resultados.fpf.pt\/Match\/GetMatchInformation?matchId=1841235\" target=\"_blank\" rel=\"noopener\">FICHA DE JOGO<\/a> &#8211; <a href=\"https:\/\/www.cri.pt\/?p=20917\">FOTOS<\/a><br \/>\n05\/11\/2022 Seixal 1925 &#8220;B&#8221; 2-5 <strong>CRI<\/strong> &#8211; <a href=\"https:\/\/resultados.fpf.pt\/Match\/GetMatchInformation?matchId=1841240\" target=\"_blank\" rel=\"noopener\">FICHA DE JOGO<\/a> &#8211; <a href=\"https:\/\/www.cri.pt\/?p=21049\">FOTOS<\/a><br \/>\n12\/11\/2022 Col\u00e9gio Atl\u00e2ntico 5-2 <strong>CRI<\/strong> &#8211; <a href=\"https:\/\/resultados.fpf.pt\/Match\/GetMatchInformation?matchId=1841245\" target=\"_blank\" rel=\"noopener\">FICHA DE JOGO<\/a> &#8211; <a href=\"https:\/\/www.cri.pt\/?p=21044\">FOTOS<\/a><br \/>\n19\/11\/2022 <strong>CRI<\/strong> 5-1 Paio Pires &#8211; <a href=\"https:\/\/resultados.fpf.pt\/Match\/GetMatchInformation?matchId=1841249\" target=\"_blank\" rel=\"noopener\">FICHA DE JOGO<\/a> &#8211; <a href=\"https:\/\/www.cri.pt\/?p=21065\">FOTOS<\/a><br \/>\n26\/11\/2022 C.Piedade &#8220;B&#8221; 0-2 <strong>CRI<\/strong> &#8211; <a href=\"https:\/\/resultados.fpf.pt\/Match\/GetMatchInformation?matchId=1841251\" target=\"_blank\" rel=\"noopener\">FICHA DE JOGO<\/a><br \/>\n03\/12\/2022 <strong>CRI<\/strong> x Vinhense &#8211; <a href=\"https:\/\/resultados.fpf.pt\/Match\/GetMatchInformation?matchId=1841257\" target=\"_blank\" rel=\"noopener\">FICHA DE JOGO<\/a> &#8211; <a href=\"https:\/\/www.cri.pt\/?p=21160\">FOTOS<\/a><br \/>\n10\/12\/2022 D. Jo\u00e3o I 5-0 <strong>CRI &#8211; <\/strong><a href=\"https:\/\/resultados.fpf.pt\/Match\/GetMatchInformation?matchId=1841263\" target=\"_blank\" rel=\"noopener\">FICHA DE JOGO<\/a> &#8211; <a href=\"https:\/\/www.cri.pt\/?p=21350\">FOTOS<\/a><br \/>\n17\/12\/2022 <strong>CRI<\/strong> 0-4 Barreirense &#8211; <a href=\"https:\/\/resultados.fpf.pt\/Match\/GetMatchInformation?matchId=1841269\" target=\"_blank\" rel=\"noopener\">FICHA DE JOGO<\/a> &#8211; <a href=\"https:\/\/www.cri.pt\/?p=21222\">FOTOS<\/a><\/p>\n<div class=\"mks_separator\">CLASSIFICA\u00c7\u00c3O FINAL<\/div>\n<div><\/div>\n<div><img loading=\"lazy\" decoding=\"async\" class=\"alignnone wp-image-21226\" src=\"https:\/\/www.cri.pt\/wp-content\/uploads\/2022\/12\/classificacao1afasesub_11_2022_23.jpg\" alt=\"\" width=\"300\" height=\"671\" srcset=\"https:\/\/www.cri.pt\/wp-content\/uploads\/2022\/12\/classificacao1afasesub_11_2022_23.jpg 640w, https:\/\/www.cri.pt\/wp-content\/uploads\/2022\/12\/classificacao1afasesub_11_2022_23-134x300.jpg 134w, https:\/\/www.cri.pt\/wp-content\/uploads\/2022\/12\/classificacao1afasesub_11_2022_23-458x1024.jpg 458w, https:\/\/www.cri.pt\/wp-content\/uploads\/2022\/12\/classificacao1afasesub_11_2022_23-57x128.jpg 57w, https:\/\/www.cri.pt\/wp-content\/uploads\/2022\/12\/classificacao1afasesub_11_2022_23-14x32.jpg 14w, https:\/\/www.cri.pt\/wp-content\/uploads\/2022\/12\/classificacao1afasesub_11_2022_23-45x100.jpg 45w, https:\/\/www.cri.pt\/wp-content\/uploads\/2022\/12\/classificacao1afasesub_11_2022_23-22x50.jpg 22w, https:\/\/www.cri.pt\/wp-content\/uploads\/2022\/12\/classificacao1afasesub_11_2022_23-11x25.jpg 11w, https:\/\/www.cri.pt\/wp-content\/uploads\/2022\/12\/classificacao1afasesub_11_2022_23-139x310.jpg 139w, https:\/\/www.cri.pt\/wp-content\/uploads\/2022\/12\/classificacao1afasesub_11_2022_23-47x105.jpg 47w, https:\/\/www.cri.pt\/wp-content\/uploads\/2022\/12\/classificacao1afasesub_11_2022_23-300x671.jpg 300w\" sizes=\"auto, (max-width: 300px) 100vw, 300px\" \/><\/div>\n<div><\/div>\n<p><strong><a name=\"JOGADORES\"><\/a><\/strong><\/p>\n<p>JOGADORES<img loading=\"lazy\" decoding=\"async\" class=\"aligncenter wp-image-16614 size-full\" src=\"https:\/\/www.cri.pt\/wp-content\/uploads\/2019\/12\/barra-jogadores-e1591273100147.jpg\" alt=\"\" width=\"959\" height=\"105\" \/><\/p>\n<div class=\"mks_separator\">JOGADORES<\/div>\n<div><\/div>\n<div><a href=\"https:\/\/www.fpf.pt\/pt\/Jogadores\/Ficha-de-Jogador\/playerId\/1847957\" target=\"_blank\" rel=\"noopener\">Ant\u00f3nio Nisa<\/a><br \/>\n<a href=\"https:\/\/www.fpf.pt\/pt\/Jogadores\/Ficha-de-Jogador\/playerId\/1968679\" target=\"_blank\" rel=\"noopener\">David Lopes<\/a> (saiu em janeiro de 2023)<br \/>\n<a href=\"https:\/\/www.fpf.pt\/pt\/Jogadores\/Ficha-de-Jogador\/playerId\/1955771\" target=\"_blank\" rel=\"noopener\">Enzo Gon\u00e7alves<\/a><br \/>\n<a href=\"https:\/\/www.fpf.pt\/pt\/Jogadores\/Ficha-de-Jogador\/playerId\/1955361\" target=\"_blank\" rel=\"noopener\">Gon\u00e7alo Rato<\/a><br \/>\n<a href=\"https:\/\/www.fpf.pt\/pt\/Jogadores\/Ficha-de-Jogador\/playerId\/2060994\" target=\"_blank\" rel=\"noopener\">Gustavo Ferreira<\/a><br \/>\n<a href=\"https:\/\/www.fpf.pt\/pt\/Jogadores\/Ficha-de-Jogador\/playerId\/1955364\" target=\"_blank\" rel=\"noopener\">Gustavo Gomes<\/a><br \/>\n<a href=\"https:\/\/www.fpf.pt\/pt\/Jogadores\/Ficha-de-Jogador\/playerId\/1850450\" target=\"_blank\" rel=\"noopener\">Hugo Almeida<\/a><br \/>\n<a href=\"https:\/\/www.fpf.pt\/pt\/Jogadores\/Ficha-de-Jogador\/playerId\/1973265\" target=\"_blank\" rel=\"noopener\">Martim Rebocho<\/a><\/div>\n<div><a href=\"https:\/\/www.fpf.pt\/pt\/Jogadores\/Ficha-de-Jogador\/playerId\/2012463\" target=\"_blank\" rel=\"noopener\">Noah Santos<\/a><br \/>\n<a href=\"https:\/\/www.fpf.pt\/pt\/Jogadores\/Ficha-de-Jogador\/playerId\/2038510\" target=\"_blank\" rel=\"noopener\">Rita Pedro<\/a><br \/>\n<a href=\"https:\/\/www.fpf.pt\/pt\/Jogadores\/Ficha-de-Jogador\/playerId\/2104509\" target=\"_blank\" rel=\"noopener\">Rafael Gon\u00e7alves\u00a0<\/a><br \/>\n<a href=\"https:\/\/www.fpf.pt\/pt\/Jogadores\/Ficha-de-Jogador\/playerId\/1955756\" target=\"_blank\" rel=\"noopener\">Santiago Carvalho<\/a><br \/>\n<a href=\"https:\/\/www.fpf.pt\/pt\/Jogadores\/Ficha-de-Jogador\/playerId\/2057660\" target=\"_blank\" rel=\"noopener\">Taisy Moreira<\/a><br \/>\n<a href=\"https:\/\/www.fpf.pt\/pt\/Jogadores\/Ficha-de-Jogador\/playerId\/1955759\" target=\"_blank\" rel=\"noopener\">Tom\u00e1s Silva<\/a><\/div>\n<div><\/div>\n<p><strong><a name=\"TREINADORES. DIRIGENTES. COLABORADORES\"><\/a><\/strong><\/p>\n<p>TREINADORES. DIRIGENTES. COLABORADORES<strong><img loading=\"lazy\" decoding=\"async\" class=\"aligncenter wp-image-16612 size-full\" src=\"https:\/\/www.cri.pt\/wp-content\/uploads\/2019\/12\/barra-treinador-e1591273338543.jpg\" sizes=\"auto, (max-width: 1920px) 100vw, 1920px\" srcset=\"https:\/\/www.cri.pt\/wp-content\/uploads\/2019\/12\/barra-treinador-e1591273338543.jpg 1920w, https:\/\/www.cri.pt\/wp-content\/uploads\/2019\/12\/barra-treinador-e1591273338543-300x29.jpg 300w, https:\/\/www.cri.pt\/wp-content\/uploads\/2019\/12\/barra-treinador-e1591273338543-768x75.jpg 768w, https:\/\/www.cri.pt\/wp-content\/uploads\/2019\/12\/barra-treinador-e1591273338543-1024x100.jpg 1024w, https:\/\/www.cri.pt\/wp-content\/uploads\/2019\/12\/barra-treinador-e1591273338543-128x12.jpg 128w, https:\/\/www.cri.pt\/wp-content\/uploads\/2019\/12\/barra-treinador-e1591273338543-32x3.jpg 32w, https:\/\/www.cri.pt\/wp-content\/uploads\/2019\/12\/barra-treinador-e1591273338543-100x10.jpg 100w, https:\/\/www.cri.pt\/wp-content\/uploads\/2019\/12\/barra-treinador-e1591273338543-50x5.jpg 50w, https:\/\/www.cri.pt\/wp-content\/uploads\/2019\/12\/barra-treinador-e1591273338543-25x2.jpg 25w, https:\/\/www.cri.pt\/wp-content\/uploads\/2019\/12\/barra-treinador-e1591273338543-990x96.jpg 990w, https:\/\/www.cri.pt\/wp-content\/uploads\/2019\/12\/barra-treinador-e1591273338543-1320x129.jpg 1320w, https:\/\/www.cri.pt\/wp-content\/uploads\/2019\/12\/barra-treinador-e1591273338543-650x63.jpg 650w, https:\/\/www.cri.pt\/wp-content\/uploads\/2019\/12\/barra-treinador-e1591273338543-1536x150.jpg 1536w\" alt=\"\" width=\"1920\" height=\"187\" \/><\/strong><\/p>\n<div class=\"mks_separator\"><\/div>\n<p>Treinador: <strong>Filipe Santos<\/strong><br \/>\nTreinador Adjunto: <strong>Catarina Nicolau<br \/>\n<\/strong>Treinador de Guarda-redes: <strong>Jorge Carvalho<\/strong><br \/>\nMassagista: <strong>Paulo Benedito \/Ana Silva<\/strong><br \/>\nCoordenador T\u00e9cnico: <strong>Jos\u00e9 L. Medeiros<\/strong><\/p>\n<p>&nbsp;<\/p>\n","protected":false},"excerpt":{"rendered":"<p>ARQUIVO \u00c9POCAS ANTERIORES \u00c9POCA 2022\/3 JOGADORES TREINADORES. DIRIGENTES. COLABORADORES FOTOS. V\u00cdDEOS.\u00a0NOT\u00cdCIAS RESULTADOS E CLASSIFICA\u00c7\u00d5ES &#8211; Campeonato Distrital &#8211; 1\u00aa fase &#8211; S\u00e9rie &#8220;D&#8221; (terminado) RESULTADOS E CLASSIFICA\u00c7\u00d5ES &#8211; Ta\u00e7a A F Set\u00fabal &#8211; 1\u00aa Fase &#8211; S\u00e9rie &#8220;D&#8221; (terminado) RESULTADOS E CLASSIFICA\u00c7\u00d5ES &#8211; Ta\u00e7a A F Set\u00fabal &#8211; 2\u00aa Fase &#8211; Ta\u00e7a OURO RESULTADOS E [&hellip;]<\/p>\n","protected":false},"author":1,"featured_media":0,"parent":0,"menu_order":0,"comment_status":"closed","ping_status":"closed","template":"","meta":{"footnotes":""},"class_list":["post-20537","page","type-page","status-publish","hentry"],"_links":{"self":[{"href":"https:\/\/www.cri.pt\/index.php?rest_route=\/wp\/v2\/pages\/20537","targetHints":{"allow":["GET"]}}],"collection":[{"href":"https:\/\/www.cri.pt\/index.php?rest_route=\/wp\/v2\/pages"}],"about":[{"href":"https:\/\/www.cri.pt\/index.php?rest_route=\/wp\/v2\/types\/page"}],"author":[{"embeddable":true,"href":"https:\/\/www.cri.pt\/index.php?rest_route=\/wp\/v2\/users\/1"}],"replies":[{"embeddable":true,"href":"https:\/\/www.cri.pt\/index.php?rest_route=%2Fwp%2Fv2%2Fcomments&post=20537"}],"version-history":[{"count":56,"href":"https:\/\/www.cri.pt\/index.php?rest_route=\/wp\/v2\/pages\/20537\/revisions"}],"predecessor-version":[{"id":22204,"href":"https:\/\/www.cri.pt\/index.php?rest_route=\/wp\/v2\/pages\/20537\/revisions\/22204"}],"wp:attachment":[{"href":"https:\/\/www.cri.pt\/index.php?rest_route=%2Fwp%2Fv2%2Fmedia&parent=20537"}],"curies":[{"name":"wp","href":"https:\/\/api.w.org\/{rel}","templated":true}]}}