{"id":213,"date":"2014-10-30T00:05:02","date_gmt":"2014-10-30T00:05:02","guid":{"rendered":"http:\/\/www.alhosvedros.net\/criav\/?page_id=213"},"modified":"2026-03-22T08:09:35","modified_gmt":"2026-03-22T08:09:35","slug":"editor","status":"publish","type":"page","link":"https:\/\/www.cri.pt\/?page_id=213","title":{"rendered":"Sobre o site oficial do Clube Recreio e Instru\u00e7\u00e3o &#8211; www.cri.pt"},"content":{"rendered":"<p>Desde novembro de 2002 que o site do <strong>C<\/strong>lube <strong>R<\/strong>ecreio e <strong>I<\/strong>nstru\u00e7\u00e3o \u00e9 desenvolvido e atualizado atrav\u00e9s de colabora\u00e7\u00e3o volunt\u00e1ria e sem contrapartidas financeiras.<\/p>\n<p>Ao longo destes anos, agrade\u00e7o o apoio dos diretores, treinadores, jogadores e aos pais que me enviam material informativo (fotos, v\u00eddeos, not\u00edcias) de modo a poder partilha-lho entre a &#8220;fam\u00edlia CRI&#8221; e todos os amigos que nos visitam. O objetivo \u00e9 s\u00f3 um, <strong>a promo\u00e7\u00e3o do Clube<\/strong>.<\/p>\n<p>Todos podem colaborar com o CRI!<br \/>\nColabore tamb\u00e9m enviando material original (com a devida autoriza\u00e7\u00e3o para publica\u00e7\u00e3o) atrav\u00e9s de um dos seguintes e-mails: <a href=\"mailto:cri.email.geral@gmail.com\">cri.email.geral@gmail.com<\/a>\u00a0ou <a href=\"mailto:www.cri.pt@gmail.com\">www.cri.pt@gmail.com<\/a><\/p>\n<p><img loading=\"lazy\" decoding=\"async\" class=\"wp-image-28389 size-medium alignnone\" src=\"https:\/\/www.cri.pt\/wp-content\/uploads\/2026\/03\/ln_photo2-300x300.jpg\" alt=\"\" width=\"300\" height=\"300\" srcset=\"https:\/\/www.cri.pt\/wp-content\/uploads\/2026\/03\/ln_photo2-300x300.jpg 300w, https:\/\/www.cri.pt\/wp-content\/uploads\/2026\/03\/ln_photo2-150x150.jpg 150w, https:\/\/www.cri.pt\/wp-content\/uploads\/2026\/03\/ln_photo2-768x768.jpg 768w, https:\/\/www.cri.pt\/wp-content\/uploads\/2026\/03\/ln_photo2-65x65.jpg 65w, https:\/\/www.cri.pt\/wp-content\/uploads\/2026\/03\/ln_photo2-128x128.jpg 128w, https:\/\/www.cri.pt\/wp-content\/uploads\/2026\/03\/ln_photo2-32x32.jpg 32w, https:\/\/www.cri.pt\/wp-content\/uploads\/2026\/03\/ln_photo2-130x130.jpg 130w, https:\/\/www.cri.pt\/wp-content\/uploads\/2026\/03\/ln_photo2-187x187.jpg 187w, https:\/\/www.cri.pt\/wp-content\/uploads\/2026\/03\/ln_photo2-990x990.jpg 990w, https:\/\/www.cri.pt\/wp-content\/uploads\/2026\/03\/ln_photo2.jpg 1024w\" sizes=\"auto, (max-width: 300px) 100vw, 300px\" \/><br \/>\n<a href=\"https:\/\/www.facebook.com\/lnobre\" target=\"_blank\" rel=\"noopener noreferrer\">Lu\u00eds Nobre<\/a><br \/>\n&#8211; Diretor da Entidade Formadora (2020- &#8230;)<br \/>\n&#8211; 1\u00ba Secret\u00e1rio da Dire\u00e7\u00e3o (2014- &#8230;)<br \/>\n&#8211; Fundador e Respons\u00e1vel pelo site oficial (20\/11\/2002)<br \/>\n&#8211; Gestor das redes sociais do Clube (2015-&#8230;)<\/p>\n<p>&nbsp;<\/p>\n<div class=\"mks_separator\" style=\"border-bottom: 2px double;\"><\/div>\n<p>&nbsp;<\/p>\n","protected":false},"excerpt":{"rendered":"<p>Desde novembro de 2002 que o site do Clube Recreio e Instru\u00e7\u00e3o \u00e9 desenvolvido e atualizado atrav\u00e9s de colabora\u00e7\u00e3o volunt\u00e1ria e sem contrapartidas financeiras. Ao longo destes anos, agrade\u00e7o o apoio dos diretores, treinadores, jogadores e aos pais que me enviam material informativo (fotos, v\u00eddeos, not\u00edcias) de modo a poder partilha-lho entre a &#8220;fam\u00edlia CRI&#8221; [&hellip;]<\/p>\n","protected":false},"author":1,"featured_media":226,"parent":0,"menu_order":0,"comment_status":"closed","ping_status":"open","template":"","meta":{"footnotes":""},"class_list":["post-213","page","type-page","status-publish","has-post-thumbnail","hentry"],"_links":{"self":[{"href":"https:\/\/www.cri.pt\/index.php?rest_route=\/wp\/v2\/pages\/213","targetHints":{"allow":["GET"]}}],"collection":[{"href":"https:\/\/www.cri.pt\/index.php?rest_route=\/wp\/v2\/pages"}],"about":[{"href":"https:\/\/www.cri.pt\/index.php?rest_route=\/wp\/v2\/types\/page"}],"author":[{"embeddable":true,"href":"https:\/\/www.cri.pt\/index.php?rest_route=\/wp\/v2\/users\/1"}],"replies":[{"embeddable":true,"href":"https:\/\/www.cri.pt\/index.php?rest_route=%2Fwp%2Fv2%2Fcomments&post=213"}],"version-history":[{"count":26,"href":"https:\/\/www.cri.pt\/index.php?rest_route=\/wp\/v2\/pages\/213\/revisions"}],"predecessor-version":[{"id":28390,"href":"https:\/\/www.cri.pt\/index.php?rest_route=\/wp\/v2\/pages\/213\/revisions\/28390"}],"wp:featuredmedia":[{"embeddable":true,"href":"https:\/\/www.cri.pt\/index.php?rest_route=\/"}],"wp:attachment":[{"href":"https:\/\/www.cri.pt\/index.php?rest_route=%2Fwp%2Fv2%2Fmedia&parent=213"}],"curies":[{"name":"wp","href":"https:\/\/api.w.org\/{rel}","templated":true}]}}