{"id":22326,"date":"2023-07-18T15:06:16","date_gmt":"2023-07-18T15:06:16","guid":{"rendered":"https:\/\/www.cri.pt\/?page_id=22326"},"modified":"2024-05-13T10:37:48","modified_gmt":"2024-05-13T10:37:48","slug":"2023-24-benjamins-a","status":"publish","type":"page","link":"https:\/\/www.cri.pt\/?page_id=22326","title":{"rendered":"2023\/24 BENJAMINS-A"},"content":{"rendered":"<p style=\"text-align: left;\"><div class=\"mks_separator\" style=\"border-bottom: 4px solid;\"><\/div>\n<p style=\"text-align: right;\">LINK: <a href=\"https:\/\/www.cri.pt\/?page_id=6863\">ARQUIVO \u00c9POCAS ANTERIORES<\/a><\/p>\n<p style=\"text-align: left;\"><div class=\"mks_separator\" style=\"border-bottom: 2px solid;\"><\/div>\n<p><img loading=\"lazy\" decoding=\"async\" class=\"aligncenter size-full wp-image-23246\" src=\"https:\/\/www.cri.pt\/wp-content\/uploads\/2023\/12\/2023_12_16_cri_7_1_juv_sarilhense_b_006.jpg\" alt=\"\" width=\"1280\" height=\"853\" srcset=\"https:\/\/www.cri.pt\/wp-content\/uploads\/2023\/12\/2023_12_16_cri_7_1_juv_sarilhense_b_006.jpg 1280w, https:\/\/www.cri.pt\/wp-content\/uploads\/2023\/12\/2023_12_16_cri_7_1_juv_sarilhense_b_006-300x200.jpg 300w, https:\/\/www.cri.pt\/wp-content\/uploads\/2023\/12\/2023_12_16_cri_7_1_juv_sarilhense_b_006-1024x682.jpg 1024w, https:\/\/www.cri.pt\/wp-content\/uploads\/2023\/12\/2023_12_16_cri_7_1_juv_sarilhense_b_006-768x512.jpg 768w, https:\/\/www.cri.pt\/wp-content\/uploads\/2023\/12\/2023_12_16_cri_7_1_juv_sarilhense_b_006-414x276.jpg 414w, https:\/\/www.cri.pt\/wp-content\/uploads\/2023\/12\/2023_12_16_cri_7_1_juv_sarilhense_b_006-470x313.jpg 470w, https:\/\/www.cri.pt\/wp-content\/uploads\/2023\/12\/2023_12_16_cri_7_1_juv_sarilhense_b_006-640x426.jpg 640w, https:\/\/www.cri.pt\/wp-content\/uploads\/2023\/12\/2023_12_16_cri_7_1_juv_sarilhense_b_006-130x86.jpg 130w, https:\/\/www.cri.pt\/wp-content\/uploads\/2023\/12\/2023_12_16_cri_7_1_juv_sarilhense_b_006-187x124.jpg 187w, https:\/\/www.cri.pt\/wp-content\/uploads\/2023\/12\/2023_12_16_cri_7_1_juv_sarilhense_b_006-990x660.jpg 990w\" sizes=\"auto, (max-width: 1280px) 100vw, 1280px\" \/><\/p>\n<div class=\"entry-content herald-entry-content\">\n<ul>\n<li style=\"list-style-type: none;\">\n<ul>\n<li><strong>JOGADORES<\/strong>\n<ul>\n<li><a href=\"https:\/\/www.fpf.pt\/pt\/Jogadores\/Ficha-de-Jogador\/playerId\/2134337\" target=\"_blank\" rel=\"noopener\">Afonso Pedroso<\/a> | <a href=\"https:\/\/www.fpf.pt\/pt\/Jogadores\/Ficha-de-Jogador\/playerId\/1968683\" target=\"_blank\" rel=\"noopener\">Afonso Nunes<\/a> | <a href=\"https:\/\/www.fpf.pt\/pt\/Jogadores\/Ficha-de-Jogador\/playerId\/1977454\" target=\"_blank\" rel=\"noopener\">Dinis Sim\u00f5es<\/a> | <a href=\"https:\/\/www.fpf.pt\/pt\/Jogadores\/Ficha-de-Jogador\/playerId\/2141379\" target=\"_blank\" rel=\"noopener\">Guilherme Antunes<\/a> | <a href=\"https:\/\/www.fpf.pt\/pt\/Jogadores\/Ficha-de-Jogador\/playerId\/2165034\" target=\"_blank\" rel=\"noopener\">Martim Marques<\/a> | <a href=\"https:\/\/www.fpf.pt\/pt\/Jogadores\/Ficha-de-Jogador\/playerId\/2145732\" target=\"_blank\" rel=\"noopener\">Martim Silva<\/a> | <a href=\"https:\/\/www.fpf.pt\/pt\/Jogadores\/Ficha-de-Jogador\/playerId\/2053398\" target=\"_blank\" rel=\"noopener\">Miguel Carrega<\/a> | <a href=\"https:\/\/www.fpf.pt\/pt\/Jogadores\/Ficha-de-Jogador\/playerId\/2104509\" target=\"_blank\" rel=\"noopener\">Rafael Gon\u00e7alves<\/a> | <a href=\"https:\/\/www.fpf.pt\/pt\/Jogadores\/Ficha-de-Jogador\/playerId\/2012276\" target=\"_blank\" rel=\"noopener\">Santiago Rasteiro<\/a> | <a href=\"https:\/\/www.fpf.pt\/pt\/Jogadores\/Ficha-de-Jogador\/playerId\/2066627\" target=\"_blank\" rel=\"noopener\">Tiago Almeida<\/a> | <a href=\"https:\/\/www.fpf.pt\/pt\/Jogadores\/Ficha-de-Jogador\/playerId\/2016374\" target=\"_blank\" rel=\"noopener\">Tom\u00e1s Sarilho<\/a><br \/>\n<hr \/>\n<\/li>\n<\/ul>\n<\/li>\n<li><strong>TREINADORES. DIRIGENTES. COLABORADORES<\/strong>\n<ul>\n<li>Treinador: <strong>Carlos Rijo<\/strong><br \/>\nTreinador Adjunto: <strong>Lu\u00eds Ferreira<\/strong><br \/>\nTreinador de Guarda-redes: <strong>Pedro Maria<\/strong><br \/>\nCoordenador T\u00e9cnico: <strong>Jos\u00e9 L. Medeiros<\/strong><\/li>\n<\/ul>\n<\/li>\n<li><strong>CLICAR PAR VER: <\/strong><a href=\"https:\/\/www.cri.pt\/?tag=Benjamins-A-2023\/24\">FOTOS. V\u00cdDEOS. NOT\u00cdCIAS<\/a><\/li>\n<\/ul>\n<\/li>\n<\/ul>\n<\/div>\n<div class=\"mks_separator\" style=\"border-bottom: 4px solid;\"><\/div>\n<div><strong>JOGOS OFICIAIS &#8211; A F SET\u00daBAL &#8211; 3\u00aa FASE &#8211; S\u00e9rie &#8220;E&#8221;<\/strong><\/div>\n<p>&nbsp;<\/p>\n<hr \/>\n<p>03.02.2024 <strong>CRI<\/strong> x Seixal 1925 &#8211;<a href=\"https:\/\/www.cri.pt\/?p=23513\"><strong> FOTOS<\/strong><\/a><br \/>\n10.02.2024 V. Gama &#8220;B&#8221; x <strong>CRI<br \/>\n<\/strong>17.02.2024 <strong>CRI<\/strong> x Pinhalnovense &#8220;B&#8221;<br \/>\n24.02.2024 Vinhense x <strong>CRI<br \/>\n<\/strong>02.03.2024 <strong>CRI<\/strong> x Alcacerense &#8211; <strong><a href=\"https:\/\/www.cri.pt\/?p=23696\">FOTOS<\/a><br \/>\n<\/strong>09.03.2024 Barreirense &#8220;B&#8221; x <strong>CRI<br \/>\n<\/strong>16.03.2024 <strong>CRI<\/strong> x Palmelense<br \/>\n06.04.2024 P. Pires x <strong>CRI<br \/>\n<\/strong>20.04.2024 Seixal x <strong>CRI<br \/>\n<\/strong>27.04.2024 <strong>CRI<\/strong> x V. Gama &#8220;B&#8221; &#8211; <strong><a href=\"https:\/\/www.cri.pt\/?p=24142\">FOTOS<\/a><br \/>\n<\/strong>01.05.2024 Pinhalnovense &#8220;B&#8221; x <strong>CRI<br \/>\n<\/strong>04.05.2024 <strong>CRI<\/strong> x Vinhense &#8211; <strong><a href=\"https:\/\/www.cri.pt\/?p=24197\">FOTOS<\/a><br \/>\n<\/strong>11.05.2024 Alcacerense x <strong>CRI<\/strong><\/p>\n<ul>\n<li>18.05.2024 <strong>CRI<\/strong> x Barreirense &#8220;B&#8221;<\/li>\n<li>25.05.2024 Palmelense x CRI<\/li>\n<li>08.06.2024 CRI x P. Pires<\/li>\n<\/ul>\n<div class=\"entry-content herald-entry-content\">\n<div>\n<div class=\"mks_separator\"><div class=\"mks_separator\" style=\"border-bottom: 4px solid;\"><\/div><\/div>\n<div><strong>JOGOS OFICIAIS &#8211; A F SET\u00daBAL &#8211; 2\u00aa FASE &#8211; S\u00e9rie &#8220;G&#8221;<\/strong><\/div>\n<div>\n<hr \/>\n<\/div>\n<ul>\n<li>08.12.2023 Samouquense <a href=\"https:\/\/www.zerozero.pt\/jogo.php?id=9834551\" target=\"_blank\" rel=\"noopener\">x<\/a> <strong>CRI<\/strong><\/li>\n<li>16.12.2023 <strong>CRI<\/strong> <a href=\"https:\/\/www.zerozero.pt\/jogo.php?id=9834549\" target=\"_blank\" rel=\"noopener\">x<\/a> Juv. Sarilhense &#8220;B&#8221; &#8211; <strong><a href=\"https:\/\/www.cri.pt\/?p=23244\">FOTOS<\/a><\/strong><\/li>\n<li>06.01.2024 Amora &#8220;B&#8221; x <strong>CRI<\/strong><\/li>\n<li>13.01.2024 <strong>CRI<\/strong> x Barreirense &#8220;B&#8221; &#8211; <strong><a href=\"https:\/\/www.cri.pt\/?p=23376\">FOTOS<\/a><\/strong><\/li>\n<\/ul>\n<\/div>\n<div><\/div>\n<div class=\"mks_separator\"><div class=\"mks_separator\" style=\"border-bottom: 4px solid;\"><\/div><\/div>\n<div><strong>JOGOS OFICIAIS &#8211; A F SET\u00daBAL\u00a0 &#8211; 1\u00aa FASE &#8211; S\u00e9rie &#8220;E&#8221;<\/strong><\/div>\n<div>\n<hr \/>\n<\/div>\n<\/div>\n<ul>\n<li>14.10.2023 <strong>CRI<\/strong> <a href=\"https:\/\/www.zerozero.pt\/jogo.php?id=9812874\" target=\"_blank\" rel=\"noopener\">x<\/a> Fabril &#8211; <strong><a href=\"https:\/\/www.cri.pt\/?p=22809\">FOTOS<\/a><\/strong><\/li>\n<li>21.10.2023 ADQ Conde <a href=\"https:\/\/www.zerozero.pt\/jogo.php?id=9812879\" target=\"_blank\" rel=\"noopener\">x<\/a> <strong>CRI<\/strong><\/li>\n<li>28.10.2023 <strong>CRI<\/strong> <a href=\"https:\/\/www.zerozero.pt\/jogo.php?id=9812880\" target=\"_blank\" rel=\"noopener\">x<\/a> Vinhense &#8211; <strong><a href=\"https:\/\/www.cri.pt\/?p=22872\">FOTOS<\/a><\/strong><\/li>\n<li>04.11.2023 <strong>CRI<\/strong> <a href=\"https:\/\/www.zerozero.pt\/jogo.php?id=9812883\" target=\"_blank\" rel=\"noopener\">x<\/a> B. Azeit\u00e3o &#8211; <strong><a href=\"https:\/\/www.cri.pt\/?p=22895\">FOTOS<\/a><\/strong><\/li>\n<li>11.11.2023 D. Jo\u00e3o I <a href=\"https:\/\/www.zerozero.pt\/jogo.php?id=9812887\" target=\"_blank\" rel=\"noopener\">x<\/a> <strong>CRI<\/strong><\/li>\n<\/ul>\n<div><\/div>\n<div class=\"entry-content herald-entry-content\">\n<div><\/div>\n<div><\/div>\n<div><\/div>\n<\/div>\n<div class=\"entry-content herald-entry-content\">\n<div class=\"mks_separator\" style=\"border-bottom: 4px solid;\"><\/div>\n<\/div>\n<div class=\"entry-content herald-entry-content\">\n<p>&nbsp;<\/p>\n<p>&nbsp;<\/p>\n<\/div>\n","protected":false},"excerpt":{"rendered":"<p>LINK: ARQUIVO \u00c9POCAS ANTERIORES JOGADORES Afonso Pedroso | Afonso Nunes | Dinis Sim\u00f5es | Guilherme Antunes | Martim Marques | Martim Silva | Miguel Carrega | Rafael Gon\u00e7alves | Santiago Rasteiro | Tiago Almeida | Tom\u00e1s Sarilho TREINADORES. DIRIGENTES. COLABORADORES Treinador: Carlos Rijo Treinador Adjunto: Lu\u00eds Ferreira Treinador de Guarda-redes: Pedro Maria Coordenador T\u00e9cnico: Jos\u00e9 [&hellip;]<\/p>\n","protected":false},"author":1,"featured_media":0,"parent":0,"menu_order":0,"comment_status":"closed","ping_status":"closed","template":"","meta":{"footnotes":""},"class_list":["post-22326","page","type-page","status-publish","hentry"],"_links":{"self":[{"href":"https:\/\/www.cri.pt\/index.php?rest_route=\/wp\/v2\/pages\/22326","targetHints":{"allow":["GET"]}}],"collection":[{"href":"https:\/\/www.cri.pt\/index.php?rest_route=\/wp\/v2\/pages"}],"about":[{"href":"https:\/\/www.cri.pt\/index.php?rest_route=\/wp\/v2\/types\/page"}],"author":[{"embeddable":true,"href":"https:\/\/www.cri.pt\/index.php?rest_route=\/wp\/v2\/users\/1"}],"replies":[{"embeddable":true,"href":"https:\/\/www.cri.pt\/index.php?rest_route=%2Fwp%2Fv2%2Fcomments&post=22326"}],"version-history":[{"count":23,"href":"https:\/\/www.cri.pt\/index.php?rest_route=\/wp\/v2\/pages\/22326\/revisions"}],"predecessor-version":[{"id":24249,"href":"https:\/\/www.cri.pt\/index.php?rest_route=\/wp\/v2\/pages\/22326\/revisions\/24249"}],"wp:attachment":[{"href":"https:\/\/www.cri.pt\/index.php?rest_route=%2Fwp%2Fv2%2Fmedia&parent=22326"}],"curies":[{"name":"wp","href":"https:\/\/api.w.org\/{rel}","templated":true}]}}