{"id":22328,"date":"2023-07-18T15:06:37","date_gmt":"2023-07-18T15:06:37","guid":{"rendered":"https:\/\/www.cri.pt\/?page_id=22328"},"modified":"2024-05-13T10:39:20","modified_gmt":"2024-05-13T10:39:20","slug":"2023-24-benjamins-b","status":"publish","type":"page","link":"https:\/\/www.cri.pt\/?page_id=22328","title":{"rendered":"2023\/24 BENJAMINS-B"},"content":{"rendered":"<p style=\"text-align: left;\"><div class=\"mks_separator\" style=\"border-bottom: 4px solid;\"><\/div>\n<p style=\"text-align: right;\">LINK: <a href=\"https:\/\/www.cri.pt\/?page_id=6863\">ARQUIVO \u00c9POCAS ANTERIORES<\/a><\/p>\n<p style=\"text-align: left;\"><div class=\"mks_separator\" style=\"border-bottom: 2px solid;\"><\/div>\n<p><img loading=\"lazy\" decoding=\"async\" class=\"aligncenter size-full wp-image-22863\" src=\"https:\/\/www.cri.pt\/wp-content\/uploads\/2023\/10\/2023_10_21_cri_setubal_089.jpg\" alt=\"\" width=\"1280\" height=\"853\" srcset=\"https:\/\/www.cri.pt\/wp-content\/uploads\/2023\/10\/2023_10_21_cri_setubal_089.jpg 1280w, https:\/\/www.cri.pt\/wp-content\/uploads\/2023\/10\/2023_10_21_cri_setubal_089-300x200.jpg 300w, https:\/\/www.cri.pt\/wp-content\/uploads\/2023\/10\/2023_10_21_cri_setubal_089-1024x682.jpg 1024w, https:\/\/www.cri.pt\/wp-content\/uploads\/2023\/10\/2023_10_21_cri_setubal_089-768x512.jpg 768w, https:\/\/www.cri.pt\/wp-content\/uploads\/2023\/10\/2023_10_21_cri_setubal_089-414x276.jpg 414w, https:\/\/www.cri.pt\/wp-content\/uploads\/2023\/10\/2023_10_21_cri_setubal_089-470x313.jpg 470w, https:\/\/www.cri.pt\/wp-content\/uploads\/2023\/10\/2023_10_21_cri_setubal_089-640x426.jpg 640w, https:\/\/www.cri.pt\/wp-content\/uploads\/2023\/10\/2023_10_21_cri_setubal_089-130x86.jpg 130w, https:\/\/www.cri.pt\/wp-content\/uploads\/2023\/10\/2023_10_21_cri_setubal_089-187x124.jpg 187w, https:\/\/www.cri.pt\/wp-content\/uploads\/2023\/10\/2023_10_21_cri_setubal_089-990x660.jpg 990w\" sizes=\"auto, (max-width: 1280px) 100vw, 1280px\" \/><\/p>\n<div class=\"entry-content herald-entry-content\">\n<ul>\n<li style=\"list-style-type: none;\">\n<ul>\n<li><strong>JOGADORES<\/strong>\n<ul>\n<li><a href=\"https:\/\/www.fpf.pt\/pt\/Jogadores\/Ficha-de-Jogador\/playerId\/2014151\" target=\"_blank\" rel=\"noopener\">Afonso Silva<\/a> | <a href=\"https:\/\/www.fpf.pt\/pt\/Jogadores\/Ficha-de-Jogador\/playerId\/2057423\" target=\"_blank\" rel=\"noopener\">Afonso Alegria<\/a> | <a href=\"https:\/\/www.fpf.pt\/pt\/Jogadores\/Ficha-de-Jogador\/playerId\/2110899\" target=\"_blank\" rel=\"noopener\">Andr\u00e9 Pereira<\/a> | <a href=\"https:\/\/www.fpf.pt\/pt\/Jogadores\/Ficha-de-Jogador\/playerId\/2110890\" target=\"_blank\" rel=\"noopener\">David Silva<\/a> | <a href=\"https:\/\/www.fpf.pt\/pt\/Jogadores\/Ficha-de-Jogador\/playerId\/2060163\" target=\"_blank\" rel=\"noopener\">Davide Garrido<\/a> | <a href=\"https:\/\/www.fpf.pt\/pt\/Jogadores\/Ficha-de-Jogador\/playerId\/2045899\" target=\"_blank\" rel=\"noopener\">Denis Santos<\/a> | <a href=\"https:\/\/www.fpf.pt\/pt\/Jogadores\/Ficha-de-Jogador\/playerId\/2045877\" target=\"_blank\" rel=\"noopener\">Diogo Alegria<\/a> | <a href=\"https:\/\/www.fpf.pt\/pt\/Jogadores\/Ficha-de-Jogador\/playerId\/2142898\" target=\"_blank\" rel=\"noopener\">Eric Banastrinha<\/a> | <a href=\"https:\/\/www.fpf.pt\/pt\/Jogadores\/Ficha-de-Jogador\/playerId\/1968874\" target=\"_blank\" rel=\"noopener\">Francisco Gon\u00e7alves<\/a> | <a href=\"https:\/\/www.fpf.pt\/pt\/Jogadores\/Ficha-de-Jogador\/playerId\/2045905\" target=\"_blank\" rel=\"noopener\">Gon\u00e7alo Dias<\/a> | <a href=\"https:\/\/www.fpf.pt\/pt\/Jogadores\/Ficha-de-Jogador\/playerId\/1947406\" target=\"_blank\" rel=\"noopener\">Guilherme Elias<\/a> | <a href=\"https:\/\/www.fpf.pt\/pt\/Jogadores\/Ficha-de-Jogador\/playerId\/2111136\" target=\"_blank\" rel=\"noopener\">Henrique Pereira<\/a> | <a href=\"https:\/\/www.fpf.pt\/pt\/Jogadores\/Ficha-de-Jogador\/playerId\/2057422\" target=\"_blank\" rel=\"noopener\">Henrique Alegria<\/a> | <a href=\"https:\/\/www.fpf.pt\/pt\/Jogadores\/Ficha-de-Jogador\/playerId\/1968680\" target=\"_blank\" rel=\"noopener\">Jorge Ferreira<\/a> | <a href=\"https:\/\/www.fpf.pt\/pt\/Jogadores\/Ficha-de-Jogador\/playerId\/2075977\" target=\"_blank\" rel=\"noopener\">Lino Oliveira<\/a> | <a href=\"https:\/\/www.fpf.pt\/pt\/Jogadores\/Ficha-de-Jogador\/playerId\/2045859\" target=\"_blank\" rel=\"noopener\">Martim Rodrigues<\/a> | <a href=\"https:\/\/www.fpf.pt\/pt\/Jogadores\/Ficha-de-Jogador\/playerId\/1968681\" target=\"_blank\" rel=\"noopener\">Mateus Silva<\/a> | <a href=\"https:\/\/www.fpf.pt\/pt\/Jogadores\/Ficha-de-Jogador\/playerId\/2066626\" target=\"_blank\" rel=\"noopener\">Miguel Almeida<\/a> | <a href=\"https:\/\/www.fpf.pt\/pt\/Jogadores\/Ficha-de-Jogador\/playerId\/2164009\" target=\"_blank\" rel=\"noopener\">Pedro Mota<\/a> | <a href=\"https:\/\/www.fpf.pt\/pt\/Jogadores\/Ficha-de-Jogador\/playerId\/2047730\" target=\"_blank\" rel=\"noopener\">Ronaldo Saraiva<\/a> | <a href=\"https:\/\/www.fpf.pt\/pt\/Jogadores\/Ficha-de-Jogador\/playerId\/2110882\" target=\"_blank\" rel=\"noopener\">R\u00faben Maia<\/a> | <a href=\"https:\/\/www.fpf.pt\/pt\/Jogadores\/Ficha-de-Jogador\/playerId\/2110885\" target=\"_blank\" rel=\"noopener\">Santiago Guerreiro<\/a> | <a href=\"https:\/\/www.fpf.pt\/pt\/Jogadores\/Ficha-de-Jogador\/playerId\/2045629\" target=\"_blank\" rel=\"noopener\">Edgar Zuna<\/a><\/li>\n<\/ul>\n<\/li>\n<li><strong>TREINADORES. DIRIGENTES. COLABORADORES<\/strong>\n<ul>\n<li>Treinador: <strong>Nuno Aiveca<\/strong><br \/>\nTreinador Adjunto: <strong>Samuel Silva<br \/>\n<\/strong>Treinador Estagi\u00e1rio: <strong>M\u00e1rcio Rocha<\/strong><br \/>\nTreinador de Guarda-redes: <strong>Pedro Maria<\/strong><br \/>\nCoordenador T\u00e9cnico: <strong>Jos\u00e9 L. Medeiros<\/strong><\/li>\n<\/ul>\n<\/li>\n<li><strong>CLICAR PAR VER: <\/strong><a href=\"https:\/\/www.cri.pt\/?tag=Benjamins-B-2023\/24\">FOTOS. V\u00cdDEOS. NOT\u00cdCIAS<\/a><\/li>\n<\/ul>\n<\/li>\n<\/ul>\n<\/div>\n<div class=\"mks_separator\"><div class=\"mks_separator\" style=\"border-bottom: 4px solid;\"><\/div><\/div>\n<div><a href=\"https:\/\/resultados.fpf.pt\/Competition\/Details?competitionId=24285&amp;seasonId=103\" target=\"_blank\" rel=\"noopener\"><strong>JOGOS OFICIAIS &#8211; A F SET\u00daBAL\u00a0 &#8211; 3\u00aa FASE &#8211; S\u00e9rie &#8220;C&#8221;<\/strong><\/a><\/div>\n<div><\/div>\n<div>16.03.2024 Os Pelezinhos x <strong>CRI<\/strong><\/div>\n<div>23.03.2024 <strong>CRI<\/strong> x Palmelense &#8211; <a href=\"https:\/\/www.cri.pt\/?p=23848\"><strong>FOTOS<\/strong><\/a><\/div>\n<div>06.04.2024 Juv. Sarilhense x <strong>CRI<\/strong><\/div>\n<div>13.04.2024 <strong>CRI<\/strong> x Monte Caparica &#8211; <strong><a href=\"https:\/\/www.cri.pt\/?p=24039\">FOTOS<\/a><\/strong><\/div>\n<p>04.05.2024 <strong>CRI<\/strong> x Os Pelezinhos &#8211; <strong><a href=\"https:\/\/www.cri.pt\/?p=24201\">FOTOS<\/a><br \/>\n<\/strong>11.05.2024 Palmelense x <strong>CRI<\/strong><\/p>\n<ul>\n<li>18.05.2024 CRI x Juv. Sarilhense<\/li>\n<li>25.05.2024 Monte Caparica x CRI<\/li>\n<\/ul>\n<div><\/div>\n<div><\/div>\n<div>\n<div class=\"mks_separator\"><div class=\"mks_separator\" style=\"border-bottom: 4px solid;\"><\/div><\/div>\n<div><a href=\"https:\/\/resultados.fpf.pt\/Competition\/Details?competitionId=24285&amp;seasonId=103\" target=\"_blank\" rel=\"noopener\"><strong>JOGOS OFICIAIS &#8211; A F SET\u00daBAL\u00a0 &#8211; 2\u00aa FASE &#8211; S\u00e9rie &#8220;C&#8221;<\/strong><\/a><\/div>\n<\/div>\n<p>09.12.2023 Estrela S. Andr\u00e9 x <strong>CRI<br \/>\n<\/strong>16.12.2023 <strong>CRI<\/strong> x Palmelense &#8211; <strong><a href=\"https:\/\/www.cri.pt\/?p=23249\">FOTOS<\/a><br \/>\n<\/strong>06.01.2024 Alfarim x <strong>CRI<br \/>\n<\/strong>13.01.2024 Le\u00e3o Altivo x <strong>CRI<br \/>\n<\/strong>20.01.2024 <strong>CRI<\/strong> x Ol\u00edmpico Montijo<br \/>\n03.02.2024 <strong>CRI<\/strong> x Estrela S. Andr\u00e9 &#8211; <strong><a href=\"https:\/\/www.cri.pt\/?p=23520\">FOTOS<\/a><br \/>\n<\/strong>11.02.2024 Palmelense x <strong>CRI<br \/>\n<\/strong>17.02.2024 <strong>CRI<\/strong> x Alfarim<br \/>\n24.02.2024 <strong>CRI<\/strong> x Le\u00e3o Altivo &#8211; <strong><a href=\"https:\/\/www.cri.pt\/?p=23652\">FOTOS<\/a><br \/>\n<\/strong>02.03.2024 Ol\u00edmpico Montijo x CRI<\/p>\n<div class=\"entry-content herald-entry-content\">\n<div><\/div>\n<div class=\"mks_separator\"><div class=\"mks_separator\" style=\"border-bottom: 4px solid;\"><\/div><\/div>\n<div><a href=\"https:\/\/resultados.fpf.pt\/Competition\/Details?competitionId=24285&amp;seasonId=103\" target=\"_blank\" rel=\"noopener\"><strong>JOGOS OFICIAIS &#8211; A F SET\u00daBAL\u00a0 &#8211; 1\u00aa FASE &#8211; S\u00e9rie &#8220;D&#8221;<\/strong><\/a><\/div>\n<div><\/div>\n<ul>\n<li>14.10.2023 <strong>CRI<\/strong> <a href=\"https:\/\/www.zerozero.pt\/jogo.php?id=9813758\" target=\"_blank\" rel=\"noopener\">x<\/a> Barreirense &#8211; <strong><a href=\"https:\/\/www.cri.pt\/?p=22814\">FOTOS<\/a><\/strong><\/li>\n<li>28.10.2023 Fabril <a href=\"https:\/\/www.zerozero.pt\/jogo.php?id=9813767\" target=\"_blank\" rel=\"noopener\">x<\/a> <strong>CRI &#8211; <a href=\"https:\/\/www.cri.pt\/?p=22881\">FOTOS<\/a><br \/>\n<\/strong><\/li>\n<li>04.11.2023 <strong>CRI<\/strong> <a href=\"https:\/\/www.zerozero.pt\/jogo.php?id=9813770\" target=\"_blank\" rel=\"noopener\">x<\/a> ADQ Conde &#8211; <strong><a href=\"https:\/\/www.cri.pt\/?p=22901\">FOTOS<\/a><\/strong><\/li>\n<li>11.11.2023 B. Azeit\u00e3o <a href=\"https:\/\/www.zerozero.pt\/jogo.php?id=9813763\" target=\"_blank\" rel=\"noopener\">x<\/a> <strong>CRI<\/strong><\/li>\n<li>18.11.2023 <strong>CRI<\/strong> <a href=\"https:\/\/www.zerozero.pt\/jogo.php?id=9813752\" target=\"_blank\" rel=\"noopener\">x<\/a> Vinhense<\/li>\n<li>25.11.2023 D. Jo\u00e3o I <a href=\"https:\/\/www.zerozero.pt\/jogo.php?id=9813757\" target=\"_blank\" rel=\"noopener\">x<\/a> <strong>CRI<\/strong><\/li>\n<\/ul>\n<div><\/div>\n<div><\/div>\n<\/div>\n<div class=\"entry-content herald-entry-content\">\n<div class=\"mks_separator\" style=\"border-bottom: 4px solid;\"><\/div>\n<\/div>\n<div class=\"entry-content herald-entry-content\">\n<p>&nbsp;<\/p>\n<\/div>\n<div class=\"entry-content herald-entry-content\">\n<p>&nbsp;<\/p>\n<p>&nbsp;<\/p>\n<\/div>\n","protected":false},"excerpt":{"rendered":"<p>LINK: ARQUIVO \u00c9POCAS ANTERIORES JOGADORES Afonso Silva | Afonso Alegria | Andr\u00e9 Pereira | David Silva | Davide Garrido | Denis Santos | Diogo Alegria | Eric Banastrinha | Francisco Gon\u00e7alves | Gon\u00e7alo Dias | Guilherme Elias | Henrique Pereira | Henrique Alegria | Jorge Ferreira | Lino Oliveira | Martim Rodrigues | Mateus Silva [&hellip;]<\/p>\n","protected":false},"author":1,"featured_media":0,"parent":0,"menu_order":0,"comment_status":"closed","ping_status":"closed","template":"","meta":{"footnotes":""},"class_list":["post-22328","page","type-page","status-publish","hentry"],"_links":{"self":[{"href":"https:\/\/www.cri.pt\/index.php?rest_route=\/wp\/v2\/pages\/22328","targetHints":{"allow":["GET"]}}],"collection":[{"href":"https:\/\/www.cri.pt\/index.php?rest_route=\/wp\/v2\/pages"}],"about":[{"href":"https:\/\/www.cri.pt\/index.php?rest_route=\/wp\/v2\/types\/page"}],"author":[{"embeddable":true,"href":"https:\/\/www.cri.pt\/index.php?rest_route=\/wp\/v2\/users\/1"}],"replies":[{"embeddable":true,"href":"https:\/\/www.cri.pt\/index.php?rest_route=%2Fwp%2Fv2%2Fcomments&post=22328"}],"version-history":[{"count":23,"href":"https:\/\/www.cri.pt\/index.php?rest_route=\/wp\/v2\/pages\/22328\/revisions"}],"predecessor-version":[{"id":24250,"href":"https:\/\/www.cri.pt\/index.php?rest_route=\/wp\/v2\/pages\/22328\/revisions\/24250"}],"wp:attachment":[{"href":"https:\/\/www.cri.pt\/index.php?rest_route=%2Fwp%2Fv2%2Fmedia&parent=22328"}],"curies":[{"name":"wp","href":"https:\/\/api.w.org\/{rel}","templated":true}]}}