{"id":22515,"date":"2023-08-25T18:09:32","date_gmt":"2023-08-25T18:09:32","guid":{"rendered":"https:\/\/www.cri.pt\/?page_id=22515"},"modified":"2026-02-08T13:22:27","modified_gmt":"2026-02-08T13:22:27","slug":"futebol-feminino","status":"publish","type":"page","link":"https:\/\/www.cri.pt\/?page_id=22515","title":{"rendered":"Futebol Feminino"},"content":{"rendered":"<div class=\"mks_separator\" style=\"border-bottom: 2px solid;\"><\/div>\n<div class=\"entry-content herald-entry-content\">\n<ul>\n<li>Em 2025\/26 o Clube Recreio e Instru\u00e7\u00e3o participa nos campeonatos distritais da A.F. Set\u00fabal com uma equipa de Sub-13 (futebol de 7) e prepara a entrada de uma segunda equipa para 2026\/27 e a certifica\u00e7\u00e3o FPF. <strong><a href=\"https:\/\/www.cri.pt\/?page_id=26664\">VER AQUI<\/a><\/strong><\/li>\n<\/ul>\n<\/div>\n<p><img loading=\"lazy\" decoding=\"async\" class=\"aligncenter size-full wp-image-27529\" src=\"https:\/\/www.cri.pt\/wp-content\/uploads\/2025\/11\/2025-11-01-site.jpg\" alt=\"\" width=\"1920\" height=\"1280\" srcset=\"https:\/\/www.cri.pt\/wp-content\/uploads\/2025\/11\/2025-11-01-site.jpg 1920w, https:\/\/www.cri.pt\/wp-content\/uploads\/2025\/11\/2025-11-01-site-300x200.jpg 300w, https:\/\/www.cri.pt\/wp-content\/uploads\/2025\/11\/2025-11-01-site-1024x683.jpg 1024w, https:\/\/www.cri.pt\/wp-content\/uploads\/2025\/11\/2025-11-01-site-768x512.jpg 768w, https:\/\/www.cri.pt\/wp-content\/uploads\/2025\/11\/2025-11-01-site-1536x1024.jpg 1536w, https:\/\/www.cri.pt\/wp-content\/uploads\/2025\/11\/2025-11-01-site-414x276.jpg 414w, https:\/\/www.cri.pt\/wp-content\/uploads\/2025\/11\/2025-11-01-site-470x313.jpg 470w, https:\/\/www.cri.pt\/wp-content\/uploads\/2025\/11\/2025-11-01-site-640x426.jpg 640w, https:\/\/www.cri.pt\/wp-content\/uploads\/2025\/11\/2025-11-01-site-130x86.jpg 130w, https:\/\/www.cri.pt\/wp-content\/uploads\/2025\/11\/2025-11-01-site-187x124.jpg 187w, https:\/\/www.cri.pt\/wp-content\/uploads\/2025\/11\/2025-11-01-site-990x660.jpg 990w, https:\/\/www.cri.pt\/wp-content\/uploads\/2025\/11\/2025-11-01-site-1320x880.jpg 1320w\" sizes=\"auto, (max-width: 1920px) 100vw, 1920px\" \/><\/p>\n<div class=\"entry-content herald-entry-content\">\n<ul>\n<li>Em 2024\/25 o Clube Recreio e Instru\u00e7\u00e3o participou nos campeonatos distritais da A.F. Set\u00fabal com uma equipa de Sub-13 (futebol de 7) &#8211; <a href=\"https:\/\/www.cri.pt\/?tag=Feminino-2024\/25\">VER AQUI<\/a><\/li>\n<\/ul>\n<p><img loading=\"lazy\" decoding=\"async\" class=\"aligncenter size-full wp-image-26169\" src=\"https:\/\/www.cri.pt\/wp-content\/uploads\/2025\/04\/2025_04_12_cri_3_3_adqc_009.jpg\" alt=\"\" width=\"1280\" height=\"853\" srcset=\"https:\/\/www.cri.pt\/wp-content\/uploads\/2025\/04\/2025_04_12_cri_3_3_adqc_009.jpg 1280w, https:\/\/www.cri.pt\/wp-content\/uploads\/2025\/04\/2025_04_12_cri_3_3_adqc_009-300x200.jpg 300w, https:\/\/www.cri.pt\/wp-content\/uploads\/2025\/04\/2025_04_12_cri_3_3_adqc_009-1024x682.jpg 1024w, https:\/\/www.cri.pt\/wp-content\/uploads\/2025\/04\/2025_04_12_cri_3_3_adqc_009-768x512.jpg 768w, https:\/\/www.cri.pt\/wp-content\/uploads\/2025\/04\/2025_04_12_cri_3_3_adqc_009-414x276.jpg 414w, https:\/\/www.cri.pt\/wp-content\/uploads\/2025\/04\/2025_04_12_cri_3_3_adqc_009-470x313.jpg 470w, https:\/\/www.cri.pt\/wp-content\/uploads\/2025\/04\/2025_04_12_cri_3_3_adqc_009-640x426.jpg 640w, https:\/\/www.cri.pt\/wp-content\/uploads\/2025\/04\/2025_04_12_cri_3_3_adqc_009-130x86.jpg 130w, https:\/\/www.cri.pt\/wp-content\/uploads\/2025\/04\/2025_04_12_cri_3_3_adqc_009-187x124.jpg 187w, https:\/\/www.cri.pt\/wp-content\/uploads\/2025\/04\/2025_04_12_cri_3_3_adqc_009-990x660.jpg 990w\" sizes=\"auto, (max-width: 1280px) 100vw, 1280px\" \/><\/p>\n<ul>\n<li>Em 2023\/24 o Clube Recreio e Instru\u00e7\u00e3o (re)iniciou a pr\u00e1tica do futebol feminino, um projeto em que acreditamos bastante.<\/li>\n<li>Os treinos s\u00e3o em Alhos Vedros no nosso Parque Desportivo Artur Ferreira Gouveia, \u00e0s segundas e quartas-feiras entre as 18h e as 19:30h. <strong>Inscri\u00e7\u00f5es est\u00e3o abertas.<br \/>\n<\/strong>Integram este projeto um grupo de treinadores e treinadoras com alguma experi\u00eancia de treino e at\u00e9 do jogo, pois 3 s\u00e3o ex-jogadoras, a equipa completa \u00e9:<br \/>\n<strong>Ant\u00f3nio Martins<\/strong>\u00a0(Coordenador do Futebol Feminino)<br \/>\n<strong>M\u00e1rcio Rocha, Andreia Serraninho, Carolina Westerman e In\u00eas Dias<\/strong> (treinadores).<\/li>\n<li>Ver fotos da \u00e9poca 2023\/24 <a href=\"https:\/\/www.cri.pt\/?tag=Feminino-2023\/24\">AQUI<\/a><\/li>\n<\/ul>\n<p><img loading=\"lazy\" decoding=\"async\" class=\"aligncenter size-full wp-image-24045\" src=\"https:\/\/www.cri.pt\/wp-content\/uploads\/2024\/04\/2024_04_13_cri_x_ccdba_052.jpg\" alt=\"\" width=\"1280\" height=\"853\" srcset=\"https:\/\/www.cri.pt\/wp-content\/uploads\/2024\/04\/2024_04_13_cri_x_ccdba_052.jpg 1280w, https:\/\/www.cri.pt\/wp-content\/uploads\/2024\/04\/2024_04_13_cri_x_ccdba_052-300x200.jpg 300w, https:\/\/www.cri.pt\/wp-content\/uploads\/2024\/04\/2024_04_13_cri_x_ccdba_052-1024x682.jpg 1024w, https:\/\/www.cri.pt\/wp-content\/uploads\/2024\/04\/2024_04_13_cri_x_ccdba_052-768x512.jpg 768w, https:\/\/www.cri.pt\/wp-content\/uploads\/2024\/04\/2024_04_13_cri_x_ccdba_052-414x276.jpg 414w, https:\/\/www.cri.pt\/wp-content\/uploads\/2024\/04\/2024_04_13_cri_x_ccdba_052-470x313.jpg 470w, https:\/\/www.cri.pt\/wp-content\/uploads\/2024\/04\/2024_04_13_cri_x_ccdba_052-640x426.jpg 640w, https:\/\/www.cri.pt\/wp-content\/uploads\/2024\/04\/2024_04_13_cri_x_ccdba_052-130x86.jpg 130w, https:\/\/www.cri.pt\/wp-content\/uploads\/2024\/04\/2024_04_13_cri_x_ccdba_052-187x124.jpg 187w, https:\/\/www.cri.pt\/wp-content\/uploads\/2024\/04\/2024_04_13_cri_x_ccdba_052-990x660.jpg 990w\" sizes=\"auto, (max-width: 1280px) 100vw, 1280px\" \/><\/p>\n<ul>\n<li><strong>\u00c9POCA 2023\/24<\/strong>\n<ul>\n<li><a href=\"https:\/\/www.cri.pt\/?p=22406\">Data de in\u00edcio e hor\u00e1rios dos treinos\u00a0<\/a><\/li>\n<li><strong>JOGADORAS<\/strong>\n<ul>\n<li style=\"list-style-type: none;\">\n<ul>\n<li style=\"list-style-type: none;\">\n<ul>\n<li><a href=\"https:\/\/www.fpf.pt\/pt\/Jogadores\/Ficha-de-Jogador\/playerId\/2201364\" target=\"_blank\" rel=\"noopener\">Alicia Antunes<\/a> | <a href=\"https:\/\/www.fpf.pt\/pt\/Jogadores\/Ficha-de-Jogador\/playerId\/2201551\" target=\"_blank\" rel=\"noopener\">Am\u00e9lia Abrantes<\/a> |\u00a0<a href=\"https:\/\/www.fpf.pt\/pt\/Jogadores\/Ficha-de-Jogador\/playerId\/2207828\" target=\"_blank\" rel=\"noopener\">Ariana Barros<\/a> |\u00a0 <a href=\"https:\/\/www.fpf.pt\/pt\/Jogadores\/Ficha-de-Jogador\/playerId\/2196441\" target=\"_blank\" rel=\"noopener\">Beatriz Bragan\u00e7a<\/a> | <a href=\"https:\/\/www.fpf.pt\/pt\/Jogadores\/Ficha-de-Jogador\/playerId\/2204244\" target=\"_blank\" rel=\"noopener\">Carolina Peralta<\/a> | <a href=\"https:\/\/www.fpf.pt\/pt\/Jogadores\/Ficha-de-Jogador\/playerId\/2204007\" target=\"_blank\" rel=\"noopener\">Joana Alves<\/a> |\u00a0<a href=\"https:\/\/www.fpf.pt\/pt\/Jogadores\/Ficha-de-Jogador\/playerId\/2207638\" target=\"_blank\" rel=\"noopener\">Laura Diogo<\/a> | <a href=\"https:\/\/www.fpf.pt\/pt\/Jogadores\/Ficha-de-Jogador\/playerId\/2201592\" target=\"_blank\" rel=\"noopener\">Leonor Abrantes<\/a> | <a href=\"https:\/\/www.fpf.pt\/pt\/Jogadores\/Ficha-de-Jogador\/playerId\/2201277\" target=\"_blank\" rel=\"noopener\">Leonor Estiveira<\/a> |\u00a0<a href=\"https:\/\/www.fpf.pt\/pt\/Jogadores\/Ficha-de-Jogador\/playerId\/1844425\" target=\"_blank\" rel=\"noopener\">Leonor Pina<\/a>| <a href=\"https:\/\/www.fpf.pt\/pt\/Jogadores\/Ficha-de-Jogador\/playerId\/2201545\" target=\"_blank\" rel=\"noopener\">Lia Matoso<\/a> | <a href=\"https:\/\/www.fpf.pt\/pt\/Jogadores\/Ficha-de-Jogador\/playerId\/2038510\" target=\"_blank\" rel=\"noopener\">Maria Rita Pedro<\/a> | <a href=\"https:\/\/www.fpf.pt\/pt\/Jogadores\/Ficha-de-Jogador\/playerId\/2208269\" target=\"_blank\" rel=\"noopener\">Mariana Bendinha<\/a> | <a href=\"https:\/\/www.fpf.pt\/pt\/Jogadores\/Ficha-de-Jogador\/playerId\/2145957\" target=\"_blank\" rel=\"noopener\">Marta Pires<\/a> | <a href=\"https:\/\/www.fpf.pt\/pt\/Jogadores\/Ficha-de-Jogador\/playerId\/2201385\" target=\"_blank\" rel=\"noopener\">Yasmin Antunes<\/a><\/li>\n<\/ul>\n<\/li>\n<\/ul>\n<\/li>\n<\/ul>\n<\/li>\n<\/ul>\n<\/li>\n<\/ul>\n<div class=\"mks_separator\" style=\"border-bottom: 2px solid;\"><\/div>\n<ul>\n<li style=\"list-style-type: none;\">\n<ul>\n<li><strong>TREINADORES. DIRIGENTES. COLABORADORES<\/strong>\n<ul>\n<li style=\"list-style-type: none;\">\n<ul>\n<li style=\"list-style-type: none;\">\n<ul>\n<li>Treinador: <strong>M\u00e1rcio Rocha<\/strong><\/li>\n<li>Treinadoras Adjuntas: <strong>Andreia Serraninho \/ Carolina Westerman \/ In\u00eas Dias<\/strong><\/li>\n<li>Coordenador Futebol Feminino: <strong>Ant\u00f3nio Martins<\/strong><\/li>\n<li>Coordenador T\u00e9cnico: <strong>Jos\u00e9 L. Medeiros<\/strong><\/li>\n<\/ul>\n<\/li>\n<\/ul>\n<\/li>\n<\/ul>\n<\/li>\n<\/ul>\n<\/li>\n<\/ul>\n<div class=\"mks_separator\" style=\"border-bottom: 2px solid;\"><\/div>\n<ul>\n<li style=\"list-style-type: none;\">\n<ul>\n<li><a href=\"https:\/\/www.cri.pt\/?tag=Feminino-2023\/24\"><strong>FOTOS. V\u00cdDEOS.\u00a0<\/strong><strong>NOT\u00cdCIAS<\/strong><\/a>\n<ul>\n<li><a href=\"https:\/\/www.cri.pt\/?tag=Feminino-2023\/24\">Clicar para ver<\/a><\/li>\n<\/ul>\n<\/li>\n<\/ul>\n<\/li>\n<\/ul>\n<div class=\"mks_separator\"><div class=\"mks_separator\" style=\"border-bottom: 2px solid;\"><\/div><\/div>\n<\/div>\n<div class=\"entry-content herald-entry-content\">\n<p><img loading=\"lazy\" decoding=\"async\" class=\"wp-image-22316 size-full alignnone\" src=\"https:\/\/www.cri.pt\/wp-content\/uploads\/2023\/07\/separador.jpg\" alt=\"\" width=\"960\" height=\"39\" srcset=\"https:\/\/www.cri.pt\/wp-content\/uploads\/2023\/07\/separador.jpg 960w, https:\/\/www.cri.pt\/wp-content\/uploads\/2023\/07\/separador-300x12.jpg 300w, https:\/\/www.cri.pt\/wp-content\/uploads\/2023\/07\/separador-768x31.jpg 768w\" sizes=\"auto, (max-width: 960px) 100vw, 960px\" \/><\/p>\n<p><img loading=\"lazy\" decoding=\"async\" class=\"aligncenter size-full wp-image-22369\" src=\"https:\/\/www.cri.pt\/wp-content\/uploads\/2023\/08\/captacoes_feminino_2023_24.png\" alt=\"\" width=\"731\" height=\"746\" srcset=\"https:\/\/www.cri.pt\/wp-content\/uploads\/2023\/08\/captacoes_feminino_2023_24.png 731w, https:\/\/www.cri.pt\/wp-content\/uploads\/2023\/08\/captacoes_feminino_2023_24-294x300.png 294w, https:\/\/www.cri.pt\/wp-content\/uploads\/2023\/08\/captacoes_feminino_2023_24-65x65.png 65w\" sizes=\"auto, (max-width: 731px) 100vw, 731px\" \/><\/p>\n<\/div>\n","protected":false},"excerpt":{"rendered":"<p>Em 2025\/26 o Clube Recreio e Instru\u00e7\u00e3o participa nos campeonatos distritais da A.F. Set\u00fabal com uma equipa de Sub-13 (futebol de 7) e prepara a entrada de uma segunda equipa para 2026\/27 e a certifica\u00e7\u00e3o FPF. VER AQUI Em 2024\/25 o Clube Recreio e Instru\u00e7\u00e3o participou nos campeonatos distritais da A.F. Set\u00fabal com uma equipa [&hellip;]<\/p>\n","protected":false},"author":1,"featured_media":0,"parent":0,"menu_order":0,"comment_status":"closed","ping_status":"closed","template":"","meta":{"footnotes":""},"class_list":["post-22515","page","type-page","status-publish","hentry"],"_links":{"self":[{"href":"https:\/\/www.cri.pt\/index.php?rest_route=\/wp\/v2\/pages\/22515","targetHints":{"allow":["GET"]}}],"collection":[{"href":"https:\/\/www.cri.pt\/index.php?rest_route=\/wp\/v2\/pages"}],"about":[{"href":"https:\/\/www.cri.pt\/index.php?rest_route=\/wp\/v2\/types\/page"}],"author":[{"embeddable":true,"href":"https:\/\/www.cri.pt\/index.php?rest_route=\/wp\/v2\/users\/1"}],"replies":[{"embeddable":true,"href":"https:\/\/www.cri.pt\/index.php?rest_route=%2Fwp%2Fv2%2Fcomments&post=22515"}],"version-history":[{"count":16,"href":"https:\/\/www.cri.pt\/index.php?rest_route=\/wp\/v2\/pages\/22515\/revisions"}],"predecessor-version":[{"id":28166,"href":"https:\/\/www.cri.pt\/index.php?rest_route=\/wp\/v2\/pages\/22515\/revisions\/28166"}],"wp:attachment":[{"href":"https:\/\/www.cri.pt\/index.php?rest_route=%2Fwp%2Fv2%2Fmedia&parent=22515"}],"curies":[{"name":"wp","href":"https:\/\/api.w.org\/{rel}","templated":true}]}}