{"id":23075,"date":"2023-11-29T13:51:32","date_gmt":"2023-11-29T13:51:32","guid":{"rendered":"https:\/\/www.cri.pt\/?page_id=23075"},"modified":"2023-12-01T01:35:21","modified_gmt":"2023-12-01T01:35:21","slug":"2003-04-infantis","status":"publish","type":"page","link":"https:\/\/www.cri.pt\/?page_id=23075","title":{"rendered":"2003-04 Infantis"},"content":{"rendered":"<header class=\"entry-header\">\n<h1 class=\"entry-title h1\"><img loading=\"lazy\" decoding=\"async\" class=\"aligncenter size-full wp-image-23147\" style=\"font-size: 16px;\" src=\"https:\/\/www.cri.pt\/wp-content\/uploads\/2023\/11\/CRI2003_2004.jpg\" alt=\"\" width=\"1280\" height=\"872\" srcset=\"https:\/\/www.cri.pt\/wp-content\/uploads\/2023\/11\/CRI2003_2004.jpg 1280w, https:\/\/www.cri.pt\/wp-content\/uploads\/2023\/11\/CRI2003_2004-300x204.jpg 300w, https:\/\/www.cri.pt\/wp-content\/uploads\/2023\/11\/CRI2003_2004-1024x698.jpg 1024w, https:\/\/www.cri.pt\/wp-content\/uploads\/2023\/11\/CRI2003_2004-768x523.jpg 768w, https:\/\/www.cri.pt\/wp-content\/uploads\/2023\/11\/CRI2003_2004-990x674.jpg 990w, https:\/\/www.cri.pt\/wp-content\/uploads\/2023\/11\/CRI2003_2004-379x259.jpg 379w\" sizes=\"auto, (max-width: 1280px) 100vw, 1280px\" \/><\/h1>\n<\/header>\n<div class=\"entry-content herald-entry-content\">\n<div class=\"mks_separator\"><div class=\"mks_separator\" style=\"border-bottom: 2px solid;\"><\/div><\/div>\n<p><a href=\"https:\/\/photos.app.goo.gl\/HGivs2MJ21SCeRvt5\" target=\"_blank\" rel=\"noopener\"><strong>FOTOS<\/strong><\/a><\/p>\n<div class=\"mks_separator\"><div class=\"mks_separator\" style=\"border-bottom: 2px solid;\"><\/div><\/div>\n<p><strong>JOGADORES<\/strong><\/p>\n<p><a href=\"https:\/\/www.fpf.pt\/pt\/Jogadores\/Ficha-de-Jogador\/playerId\/737351\" target=\"_blank\" rel=\"noopener\">Andr\u00e9 Carvalho<\/a> | <a href=\"https:\/\/www.fpf.pt\/pt\/Jogadores\/Ficha-de-Jogador\/playerId\/716514\" target=\"_blank\" rel=\"noopener\">Andr\u00e9 Sousa<\/a> | <a href=\"https:\/\/www.zerozero.pt\/jogador\/bruno-tiago-costa\/1231359\" target=\"_blank\" rel=\"noopener\">Bruno Costa<\/a> | <a href=\"https:\/\/www.fpf.pt\/pt\/Jogadores\/Ficha-de-Jogador\/playerId\/706333\" target=\"_blank\" rel=\"noopener\">Bruno Galamba<\/a> | <a href=\"https:\/\/www.fpf.pt\/pt\/Jogadores\/Ficha-de-Jogador\/playerId\/679340\" target=\"_blank\" rel=\"noopener\">Bruno Sim\u00f5es<\/a> | <a href=\"https:\/\/www.fpf.pt\/pt\/Jogadores\/Ficha-de-Jogador\/playerId\/749933\" target=\"_blank\" rel=\"noopener\">Carlos Neves<\/a> | <a href=\"https:\/\/www.fpf.pt\/pt\/Jogadores\/Ficha-de-Jogador\/playerId\/746167\" target=\"_blank\" rel=\"noopener\">D\u00e1rio Silva<\/a> | <a href=\"https:\/\/www.fpf.pt\/pt\/Jogadores\/Ficha-de-Jogador\/playerId\/745557\" target=\"_blank\" rel=\"noopener\">Jos\u00e9 Pedro\u00a0 Ferreira<\/a> | <a href=\"https:\/\/www.fpf.pt\/pt\/Jogadores\/Ficha-de-Jogador\/playerId\/661956\" target=\"_blank\" rel=\"noopener\">Lu\u00eds Pereira<\/a> | <a href=\"https:\/\/www.fpf.pt\/pt\/Jogadores\/Ficha-de-Jogador\/playerId\/139955\" target=\"_blank\" rel=\"noopener\">Miguel Nobre<\/a> | <a href=\"https:\/\/www.fpf.pt\/pt\/Jogadores\/Ficha-de-Jogador\/playerId\/684283\" target=\"_blank\" rel=\"noopener\">N\u00e9lson Silva<\/a> | <a href=\"https:\/\/www.fpf.pt\/pt\/Jogadores\/Ficha-de-Jogador\/playerId\/140697\" target=\"_blank\" rel=\"noopener\">Nuno Almeida<\/a> | <a href=\"https:\/\/www.fpf.pt\/pt\/Jogadores\/Ficha-de-Jogador\/playerId\/717006\" target=\"_blank\" rel=\"noopener\">Rafael Ferreira<\/a> | <a href=\"https:\/\/www.fpf.pt\/pt\/Jogadores\/Ficha-de-Jogador\/playerId\/713767\" target=\"_blank\" rel=\"noopener\">Rafael Matos<\/a> | <a href=\"https:\/\/www.fpf.pt\/pt\/Jogadores\/Ficha-de-Jogador\/playerId\/724382\" target=\"_blank\" rel=\"noopener\">R\u00faben Oliveira<\/a> | <a href=\"https:\/\/www.fpf.pt\/pt\/Jogadores\/Ficha-de-Jogador\/playerId\/690162\" target=\"_blank\" rel=\"noopener\">Rui Nogueira<\/a> | <a href=\"https:\/\/www.fpf.pt\/pt\/Jogadores\/Ficha-de-Jogador\/playerId\/706337\" target=\"_blank\" rel=\"noopener\">Tiago Costa<\/a> | <a href=\"https:\/\/www.fpf.pt\/pt\/Jogadores\/Ficha-de-Jogador\/playerId\/676140\" target=\"_blank\" rel=\"noopener\">Tiago Fa\u00edsca<\/a><\/p>\n<div class=\"mks_separator\" style=\"border-bottom: 2px solid;\"><\/div>\n<p><strong>STAFF<\/strong><\/p>\n<p>Treinador: <strong>Nuno Aiveca<\/strong><br \/>\nTreinador adjunto: <strong>V\u00edtor Carvalho<\/strong><br \/>\nDiretor: <strong>Ant\u00f3nio Oliveira<\/strong><br \/>\nMassagista:\u00a0<strong>Jos\u00e9 Ant\u00f3nio Santos<\/strong><\/p>\n<div class=\"mks_separator\"><div class=\"mks_separator\" style=\"border-bottom: 2px solid;\"><\/div><\/div>\n<p><strong>CLASSIFICA\u00c7\u00d5ES<\/strong><\/p>\n<p><img loading=\"lazy\" decoding=\"async\" class=\"alignnone wp-image-23144\" src=\"https:\/\/www.cri.pt\/wp-content\/uploads\/2023\/11\/2003_04_inf_complementar_final.jpg\" alt=\"\" width=\"360\" height=\"292\" srcset=\"https:\/\/www.cri.pt\/wp-content\/uploads\/2023\/11\/2003_04_inf_complementar_final.jpg 480w, https:\/\/www.cri.pt\/wp-content\/uploads\/2023\/11\/2003_04_inf_complementar_final-300x243.jpg 300w, https:\/\/www.cri.pt\/wp-content\/uploads\/2023\/11\/2003_04_inf_complementar_final-260x210.jpg 260w\" sizes=\"auto, (max-width: 360px) 100vw, 360px\" \/> <img loading=\"lazy\" decoding=\"async\" class=\"alignnone wp-image-23143\" src=\"https:\/\/www.cri.pt\/wp-content\/uploads\/2023\/11\/2003_04_inf_campeonoato_final.jpg\" alt=\"\" width=\"360\" height=\"317\" srcset=\"https:\/\/www.cri.pt\/wp-content\/uploads\/2023\/11\/2003_04_inf_campeonoato_final.jpg 480w, https:\/\/www.cri.pt\/wp-content\/uploads\/2023\/11\/2003_04_inf_campeonoato_final-300x264.jpg 300w\" sizes=\"auto, (max-width: 360px) 100vw, 360px\" \/><\/p>\n<\/div>\n","protected":false},"excerpt":{"rendered":"<p>FOTOS JOGADORES Andr\u00e9 Carvalho | Andr\u00e9 Sousa | Bruno Costa | Bruno Galamba | Bruno Sim\u00f5es | Carlos Neves | D\u00e1rio Silva | Jos\u00e9 Pedro\u00a0 Ferreira | Lu\u00eds Pereira | Miguel Nobre | N\u00e9lson Silva | Nuno Almeida | Rafael Ferreira | Rafael Matos | R\u00faben Oliveira | Rui Nogueira | Tiago Costa | Tiago [&hellip;]<\/p>\n","protected":false},"author":1,"featured_media":0,"parent":0,"menu_order":0,"comment_status":"closed","ping_status":"closed","template":"","meta":{"footnotes":""},"class_list":["post-23075","page","type-page","status-publish","hentry"],"_links":{"self":[{"href":"https:\/\/www.cri.pt\/index.php?rest_route=\/wp\/v2\/pages\/23075","targetHints":{"allow":["GET"]}}],"collection":[{"href":"https:\/\/www.cri.pt\/index.php?rest_route=\/wp\/v2\/pages"}],"about":[{"href":"https:\/\/www.cri.pt\/index.php?rest_route=\/wp\/v2\/types\/page"}],"author":[{"embeddable":true,"href":"https:\/\/www.cri.pt\/index.php?rest_route=\/wp\/v2\/users\/1"}],"replies":[{"embeddable":true,"href":"https:\/\/www.cri.pt\/index.php?rest_route=%2Fwp%2Fv2%2Fcomments&post=23075"}],"version-history":[{"count":9,"href":"https:\/\/www.cri.pt\/index.php?rest_route=\/wp\/v2\/pages\/23075\/revisions"}],"predecessor-version":[{"id":23175,"href":"https:\/\/www.cri.pt\/index.php?rest_route=\/wp\/v2\/pages\/23075\/revisions\/23175"}],"wp:attachment":[{"href":"https:\/\/www.cri.pt\/index.php?rest_route=%2Fwp%2Fv2%2Fmedia&parent=23075"}],"curies":[{"name":"wp","href":"https:\/\/api.w.org\/{rel}","templated":true}]}}