{"id":24432,"date":"2024-07-16T08:03:29","date_gmt":"2024-07-16T08:03:29","guid":{"rendered":"https:\/\/www.cri.pt\/?page_id=24432"},"modified":"2025-06-09T09:50:25","modified_gmt":"2025-06-09T09:50:25","slug":"2024-25-juvenis-a-sub-17","status":"publish","type":"page","link":"https:\/\/www.cri.pt\/?page_id=24432","title":{"rendered":"2024\/25 JUVENIS A (SUB-17)"},"content":{"rendered":"<header class=\"entry-header\">\n<h1 class=\"entry-title h1\"><span style=\"font-size: 16px;\"><div class=\"mks_separator\" style=\"border-bottom: 4px solid;\"><\/div><\/span><\/h1>\n<\/header>\n<div class=\"entry-content herald-entry-content\">\n<div class=\"mks_separator\"><\/div>\n<p style=\"text-align: right;\">LINK:\u00a0<a href=\"https:\/\/www.cri.pt\/?page_id=6863\">ARQUIVO \u00c9POCAS ANTERIORES<\/a><\/p>\n<div class=\"mks_separator\" style=\"border-bottom: 4px solid;\"><\/div>\n<p><img loading=\"lazy\" decoding=\"async\" class=\"aligncenter wp-image-24806 size-full\" src=\"https:\/\/www.cri.pt\/wp-content\/uploads\/2024\/10\/2024_10_12_cri_0_0_adqc_b_074.jpg\" alt=\"\" width=\"1280\" height=\"853\" srcset=\"https:\/\/www.cri.pt\/wp-content\/uploads\/2024\/10\/2024_10_12_cri_0_0_adqc_b_074.jpg 1280w, https:\/\/www.cri.pt\/wp-content\/uploads\/2024\/10\/2024_10_12_cri_0_0_adqc_b_074-300x200.jpg 300w, https:\/\/www.cri.pt\/wp-content\/uploads\/2024\/10\/2024_10_12_cri_0_0_adqc_b_074-1024x682.jpg 1024w, https:\/\/www.cri.pt\/wp-content\/uploads\/2024\/10\/2024_10_12_cri_0_0_adqc_b_074-768x512.jpg 768w, https:\/\/www.cri.pt\/wp-content\/uploads\/2024\/10\/2024_10_12_cri_0_0_adqc_b_074-414x276.jpg 414w, https:\/\/www.cri.pt\/wp-content\/uploads\/2024\/10\/2024_10_12_cri_0_0_adqc_b_074-470x313.jpg 470w, https:\/\/www.cri.pt\/wp-content\/uploads\/2024\/10\/2024_10_12_cri_0_0_adqc_b_074-640x426.jpg 640w, https:\/\/www.cri.pt\/wp-content\/uploads\/2024\/10\/2024_10_12_cri_0_0_adqc_b_074-130x86.jpg 130w, https:\/\/www.cri.pt\/wp-content\/uploads\/2024\/10\/2024_10_12_cri_0_0_adqc_b_074-187x124.jpg 187w, https:\/\/www.cri.pt\/wp-content\/uploads\/2024\/10\/2024_10_12_cri_0_0_adqc_b_074-990x660.jpg 990w\" sizes=\"auto, (max-width: 1280px) 100vw, 1280px\" \/><\/p>\n<div class=\"entry-content herald-entry-content\">\n<ul>\n<li style=\"list-style-type: none;\">\n<ul>\n<li><strong>JOGADORES<\/strong>\n<ul>\n<li><a href=\"https:\/\/www.fpf.pt\/pt\/Jogadores\/Ficha-de-Jogador\/playerId\/1821855\" target=\"_blank\" rel=\"noopener\">Afonso Canas<\/a>\u00a0 \u00a0|\u00a0 \u00a0<a href=\"https:\/\/www.fpf.pt\/pt\/Jogadores\/Ficha-de-Jogador\/playerId\/2012444\" target=\"_blank\" rel=\"noopener\">Alexandre Saraiva<\/a>\u00a0 \u00a0|\u00a0 \u00a0<a href=\"https:\/\/www.fpf.pt\/pt\/Jogadores\/Ficha-de-Jogador\/playerId\/1918310\" target=\"_blank\" rel=\"noopener\">Artur Cascalheira<\/a>\u00a0 \u00a0|\u00a0 \u00a0<a href=\"https:\/\/www.fpf.pt\/pt\/Jogadores\/Ficha-de-Jogador\/playerId\/1757784\" target=\"_blank\" rel=\"noopener\">David Nogueira<\/a>\u00a0 \u00a0|\u00a0 \u00a0<a href=\"https:\/\/www.fpf.pt\/pt\/Jogadores\/Ficha-de-Jogador\/playerId\/1824565\" target=\"_blank\" rel=\"noopener\">Duarte Madeira<\/a>\u00a0 \u00a0|\u00a0 \u00a0<a href=\"https:\/\/www.fpf.pt\/pt\/Jogadores\/Ficha-de-Jogador\/playerId\/1889644\" target=\"_blank\" rel=\"noopener\">Filipe Mateus<\/a>\u00a0 \u00a0|\u00a0 \u00a0<a href=\"https:\/\/www.fpf.pt\/pt\/Jogadores\/Ficha-de-Jogador\/playerId\/1889618\" target=\"_blank\" rel=\"noopener\">Gon\u00e7alo Praxedes<\/a>\u00a0 \u00a0|\u00a0 \u00a0<a href=\"https:\/\/www.fpf.pt\/pt\/Jogadores\/Ficha-de-Jogador\/playerId\/1821884\" target=\"_blank\" rel=\"noopener\">Guilherme Nascimento<\/a>\u00a0 \u00a0|\u00a0 \u00a0<a href=\"https:\/\/www.fpf.pt\/pt\/Jogadores\/Ficha-de-Jogador\/playerId\/1954652\" target=\"_blank\" rel=\"noopener\">Jo\u00e3o Alves<\/a>\u00a0 \u00a0|\u00a0 \u00a0<a href=\"https:\/\/www.fpf.pt\/pt\/Jogadores\/Ficha-de-Jogador\/playerId\/2012457\" target=\"_blank\" rel=\"noopener\">Martim Caldeira<\/a>\u00a0 \u00a0|\u00a0 \u00a0<a href=\"https:\/\/www.fpf.pt\/pt\/Jogadores\/Ficha-de-Jogador\/playerId\/1821846\" target=\"_blank\" rel=\"noopener\">Miguel \u00c2ngelo<\/a>\u00a0 \u00a0|\u00a0 \u00a0<a href=\"https:\/\/www.fpf.pt\/pt\/Jogadores\/Ficha-de-Jogador\/playerId\/1777008\" target=\"_blank\" rel=\"noopener\">Rafael Piedade<\/a>\u00a0 \u00a0|\u00a0 \u00a0<a href=\"https:\/\/www.fpf.pt\/pt\/Jogadores\/Ficha-de-Jogador\/playerId\/1822068\" target=\"_blank\" rel=\"noopener\">Rodrigo Estrela\u00a0<\/a> \u00a0|\u00a0 \u00a0<a href=\"https:\/\/www.fpf.pt\/pt\/Jogadores\/Ficha-de-Jogador\/playerId\/1847567\" target=\"_blank\" rel=\"noopener\">Santiago Pinto<\/a>\u00a0 \u00a0|\u00a0 \u00a0<a href=\"https:\/\/www.fpf.pt\/pt\/Jogadores\/Ficha-de-Jogador\/playerId\/1844433\" target=\"_blank\" rel=\"noopener\">Tom\u00e1s Tungumuna<\/a>\u00a0 \u00a0|\u00a0 \u00a0<a href=\"https:\/\/www.fpf.pt\/pt\/Jogadores\/Ficha-de-Jogador\/playerId\/1741939\" target=\"_blank\" rel=\"noopener\">Tom\u00e1s Loureiro<\/a><\/li>\n<\/ul>\n<\/li>\n<li><strong>TREINADORES. DIRIGENTES. COLABORADORES<\/strong>\n<ul>\n<li>Treinador: <strong>Filipe Santos<\/strong><br \/>\nTreinadores Adjuntos: <strong>Diogo Farinha e Filipe Saldanha<\/strong><br \/>\nTreinadores de Guarda-redes: <strong>Pedro Maria e Tiago Correia<\/strong><br \/>\nCoordenador T\u00e9cnico: <strong>Jos\u00e9 L. Medeiros<\/strong><\/li>\n<\/ul>\n<\/li>\n<li><strong><a href=\"https:\/\/www.cri.pt\/?tag=juvenis-2024\/25\">CLICAR PAR VER<\/a>:\u00a0<\/strong>FOTOS. V\u00cdDEOS. NOT\u00cdCIAS<\/li>\n<li><strong><a href=\"https:\/\/resultados.fpf.pt\/Competition\/Details?competitionId=26443&amp;seasonId=104\" target=\"_blank\" rel=\"noopener\">CLICAR PAR VER<\/a>:<\/strong> RESULTADOS E CLASSIFICA\u00c7\u00d5ES <strong>TA\u00c7A AF SET\u00daBAL &#8211; 2\u00aa FASE &#8211; OURO\u00a0<\/strong><\/li>\n<\/ul>\n<\/li>\n<\/ul>\n<div class=\"mks_separator\" style=\"border-bottom: 4px solid;\"><\/div>\n<p><a href=\"https:\/\/resultados.fpf.pt\/Competition\/Details?competitionId=26443&amp;seasonId=104\" target=\"_blank\" rel=\"noopener\"><strong>TA\u00c7A AF SET\u00daBAL &#8211; 2\u00aa FASE &#8211; OURO\u00a0<\/strong><\/a><\/p>\n<p>OS NOSSOS JOGOS:<\/p>\n<p>17.04.2025 Palmelense &#8220;B&#8221; 3-0 <strong>CRI\u00a0<\/strong> &#8211; <a href=\"https:\/\/resultados.fpf.pt\/Match\/GetMatchInformation?matchId=2337688\" target=\"_blank\" rel=\"noopener\">FICHA DE JOGO<\/a> &#8211; <strong><a href=\"https:\/\/www.cri.pt\/?p=26171\">FOTOS<\/a><\/strong><br \/>\n26.04.2025 <strong>CRI<\/strong> 5-1 P. Pires &#8211; <a href=\"https:\/\/resultados.fpf.pt\/Match\/GetMatchInformation?matchId=2334219\" target=\"_blank\" rel=\"noopener\">FICHA DE JOGO<\/a> &#8211; <strong><a href=\"https:\/\/www.cri.pt\/?p=26286\">FOTOS<\/a><\/strong><br \/>\n03.05.2025 Seixal &#8220;B&#8221; 6-0 <strong>CRI<\/strong> &#8211; <a href=\"https:\/\/resultados.fpf.pt\/Match\/GetMatchInformation?matchId=2334223\" target=\"_blank\" rel=\"noopener\">FICHA DE JOGO<\/a><br \/>\n10.05.2025 Pelezinhos &#8220;B&#8221; 4-2 <strong>CRI &#8211; <\/strong><a href=\"https:\/\/resultados.fpf.pt\/Match\/GetMatchInformation?matchId=2334227\" target=\"_blank\" rel=\"noopener\">FICHA DE JOGO<\/a><br \/>\n24.05.2025 <strong>CRI<\/strong> 4-0 GC Corroios &#8211; <a href=\"https:\/\/resultados.fpf.pt\/Match\/GetMatchInformation?matchId=2334228\" target=\"_blank\" rel=\"noopener\">FICHA DE JOGO<\/a><br \/>\n31.05.2025 Moitense 2-2 CRI &#8211; <a href=\"https:\/\/resultados.fpf.pt\/Match\/GetMatchInformation?matchId=2334233\">FICHA DE JOGO<\/a> &#8211; <strong><a href=\"https:\/\/www.cri.pt\/?p=26505\">FOTOS<\/a><\/strong><br \/>\n08.06.2025 <strong>CRI<\/strong> 5-0 Trafaria &#8211; <a href=\"https:\/\/resultados.fpf.pt\/Match\/GetMatchInformation?matchId=2334238\" target=\"_blank\" rel=\"noopener\">FICHA DE JOGO<\/a><\/p>\n<p><strong>CLASSIFICA\u00c7\u00c3O FINAL<\/strong><\/p>\n<p><img loading=\"lazy\" decoding=\"async\" class=\"alignnone wp-image-26518\" src=\"https:\/\/www.cri.pt\/wp-content\/uploads\/2025\/06\/JUV.jpg\" alt=\"\" width=\"360\" height=\"716\" srcset=\"https:\/\/www.cri.pt\/wp-content\/uploads\/2025\/06\/JUV.jpg 537w, https:\/\/www.cri.pt\/wp-content\/uploads\/2025\/06\/JUV-151x300.jpg 151w, https:\/\/www.cri.pt\/wp-content\/uploads\/2025\/06\/JUV-515x1024.jpg 515w\" sizes=\"auto, (max-width: 360px) 100vw, 360px\" \/><\/p>\n<\/div>\n<div class=\"mks_separator\" style=\"border-bottom: 4px solid;\"><\/div>\n<div class=\"entry-content herald-entry-content\">\n<p><a href=\"https:\/\/resultados.fpf.pt\/Competition\/Details?competitionId=26443&amp;seasonId=104\" target=\"_blank\" rel=\"noopener\"><strong>TA\u00c7A AF SET\u00daBAL &#8211; S\u00c9RIE &#8220;A&#8221; &#8211; 1\u00aa FASE<\/strong><\/a><\/p>\n<\/div>\n<\/div>\n<p>TA\u00c7A AFS &#8211; S\u00c9RIE &#8220;A&#8221; &#8211;\u00a0OS NOSSOS JOGOS:<br \/>\n18 Jan. 2025 <strong>CRI<\/strong> 3-3 Ol\u00edmpico Montijo &#8220;B&#8221; &#8211; <a href=\"https:\/\/resultados.fpf.pt\/Match\/GetMatchInformation?matchId=2290138\" target=\"_blank\" rel=\"noopener\">FICHA DE JOGO<\/a> &#8211; <strong><a href=\"https:\/\/www.cri.pt\/?p=25554\">FOTOS<\/a><br \/>\n<\/strong>1 Fev. 2025 Almada Ac 1-4 <strong>CRI &#8211; <\/strong><a href=\"https:\/\/resultados.fpf.pt\/Match\/GetMatchInformation?matchId=2290143\" target=\"_blank\" rel=\"noopener\">FICHA DE JOGO<\/a><br \/>\n8 Fev. 2025 <strong>CRI<\/strong> 1-0 ACRU Trab. Zambujalense &#8211; <a href=\"https:\/\/resultados.fpf.pt\/Match\/GetMatchInformation?matchId=2290145\" target=\"_blank\" rel=\"noopener\">FICHA DE JOGO<\/a> &#8211; <strong><a href=\"https:\/\/www.cri.pt\/?p=25665\">FOTOS<\/a><br \/>\n<\/strong>15 Fev. 2025 Palmelense FC &#8220;B&#8221; 2-1 <strong>CRI &#8211; <\/strong><a href=\"https:\/\/resultados.fpf.pt\/Match\/GetMatchInformation?matchId=2290146\" target=\"_blank\" rel=\"noopener\">FICHA DE JOGO<\/a><br \/>\n1 Mar. 2025 Ol\u00edmpico Montijo &#8220;B&#8221; 0-2 <strong>CRI <\/strong>&#8211; <a href=\"https:\/\/resultados.fpf.pt\/Match\/GetMatchInformation?matchId=2290148\" target=\"_blank\" rel=\"noopener\">FICHA DE JOGO<\/a><br \/>\n15 Mar. 2025 <strong>CRI<\/strong> 13-0 Almada AC &#8211; <a href=\"https:\/\/resultados.fpf.pt\/Match\/GetMatchInformation?matchId=2290153\" target=\"_blank\" rel=\"noopener\">FICHA DE JOGO<\/a> &#8211; <strong><a href=\"https:\/\/www.cri.pt\/?p=25943\">FOTOS<\/a><br \/>\n<\/strong>22 Mar. 2025 ACRU Trab. Zambujalense 1-2 <strong>CRI &#8211; <\/strong><a href=\"https:\/\/resultados.fpf.pt\/Match\/GetMatchInformation?matchId=2290155\" target=\"_blank\" rel=\"noopener\">FICHA DE JOGO<\/a><br \/>\n29 Mar. 2025 <strong>CRI<\/strong> 2-1 Palmelense FC &#8220;B&#8221; &#8211; <a href=\"https:\/\/resultados.fpf.pt\/Match\/GetMatchInformation?matchId=2290156\" target=\"_blank\" rel=\"noopener\">FICHA DE JOGO<\/a> &#8211; <strong><a href=\"https:\/\/www.cri.pt\/?p=26023\">FOTOS<\/a><\/strong><\/p>\n<p><strong>CLASSIFICA\u00c7\u00c3O<\/strong><\/p>\n<p><img loading=\"lazy\" decoding=\"async\" class=\"wp-image-26027 alignnone\" src=\"https:\/\/www.cri.pt\/wp-content\/uploads\/2025\/03\/SUB17.jpg\" alt=\"\" width=\"360\" height=\"541\" srcset=\"https:\/\/www.cri.pt\/wp-content\/uploads\/2025\/03\/SUB17.jpg 480w, https:\/\/www.cri.pt\/wp-content\/uploads\/2025\/03\/SUB17-200x300.jpg 200w\" sizes=\"auto, (max-width: 360px) 100vw, 360px\" \/><\/p>\n<div class=\"mks_separator\" style=\"border-bottom: 4px solid;\"><\/div>\n<div class=\"entry-content herald-entry-content\">\n<div class=\"entry-content herald-entry-content\">\n<p><strong><a href=\"https:\/\/resultados.fpf.pt\/Competition\/Details?competitionId=25634&amp;seasonId=104\" target=\"_blank\" rel=\"noopener\">CLICAR PAR VER<\/a>:<\/strong> RESULTADOS E CLASSIFICA\u00c7\u00d5ES AF SET\u00daBAL &#8220;<strong>S\u00c9RIE &#8211; C<\/strong>&#8221;<\/p>\n<p>Os nossos jogos:<\/p>\n<p>12 Out. 2024\u00a0 <strong>CRI<\/strong> 0-0 ADQC &#8220;B&#8221; <a href=\"https:\/\/resultados.fpf.pt\/Match\/GetMatchInformation?matchId=2188732\" target=\"_blank\" rel=\"noopener\">FICHA DE JOGO<\/a> &#8211; <strong><a href=\"https:\/\/www.cri.pt\/?p=24804\">FOTOS<\/a><\/strong><br \/>\n19 Out. 2024 Arrentela 3-3 <strong>CRI<\/strong> &#8211; <a href=\"https:\/\/resultados.fpf.pt\/Match\/GetMatchInformation?matchId=2188735\" target=\"_blank\" rel=\"noopener\">FICHA DE JOGO<\/a><br \/>\n26 Out. 2024,\u00a0 <strong>CRI<\/strong> 6-0 Vinhense &#8211; <a href=\"https:\/\/resultados.fpf.pt\/Match\/GetMatchInformation?matchId=2188740\" target=\"_blank\" rel=\"noopener\">FICHA DE JOGO<\/a> &#8211; <strong><a href=\"https:\/\/www.cri.pt\/?p=24943\">FOTOS<\/a><br \/>\n<\/strong>9 Nov. 2024, P. Pires 0-1 <strong>CRI<\/strong> &#8211; <a href=\"https:\/\/resultados.fpf.pt\/Match\/GetMatchInformation?matchId=2188749\" target=\"_blank\" rel=\"noopener\">FICHA DE JOGO<\/a><br \/>\n23 Nov. 2024,\u00a0 <strong>CRI<\/strong> 1-6 Seixal &#8220;B&#8221; &#8211; <a href=\"https:\/\/resultados.fpf.pt\/Match\/GetMatchInformation?matchId=2188753\" target=\"_blank\" rel=\"noopener\">FICHA DE JOGO<\/a> &#8211; <strong><a href=\"https:\/\/www.cri.pt\/?p=25202\">FOTOS<\/a><br \/>\n<\/strong>30 Nov. 2024, Santoantoniense 0-8 <strong>CRI<\/strong> &#8211; <a href=\"https:\/\/resultados.fpf.pt\/Match\/GetMatchInformation?matchId=2188757\" target=\"_blank\" rel=\"noopener\">FICHA DE JOGO<\/a><br \/>\n7 Dez. 2024,\u00a0 <strong>CRI<\/strong> 1-0 D. Jo\u00e3o &#8220;B&#8221; &#8211; <a href=\"https:\/\/resultados.fpf.pt\/Match\/GetMatchInformation?matchId=2188761\" target=\"_blank\" rel=\"noopener\">FICHA DE JOGO<\/a> &#8211; <strong><a href=\"https:\/\/www.cri.pt\/?p=25302\">FOTOS<\/a><br \/>\n<\/strong>14 Dez. 2024, Col. Atl\u00e2ntico 2-0 <strong>CRI<\/strong> <a href=\"https:\/\/resultados.fpf.pt\/Match\/GetMatchInformation?matchId=2188764\" target=\"_blank\" rel=\"noopener\">FICHA DE JOGO<\/a><\/p>\n<p>CLASSIFICA\u00c7\u00c3O FINAL &#8211; 1\u00aa FASE &#8211; S\u00c9RIE &#8220;C&#8221;<\/p>\n<p><img loading=\"lazy\" decoding=\"async\" class=\"size-full wp-image-25419 alignnone\" src=\"https:\/\/www.cri.pt\/wp-content\/uploads\/2024\/12\/CLASSFICACAO_SUB-17.jpg\" alt=\"\" width=\"360\" height=\"764\" srcset=\"https:\/\/www.cri.pt\/wp-content\/uploads\/2024\/12\/CLASSFICACAO_SUB-17.jpg 360w, https:\/\/www.cri.pt\/wp-content\/uploads\/2024\/12\/CLASSFICACAO_SUB-17-141x300.jpg 141w\" sizes=\"auto, (max-width: 360px) 100vw, 360px\" \/><\/p>\n<\/div>\n<\/div>\n","protected":false},"excerpt":{"rendered":"<p>LINK:\u00a0ARQUIVO \u00c9POCAS ANTERIORES JOGADORES Afonso Canas\u00a0 \u00a0|\u00a0 \u00a0Alexandre Saraiva\u00a0 \u00a0|\u00a0 \u00a0Artur Cascalheira\u00a0 \u00a0|\u00a0 \u00a0David Nogueira\u00a0 \u00a0|\u00a0 \u00a0Duarte Madeira\u00a0 \u00a0|\u00a0 \u00a0Filipe Mateus\u00a0 \u00a0|\u00a0 \u00a0Gon\u00e7alo Praxedes\u00a0 \u00a0|\u00a0 \u00a0Guilherme Nascimento\u00a0 \u00a0|\u00a0 \u00a0Jo\u00e3o Alves\u00a0 \u00a0|\u00a0 \u00a0Martim Caldeira\u00a0 \u00a0|\u00a0 \u00a0Miguel \u00c2ngelo\u00a0 \u00a0|\u00a0 \u00a0Rafael Piedade\u00a0 \u00a0|\u00a0 \u00a0Rodrigo Estrela\u00a0 \u00a0|\u00a0 \u00a0Santiago Pinto\u00a0 \u00a0|\u00a0 \u00a0Tom\u00e1s Tungumuna\u00a0 \u00a0|\u00a0 \u00a0Tom\u00e1s Loureiro TREINADORES. DIRIGENTES. COLABORADORES Treinador: [&hellip;]<\/p>\n","protected":false},"author":1,"featured_media":0,"parent":0,"menu_order":0,"comment_status":"closed","ping_status":"closed","template":"","meta":{"footnotes":""},"class_list":["post-24432","page","type-page","status-publish","hentry"],"_links":{"self":[{"href":"https:\/\/www.cri.pt\/index.php?rest_route=\/wp\/v2\/pages\/24432","targetHints":{"allow":["GET"]}}],"collection":[{"href":"https:\/\/www.cri.pt\/index.php?rest_route=\/wp\/v2\/pages"}],"about":[{"href":"https:\/\/www.cri.pt\/index.php?rest_route=\/wp\/v2\/types\/page"}],"author":[{"embeddable":true,"href":"https:\/\/www.cri.pt\/index.php?rest_route=\/wp\/v2\/users\/1"}],"replies":[{"embeddable":true,"href":"https:\/\/www.cri.pt\/index.php?rest_route=%2Fwp%2Fv2%2Fcomments&post=24432"}],"version-history":[{"count":33,"href":"https:\/\/www.cri.pt\/index.php?rest_route=\/wp\/v2\/pages\/24432\/revisions"}],"predecessor-version":[{"id":26519,"href":"https:\/\/www.cri.pt\/index.php?rest_route=\/wp\/v2\/pages\/24432\/revisions\/26519"}],"wp:attachment":[{"href":"https:\/\/www.cri.pt\/index.php?rest_route=%2Fwp%2Fv2%2Fmedia&parent=24432"}],"curies":[{"name":"wp","href":"https:\/\/api.w.org\/{rel}","templated":true}]}}