{"id":24436,"date":"2024-07-16T08:04:04","date_gmt":"2024-07-16T08:04:04","guid":{"rendered":"https:\/\/www.cri.pt\/?page_id=24436"},"modified":"2025-06-09T12:38:48","modified_gmt":"2025-06-09T12:38:48","slug":"2024-25-iniciados-a-sub-15","status":"publish","type":"page","link":"https:\/\/www.cri.pt\/?page_id=24436","title":{"rendered":"2024\/25 INICIADOS A (SUB-15)"},"content":{"rendered":"<header class=\"entry-header\">\n<h1 class=\"entry-title h1\"><span style=\"font-size: 16px;\"><div class=\"mks_separator\" style=\"border-bottom: 4px solid;\"><\/div><\/span><\/h1>\n<\/header>\n<div class=\"entry-content herald-entry-content\">\n<div class=\"mks_separator\"><\/div>\n<p style=\"text-align: right;\">LINK:\u00a0<a href=\"https:\/\/www.cri.pt\/?page_id=6863\">ARQUIVO \u00c9POCAS ANTERIORES<\/a><\/p>\n<div class=\"mks_separator\" style=\"border-bottom: 4px solid;\"><\/div>\n<p><img loading=\"lazy\" decoding=\"async\" class=\"aligncenter size-full wp-image-24898\" src=\"https:\/\/www.cri.pt\/wp-content\/uploads\/2024\/10\/2024_10_20_cri_1_2_adalmada_012.jpg\" alt=\"\" width=\"1280\" height=\"853\" srcset=\"https:\/\/www.cri.pt\/wp-content\/uploads\/2024\/10\/2024_10_20_cri_1_2_adalmada_012.jpg 1280w, https:\/\/www.cri.pt\/wp-content\/uploads\/2024\/10\/2024_10_20_cri_1_2_adalmada_012-300x200.jpg 300w, https:\/\/www.cri.pt\/wp-content\/uploads\/2024\/10\/2024_10_20_cri_1_2_adalmada_012-1024x682.jpg 1024w, https:\/\/www.cri.pt\/wp-content\/uploads\/2024\/10\/2024_10_20_cri_1_2_adalmada_012-768x512.jpg 768w, https:\/\/www.cri.pt\/wp-content\/uploads\/2024\/10\/2024_10_20_cri_1_2_adalmada_012-414x276.jpg 414w, https:\/\/www.cri.pt\/wp-content\/uploads\/2024\/10\/2024_10_20_cri_1_2_adalmada_012-470x313.jpg 470w, https:\/\/www.cri.pt\/wp-content\/uploads\/2024\/10\/2024_10_20_cri_1_2_adalmada_012-640x426.jpg 640w, https:\/\/www.cri.pt\/wp-content\/uploads\/2024\/10\/2024_10_20_cri_1_2_adalmada_012-130x86.jpg 130w, https:\/\/www.cri.pt\/wp-content\/uploads\/2024\/10\/2024_10_20_cri_1_2_adalmada_012-187x124.jpg 187w, https:\/\/www.cri.pt\/wp-content\/uploads\/2024\/10\/2024_10_20_cri_1_2_adalmada_012-990x660.jpg 990w\" sizes=\"auto, (max-width: 1280px) 100vw, 1280px\" \/><\/p>\n<div class=\"entry-content herald-entry-content\">\n<ul>\n<li style=\"list-style-type: none;\">\n<ul>\n<li><strong>JOGADORES<\/strong>\n<ul>\n<li><a href=\"https:\/\/www.fpf.pt\/pt\/Jogadores\/Ficha-de-Jogador\/playerId\/2048868\" target=\"_blank\" rel=\"noopener\">Afonso Marques<\/a>\u00a0 \u00a0|\u00a0 \u00a0<a href=\"https:\/\/www.fpf.pt\/pt\/Jogadores\/Ficha-de-Jogador\/playerId\/1610516\" target=\"_blank\" rel=\"noopener\">Andr\u00e9 Fialho<\/a>\u00a0 \u00a0|\u00a0 \u00a0<a href=\"https:\/\/www.fpf.pt\/pt\/Jogadores\/Ficha-de-Jogador\/playerId\/2100789\" target=\"_blank\" rel=\"noopener\">Cristiano Triboi<\/a>\u00a0 \u00a0|\u00a0 \u00a0<a href=\"https:\/\/www.fpf.pt\/pt\/Jogadores\/Ficha-de-Jogador\/playerId\/1915282\" target=\"_blank\" rel=\"noopener\">Diogo Gra\u00e7a<\/a>\u00a0 \u00a0|\u00a0 \u00a0<a href=\"https:\/\/www.fpf.pt\/pt\/Jogadores\/Ficha-de-Jogador\/playerId\/1847563\" target=\"_blank\" rel=\"noopener\">Filipe Antunes<\/a>\u00a0 \u00a0|\u00a0 \u00a0<a href=\"https:\/\/www.fpf.pt\/pt\/Jogadores\/Ficha-de-Jogador\/playerId\/1959553\" target=\"_blank\" rel=\"noopener\">Ian Vieira<\/a>\u00a0 \u00a0|\u00a0 \u00a0<a href=\"https:\/\/www.fpf.pt\/pt\/Jogadores\/Ficha-de-Jogador\/playerId\/1945030\" target=\"_blank\" rel=\"noopener\">Jo\u00e3o Raposo<\/a>\u00a0 \u00a0|\u00a0 \u00a0<a href=\"https:\/\/www.fpf.pt\/pt\/Jogadores\/Ficha-de-Jogador\/playerId\/2073305\" target=\"_blank\" rel=\"noopener\">Jo\u00e3o Novais<\/a>\u00a0 \u00a0|\u00a0 \u00a0<a href=\"https:\/\/www.fpf.pt\/pt\/Jogadores\/Ficha-de-Jogador\/playerId\/2054260\" target=\"_blank\" rel=\"noopener\">Louren\u00e7o Guerreiro<\/a>\u00a0 \u00a0|\u00a0 \u00a0<a href=\"https:\/\/www.fpf.pt\/pt\/Jogadores\/Ficha-de-Jogador\/playerId\/1830499\" target=\"_blank\" rel=\"noopener\">Lucas Mestre<\/a>\u00a0 \u00a0|\u00a0 \u00a0<a href=\"https:\/\/www.fpf.pt\/pt\/Jogadores\/Ficha-de-Jogador\/playerId\/2049728\" target=\"_blank\" rel=\"noopener\">Martim Rebeca<\/a>\u00a0 \u00a0|\u00a0 \u00a0<a href=\"https:\/\/www.fpf.pt\/pt\/Jogadores\/Ficha-de-Jogador\/playerId\/2045868\" target=\"_blank\" rel=\"noopener\">Rodrigo Nunes<\/a>\u00a0 \u00a0|\u00a0 \u00a0<a href=\"https:\/\/www.fpf.pt\/pt\/Jogadores\/Ficha-de-Jogador\/playerId\/2242308\" target=\"_blank\" rel=\"noopener\">Santiago Fel\u00edcio<\/a>\u00a0 \u00a0|\u00a0 \u00a0<a href=\"https:\/\/www.fpf.pt\/pt\/Jogadores\/Ficha-de-Jogador\/playerId\/1847551\" target=\"_blank\" rel=\"noopener\">Santiago Ramalho<\/a>\u00a0 \u00a0|\u00a0 \u00a0<a href=\"https:\/\/www.fpf.pt\/pt\/Jogadores\/Ficha-de-Jogador\/playerId\/1945036\" target=\"_blank\" rel=\"noopener\">Santiago Gomes<\/a>\u00a0 \u00a0|\u00a0 \u00a0<a href=\"https:\/\/www.fpf.pt\/pt\/Jogadores\/Ficha-de-Jogador\/playerId\/1945032\" target=\"_blank\" rel=\"noopener\">Tiago Feiteira<\/a>\u00a0 \u00a0|\u00a0 \u00a0<a href=\"https:\/\/www.fpf.pt\/pt\/Jogadores\/Ficha-de-Jogador\/playerId\/2069627\" target=\"_blank\" rel=\"noopener\">Tiago Medeiros<\/a>\u00a0 \u00a0|\u00a0 \u00a0<a href=\"https:\/\/www.fpf.pt\/pt\/Jogadores\/Ficha-de-Jogador\/playerId\/2042581\" target=\"_blank\" rel=\"noopener\">Tiago Rodrigues<\/a>\u00a0 \u00a0|\u00a0 \u00a0<a href=\"https:\/\/www.fpf.pt\/pt\/Jogadores\/Ficha-de-Jogador\/playerId\/1847569\" target=\"_blank\" rel=\"noopener\">Tom\u00e1s Elias\u00a0<\/a> \u00a0|\u00a0 \u00a0<a href=\"https:\/\/www.fpf.pt\/pt\/Jogadores\/Ficha-de-Jogador\/playerId\/1847570\" target=\"_blank\" rel=\"noopener\">Tom\u00e1s Dias<\/a>.<\/li>\n<\/ul>\n<\/li>\n<li><strong>TREINADORES. DIRIGENTES. COLABORADORES<\/strong>\n<ul>\n<li>Treinador: <strong>Nelson Velho<\/strong><br \/>\nTreinador Adjunto: <strong>Lu\u00eds Santos<\/strong><br \/>\nTreinador de Guarda-redes: <strong>Pedro Maria e Tiago Correia<br \/>\n<\/strong>Coordenador T\u00e9cnico: <strong>Jos\u00e9 L. Medeiros<\/strong><\/li>\n<\/ul>\n<\/li>\n<li><strong><a href=\"https:\/\/www.cri.pt\/?tag=iniciados-2024\/25\">CLICAR PAR VER<\/a>:\u00a0<\/strong>FOTOS. V\u00cdDEOS. NOT\u00cdCIAS<\/li>\n<li><strong><a href=\"https:\/\/resultados.fpf.pt\/Competition\/Details?competitionId=25703&amp;seasonId=104\" target=\"_blank\" rel=\"noopener\">CLICAR PAR VER<\/a>:<\/strong> RESULTADOS E CLASSIFICA\u00c7\u00d5ES AF SET\u00daBAL &#8211; 2\u00aa DIVIS\u00c3O<\/li>\n<\/ul>\n<\/li>\n<\/ul>\n<div class=\"mks_separator\" style=\"border-bottom: 4px solid;\"><\/div>\n<p>OS NOSSOS JOGOS:<\/p>\n<p>20 Out. 2024 <strong>CRI<\/strong> 1-2 Almada 2015 &#8220;B&#8221; &#8211; <a href=\"https:\/\/resultados.fpf.pt\/Match\/GetMatchInformation?matchId=2188479\" target=\"_blank\" rel=\"noopener\">FICHA DE JOGO<\/a> &#8211; <strong><a href=\"https:\/\/www.cri.pt\/?p=24896\">FOTOS<\/a><br \/>\n<\/strong>27 Out. 2024 U. Santiago 0-6 <strong>CRI<\/strong> &#8211; <a href=\"https:\/\/resultados.fpf.pt\/Match\/GetMatchInformation?matchId=2188487\" target=\"_blank\" rel=\"noopener\">FICHA DE JOGO<\/a> &#8211; <strong><a href=\"https:\/\/www.cri.pt\/?p=24970\">FOTOS<\/a><br \/>\n<\/strong>2 Nov. 2024 <strong>CRI<\/strong> 4-1 Amora &#8220;B&#8221; &#8211; <a href=\"https:\/\/resultados.fpf.pt\/Match\/GetMatchInformation?matchId=2188494\" target=\"_blank\" rel=\"noopener\">FICHA DE JOGO<\/a> &#8211; <strong><a href=\"https:\/\/www.cri.pt\/?p=25045\">FOTOS<\/a><br \/>\n<\/strong>17 Nov. 2024, BM Almada 2-3 <strong>CRI <\/strong>&#8211; <a href=\"https:\/\/resultados.fpf.pt\/Match\/GetMatchInformation?matchId=2188502\" target=\"_blank\" rel=\"noopener\">FICHA DE JOGO<\/a><br \/>\n24 Nov. 2024, <strong>CRI<\/strong> 5-1 Estrela S. Andr\u00e9 &#8211; <a href=\"https:\/\/resultados.fpf.pt\/Match\/GetMatchInformation?matchId=2188509\" target=\"_blank\" rel=\"noopener\">FICHA DE JOGO<\/a> &#8211; <strong><a href=\"https:\/\/www.cri.pt\/?p=25219\">FOTOS<\/a><br \/>\n<\/strong>1 Dez. 2024, Moitense 1-4 <strong>CRI<\/strong> &#8211; <a href=\"https:\/\/resultados.fpf.pt\/Match\/GetMatchInformation?matchId=2188517\" target=\"_blank\" rel=\"noopener\">FICHA DE JOGO<\/a><br \/>\n8 Dez. 2024, <strong>CRI<\/strong> 3-2 Grandolense &#8211; <a href=\"https:\/\/resultados.fpf.pt\/Match\/GetMatchInformation?matchId=2188524\" target=\"_blank\" rel=\"noopener\">FICHA DE JOGO<\/a><br \/>\n15 Dez. 2024, Col. Atl\u00e2ntico 3-1 <strong>CRI<\/strong> &#8211; <a href=\"https:\/\/resultados.fpf.pt\/Match\/GetMatchInformation?matchId=2188532\" target=\"_blank\" rel=\"noopener\">FICHA DE JOGO<\/a><br \/>\n22 Dez. 2024, Seixal 1925 5-0 <strong>CRI<\/strong> &#8211;\u00a0<a href=\"https:\/\/resultados.fpf.pt\/Match\/GetMatchInformation?matchId=2188539\" target=\"_blank\" rel=\"noopener\">FICHA DE JOGO<\/a><br \/>\n12 Jan. 2025, <strong>CRI<\/strong> 5-0 Pinhalnovense &#8220;B&#8221; &#8211; <a href=\"https:\/\/resultados.fpf.pt\/Match\/GetMatchInformation?matchId=2188546\" target=\"_blank\" rel=\"noopener\">FICHA DE JOGO<\/a> &#8211; <strong><a href=\"https:\/\/www.cri.pt\/?p=25511\">FOTOS<\/a><br \/>\n<\/strong>19 Jan. 2025, ADQC 2-0 <strong>CRI<\/strong> &#8211; <a href=\"https:\/\/resultados.fpf.pt\/Match\/GetMatchInformation?matchId=2188552\" target=\"_blank\" rel=\"noopener\">FICHA DE JOGO<\/a><br \/>\n26 Jan. 2025, <strong>CRI<\/strong> 4-0 Pelezinhos &#8211; <a href=\"https:\/\/resultados.fpf.pt\/Match\/GetMatchInformation?matchId=2188559\" target=\"_blank\" rel=\"noopener\">FICHA DE JOGO<\/a> &#8211; <strong><a href=\"https:\/\/www.cri.pt\/?p=25588\">FOTOS<\/a><\/strong><br \/>\n2 Fev. 2025, Pescadores CC 2-2 <strong>CRI<\/strong> &#8211; <a href=\"https:\/\/resultados.fpf.pt\/Match\/GetMatchInformation?matchId=2188565\" target=\"_blank\" rel=\"noopener\">FICHA DE JOGO<\/a><br \/>\n16 Fev. 2025, AD Almada 2015 &#8220;B&#8221; 1-2 <strong>CRI<\/strong> &#8211; <a href=\"https:\/\/resultados.fpf.pt\/Match\/GetMatchInformation?matchId=2188570\" target=\"_blank\" rel=\"noopener\">FICHA DE JOGO<\/a><br \/>\n23 Fev. 2025,\u00a0<strong>CRI<\/strong> 3-0 U.Santiago &#8211; <a href=\"https:\/\/resultados.fpf.pt\/Match\/GetMatchInformation?matchId=2188578\" target=\"_blank\" rel=\"noopener\">FICHA DE JOGO<\/a> &#8211; <strong><a href=\"https:\/\/www.cri.pt\/?p=25845\">FOTOS<\/a><br \/>\n<\/strong>2 Mar. 2025, Amora &#8220;B&#8221; 0-3 <strong>CRI<\/strong> &#8211; <a href=\"https:\/\/resultados.fpf.pt\/Match\/GetMatchInformation?matchId=2188585\" target=\"_blank\" rel=\"noopener\">FICHA DE JOGO<\/a><br \/>\n9 Mar. 2025, <strong>CRI<\/strong> 6-0 BM Almada &#8211; <a href=\"https:\/\/resultados.fpf.pt\/Match\/GetMatchInformation?matchId=2188593\" target=\"_blank\" rel=\"noopener\">FICHA DE JOGO<\/a><br \/>\n23 Mar. 2025, ES Andr\u00e9 2-4 <strong>CRI<\/strong> &#8211; <a href=\"https:\/\/resultados.fpf.pt\/Match\/GetMatchInformation?matchId=2188600\" target=\"_blank\" rel=\"noopener\">FICHA DE JOGO<\/a><br \/>\n30 Mar. 2025,\u00a0<strong>CRI<\/strong> 4-1 Moitense &#8211; <a href=\"https:\/\/resultados.fpf.pt\/Match\/GetMatchInformation?matchId=2188608\" target=\"_blank\" rel=\"noopener\">FICHA DE JOGO<\/a> &#8211; <strong><a href=\"https:\/\/www.cri.pt\/?p=26058\">FOTOS<\/a><br \/>\n<\/strong>6 Abr. 2025, Grandolense 0-3 <strong>CRI<\/strong> &#8211; <a href=\"https:\/\/resultados.fpf.pt\/Match\/GetMatchInformation?matchId=2188615\" target=\"_blank\" rel=\"noopener\">FICHA DE JOGO<\/a><br \/>\n13 Abr. 2025,\u00a0<strong>CRI<\/strong> 0-3 Col. Atl\u00e2ntico &#8211; <a href=\"https:\/\/resultados.fpf.pt\/Match\/GetMatchInformation?matchId=2188623\" target=\"_blank\" rel=\"noopener\">FICHA DE JOGO<\/a> &#8211; <strong><a href=\"https:\/\/www.cri.pt\/?p=26175\">FOTOS<\/a><br \/>\n<\/strong>27 Abr. 2025,\u00a0<strong>CRI<\/strong> 3-2 Seixal 1925 &#8211; <a href=\"https:\/\/resultados.fpf.pt\/Match\/GetMatchInformation?matchId=2188630\" target=\"_blank\" rel=\"noopener\">FICHA DE JOGO<\/a> &#8211; <strong><a href=\"https:\/\/www.cri.pt\/?p=26294\">FOTOS<\/a><\/strong><br \/>\n4 Mai. 2025, Pinhalnovense &#8220;B&#8221; 0-5 <strong>CRI<\/strong> &#8211; <a href=\"https:\/\/resultados.fpf.pt\/Match\/GetMatchInformation?matchId=2188637\" target=\"_blank\" rel=\"noopener\">FICHA DE JOGO<\/a><br \/>\n11 Mai. 2025,\u00a0<strong>CRI<\/strong> 2-1 ADQC &#8211; <a href=\"https:\/\/resultados.fpf.pt\/Match\/GetMatchInformation?matchId=2188643\" target=\"_blank\" rel=\"noopener\">FICHA DE JOGO<\/a> &#8211; <strong><a href=\"https:\/\/www.cri.pt\/?p=26374\">FOTOS<\/a><\/strong><br \/>\n18 Mai. 2025, Pelezinhos 0-1 <strong>CRI<\/strong> &#8211; <a href=\"https:\/\/resultados.fpf.pt\/Match\/GetMatchInformation?matchId=2188650\" target=\"_blank\" rel=\"noopener\">FICHA DE JOGO<\/a><br \/>\n25 Mai. 2025, <strong>CRI<\/strong> 1-1 Pescadores CC &#8211; <a href=\"https:\/\/resultados.fpf.pt\/Match\/GetMatchInformation?matchId=2188656\" target=\"_blank\" rel=\"noopener\">FICHA DE JOGO<\/a> &#8211; <strong><a href=\"https:\/\/www.cri.pt\/?p=26494\">FOTOS<\/a><\/strong><\/p>\n<p><strong>CLASSIFICA\u00c7\u00c3O FINAL<\/strong><\/p>\n<p><img loading=\"lazy\" decoding=\"async\" class=\"alignnone wp-image-26520 size-full\" src=\"https:\/\/www.cri.pt\/wp-content\/uploads\/2025\/06\/ini.jpg\" alt=\"\" width=\"360\" height=\"885\" srcset=\"https:\/\/www.cri.pt\/wp-content\/uploads\/2025\/06\/ini.jpg 360w, https:\/\/www.cri.pt\/wp-content\/uploads\/2025\/06\/ini-122x300.jpg 122w\" sizes=\"auto, (max-width: 360px) 100vw, 360px\" \/><\/p>\n<\/div>\n<\/div>\n","protected":false},"excerpt":{"rendered":"<p>LINK:\u00a0ARQUIVO \u00c9POCAS ANTERIORES JOGADORES Afonso Marques\u00a0 \u00a0|\u00a0 \u00a0Andr\u00e9 Fialho\u00a0 \u00a0|\u00a0 \u00a0Cristiano Triboi\u00a0 \u00a0|\u00a0 \u00a0Diogo Gra\u00e7a\u00a0 \u00a0|\u00a0 \u00a0Filipe Antunes\u00a0 \u00a0|\u00a0 \u00a0Ian Vieira\u00a0 \u00a0|\u00a0 \u00a0Jo\u00e3o Raposo\u00a0 \u00a0|\u00a0 \u00a0Jo\u00e3o Novais\u00a0 \u00a0|\u00a0 \u00a0Louren\u00e7o Guerreiro\u00a0 \u00a0|\u00a0 \u00a0Lucas Mestre\u00a0 \u00a0|\u00a0 \u00a0Martim Rebeca\u00a0 \u00a0|\u00a0 \u00a0Rodrigo Nunes\u00a0 \u00a0|\u00a0 \u00a0Santiago Fel\u00edcio\u00a0 \u00a0|\u00a0 \u00a0Santiago Ramalho\u00a0 \u00a0|\u00a0 \u00a0Santiago Gomes\u00a0 \u00a0|\u00a0 \u00a0Tiago Feiteira\u00a0 \u00a0|\u00a0 \u00a0Tiago Medeiros\u00a0 \u00a0|\u00a0 [&hellip;]<\/p>\n","protected":false},"author":1,"featured_media":0,"parent":0,"menu_order":0,"comment_status":"closed","ping_status":"closed","template":"","meta":{"footnotes":""},"class_list":["post-24436","page","type-page","status-publish","hentry"],"_links":{"self":[{"href":"https:\/\/www.cri.pt\/index.php?rest_route=\/wp\/v2\/pages\/24436","targetHints":{"allow":["GET"]}}],"collection":[{"href":"https:\/\/www.cri.pt\/index.php?rest_route=\/wp\/v2\/pages"}],"about":[{"href":"https:\/\/www.cri.pt\/index.php?rest_route=\/wp\/v2\/types\/page"}],"author":[{"embeddable":true,"href":"https:\/\/www.cri.pt\/index.php?rest_route=\/wp\/v2\/users\/1"}],"replies":[{"embeddable":true,"href":"https:\/\/www.cri.pt\/index.php?rest_route=%2Fwp%2Fv2%2Fcomments&post=24436"}],"version-history":[{"count":30,"href":"https:\/\/www.cri.pt\/index.php?rest_route=\/wp\/v2\/pages\/24436\/revisions"}],"predecessor-version":[{"id":26521,"href":"https:\/\/www.cri.pt\/index.php?rest_route=\/wp\/v2\/pages\/24436\/revisions\/26521"}],"wp:attachment":[{"href":"https:\/\/www.cri.pt\/index.php?rest_route=%2Fwp%2Fv2%2Fmedia&parent=24436"}],"curies":[{"name":"wp","href":"https:\/\/api.w.org\/{rel}","templated":true}]}}