{"id":24440,"date":"2024-07-16T08:05:43","date_gmt":"2024-07-16T08:05:43","guid":{"rendered":"https:\/\/www.cri.pt\/?page_id=24440"},"modified":"2025-06-28T16:02:11","modified_gmt":"2025-06-28T16:02:11","slug":"2024-25-infantis-a-sub-13","status":"publish","type":"page","link":"https:\/\/www.cri.pt\/?page_id=24440","title":{"rendered":"2024\/25 INFANTIS A (SUB-13)"},"content":{"rendered":"<header class=\"entry-header\">\n<h1 class=\"entry-title h1\"><span style=\"font-size: 16px;\"><div class=\"mks_separator\" style=\"border-bottom: 4px solid;\"><\/div><\/span><\/h1>\n<\/header>\n<div class=\"entry-content herald-entry-content\">\n<div class=\"mks_separator\"><\/div>\n<p style=\"text-align: right;\">LINK:\u00a0<a href=\"https:\/\/www.cri.pt\/?page_id=6863\">ARQUIVO \u00c9POCAS ANTERIORES<\/a><\/p>\n<div class=\"mks_separator\" style=\"border-bottom: 4px solid;\"><\/div>\n<p><img loading=\"lazy\" decoding=\"async\" class=\"aligncenter wp-image-24793 size-full\" src=\"https:\/\/www.cri.pt\/wp-content\/uploads\/2024\/10\/2024_10_12_cri_1_4_ppires_007.jpg\" alt=\"\" width=\"1280\" height=\"853\" srcset=\"https:\/\/www.cri.pt\/wp-content\/uploads\/2024\/10\/2024_10_12_cri_1_4_ppires_007.jpg 1280w, https:\/\/www.cri.pt\/wp-content\/uploads\/2024\/10\/2024_10_12_cri_1_4_ppires_007-300x200.jpg 300w, https:\/\/www.cri.pt\/wp-content\/uploads\/2024\/10\/2024_10_12_cri_1_4_ppires_007-1024x682.jpg 1024w, https:\/\/www.cri.pt\/wp-content\/uploads\/2024\/10\/2024_10_12_cri_1_4_ppires_007-768x512.jpg 768w, https:\/\/www.cri.pt\/wp-content\/uploads\/2024\/10\/2024_10_12_cri_1_4_ppires_007-414x276.jpg 414w, https:\/\/www.cri.pt\/wp-content\/uploads\/2024\/10\/2024_10_12_cri_1_4_ppires_007-470x313.jpg 470w, https:\/\/www.cri.pt\/wp-content\/uploads\/2024\/10\/2024_10_12_cri_1_4_ppires_007-640x426.jpg 640w, https:\/\/www.cri.pt\/wp-content\/uploads\/2024\/10\/2024_10_12_cri_1_4_ppires_007-130x86.jpg 130w, https:\/\/www.cri.pt\/wp-content\/uploads\/2024\/10\/2024_10_12_cri_1_4_ppires_007-187x124.jpg 187w, https:\/\/www.cri.pt\/wp-content\/uploads\/2024\/10\/2024_10_12_cri_1_4_ppires_007-990x660.jpg 990w\" sizes=\"auto, (max-width: 1280px) 100vw, 1280px\" \/><\/p>\n<div class=\"entry-content herald-entry-content\">\n<ul>\n<li style=\"list-style-type: none;\">\n<ul>\n<li><strong>JOGADORES<\/strong>\n<ul>\n<li><a href=\"https:\/\/www.fpf.pt\/pt\/Jogadores\/Ficha-de-Jogador\/playerId\/2159160\" target=\"_blank\" rel=\"noopener\">Diego Lelo<\/a> | <a href=\"https:\/\/www.fpf.pt\/pt\/Jogadores\/Ficha-de-Jogador\/playerId\/2159163\" target=\"_blank\" rel=\"noopener\">Eduardo Lan\u00e7a<\/a> | <a href=\"https:\/\/www.fpf.pt\/pt\/Jogadores\/Ficha-de-Jogador\/playerId\/2060994\" target=\"_blank\" rel=\"noopener\">Gustavo Ferreira<\/a> | <a href=\"https:\/\/www.fpf.pt\/pt\/Jogadores\/Ficha-de-Jogador\/playerId\/1973265\" target=\"_blank\" rel=\"noopener\">Martim Rebocho<\/a> | <a href=\"https:\/\/www.fpf.pt\/pt\/Jogadores\/Ficha-de-Jogador\/playerId\/2145732\" target=\"_blank\" rel=\"noopener\">Martim Silva<\/a> | <a href=\"https:\/\/www.fpf.pt\/pt\/Jogadores\/Ficha-de-Jogador\/playerId\/2042399\" target=\"_blank\" rel=\"noopener\">Matias Diniz<\/a> | <a href=\"https:\/\/www.fpf.pt\/pt\/Jogadores\/Ficha-de-Jogador\/playerId\/2135733\" target=\"_blank\" rel=\"noopener\">Micael Afonso<\/a> | <a href=\"https:\/\/www.fpf.pt\/pt\/Jogadores\/Ficha-de-Jogador\/playerId\/2063773\" target=\"_blank\" rel=\"noopener\">Pedro Oliveira<\/a> | <a href=\"https:\/\/www.fpf.pt\/pt\/Jogadores\/Ficha-de-Jogador\/playerId\/2167011\" target=\"_blank\" rel=\"noopener\">Sim\u00e3o Fatia<\/a> | <a href=\"https:\/\/www.fpf.pt\/pt\/Jogadores\/Ficha-de-Jogador\/playerId\/2066627\" target=\"_blank\" rel=\"noopener\">Tiago Almeida<\/a> | <a href=\"https:\/\/www.fpf.pt\/pt\/Jogadores\/Ficha-de-Jogador\/playerId\/2109089\" target=\"_blank\" rel=\"noopener\">Tiago Pimenta<\/a> | <a href=\"https:\/\/www.fpf.pt\/pt\/Jogadores\/Ficha-de-Jogador\/playerId\/2105795\" target=\"_blank\" rel=\"noopener\">V\u00edtor Peres<\/a><\/li>\n<\/ul>\n<\/li>\n<li><strong>TREINADORES. DIRIGENTES. COLABORADORES<\/strong>\n<ul>\n<li>Treinador: <strong>\u00c9lber Saldanha<\/strong><br \/>\nTreinadores Adjuntos: <strong>Catarina Nicolau e David Arrais<\/strong> (Estagi\u00e1rio)<br \/>\nTreinador de Guarda-redes: <strong>Pedro Maria e Tiago Correia<br \/>\n<\/strong>Coordenador T\u00e9cnico: <strong>Jos\u00e9 L. Medeiros<\/strong><\/li>\n<\/ul>\n<\/li>\n<li><strong><a href=\"https:\/\/www.cri.pt\/?tag=infantis-2024\/25\">CLICAR PAR VER<\/a>:\u00a0<\/strong>FOTOS. V\u00cdDEOS. NOT\u00cdCIAS<\/li>\n<li><strong><a href=\"https:\/\/resultados.fpf.pt\/Competition\/Details?competitionId=25559&amp;seasonId=104\" target=\"_blank\" rel=\"noopener\">CLICAR PAR VER<\/a>:<\/strong> RESULTADOS E CLASSIFICA\u00c7\u00d5ES AF SET\u00daBAL &#8211;<strong> 3\u00aa FASE &#8211; TA\u00c7A OURO<\/strong><\/li>\n<\/ul>\n<\/li>\n<\/ul>\n<div class=\"mks_separator\" style=\"border-bottom: 4px solid;\"><\/div>\n<p><strong><a href=\"https:\/\/resultados.fpf.pt\/Competition\/Details?competitionId=25559&amp;seasonId=104\" target=\"_blank\" rel=\"noopener\">CLICAR PAR VER<\/a>:<\/strong> RESULTADOS E CLASSIFICA\u00c7\u00d5ES AF SET\u00daBAL &#8211;<strong> 3\u00aa FASE &#8211; TA\u00c7A OURO<\/strong><\/p>\n<p>Os nossos jogos:<\/p>\n<p>11.01.2025 <strong>CRI<\/strong> 12-3 Palmelense &#8211; <a href=\"https:\/\/resultados.fpf.pt\/Match\/GetMatchInformation?matchId=2284757\" target=\"_blank\" rel=\"noopener\">FICHA DE JOGO<\/a> &#8211; <strong><a href=\"https:\/\/www.cri.pt\/?p=25493\">FOTOS<\/a><br \/>\n<\/strong>18.01.2025 Seixal 1925\u00a0 2-1 <strong>CRI &#8211; <\/strong><a href=\"https:\/\/resultados.fpf.pt\/Match\/GetMatchInformation?matchId=2284761\" target=\"_blank\" rel=\"noopener\">FICHA DE JOGO<\/a><br \/>\n01.02.2025 <strong>CRI<\/strong> 6-1 Amada AC &#8211; <a href=\"https:\/\/resultados.fpf.pt\/Match\/GetMatchInformation?matchId=2284767\" target=\"_blank\" rel=\"noopener\">FICHA DE JOGO<\/a> &#8211; <strong><a href=\"https:\/\/www.cri.pt\/?p=25607\">FOTOS<\/a><br \/>\n<\/strong>08.02.2025 <strong>CRI<\/strong> 2-1 Juv. Sarilhense &#8211; <a href=\"https:\/\/resultados.fpf.pt\/Match\/GetMatchInformation?matchId=2284773\" target=\"_blank\" rel=\"noopener\">FICHA DE JOGO<\/a><br \/>\n15.02.2025 Dream Talents 2-1 <strong>CRI &#8211; <\/strong><a href=\"https:\/\/resultados.fpf.pt\/Match\/GetMatchInformation?matchId=2284778\" target=\"_blank\" rel=\"noopener\">FICHA DE JOGO<\/a><br \/>\n22.02.2025 <strong>CRI<\/strong> 2-4 Zambujalense &#8211; <a href=\"https:\/\/resultados.fpf.pt\/Match\/GetMatchInformation?matchId=2284783\" target=\"_blank\" rel=\"noopener\">FICHA DE JOGO<\/a> &#8211; <a href=\"https:\/\/www.cri.pt\/?p=25825\"><strong>FOTOS<\/strong><\/a><br \/>\n01.03.2025 Pescadores CC 2-1 <strong>CRI &#8211; <\/strong><a href=\"https:\/\/resultados.fpf.pt\/Match\/GetMatchInformation?matchId=2284788\" target=\"_blank\" rel=\"noopener\">FICHA DE JOGO<\/a> &#8211; <strong><a href=\"https:\/\/www.cri.pt\/?p=25896\">FOTOS<\/a><br \/>\n<\/strong>08.03.2025 <strong>CRI<\/strong> 1-3 Fabril &#8211; <a href=\"https:\/\/resultados.fpf.pt\/Match\/GetMatchInformation?matchId=2284793\" target=\"_blank\" rel=\"noopener\">FICHA DE JOGO<\/a> &#8211; <strong><a href=\"https:\/\/www.cri.pt\/?p=25927\">FOTOS<\/a><br \/>\n<\/strong>15.03.2025 Alfarim 2-5 <strong>CRI<\/strong> &#8211; <a href=\"https:\/\/resultados.fpf.pt\/Match\/GetMatchInformation?matchId=2284798\" target=\"_blank\" rel=\"noopener\">FICHA DE JOGO<\/a> &#8211; <strong><a href=\"https:\/\/www.cri.pt\/?p=25972\">FOTOS<\/a><br \/>\n<\/strong>29.03.2025 Palmelense 1-2 <strong>CRI &#8211; <\/strong><a href=\"https:\/\/resultados.fpf.pt\/Match\/GetMatchInformation?matchId=2284802\" target=\"_blank\" rel=\"noopener\">FICHA DE JOGO<\/a> &#8211; <strong><a href=\"https:\/\/www.cri.pt\/?p=26088\">FOTOS<\/a><\/strong><br \/>\n05.04.2025 <strong>CRI<\/strong> 1-1 Seixal 1925 &#8211; <a href=\"https:\/\/resultados.fpf.pt\/Match\/GetMatchInformation?matchId=2284806\" target=\"_blank\" rel=\"noopener\">FICHA DE JOGO<\/a> &#8211; <a href=\"https:\/\/www.cri.pt\/?p=26137\"><strong>FOTOS<\/strong><\/a><br \/>\n12.04.2025 Almada AC 3-5 <strong>CRI &#8211; <\/strong><a href=\"https:\/\/resultados.fpf.pt\/Match\/GetMatchInformation?matchId=2284812\" target=\"_blank\" rel=\"noopener\">FICHA DE JOGO<\/a><strong> &#8211; <a href=\"https:\/\/www.cri.pt\/?p=26231\">FOTOS<\/a><br \/>\n<\/strong>26.04.2025 Juv. Sarilhense 2-4 <strong>CRI &#8211; <\/strong><a href=\"https:\/\/resultados.fpf.pt\/Match\/GetMatchInformation?matchId=2284818\" target=\"_blank\" rel=\"noopener\">FICHA DE JOGO<\/a><strong> &#8211; <a href=\"https:\/\/www.cri.pt\/?p=26333\">FOTOS<\/a><\/strong><br \/>\n03.05.2025 <strong>CRI<\/strong> 2-2 Dream Talents &#8211; <a href=\"https:\/\/resultados.fpf.pt\/Match\/GetMatchInformation?matchId=2284823\" target=\"_blank\" rel=\"noopener\">FICHA DE JOGO<\/a> &#8211; <a href=\"https:\/\/www.cri.pt\/?p=26349\"><strong>FOTOS<\/strong><\/a><br \/>\n10.05.2025 Zambujalense 4-3 <strong>CRI &#8211; <\/strong><a href=\"https:\/\/resultados.fpf.pt\/Match\/GetMatchInformation?matchId=2284828\" target=\"_blank\" rel=\"noopener\">FICHA DE JOGO<\/a> &#8211; <strong><a href=\"https:\/\/www.cri.pt\/?p=26382\">FOTOS<\/a><br \/>\n<\/strong>17.05.2025 <strong>CRI<\/strong> 7-1 Pescadores CC &#8211; <a href=\"https:\/\/resultados.fpf.pt\/Match\/GetMatchInformation?matchId=2284833\" target=\"_blank\" rel=\"noopener\">FICHA DE JOGO<\/a> &#8211; <strong><a href=\"https:\/\/www.cri.pt\/?p=26447\">FOTOS<\/a><\/strong><br \/>\n24.05.2025 Fabril 3-0 <strong>CRI<\/strong> &#8211; <a href=\"https:\/\/resultados.fpf.pt\/Match\/GetMatchInformation?matchId=2284838\" target=\"_blank\" rel=\"noopener\">FICHA DE JOGO<\/a> &#8211; <strong><a href=\"https:\/\/www.cri.pt\/?p=26490\">FOTOS<\/a><\/strong><br \/>\n31.05.2025 <strong>CRI<\/strong> 4-0 Alfarim &#8211; <a href=\"https:\/\/resultados.fpf.pt\/Match\/GetMatchInformation?matchId=2284843\" target=\"_blank\" rel=\"noopener\">FICHA DE JOGO<\/a> &#8211; <strong><a href=\"https:\/\/www.cri.pt\/?p=26691\">FOTOS<\/a><\/strong><\/p>\n<p>CLASSIFICA\u00c7\u00c3O<\/p>\n<p><img loading=\"lazy\" decoding=\"async\" class=\"size-full wp-image-26524 alignnone\" src=\"https:\/\/www.cri.pt\/wp-content\/uploads\/2025\/06\/SUB13.jpg\" alt=\"\" width=\"360\" height=\"647\" srcset=\"https:\/\/www.cri.pt\/wp-content\/uploads\/2025\/06\/SUB13.jpg 360w, https:\/\/www.cri.pt\/wp-content\/uploads\/2025\/06\/SUB13-167x300.jpg 167w\" sizes=\"auto, (max-width: 360px) 100vw, 360px\" \/><\/p>\n<\/div>\n<div class=\"mks_separator\" style=\"border-bottom: 4px solid;\"><\/div>\n<div class=\"entry-content herald-entry-content\">\n<p><strong><a href=\"https:\/\/resultados.fpf.pt\/Competition\/Details?competitionId=25559&amp;seasonId=104\" target=\"_blank\" rel=\"noopener\">CLICAR PAR VER<\/a>:<\/strong> RESULTADOS E CLASSIFICA\u00c7\u00d5ES AF SET\u00daBAL &#8211;<strong> 2\u00aa FASE &#8211; S\u00c9RIE B<br \/>\n<\/strong>Os nossos jogos:<br \/>\n23 nov &#8211; P. Pires 2-1 <strong>CRI<\/strong> &#8211; <a href=\"https:\/\/resultados.fpf.pt\/Match\/GetMatchInformation?matchId=2260465\" target=\"_blank\" rel=\"noopener\">FICHA DE JOGO<\/a> &#8211; <strong><a href=\"https:\/\/www.cri.pt\/?p=25252\">FOTOS<\/a><br \/>\n<\/strong>30 nov &#8211; <strong>CRI<\/strong> 7-2 Palmelense &#8211; <a href=\"https:\/\/resultados.fpf.pt\/Match\/GetMatchInformation?matchId=2260466\" target=\"_blank\" rel=\"noopener\">FICHA DE JOGO<\/a> &#8211; <strong><a href=\"https:\/\/www.cri.pt\/?p=25257\">FOTOS<\/a><br \/>\n<\/strong>14 dez &#8211; G. Corroios 5-1 <strong>CRI &#8211; <\/strong><a href=\"https:\/\/resultados.fpf.pt\/Match\/GetMatchInformation?matchId=2260469\" target=\"_blank\" rel=\"noopener\">FICHA DE JOGO<\/a> &#8211; <strong><a href=\"https:\/\/www.cri.pt\/?p=25389\">FOTOS<\/a><br \/>\n<\/strong>21 dez &#8211; <strong>CRI<\/strong> 13-0 SR Atalaiense &#8211; <a href=\"https:\/\/resultados.fpf.pt\/Match\/GetMatchInformation?matchId=2260471\" target=\"_blank\" rel=\"noopener\">FICHA DE JOGO<\/a> &#8211; <a href=\"https:\/\/www.cri.pt\/?p=25393\"><strong>FOTOS<\/strong><\/a><\/p>\n<p><strong>CLASSIFICA\u00c7\u00c3O FINAL<\/strong><\/p>\n<p><img loading=\"lazy\" decoding=\"async\" class=\"size-full wp-image-25422 alignnone\" src=\"https:\/\/www.cri.pt\/wp-content\/uploads\/2024\/12\/CLASSFICACAO_SUB_13.jpg\" alt=\"\" width=\"360\" height=\"504\" srcset=\"https:\/\/www.cri.pt\/wp-content\/uploads\/2024\/12\/CLASSFICACAO_SUB_13.jpg 360w, https:\/\/www.cri.pt\/wp-content\/uploads\/2024\/12\/CLASSFICACAO_SUB_13-214x300.jpg 214w\" sizes=\"auto, (max-width: 360px) 100vw, 360px\" \/><\/p>\n<div class=\"mks_separator\" style=\"border-bottom: 4px solid;\"><\/div>\n<p><strong><a href=\"https:\/\/resultados.fpf.pt\/Competition\/Details?competitionId=25559&amp;seasonId=104\" target=\"_blank\" rel=\"noopener\">CLICAR PAR VER<\/a>:<\/strong> RESULTADOS E CLASSIFICA\u00c7\u00d5ES AF SET\u00daBAL &#8211; <strong>1\u00aa FASE &#8211; S\u00c9RIE C<\/strong><\/p>\n<p>28 Set. 2024 <strong>CRI<\/strong> 4-2 Vinhense &#8211; <a href=\"https:\/\/resultados.fpf.pt\/Match\/GetMatchInformation?matchId=2182852\" target=\"_blank\" rel=\"noopener\">FICHA DE JOGO<\/a><br \/>\n5 Out. 2024, CCDB Azeit\u00e3o 1-7 <strong>CRI<\/strong> &#8211; <a href=\"https:\/\/resultados.fpf.pt\/Match\/GetMatchInformation?matchId=2182854\" target=\"_blank\" rel=\"noopener\">FICHA DE JOGO<\/a><br \/>\n12 Out. 2024 <strong>CRI<\/strong> 1-4 P.Pires\u00a0 \u00a0&#8211; <a href=\"https:\/\/resultados.fpf.pt\/Match\/GetMatchInformation?matchId=2182858\" target=\"_blank\" rel=\"noopener\">FICHA DE JOGO<\/a> &#8211; <strong><a href=\"https:\/\/www.cri.pt\/?p=24791\">FOTOS<\/a><\/strong><br \/>\n19 Out. 2024 <strong>CRI<\/strong> 3-11 Col. Atl\u00e2ntico &#8211; <a href=\"https:\/\/resultados.fpf.pt\/Match\/GetMatchInformation?matchId=2182862\" target=\"_blank\" rel=\"noopener\">FICHA DE JOGO<\/a> &#8211; <strong><a href=\"https:\/\/www.cri.pt\/?p=24872\">FOTOS<\/a><\/strong><br \/>\n26 Out. 2024 Fabril 8-0 <strong>CRI &#8211; <a href=\"https:\/\/resultados.fpf.pt\/Match\/GetMatchInformation?matchId=2182865\" target=\"_blank\" rel=\"noopener\">FICHA<\/a><\/strong> <a href=\"https:\/\/resultados.fpf.pt\/Match\/GetMatchInformation?matchId=2182865\" target=\"_blank\" rel=\"noopener\">DE<\/a><strong><a href=\"https:\/\/resultados.fpf.pt\/Match\/GetMatchInformation?matchId=2182865\" target=\"_blank\" rel=\"noopener\"> JOGO<\/a><\/strong><\/p>\n<p><strong>CLASSIFICA\u00c7\u00c3O FINAL<\/strong><\/p>\n<p><img loading=\"lazy\" decoding=\"async\" class=\"alignnone wp-image-25231\" src=\"https:\/\/www.cri.pt\/wp-content\/uploads\/2024\/11\/SUB_13.jpg\" alt=\"\" width=\"360\" height=\"569\" srcset=\"https:\/\/www.cri.pt\/wp-content\/uploads\/2024\/11\/SUB_13.jpg 480w, https:\/\/www.cri.pt\/wp-content\/uploads\/2024\/11\/SUB_13-190x300.jpg 190w\" sizes=\"auto, (max-width: 360px) 100vw, 360px\" \/><\/p>\n<p>&nbsp;<\/p>\n<\/div>\n<\/div>\n","protected":false},"excerpt":{"rendered":"<p>LINK:\u00a0ARQUIVO \u00c9POCAS ANTERIORES JOGADORES Diego Lelo | Eduardo Lan\u00e7a | Gustavo Ferreira | Martim Rebocho | Martim Silva | Matias Diniz | Micael Afonso | Pedro Oliveira | Sim\u00e3o Fatia | Tiago Almeida | Tiago Pimenta | V\u00edtor Peres TREINADORES. DIRIGENTES. COLABORADORES Treinador: \u00c9lber Saldanha Treinadores Adjuntos: Catarina Nicolau e David Arrais (Estagi\u00e1rio) Treinador de [&hellip;]<\/p>\n","protected":false},"author":1,"featured_media":0,"parent":0,"menu_order":0,"comment_status":"closed","ping_status":"closed","template":"","meta":{"footnotes":""},"class_list":["post-24440","page","type-page","status-publish","hentry"],"_links":{"self":[{"href":"https:\/\/www.cri.pt\/index.php?rest_route=\/wp\/v2\/pages\/24440","targetHints":{"allow":["GET"]}}],"collection":[{"href":"https:\/\/www.cri.pt\/index.php?rest_route=\/wp\/v2\/pages"}],"about":[{"href":"https:\/\/www.cri.pt\/index.php?rest_route=\/wp\/v2\/types\/page"}],"author":[{"embeddable":true,"href":"https:\/\/www.cri.pt\/index.php?rest_route=\/wp\/v2\/users\/1"}],"replies":[{"embeddable":true,"href":"https:\/\/www.cri.pt\/index.php?rest_route=%2Fwp%2Fv2%2Fcomments&post=24440"}],"version-history":[{"count":38,"href":"https:\/\/www.cri.pt\/index.php?rest_route=\/wp\/v2\/pages\/24440\/revisions"}],"predecessor-version":[{"id":26695,"href":"https:\/\/www.cri.pt\/index.php?rest_route=\/wp\/v2\/pages\/24440\/revisions\/26695"}],"wp:attachment":[{"href":"https:\/\/www.cri.pt\/index.php?rest_route=%2Fwp%2Fv2%2Fmedia&parent=24440"}],"curies":[{"name":"wp","href":"https:\/\/api.w.org\/{rel}","templated":true}]}}