{"id":24462,"date":"2024-07-16T08:10:38","date_gmt":"2024-07-16T08:10:38","guid":{"rendered":"https:\/\/www.cri.pt\/?page_id=24462"},"modified":"2025-06-09T13:19:44","modified_gmt":"2025-06-09T13:19:44","slug":"2024-25-infantis-feminino-sub-13","status":"publish","type":"page","link":"https:\/\/www.cri.pt\/?page_id=24462","title":{"rendered":"2024\/25 FEMININO (INFANTIS SUB-13)"},"content":{"rendered":"<header class=\"entry-header\">\n<h1 class=\"entry-title h1\"><span style=\"font-size: 16px;\"><div class=\"mks_separator\" style=\"border-bottom: 4px solid;\"><\/div><\/span><\/h1>\n<\/header>\n<div class=\"entry-content herald-entry-content\">\n<div class=\"mks_separator\"><\/div>\n<p style=\"text-align: right;\">LINK:\u00a0<a href=\"https:\/\/www.cri.pt\/?page_id=6863\">ARQUIVO \u00c9POCAS ANTERIORES<\/a><\/p>\n<div class=\"mks_separator\" style=\"border-bottom: 4px solid;\"><\/div>\n<p><img loading=\"lazy\" decoding=\"async\" class=\"aligncenter wp-image-24876 size-full\" src=\"https:\/\/www.cri.pt\/wp-content\/uploads\/2024\/10\/2024_10_19_cri_0_2_adalmada2015_016.jpg\" alt=\"\" width=\"1280\" height=\"853\" srcset=\"https:\/\/www.cri.pt\/wp-content\/uploads\/2024\/10\/2024_10_19_cri_0_2_adalmada2015_016.jpg 1280w, https:\/\/www.cri.pt\/wp-content\/uploads\/2024\/10\/2024_10_19_cri_0_2_adalmada2015_016-300x200.jpg 300w, https:\/\/www.cri.pt\/wp-content\/uploads\/2024\/10\/2024_10_19_cri_0_2_adalmada2015_016-1024x682.jpg 1024w, https:\/\/www.cri.pt\/wp-content\/uploads\/2024\/10\/2024_10_19_cri_0_2_adalmada2015_016-768x512.jpg 768w, https:\/\/www.cri.pt\/wp-content\/uploads\/2024\/10\/2024_10_19_cri_0_2_adalmada2015_016-414x276.jpg 414w, https:\/\/www.cri.pt\/wp-content\/uploads\/2024\/10\/2024_10_19_cri_0_2_adalmada2015_016-470x313.jpg 470w, https:\/\/www.cri.pt\/wp-content\/uploads\/2024\/10\/2024_10_19_cri_0_2_adalmada2015_016-640x426.jpg 640w, https:\/\/www.cri.pt\/wp-content\/uploads\/2024\/10\/2024_10_19_cri_0_2_adalmada2015_016-130x86.jpg 130w, https:\/\/www.cri.pt\/wp-content\/uploads\/2024\/10\/2024_10_19_cri_0_2_adalmada2015_016-187x124.jpg 187w, https:\/\/www.cri.pt\/wp-content\/uploads\/2024\/10\/2024_10_19_cri_0_2_adalmada2015_016-990x660.jpg 990w\" sizes=\"auto, (max-width: 1280px) 100vw, 1280px\" \/><\/p>\n<p><img loading=\"lazy\" decoding=\"async\" class=\"aligncenter size-full wp-image-25005\" src=\"https:\/\/www.cri.pt\/wp-content\/uploads\/2024\/11\/2024_11_02_cri_0_9_amora_008.jpg\" alt=\"\" width=\"1280\" height=\"853\" srcset=\"https:\/\/www.cri.pt\/wp-content\/uploads\/2024\/11\/2024_11_02_cri_0_9_amora_008.jpg 1280w, https:\/\/www.cri.pt\/wp-content\/uploads\/2024\/11\/2024_11_02_cri_0_9_amora_008-300x200.jpg 300w, https:\/\/www.cri.pt\/wp-content\/uploads\/2024\/11\/2024_11_02_cri_0_9_amora_008-1024x682.jpg 1024w, https:\/\/www.cri.pt\/wp-content\/uploads\/2024\/11\/2024_11_02_cri_0_9_amora_008-768x512.jpg 768w, https:\/\/www.cri.pt\/wp-content\/uploads\/2024\/11\/2024_11_02_cri_0_9_amora_008-414x276.jpg 414w, https:\/\/www.cri.pt\/wp-content\/uploads\/2024\/11\/2024_11_02_cri_0_9_amora_008-470x313.jpg 470w, https:\/\/www.cri.pt\/wp-content\/uploads\/2024\/11\/2024_11_02_cri_0_9_amora_008-640x426.jpg 640w, https:\/\/www.cri.pt\/wp-content\/uploads\/2024\/11\/2024_11_02_cri_0_9_amora_008-130x86.jpg 130w, https:\/\/www.cri.pt\/wp-content\/uploads\/2024\/11\/2024_11_02_cri_0_9_amora_008-187x124.jpg 187w, https:\/\/www.cri.pt\/wp-content\/uploads\/2024\/11\/2024_11_02_cri_0_9_amora_008-990x660.jpg 990w\" sizes=\"auto, (max-width: 1280px) 100vw, 1280px\" \/><\/p>\n<div class=\"entry-content herald-entry-content\">\n<ul>\n<li style=\"list-style-type: none;\">\n<ul>\n<li><strong>JOGADORAS<\/strong>\n<ul>\n<li><a href=\"https:\/\/www.fpf.pt\/pt\/Jogadores\/Ficha-de-Jogador\/playerId\/2201364\" target=\"_blank\" rel=\"noopener\">Al\u00edcia Antunes<\/a>\u00a0 \u00a0|\u00a0 \u00a0<a href=\"https:\/\/www.fpf.pt\/pt\/Jogadores\/Ficha-de-Jogador\/playerId\/2201551\" target=\"_blank\" rel=\"noopener\">Am\u00e9lia Abrantes<\/a>\u00a0 \u00a0|\u00a0 \u00a0<a href=\"https:\/\/www.fpf.pt\/pt\/Jogadores\/Ficha-de-Jogador\/playerId\/2207828\" target=\"_blank\" rel=\"noopener\">Ariana Barros<\/a>\u00a0 \u00a0|\u00a0 \u00a0<a href=\"https:\/\/www.fpf.pt\/pt\/Jogadores\/Ficha-de-Jogador\/playerId\/2196441\" target=\"_blank\" rel=\"noopener\">Beatriz Bragan\u00e7a<\/a>\u00a0 \u00a0|\u00a0 \u00a0<a href=\"https:\/\/www.fpf.pt\/pt\/Jogadores\/Ficha-de-Jogador\/playerId\/2239026\" target=\"_blank\" rel=\"noopener\">Carolina Nunes<\/a>\u00a0 \u00a0|\u00a0 \u00a0<a href=\"https:\/\/www.fpf.pt\/pt\/Jogadores\/Ficha-de-Jogador\/playerId\/2204244\" target=\"_blank\" rel=\"noopener\">Carolina Peralta<\/a>\u00a0 \u00a0|\u00a0 \u00a0<a href=\"https:\/\/www.fpf.pt\/pt\/Jogadores\/Ficha-de-Jogador\/playerId\/2257865\" target=\"_blank\" rel=\"noopener\">Iara Oliveira<\/a>\u00a0 \u00a0|\u00a0 <a href=\"https:\/\/www.fpf.pt\/pt\/Jogadores\/Ficha-de-Jogador\/playerId\/2238491\" target=\"_blank\" rel=\"noopener\">\u00a0In\u00eas Aiveca<\/a>\u00a0 \u00a0|\u00a0 \u00a0<a href=\"https:\/\/www.fpf.pt\/pt\/Jogadores\/Ficha-de-Jogador\/playerId\/2204007\" target=\"_blank\" rel=\"noopener\">Joana Alves\u00a0<\/a> \u00a0|\u00a0 \u00a0<a href=\"https:\/\/www.fpf.pt\/pt\/Jogadores\/Ficha-de-Jogador\/playerId\/2201592\" target=\"_blank\" rel=\"noopener\">Leonor Abrantes<\/a>\u00a0 \u00a0|\u00a0 \u00a0<a href=\"https:\/\/www.fpf.pt\/pt\/Jogadores\/Ficha-de-Jogador\/playerId\/2201277\" target=\"_blank\" rel=\"noopener\">Leonor Estiveira<\/a>\u00a0 \u00a0|\u00a0 \u00a0<a href=\"https:\/\/www.fpf.pt\/pt\/Jogadores\/Ficha-de-Jogador\/playerId\/1957712\" target=\"_blank\" rel=\"noopener\">Leonor Mendon\u00e7a\u00a0<\/a> \u00a0|\u00a0 \u00a0<a href=\"https:\/\/www.fpf.pt\/pt\/Jogadores\/Ficha-de-Jogador\/playerId\/2238460\" target=\"_blank\" rel=\"noopener\">Let\u00edcia Pereira<\/a>\u00a0 \u00a0|\u00a0 \u00a0<a href=\"https:\/\/www.fpf.pt\/pt\/Jogadores\/Ficha-de-Jogador\/playerId\/2208269\" target=\"_blank\" rel=\"noopener\">Mariana Bendinha<\/a>\u00a0 \u00a0|\u00a0 <a href=\"https:\/\/www.fpf.pt\/pt\/Jogadores\/Ficha-de-Jogador\/playerId\/2256613\" target=\"_blank\" rel=\"noopener\">\u00a0Natasha Silva<\/a>\u00a0 \u00a0|\u00a0 \u00a0<a href=\"https:\/\/www.fpf.pt\/pt\/Jogadores\/Ficha-de-Jogador\/playerId\/2239250\" target=\"_blank\" rel=\"noopener\">N\u00faria Crispim<\/a>\u00a0 \u00a0|\u00a0 \u00a0<a href=\"https:\/\/www.fpf.pt\/pt\/Jogadores\/Ficha-de-Jogador\/playerId\/2230812\" target=\"_blank\" rel=\"noopener\">Yara Velho<\/a>\u00a0 \u00a0|\u00a0 \u00a0<a href=\"https:\/\/www.fpf.pt\/pt\/Jogadores\/Ficha-de-Jogador\/playerId\/2253758\" target=\"_blank\" rel=\"noopener\">Yara Rodrigues<\/a>.<\/li>\n<\/ul>\n<\/li>\n<li><strong>TREINADORES. DIRIGENTES. COLABORADORES<\/strong>\n<ul>\n<li>Treinador: <strong>M\u00e1rcio Rocha<\/strong><br \/>\nTreinadores Adjuntos: <strong>Andreia Serraninho, Carolina Westerman e In\u00eas Dias<\/strong><br \/>\nCoordenador Projeto Futebol Feminino: <strong>Ant\u00f3nio Martins<\/strong><br \/>\nCoordenador T\u00e9cnico CRI: <strong>Jos\u00e9 L. Medeiros<\/strong><\/li>\n<\/ul>\n<\/li>\n<li><strong><a href=\"https:\/\/www.cri.pt\/?tag=Feminino-2024\/25\">CLICAR PAR VER<\/a>:\u00a0<\/strong>FOTOS. V\u00cdDEOS. NOT\u00cdCIAS<\/li>\n<li><strong><a href=\"https:\/\/resultados.fpf.pt\/Competition\/Details?competitionId=26640&amp;seasonId=104\" target=\"_blank\" rel=\"noopener\">CLICAR PAR VER<\/a>:<\/strong> RESULTADOS E CLASSIFICA\u00c7\u00d5ES &#8211;<strong> TA\u00c7A AFS\u00a0<\/strong><\/li>\n<\/ul>\n<\/li>\n<\/ul>\n<div class=\"mks_separator\" style=\"border-bottom: 4px solid;\"><\/div>\n<p><a href=\"https:\/\/resultados.fpf.pt\/Competition\/Details?competitionId=26640&amp;seasonId=104\" target=\"_blank\" rel=\"noopener\"><strong>TA\u00c7A AFS\u00a0<\/strong><\/a><\/p>\n<p>05.04.2025 &#8211; Seixal 1925 5-1 <strong>CRI<\/strong> &#8211; <a href=\"https:\/\/resultados.fpf.pt\/Match\/GetMatchInformation?matchId=2332239\" target=\"_blank\" rel=\"noopener\">FICHA DE JOGO<\/a><br \/>\n12.04.2025 &#8211; <strong>CRI<\/strong> 3-3 ADQ Conde &#8211; <a href=\"https:\/\/resultados.fpf.pt\/Match\/GetMatchInformation?matchId=2332245\" target=\"_blank\" rel=\"noopener\">FICHA DE JOGO<\/a> &#8211; <a href=\"https:\/\/www.cri.pt\/?p=26167\"><strong>FOTOS<\/strong><\/a><br \/>\n19.04.2025 &#8211; CCDB Azeit\u00e3o 11-1 <strong>CRI<\/strong> &#8211; <a href=\"https:\/\/resultados.fpf.pt\/Match\/GetMatchInformation?matchId=2332250\" target=\"_blank\" rel=\"noopener\">FICHA DE JOGO<\/a> &#8211; <strong><a href=\"https:\/\/www.cri.pt\/?p=26206\">FOTOS<\/a><br \/>\n<\/strong>26.04.2025 &#8211; <strong>CRI<\/strong> 1-1 Jardiense &#8211; <a href=\"https:\/\/resultados.fpf.pt\/Match\/GetMatchInformation?matchId=2332256\" target=\"_blank\" rel=\"noopener\">FICHA DE JOGO<\/a> &#8211; <strong><a href=\"https:\/\/www.cri.pt\/?p=26269\">FOTOS<\/a><br \/>\n<\/strong>01.05.2025 &#8211; <strong>CRI<\/strong> 1-1 EFF Set\u00fabal &#8220;B&#8221; &#8211; <a href=\"https:\/\/resultados.fpf.pt\/Match\/GetMatchInformation?matchId=2332267\" target=\"_blank\" rel=\"noopener\">FICHA DE JOGO<\/a> &#8211; <strong><a href=\"https:\/\/www.cri.pt\/?p=26325\">FOTOS<\/a><\/strong><br \/>\n03.05.2025 &#8211; Juv. Sarilhense 4-3 <strong>CRI<\/strong> &#8211; <a href=\"https:\/\/resultados.fpf.pt\/Match\/GetMatchInformation?matchId=2332261\" target=\"_blank\" rel=\"noopener\">FICHA DE JOGO<\/a><br \/>\n10.05.2025 &#8211; Col. Atl\u00e2ntico 6-0 <strong>CRI<\/strong> &#8211; <a href=\"https:\/\/resultados.fpf.pt\/Match\/GetMatchInformation?matchId=2332266\" target=\"_blank\" rel=\"noopener\">FICHA DE JOGO<\/a><br \/>\n24.05.2025 &#8211; AD Almada 2015 3-1 <strong>CRI<\/strong> &#8211; <a href=\"https:\/\/resultados.fpf.pt\/Match\/GetMatchInformation?matchId=2332273\" target=\"_blank\" rel=\"noopener\">FICHA DE JOGO<\/a><br \/>\n31.05.2025 &#8211; <strong>CRI<\/strong> 0-5 Amora &#8211; <a href=\"https:\/\/resultados.fpf.pt\/Match\/GetMatchInformation?matchId=2332279\" target=\"_blank\" rel=\"noopener\">FICHA DE JOGO<\/a><\/p>\n<p>CLASSIFICA\u00c7\u00c3O<\/p>\n<p><img loading=\"lazy\" decoding=\"async\" class=\"wp-image-26530 alignnone\" src=\"https:\/\/www.cri.pt\/wp-content\/uploads\/2025\/06\/FERM.jpg\" alt=\"\" width=\"360\" height=\"668\" srcset=\"https:\/\/www.cri.pt\/wp-content\/uploads\/2025\/06\/FERM.jpg 519w, https:\/\/www.cri.pt\/wp-content\/uploads\/2025\/06\/FERM-162x300.jpg 162w\" sizes=\"auto, (max-width: 360px) 100vw, 360px\" \/><\/p>\n<div class=\"mks_separator\" style=\"border-bottom: 4px solid;\"><\/div>\n<\/div>\n<\/div>\n<p>&nbsp;<\/p>\n<div class=\"entry-content herald-entry-content\">\n<div class=\"entry-content herald-entry-content\">\n<ul>\n<li><strong><a href=\"https:\/\/resultados.fpf.pt\/Competition\/Details?competitionId=25919&amp;seasonId=104\" target=\"_blank\" rel=\"noopener\">CLICAR PAR VER<\/a>:<\/strong> RESULTADOS E CLASSIFICA\u00c7\u00d5ES &#8211;<strong> 2\u00aa FASE &#8211; APURAMENTO 7\u00ba AO 12\u00ba &#8220;<\/strong><\/li>\n<\/ul>\n<p>07 Dez.2024 AD Qta. Conde 3-2 <strong>CRI &#8211; <\/strong><a href=\"https:\/\/resultados.fpf.pt\/Match\/GetMatchInformation?matchId=2268113\" target=\"_blank\" rel=\"noopener\">FICHA DE JOGO<\/a><br \/>\n14 Dez.2024 <strong>CRI<\/strong> 0-4 Seixal &#8220;B&#8221; &#8211; <a href=\"https:\/\/resultados.fpf.pt\/Match\/GetMatchInformation?matchId=2268116\" target=\"_blank\" rel=\"noopener\">FICHA DE JOGO<\/a> &#8211; <strong><a href=\"https:\/\/www.cri.pt\/?p=25373\">FOTOS<\/a><br \/>\n<\/strong>04 Jan.2025 AD Almada\u00a0 1-0 <strong>CRI &#8211;<\/strong> <a href=\"https:\/\/resultados.fpf.pt\/Match\/GetMatchInformation?matchId=2268119\" target=\"_blank\" rel=\"noopener\">FICHA DE JOGO<\/a> &#8211; <strong><a href=\"https:\/\/www.cri.pt\/?p=25466\">FOTOS<\/a><\/strong><br \/>\n18 Jan.2025 <strong>CRI<\/strong> 2-7 CCD Brejos Azeit\u00e3o &#8211; <a href=\"https:\/\/resultados.fpf.pt\/Match\/GetMatchInformation?matchId=2268122\" target=\"_blank\" rel=\"noopener\">FICHA DE JOGO<\/a> &#8211; <strong><a href=\"https:\/\/www.cri.pt\/?p=25541\">FOTOS<\/a><br \/>\n<\/strong>25 Jan.2025 EFF Set\u00fabal &#8220;B&#8221; 2-0 <strong>CRI &#8211; <\/strong><a href=\"https:\/\/resultados.fpf.pt\/Match\/GetMatchInformation?matchId=2268125\" target=\"_blank\" rel=\"noopener\">FICHA DE JOGO <\/a><strong>&#8211; <a href=\"https:\/\/www.cri.pt\/?p=25598\">FOTOS<\/a><br \/>\n<\/strong>08 Fev.2025 <strong>CRI<\/strong> 1-5 AD Qta. Conde &#8211; <a href=\"https:\/\/resultados.fpf.pt\/Match\/GetMatchInformation?matchId=2268128\" target=\"_blank\" rel=\"noopener\">FICHA DE JOGO<\/a> &#8211; <strong><a href=\"https:\/\/www.cri.pt\/?p=25676\">FOTOS<\/a><br \/>\n<\/strong>15 Fev. 2025 Seixal &#8220;B&#8221; 5-0 <strong>CRI<\/strong> &#8211; <a href=\"https:\/\/resultados.fpf.pt\/Match\/GetMatchInformation?matchId=2268131\" target=\"_blank\" rel=\"noopener\">FICHA DE JOGO<\/a> &#8211;<strong><a href=\"https:\/\/www.cri.pt\/?p=25743\">FOTOS<\/a><br \/>\n<\/strong>22 Fev.2025 <strong>CRI<\/strong> 1-9 AD Almada &#8220;B&#8221; &#8211; <a href=\"https:\/\/resultados.fpf.pt\/Match\/GetMatchInformation?matchId=2268134\" target=\"_blank\" rel=\"noopener\">FICHA DE JOGO<\/a> &#8211; <strong><a href=\"https:\/\/www.cri.pt\/?p=25817\">FOTOS<\/a><br \/>\n<\/strong>08 Mar.2025 CCD Brejos Azeit\u00e3o 6-1 <strong>CRI<\/strong> &#8211; <a href=\"https:\/\/resultados.fpf.pt\/Match\/GetMatchInformation?matchId=2268137\" target=\"_blank\" rel=\"noopener\">FICHA DE JOGO<\/a> &#8211; <strong><a href=\"https:\/\/www.cri.pt\/?p=25907\">FOTOS<\/a><\/strong><br \/>\n15 Mar.2025 <strong>CRI<\/strong> 2-2 EFF Set\u00fabal &#8220;B&#8221; &#8211; <a href=\"https:\/\/resultados.fpf.pt\/Match\/GetMatchInformation?matchId=2268140\" target=\"_blank\" rel=\"noopener\">FICHA DE JOGO<\/a> &#8211; <strong><a href=\"https:\/\/www.cri.pt\/?p=25939\">FOTOS<\/a><\/strong><\/p>\n<\/div>\n<p><strong>CLASSIFICA\u00c7\u00c3O FINAL<\/strong><\/p>\n<p><img loading=\"lazy\" decoding=\"async\" class=\"alignnone wp-image-26015 size-full\" src=\"https:\/\/www.cri.pt\/wp-content\/uploads\/2025\/03\/FEMIN.jpg\" alt=\"\" width=\"360\" height=\"583\" srcset=\"https:\/\/www.cri.pt\/wp-content\/uploads\/2025\/03\/FEMIN.jpg 360w, https:\/\/www.cri.pt\/wp-content\/uploads\/2025\/03\/FEMIN-185x300.jpg 185w\" sizes=\"auto, (max-width: 360px) 100vw, 360px\" \/><\/p>\n<div class=\"mks_separator\" style=\"border-bottom: 4px solid;\"><\/div>\n<div class=\"entry-content herald-entry-content\">\n<p><strong>JOGOS OFICIAIS<\/strong><\/p>\n<ul>\n<li><strong><a href=\"https:\/\/resultados.fpf.pt\/Competition\/Details?competitionId=25919&amp;seasonId=104\" target=\"_blank\" rel=\"noopener\">CLICAR PAR VER<\/a>:<\/strong> RESULTADOS E CLASSIFICA\u00c7\u00d5ES &#8211;<strong> S\u00c9RIE &#8220;B&#8221;<\/strong><\/li>\n<\/ul>\n<\/div>\n<p>19 Out. 2024 <strong>CRI<\/strong> 0-2 AD Almada 2015 &#8211; <a href=\"https:\/\/resultados.fpf.pt\/Match\/GetMatchInformation?matchId=2205389\" target=\"_blank\" rel=\"noopener\">FICHA DE JOGO<\/a> &#8211; <strong><a href=\"https:\/\/www.cri.pt\/?p=24868\">FOTOS<\/a><br \/>\n<\/strong>26 Out. 2024 ADQ Conde 3-2 <strong>CRI<\/strong>\u00a0 \u00a0&#8211;\u00a0 \u00a0<a href=\"https:\/\/resultados.fpf.pt\/Match\/GetMatchInformation?matchId=2205391\" target=\"_blank\" rel=\"noopener\">FICHA DE JOGO<\/a><br \/>\n2 Nov. 2024 <strong>CRI<\/strong> 0-9 Amora &#8211; <a href=\"https:\/\/resultados.fpf.pt\/Match\/GetMatchInformation?matchId=2205395\" target=\"_blank\" rel=\"noopener\">FICHA DE JOGO<\/a> &#8211; <strong><a href=\"https:\/\/www.cri.pt\/?p=25003\">FOTOS<\/a><br \/>\n<\/strong>16 Nov. 2024, <strong>CRI<\/strong> 1-11 Seixal 1915 &#8211; <a href=\"https:\/\/resultados.fpf.pt\/Match\/GetMatchInformation?matchId=2205399\" target=\"_blank\" rel=\"noopener\">FICHA DE JOGO<\/a> &#8211; <strong><a href=\"https:\/\/www.cri.pt\/?p=25120\">FOTOS<\/a><br \/>\n<\/strong>23 Nov. 2024, Col. Atl\u00e2ntico 9-0 <strong>CRI &#8211; <\/strong><a href=\"https:\/\/resultados.fpf.pt\/Match\/GetMatchInformation?matchId=2205402\" target=\"_blank\" rel=\"noopener\">FICHA DE JOGO<\/a><strong> &#8211; <a href=\"https:\/\/www.cri.pt\/?p=25211\">FOTOS<\/a><\/strong><\/p>\n<p>CLASSIFICA\u00c7\u00c3O FINAL 1\u00aa FASE &#8211; S\u00c9RIE &#8220;B&#8221;<\/p>\n<p><img loading=\"lazy\" decoding=\"async\" class=\"alignnone wp-image-25226\" src=\"https:\/\/www.cri.pt\/wp-content\/uploads\/2024\/11\/CLASS_FEM.jpg\" alt=\"\" width=\"360\" height=\"578\" srcset=\"https:\/\/www.cri.pt\/wp-content\/uploads\/2024\/11\/CLASS_FEM.jpg 480w, https:\/\/www.cri.pt\/wp-content\/uploads\/2024\/11\/CLASS_FEM-187x300.jpg 187w\" sizes=\"auto, (max-width: 360px) 100vw, 360px\" \/><\/p>\n<p>&nbsp;<\/p>\n<\/div>\n<p>&nbsp;<\/p>\n","protected":false},"excerpt":{"rendered":"<p>LINK:\u00a0ARQUIVO \u00c9POCAS ANTERIORES JOGADORAS Al\u00edcia Antunes\u00a0 \u00a0|\u00a0 \u00a0Am\u00e9lia Abrantes\u00a0 \u00a0|\u00a0 \u00a0Ariana Barros\u00a0 \u00a0|\u00a0 \u00a0Beatriz Bragan\u00e7a\u00a0 \u00a0|\u00a0 \u00a0Carolina Nunes\u00a0 \u00a0|\u00a0 \u00a0Carolina Peralta\u00a0 \u00a0|\u00a0 \u00a0Iara Oliveira\u00a0 \u00a0|\u00a0 \u00a0In\u00eas Aiveca\u00a0 \u00a0|\u00a0 \u00a0Joana Alves\u00a0 \u00a0|\u00a0 \u00a0Leonor Abrantes\u00a0 \u00a0|\u00a0 \u00a0Leonor Estiveira\u00a0 \u00a0|\u00a0 \u00a0Leonor Mendon\u00e7a\u00a0 \u00a0|\u00a0 \u00a0Let\u00edcia Pereira\u00a0 \u00a0|\u00a0 \u00a0Mariana Bendinha\u00a0 \u00a0|\u00a0 \u00a0Natasha Silva\u00a0 \u00a0|\u00a0 \u00a0N\u00faria Crispim\u00a0 \u00a0|\u00a0 \u00a0Yara Velho\u00a0 \u00a0|\u00a0 [&hellip;]<\/p>\n","protected":false},"author":1,"featured_media":0,"parent":0,"menu_order":0,"comment_status":"closed","ping_status":"closed","template":"","meta":{"footnotes":""},"class_list":["post-24462","page","type-page","status-publish","hentry"],"_links":{"self":[{"href":"https:\/\/www.cri.pt\/index.php?rest_route=\/wp\/v2\/pages\/24462","targetHints":{"allow":["GET"]}}],"collection":[{"href":"https:\/\/www.cri.pt\/index.php?rest_route=\/wp\/v2\/pages"}],"about":[{"href":"https:\/\/www.cri.pt\/index.php?rest_route=\/wp\/v2\/types\/page"}],"author":[{"embeddable":true,"href":"https:\/\/www.cri.pt\/index.php?rest_route=\/wp\/v2\/users\/1"}],"replies":[{"embeddable":true,"href":"https:\/\/www.cri.pt\/index.php?rest_route=%2Fwp%2Fv2%2Fcomments&post=24462"}],"version-history":[{"count":30,"href":"https:\/\/www.cri.pt\/index.php?rest_route=\/wp\/v2\/pages\/24462\/revisions"}],"predecessor-version":[{"id":26531,"href":"https:\/\/www.cri.pt\/index.php?rest_route=\/wp\/v2\/pages\/24462\/revisions\/26531"}],"wp:attachment":[{"href":"https:\/\/www.cri.pt\/index.php?rest_route=%2Fwp%2Fv2%2Fmedia&parent=24462"}],"curies":[{"name":"wp","href":"https:\/\/api.w.org\/{rel}","templated":true}]}}