{"id":26643,"date":"2025-06-28T10:30:35","date_gmt":"2025-06-28T10:30:35","guid":{"rendered":"https:\/\/www.cri.pt\/?page_id=26643"},"modified":"2026-04-20T10:47:31","modified_gmt":"2026-04-20T10:47:31","slug":"2025-26-juniores-sub-19","status":"publish","type":"page","link":"https:\/\/www.cri.pt\/?page_id=26643","title":{"rendered":"2025\/26 JUNIORES"},"content":{"rendered":"<header class=\"entry-header\">\n<h1 class=\"entry-title h1\"><span style=\"font-size: 16px;\"><div class=\"mks_separator\" style=\"border-bottom: 4px solid;\"><\/div><\/span><\/h1>\n<\/header>\n<div class=\"entry-content herald-entry-content\">\n<div class=\"mks_separator\"><\/div>\n<p style=\"text-align: right;\">LINK:\u00a0<a href=\"https:\/\/www.cri.pt\/?page_id=6863\">ARQUIVO \u00c9POCAS ANTERIORES<\/a><\/p>\n<div class=\"mks_separator\" style=\"border-bottom: 4px solid;\"><\/div>\n<p><img loading=\"lazy\" decoding=\"async\" class=\"aligncenter size-full wp-image-27416\" src=\"https:\/\/www.cri.pt\/wp-content\/uploads\/2025\/10\/2025_10_18_cri_3_1_samouquense_035.jpg\" alt=\"\" width=\"1280\" height=\"853\" srcset=\"https:\/\/www.cri.pt\/wp-content\/uploads\/2025\/10\/2025_10_18_cri_3_1_samouquense_035.jpg 1280w, https:\/\/www.cri.pt\/wp-content\/uploads\/2025\/10\/2025_10_18_cri_3_1_samouquense_035-300x200.jpg 300w, https:\/\/www.cri.pt\/wp-content\/uploads\/2025\/10\/2025_10_18_cri_3_1_samouquense_035-1024x682.jpg 1024w, https:\/\/www.cri.pt\/wp-content\/uploads\/2025\/10\/2025_10_18_cri_3_1_samouquense_035-768x512.jpg 768w, https:\/\/www.cri.pt\/wp-content\/uploads\/2025\/10\/2025_10_18_cri_3_1_samouquense_035-414x276.jpg 414w, https:\/\/www.cri.pt\/wp-content\/uploads\/2025\/10\/2025_10_18_cri_3_1_samouquense_035-470x313.jpg 470w, https:\/\/www.cri.pt\/wp-content\/uploads\/2025\/10\/2025_10_18_cri_3_1_samouquense_035-640x426.jpg 640w, https:\/\/www.cri.pt\/wp-content\/uploads\/2025\/10\/2025_10_18_cri_3_1_samouquense_035-130x86.jpg 130w, https:\/\/www.cri.pt\/wp-content\/uploads\/2025\/10\/2025_10_18_cri_3_1_samouquense_035-187x124.jpg 187w, https:\/\/www.cri.pt\/wp-content\/uploads\/2025\/10\/2025_10_18_cri_3_1_samouquense_035-990x660.jpg 990w\" sizes=\"auto, (max-width: 1280px) 100vw, 1280px\" \/><\/p>\n<div class=\"entry-content herald-entry-content\">\n<ul>\n<li style=\"list-style-type: none;\">\n<ul>\n<li><a href=\"https:\/\/www.cri.pt\/?p=26542\"><strong>HOR\u00c1RIOS DOS TREINOS<\/strong><\/a><\/li>\n<li><strong>JOGADORES<\/strong><\/li>\n<li><strong>TREINADORES. DIRIGENTES. COLABORADORES<\/strong>\n<ul>\n<li>Treinador: <strong>V\u00edtor Rego<\/strong><br \/>\nTreinadores Adjuntos: <strong>Tiago Galheto<\/strong> e <strong>Jos\u00e9 Feiteira<\/strong><\/li>\n<\/ul>\n<\/li>\n<li><strong><a href=\"https:\/\/www.cri.pt\/?tag=Juniores-2025\/26\">CLICAR PARA VER<\/a>: <\/strong>FOTOS. V\u00cdDEOS. NOT\u00cdCIAS<\/li>\n<li><strong><a href=\"https:\/\/resultados.fpf.pt\/Competition\/Details?competitionId=28588&amp;seasonId=105\" target=\"_blank\" rel=\"noopener\">CLICAR PARA VER<\/a>:<\/strong> RESULTADOS E CLASSIFICA\u00c7\u00d5ES &#8211; <strong>2\u00aaFase &#8211; PRATA<\/strong><\/li>\n<\/ul>\n<\/li>\n<\/ul>\n<p>&nbsp;<\/p>\n<div class=\"mks_separator\" style=\"border-bottom: 4px solid;\"><\/div>\n<p><strong>OS NOSSOS JOGOS &#8211;\u00a0<a href=\"https:\/\/resultados.fpf.pt\/Competition\/Details?competitionId=28588&amp;seasonId=105\" target=\"_blank\" rel=\"noopener\">CD Juniores 2\u00aa Divis\u00e3o &#8211; 2\u00aa Fase &#8211; PRATA<\/a><\/strong><\/p>\n<p>10 jan Afonsoeirense 0-6 <strong>CRI<\/strong> &#8211; <a href=\"https:\/\/resultados.fpf.pt\/Match\/GetMatchInformation?matchId=2479151\" target=\"_blank\" rel=\"noopener\">FICHA DE JOGO<\/a> &#8211; <strong><a href=\"https:\/\/www.cri.pt\/?p=28017\">FOTOS<\/a><br \/>\n<\/strong>17 jan <strong>CRI<\/strong> 2-3 Zambujalense &#8211; <a href=\"https:\/\/resultados.fpf.pt\/Match\/GetMatchInformation?matchId=2479155\" target=\"_blank\" rel=\"noopener\">FICHA DE JOGO<\/a><br \/>\n24 jan M. Caparica 0-0 <strong>CRI <\/strong>&#8211; <a href=\"https:\/\/resultados.fpf.pt\/Match\/GetMatchInformation?matchId=2479158\" target=\"_blank\" rel=\"noopener\">FICHA DE JOGO<\/a><br \/>\n22 fev <strong>CRI<\/strong> 3-2 Almada AC <strong>&#8211; <\/strong><a href=\"https:\/\/resultados.fpf.pt\/Match\/GetMatchInformation?matchId=2479159\" target=\"_blank\" rel=\"noopener\">FICHA DE JOGO<\/a><br \/>\n28 fev <strong>CRI<\/strong> 3-4 Afonsoeirense &#8211; <a href=\"https:\/\/resultados.fpf.pt\/Match\/GetMatchInformation?matchId=2479166\" target=\"_blank\" rel=\"noopener\">FICHA DE JOGO<\/a> &#8211; <strong><a href=\"https:\/\/www.cri.pt\/?p=28291\">FOTOS<\/a><\/strong><br \/>\n07 mar Zambujalense 2-2 <strong>CRI<\/strong> &#8211; <a href=\"https:\/\/resultados.fpf.pt\/Match\/GetMatchInformation?matchId=2479170\" target=\"_blank\" rel=\"noopener\">FICHA DE JOGO<\/a><br \/>\n14 mar <strong>CRI<\/strong> 2-2 M. Caparica &#8211; <a href=\"https:\/\/resultados.fpf.pt\/Match\/GetMatchInformation?matchId=2479173\" target=\"_blank\" rel=\"noopener\">FICHA DE JOGO<\/a> &#8211; <strong><a href=\"https:\/\/www.cri.pt\/?p=28342\">FOTOS<\/a><br \/>\n<\/strong>21 mar Almada AC x <strong>CRI<\/strong> &#8211; <a href=\"https:\/\/resultados.fpf.pt\/Match\/GetMatchInformation?matchId=2479174\" target=\"_blank\" rel=\"noopener\">FICHA DE JOGO<\/a><br \/>\n18 abr Afonsoeirense 2-2 <strong>CRI &#8211; <\/strong><a href=\"https:\/\/resultados.fpf.pt\/Match\/GetMatchInformation?matchId=2479181\" target=\"_blank\" rel=\"noopener\">FICHA DE JOGO<\/a><\/p>\n<p>02 mai CRI x Zambujalense<br \/>\n16 mai M. Caparica x CRI<br \/>\n23 mai Almada AC x CRI<br \/>\n<div class=\"mks_separator\" style=\"border-bottom: 4px solid;\"><\/div>\n<p><strong>OS NOSSOS JOGOS &#8211;\u00a0<a href=\"https:\/\/resultados.fpf.pt\/Competition\/Details?competitionId=28588&amp;seasonId=105\" target=\"_blank\" rel=\"noopener\">CD Juniores 2\u00aa Divis\u00e3o &#8211; 1\u00aa Fase &#8211; S\u00e9rie &#8220;B&#8221;<\/a><\/strong><\/p>\n<\/div>\n<\/div>\n<p>11 Out. 2025 P. Pires 1-2 <strong>CRI<\/strong> \u00a0<a href=\"https:\/\/resultados.fpf.pt\/Match\/GetMatchInformation?matchId=2423353\" target=\"_blank\" rel=\"noopener\">FICHA DE JOGO<\/a><br \/>\n18 Out. 2025 <strong>CRI<\/strong> 3-1 Samouquense\u00a0 <a href=\"https:\/\/resultados.fpf.pt\/Match\/GetMatchInformation?matchId=2423357\" target=\"_blank\" rel=\"noopener\">FICHA DE JOGO<\/a> &#8211; <strong><a href=\"https:\/\/www.cri.pt\/?p=27414\">FOTOS<\/a><\/strong><br \/>\n<del>25 Out. 2025 1\u00ba Maio x CRI (Juniores) 3\u00aa Jornada AFS<\/del> (Sarilhense Desistiu)<br \/>\n01 Nov. 2025 <strong>CRI<\/strong> 2-5 ADQC\u00a0 &#8211; <a href=\"https:\/\/resultados.fpf.pt\/Match\/GetMatchInformation?matchId=2423365\" target=\"_blank\" rel=\"noopener\">FICHA DE JOGO<\/a> &#8211; <strong><a href=\"https:\/\/www.cri.pt\/?p=27531\">FOTOS<\/a><br \/>\n<\/strong>08 Nov. 2025 Olimpico &#8220;B&#8221; 7-1 <strong>CRI<\/strong>\u00a0 &#8211; <a href=\"https:\/\/resultados.fpf.pt\/Match\/GetMatchInformation?matchId=2423369\" target=\"_blank\" rel=\"noopener\">FICHA DE JOGO<\/a><br \/>\n22 Nov. 2025 <strong>CRI<\/strong> 0-2 Galitos\u00a0 &#8211; <a href=\"https:\/\/resultados.fpf.pt\/Match\/GetMatchInformation?matchId=2423373\" target=\"_blank\" rel=\"noopener\">FICHA DE JOGO<\/a> &#8211; <strong><a href=\"https:\/\/www.cri.pt\/?p=27622\">FOTOS<\/a><br \/>\n<\/strong>29 Nov. 2025 D Jo\u00e3o I 2-0 <strong>CRI\u00a0<\/strong> &#8211; <a href=\"https:\/\/resultados.fpf.pt\/Match\/GetMatchInformation?matchId=2423377\" target=\"_blank\" rel=\"noopener\">FICHA DE JOGO<\/a><br \/>\n06 Dez. 2025 <strong>CRI<\/strong> 0-1 Arrentela\u00a0 &#8211; <a href=\"https:\/\/resultados.fpf.pt\/Match\/GetMatchInformation?matchId=2423381\" target=\"_blank\" rel=\"noopener\">FICHA DE JOGO<\/a> &#8211; <strong><a href=\"https:\/\/www.cri.pt\/?p=27732\">FOTOS<\/a><\/strong><br \/>\n9\u00aa Jornada &#8211; FOLGA<\/p>\n<p>CLASSIFICA\u00c7\u00c3O FINAL DA 1\u00aa FASE &#8211; S\u00c9RIE B<\/p>\n<p><img loading=\"lazy\" decoding=\"async\" class=\"alignnone wp-image-27857\" src=\"https:\/\/www.cri.pt\/wp-content\/uploads\/2025\/12\/sub19.jpg\" alt=\"\" width=\"360\" height=\"783\" srcset=\"https:\/\/www.cri.pt\/wp-content\/uploads\/2025\/12\/sub19.jpg 480w, https:\/\/www.cri.pt\/wp-content\/uploads\/2025\/12\/sub19-138x300.jpg 138w, https:\/\/www.cri.pt\/wp-content\/uploads\/2025\/12\/sub19-471x1024.jpg 471w\" sizes=\"auto, (max-width: 360px) 100vw, 360px\" \/><\/p>\n<div class=\"mks_separator\" style=\"border-bottom: 4px solid;\"><\/div>\n<div class=\"entry-content herald-entry-content\">\n<div class=\"entry-content herald-entry-content\"><\/div>\n<p>&nbsp;<\/p>\n<\/div>\n","protected":false},"excerpt":{"rendered":"<p>LINK:\u00a0ARQUIVO \u00c9POCAS ANTERIORES HOR\u00c1RIOS DOS TREINOS JOGADORES TREINADORES. DIRIGENTES. COLABORADORES Treinador: V\u00edtor Rego Treinadores Adjuntos: Tiago Galheto e Jos\u00e9 Feiteira CLICAR PARA VER: FOTOS. V\u00cdDEOS. NOT\u00cdCIAS CLICAR PARA VER: RESULTADOS E CLASSIFICA\u00c7\u00d5ES &#8211; 2\u00aaFase &#8211; PRATA &nbsp; OS NOSSOS JOGOS &#8211;\u00a0CD Juniores 2\u00aa Divis\u00e3o &#8211; 2\u00aa Fase &#8211; PRATA 10 jan Afonsoeirense 0-6 CRI &#8211; [&hellip;]<\/p>\n","protected":false},"author":1,"featured_media":0,"parent":0,"menu_order":0,"comment_status":"closed","ping_status":"closed","template":"","meta":{"footnotes":""},"class_list":["post-26643","page","type-page","status-publish","hentry"],"_links":{"self":[{"href":"https:\/\/www.cri.pt\/index.php?rest_route=\/wp\/v2\/pages\/26643","targetHints":{"allow":["GET"]}}],"collection":[{"href":"https:\/\/www.cri.pt\/index.php?rest_route=\/wp\/v2\/pages"}],"about":[{"href":"https:\/\/www.cri.pt\/index.php?rest_route=\/wp\/v2\/types\/page"}],"author":[{"embeddable":true,"href":"https:\/\/www.cri.pt\/index.php?rest_route=\/wp\/v2\/users\/1"}],"replies":[{"embeddable":true,"href":"https:\/\/www.cri.pt\/index.php?rest_route=%2Fwp%2Fv2%2Fcomments&post=26643"}],"version-history":[{"count":33,"href":"https:\/\/www.cri.pt\/index.php?rest_route=\/wp\/v2\/pages\/26643\/revisions"}],"predecessor-version":[{"id":28635,"href":"https:\/\/www.cri.pt\/index.php?rest_route=\/wp\/v2\/pages\/26643\/revisions\/28635"}],"wp:attachment":[{"href":"https:\/\/www.cri.pt\/index.php?rest_route=%2Fwp%2Fv2%2Fmedia&parent=26643"}],"curies":[{"name":"wp","href":"https:\/\/api.w.org\/{rel}","templated":true}]}}