{"id":26654,"date":"2025-06-28T10:35:44","date_gmt":"2025-06-28T10:35:44","guid":{"rendered":"https:\/\/www.cri.pt\/?page_id=26654"},"modified":"2026-04-20T12:04:18","modified_gmt":"2026-04-20T12:04:18","slug":"2025-26-iniciados-b","status":"publish","type":"page","link":"https:\/\/www.cri.pt\/?page_id=26654","title":{"rendered":"2025\/26 INICIADOS B"},"content":{"rendered":"<header class=\"entry-header\">\n<h1 class=\"entry-title h1\"><span style=\"font-size: 16px;\"><div class=\"mks_separator\" style=\"border-bottom: 4px solid;\"><\/div><\/span><\/h1>\n<\/header>\n<div class=\"entry-content herald-entry-content\">\n<div class=\"mks_separator\"><\/div>\n<p style=\"text-align: right;\">LINK:\u00a0<a href=\"https:\/\/www.cri.pt\/?page_id=6863\">ARQUIVO \u00c9POCAS ANTERIORES<\/a><\/p>\n<div class=\"mks_separator\" style=\"border-bottom: 4px solid;\"><\/div>\n<p><img loading=\"lazy\" decoding=\"async\" class=\"aligncenter size-full wp-image-27537\" src=\"https:\/\/www.cri.pt\/wp-content\/uploads\/2025\/11\/2026_11_02_cri_6_0_mcaparica_018.jpg\" alt=\"\" width=\"1280\" height=\"853\" srcset=\"https:\/\/www.cri.pt\/wp-content\/uploads\/2025\/11\/2026_11_02_cri_6_0_mcaparica_018.jpg 1280w, https:\/\/www.cri.pt\/wp-content\/uploads\/2025\/11\/2026_11_02_cri_6_0_mcaparica_018-300x200.jpg 300w, https:\/\/www.cri.pt\/wp-content\/uploads\/2025\/11\/2026_11_02_cri_6_0_mcaparica_018-1024x682.jpg 1024w, https:\/\/www.cri.pt\/wp-content\/uploads\/2025\/11\/2026_11_02_cri_6_0_mcaparica_018-768x512.jpg 768w, https:\/\/www.cri.pt\/wp-content\/uploads\/2025\/11\/2026_11_02_cri_6_0_mcaparica_018-414x276.jpg 414w, https:\/\/www.cri.pt\/wp-content\/uploads\/2025\/11\/2026_11_02_cri_6_0_mcaparica_018-470x313.jpg 470w, https:\/\/www.cri.pt\/wp-content\/uploads\/2025\/11\/2026_11_02_cri_6_0_mcaparica_018-640x426.jpg 640w, https:\/\/www.cri.pt\/wp-content\/uploads\/2025\/11\/2026_11_02_cri_6_0_mcaparica_018-130x86.jpg 130w, https:\/\/www.cri.pt\/wp-content\/uploads\/2025\/11\/2026_11_02_cri_6_0_mcaparica_018-187x124.jpg 187w, https:\/\/www.cri.pt\/wp-content\/uploads\/2025\/11\/2026_11_02_cri_6_0_mcaparica_018-990x660.jpg 990w\" sizes=\"auto, (max-width: 1280px) 100vw, 1280px\" \/><\/p>\n<div class=\"entry-content herald-entry-content\">\n<ul>\n<li style=\"list-style-type: none;\">\n<ul>\n<li><a href=\"https:\/\/www.cri.pt\/?p=26542\"><strong>HOR\u00c1RIOS DOS TREINOS<\/strong><\/a><\/li>\n<li><strong>TREINADORES. DIRIGENTES. COLABORADORES<\/strong>\n<ul>\n<li>Treinador: <strong>\u00c9lber Saldanha<\/strong><br \/>\nTreinadores Adjuntos: <strong>David Arrais e Catarina Nicolau<\/strong><\/li>\n<\/ul>\n<\/li>\n<li><strong><a href=\"https:\/\/www.cri.pt\/?tag=Iniciados-b-2025\/26\">CLICAR PARA VER<\/a>: <\/strong>FOTOS. V\u00cdDEOS. NOT\u00cdCIAS<\/li>\n<li><strong><a href=\"https:\/\/resultados.fpf.pt\/Competition\/Details?competitionId=28763&amp;seasonId=105\" target=\"_blank\" rel=\"noopener\">CLICAR PARA VER<\/a>:<\/strong> RESULTADOS E CLASSIFICA\u00c7\u00d5ES &#8211; Prova Desenvolvimento Sub-15<\/li>\n<\/ul>\n<\/li>\n<\/ul>\n<div class=\"mks_separator\" style=\"border-bottom: 4px solid;\"><\/div>\n<\/div>\n<\/div>\n<p>OS NOSSOS JOGOS OFICIAIS &#8211; Prova Desenvolvimento Sub-15<\/p>\n<p><!--StartFragment --><\/p>\n<p class=\"pf0\"><span class=\"cf0\">02 Nov. 2025 <strong>CRI<\/strong> 6-0 Monte Caparica &#8211; <a href=\"https:\/\/resultados.fpf.pt\/Match\/GetMatchInformation?matchId=2456965\" target=\"_blank\" rel=\"noopener\">FICHA DE JOGO<\/a> &#8211; <strong><a href=\"https:\/\/www.cri.pt\/?p=27535\">FOTOS<\/a><br \/>\n<\/strong><\/span><span class=\"cf0\">09 Nov. 2025 <\/span><span class=\"cf0\">Juv<\/span><span class=\"cf0\">. <\/span><span class=\"cf0\">Sarilhense<\/span><span class=\"cf0\"> 4-2 <strong>CRI<\/strong> &#8211; <a href=\"https:\/\/resultados.fpf.pt\/Match\/GetMatchInformation?matchId=2456971\" target=\"_blank\" rel=\"noopener\">FICHA DE JOGO<\/a> &#8211; <strong><a href=\"https:\/\/www.cri.pt\/?p=27592\">FOTOS<\/a><br \/>\n<\/strong><\/span><span class=\"cf0\">16 Nov. 2025 <strong>CRI<\/strong> 0-9 AD Almada &#8211; <a href=\"https:\/\/resultados.fpf.pt\/Match\/GetMatchInformation?matchId=2456978\" target=\"_blank\" rel=\"noopener\">FICHA DE JOGO<\/a><br \/>\n<\/span><span class=\"cf0\">23 Nov. 2025 P. Pires 1-1 <strong>CRI<\/strong> &#8211; <a href=\"https:\/\/resultados.fpf.pt\/Match\/GetMatchInformation?matchId=2456984\" target=\"_blank\" rel=\"noopener\">FICHA DE JOGO<\/a> &#8211; <strong><a href=\"https:\/\/www.cri.pt\/?p=27669\">FOTOS<\/a><\/strong><br \/>\n<\/span><span class=\"cf0\">30 Nov. 2025 <strong>CRI<\/strong> 1-2 Sesimbra &#8211; <a href=\"https:\/\/resultados.fpf.pt\/Match\/GetMatchInformation?matchId=2456991\" target=\"_blank\" rel=\"noopener\">FICHA DE JOGO<\/a> &#8211; <strong><a href=\"https:\/\/www.cri.pt\/?p=27716\">FOTOS<\/a><\/strong><br \/>\n<\/span><span class=\"cf0\">07 Dez. 2025 GC <\/span><span class=\"cf0\">Corroios<\/span><span class=\"cf0\"> 0-3 <strong>CRI<\/strong> &#8211; <a href=\"https:\/\/resultados.fpf.pt\/Match\/GetMatchInformation?matchId=2456997\" target=\"_blank\" rel=\"noopener\">FICHA DE JOGO<\/a><br \/>\n<\/span><span class=\"cf0\">7\u00aa jornada FOLGA<br \/>\n<\/span><span class=\"cf0\"><del>21 Dez. 2025 CRI x Seixal 8\u00aa Jornada\u00a0<\/del><br \/>\n<\/span><span class=\"cf0\">11 Jan. 2026 CCDBA 1-1 <strong>CRI<\/strong> &#8211;\u00a0<a href=\"https:\/\/resultados.fpf.pt\/Match\/GetMatchInformation?matchId=2457015\" target=\"_blank\" rel=\"noopener\">FICHA DE JOGO<\/a><br \/>\n<\/span><span class=\"cf0\">18 Jan. 2026 <strong>CRI<\/strong> 3-2 <\/span><span class=\"cf0\">Palmelense<\/span><span class=\"cf0\"> &#8211; <a href=\"https:\/\/resultados.fpf.pt\/Match\/GetMatchInformation?matchId=2457020\" target=\"_blank\" rel=\"noopener\">FICHA DE JOGO<\/a> &#8211; <strong><a href=\"https:\/\/www.cri.pt\/?p=28059\">FOTOS<\/a><\/strong><br \/>\n<\/span><span class=\"cf0\">15 Fev. 2026 <strong>CRI<\/strong> 1-1 <\/span><span class=\"cf0\">Alcochetense<\/span><span class=\"cf0\"> &#8211; <a href=\"https:\/\/resultados.fpf.pt\/Match\/GetMatchInformation?matchId=2457031\" target=\"_blank\" rel=\"noopener\">FICHA DE JOGO<\/a> &#8211; <strong><a href=\"https:\/\/www.cri.pt\/?p=28215\">FOTOS<\/a><\/strong><br \/>\n<\/span><span class=\"cf0\">22 Fev. 2026 Ol\u00edmpico 2-4 <strong>CRI<\/strong> &#8211; <a href=\"https:\/\/resultados.fpf.pt\/Match\/GetMatchInformation?matchId=2457037\" target=\"_blank\" rel=\"noopener\">FICHA DE JOGO<\/a> &#8211; <strong><a href=\"https:\/\/www.cri.pt\/?p=28254\">FOTOS<\/a><br \/>\n<\/strong><\/span>01 Mar. 2026 Fabril 0-2 <strong>CRI<\/strong> &#8211; <a href=\"https:\/\/resultados.fpf.pt\/Match\/GetMatchInformation?matchId=2457026\" target=\"_blank\" rel=\"noopener\">FICHA DE JOGO<\/a> &#8211; <strong><a href=\"https:\/\/www.cri.pt\/?p=28304\">FOTOS<\/a><\/strong><br \/>\n<span class=\"cf0\">08 Mar. 2026 Monte Caparica 1-4 <strong>CRI<\/strong> &#8211; <a href=\"https:\/\/resultados.fpf.pt\/Match\/GetMatchInformation?matchId=2457043\" target=\"_blank\" rel=\"noopener\">FICHA DE JOGO\u00a0<\/a><br \/>\n<\/span><span class=\"cf0\">15 Mar. 2026 <strong>CRI<\/strong> 2-1 <\/span><span class=\"cf0\">Juv<\/span><span class=\"cf0\">. <\/span><span class=\"cf0\">Sarilhense<\/span><span class=\"cf0\"> &#8211; <a href=\"https:\/\/resultados.fpf.pt\/Match\/GetMatchInformation?matchId=2457049\" target=\"_blank\" rel=\"noopener\">FICHA DE JOGO<\/a> &#8211; <strong><a href=\"https:\/\/www.cri.pt\/?p=28346\">FOTOS<\/a><br \/>\n<\/strong><\/span><span class=\"cf0\">22 Mar. 2026 AD Almada 8-0 <strong>CRI<\/strong> &#8211; <a href=\"https:\/\/resultados.fpf.pt\/Match\/GetMatchInformation?matchId=2457056\" target=\"_blank\" rel=\"noopener\">FICHA DE JOGO<\/a> &#8211; FOTOS<br \/>\n<\/span><span class=\"cf0\">29 Mar. 2026 <strong>CRI<\/strong> 2-5 Paio Pires &#8211; <a href=\"https:\/\/resultados.fpf.pt\/Match\/GetMatchInformation?matchId=2457062\" target=\"_blank\" rel=\"noopener\">FICHA DE JOGO<\/a><br \/>\n<\/span><span class=\"cf0\">12 Abr. 2026 Sesimbra 0-6 <strong>CRI<\/strong> &#8211; <a href=\"https:\/\/resultados.fpf.pt\/Match\/GetMatchInformation?matchId=2457069\" target=\"_blank\" rel=\"noopener\">FICHA DE JOGO<\/a><br \/>\n<\/span><span class=\"cf0\">19 Abr. 2026 CRI 5-0 GC <\/span><span class=\"cf0\">Corroios<\/span><span class=\"cf0\"> &#8211; <a href=\"https:\/\/resultados.fpf.pt\/Match\/GetMatchInformation?matchId=2457075\" target=\"_blank\" rel=\"noopener\">FICHA DE JOGO<\/a> &#8211; FOTOS<br \/>\n<\/span><span class=\"cf0\">20\u00aa Jornada FOLGA<br \/>\n<\/span><span class=\"cf0\"><del>03 Mai. 2026 Seixal x CRI 21\u00aa Jornada<\/del><br \/>\n<\/span><span class=\"cf0\"><br \/>\n10 Mai. 2026 CRI x CCDBA 22\u00aa Jornada<br \/>\n<\/span><span class=\"cf0\">17 Mai. 2026 <\/span><span class=\"cf0\">Palmelense<\/span><span class=\"cf0\"> x CRI 23\u00aa Jornada<br \/>\n<\/span><span class=\"cf0\">24 MAI. 2026 CRI x Fabril 24\u00aa Jornada<br \/>\n<\/span><span class=\"cf0\">31 Mai. 2026 <\/span><span class=\"cf0\">Alcochetense<\/span><span class=\"cf0\"> x CRI 25\u00aa Jornada<br \/>\n<\/span><span class=\"cf0\">07 Jun. 2026 CRI x Ol\u00edmpico 26\u00aa Jornada<\/span><\/p>\n<p><!--EndFragment --><\/p>\n<p>&nbsp;<\/p>\n<div class=\"mks_separator\" style=\"border-bottom: 4px solid;\"><\/div>\n<div class=\"entry-content herald-entry-content\">\n<div class=\"entry-content herald-entry-content\"><\/div>\n<\/div>\n<p>FASE \u00daNICA \u2013 13 EQUIPAS<br \/>\nIn\u00edcio: 02.11.2025<br \/>\nTermina: 07.06.2026<br \/>\nParagens: 28.12.2025 a 04.01.2026 (Natal e Ano Novo), 25.01.2026 (Elei\u00e7\u00f5es), 01.02.2026<br \/>\n(ARA) 01.03.2026 (Intervalo) 05.04.2025 (P\u00e1scoa).<br \/>\nSistema de Prova \u2013 Prova disputada a duas (2) voltas.<\/p>\n","protected":false},"excerpt":{"rendered":"<p>LINK:\u00a0ARQUIVO \u00c9POCAS ANTERIORES HOR\u00c1RIOS DOS TREINOS TREINADORES. DIRIGENTES. COLABORADORES Treinador: \u00c9lber Saldanha Treinadores Adjuntos: David Arrais e Catarina Nicolau CLICAR PARA VER: FOTOS. V\u00cdDEOS. NOT\u00cdCIAS CLICAR PARA VER: RESULTADOS E CLASSIFICA\u00c7\u00d5ES &#8211; Prova Desenvolvimento Sub-15 OS NOSSOS JOGOS OFICIAIS &#8211; Prova Desenvolvimento Sub-15 02 Nov. 2025 CRI 6-0 Monte Caparica &#8211; FICHA DE JOGO &#8211; [&hellip;]<\/p>\n","protected":false},"author":1,"featured_media":0,"parent":0,"menu_order":0,"comment_status":"closed","ping_status":"closed","template":"","meta":{"footnotes":""},"class_list":["post-26654","page","type-page","status-publish","hentry"],"_links":{"self":[{"href":"https:\/\/www.cri.pt\/index.php?rest_route=\/wp\/v2\/pages\/26654","targetHints":{"allow":["GET"]}}],"collection":[{"href":"https:\/\/www.cri.pt\/index.php?rest_route=\/wp\/v2\/pages"}],"about":[{"href":"https:\/\/www.cri.pt\/index.php?rest_route=\/wp\/v2\/types\/page"}],"author":[{"embeddable":true,"href":"https:\/\/www.cri.pt\/index.php?rest_route=\/wp\/v2\/users\/1"}],"replies":[{"embeddable":true,"href":"https:\/\/www.cri.pt\/index.php?rest_route=%2Fwp%2Fv2%2Fcomments&post=26654"}],"version-history":[{"count":28,"href":"https:\/\/www.cri.pt\/index.php?rest_route=\/wp\/v2\/pages\/26654\/revisions"}],"predecessor-version":[{"id":28636,"href":"https:\/\/www.cri.pt\/index.php?rest_route=\/wp\/v2\/pages\/26654\/revisions\/28636"}],"wp:attachment":[{"href":"https:\/\/www.cri.pt\/index.php?rest_route=%2Fwp%2Fv2%2Fmedia&parent=26654"}],"curies":[{"name":"wp","href":"https:\/\/api.w.org\/{rel}","templated":true}]}}