{"id":26660,"date":"2025-06-28T10:36:42","date_gmt":"2025-06-28T10:36:42","guid":{"rendered":"https:\/\/www.cri.pt\/?page_id=26660"},"modified":"2026-04-26T17:41:49","modified_gmt":"2026-04-26T17:41:49","slug":"2025-26-benjamins-a","status":"publish","type":"page","link":"https:\/\/www.cri.pt\/?page_id=26660","title":{"rendered":"2025\/26 BENJAMINS A"},"content":{"rendered":"<header class=\"entry-header\">\n<h1 class=\"entry-title h1\"><span style=\"font-size: 16px;\"><div class=\"mks_separator\" style=\"border-bottom: 4px solid;\"><\/div><\/span><\/h1>\n<\/header>\n<div class=\"entry-content herald-entry-content\">\n<div class=\"mks_separator\"><\/div>\n<p style=\"text-align: right;\">LINK:\u00a0<a href=\"https:\/\/www.cri.pt\/?page_id=6863\">ARQUIVO \u00c9POCAS ANTERIORES<\/a><\/p>\n<div class=\"mks_separator\" style=\"border-bottom: 4px solid;\"><\/div>\n<p><img loading=\"lazy\" decoding=\"async\" class=\"aligncenter size-full wp-image-27164\" src=\"https:\/\/www.cri.pt\/wp-content\/uploads\/2025\/09\/2025_09_20_torneio_110_anos_sub11_037.jpg\" alt=\"\" width=\"1280\" height=\"853\" srcset=\"https:\/\/www.cri.pt\/wp-content\/uploads\/2025\/09\/2025_09_20_torneio_110_anos_sub11_037.jpg 1280w, https:\/\/www.cri.pt\/wp-content\/uploads\/2025\/09\/2025_09_20_torneio_110_anos_sub11_037-300x200.jpg 300w, https:\/\/www.cri.pt\/wp-content\/uploads\/2025\/09\/2025_09_20_torneio_110_anos_sub11_037-1024x682.jpg 1024w, https:\/\/www.cri.pt\/wp-content\/uploads\/2025\/09\/2025_09_20_torneio_110_anos_sub11_037-768x512.jpg 768w, https:\/\/www.cri.pt\/wp-content\/uploads\/2025\/09\/2025_09_20_torneio_110_anos_sub11_037-414x276.jpg 414w, https:\/\/www.cri.pt\/wp-content\/uploads\/2025\/09\/2025_09_20_torneio_110_anos_sub11_037-470x313.jpg 470w, https:\/\/www.cri.pt\/wp-content\/uploads\/2025\/09\/2025_09_20_torneio_110_anos_sub11_037-640x426.jpg 640w, https:\/\/www.cri.pt\/wp-content\/uploads\/2025\/09\/2025_09_20_torneio_110_anos_sub11_037-130x86.jpg 130w, https:\/\/www.cri.pt\/wp-content\/uploads\/2025\/09\/2025_09_20_torneio_110_anos_sub11_037-187x124.jpg 187w, https:\/\/www.cri.pt\/wp-content\/uploads\/2025\/09\/2025_09_20_torneio_110_anos_sub11_037-990x660.jpg 990w\" sizes=\"auto, (max-width: 1280px) 100vw, 1280px\" \/><\/p>\n<div class=\"entry-content herald-entry-content\">\n<ul>\n<li style=\"list-style-type: none;\">\n<ul>\n<li><a href=\"https:\/\/www.cri.pt\/?p=26542\"><strong>HOR\u00c1RIOS DOS TREINOS<\/strong><\/a><\/li>\n<li><strong>TREINADORES. DIRIGENTES. COLABORADORES<\/strong>\n<ul>\n<li>Treinador: <strong>Jos\u00e9 Evaristo&#8221;Moitinha&#8221;<\/strong><br \/>\nTreinador Adjunto: <strong>Alberto Lisboa<\/strong><\/li>\n<\/ul>\n<\/li>\n<li><strong><a href=\"https:\/\/www.cri.pt\/?tag=Benjamins-A-2025\/26\">CLICAR PARA VER<\/a>:\u00a0<\/strong>FOTOS. V\u00cdDEOS. NOT\u00cdCIAS<\/li>\n<li><strong><a href=\"https:\/\/resultados.fpf.pt\/Competition\/Details?competitionId=28283&amp;seasonId=105\" target=\"_blank\" rel=\"noopener\">CLICAR PARA VER<\/a>:<\/strong> Prova Distrital Benjamins 2\u00ba Ano Sub\/11 &#8211; 3\u00aa FASE &#8211; Equipas &#8220;A&#8221; &#8211; &#8220;<strong>S\u00e9rie &#8220;D<\/strong>&#8220;<\/li>\n<\/ul>\n<\/li>\n<\/ul>\n<div class=\"mks_separator\" style=\"border-bottom: 4px solid;\"><\/div>\n<p><a href=\"https:\/\/resultados.fpf.pt\/Competition\/Details?competitionId=28283&amp;seasonId=105\" target=\"_blank\" rel=\"noopener\">Prova Distrital Benjamins 2\u00ba Ano Sub\/11 &#8211; 3\u00aa FASE &#8211; Equipas &#8220;A&#8221; &#8211; &#8220;<strong>S\u00e9rie &#8220;D<\/strong>&#8220;<\/a><\/p>\n<p><strong>OS NOSSOS JOGOS<\/strong><\/p>\n<p>21 Fev. 2026 <strong>CRI<\/strong> V-D Samouquense &#8211; <strong><a href=\"https:\/\/www.cri.pt\/?p=28249\">FOTOS<\/a><br \/>\n<\/strong>28 Fev 2026 Afonsoeirense x <strong>CRI &#8211; <a href=\"https:\/\/www.cri.pt\/?p=28295\">FOTOS<\/a><br \/>\n<\/strong>07 Mar 2026 <strong>CRI<\/strong> x Amora &#8211; <strong><a href=\"https:\/\/www.cri.pt\/?p=28322\">FOTOS<\/a><\/strong><br \/>\n21 Mar 2026 Sindicato x <strong>CRI<\/strong> &#8211; FOTOS<br \/>\n28 Mar 2026 <strong>CRI<\/strong> x Juv. Sarilhense &#8211; FOTOS<br \/>\n11 Abr 2026 <strong>CRI<\/strong> x Moitense<br \/>\n18 Abr 2026 <strong>CRI<\/strong> V-D Alcochetense<br \/>\n25 Abr 2026 Almada AC x <strong>CRI<\/strong><\/p>\n<p>02 mai 2026 Samouquense x CRI<br \/>\n09 mai 2026 CRI x Afonsoeirense<br \/>\n16 mai Amora x CRI<br \/>\n30 mai CRI x Sindicato<br \/>\n04 jun Juv. Sarilhense x CRI<br \/>\n06 jun CRI x Almada AC<br \/>\n10 jun Moitense x CRI<br \/>\n13 jun Alcochetense x CRI<\/p>\n<p>&nbsp;<\/p>\n<\/div>\n<p>&nbsp;<\/p>\n<div class=\"entry-content herald-entry-content\">\n<div class=\"entry-content herald-entry-content\">\n<div class=\"mks_separator\" style=\"border-bottom: 4px solid;\"><\/div>\n<\/div>\n<\/div>\n<p><a href=\"https:\/\/resultados.fpf.pt\/Competition\/Details?competitionId=28283&amp;seasonId=105\" target=\"_blank\" rel=\"noopener\">Prova Distrital Benjamins 2\u00ba Ano Sub\/11 &#8211; 2\u00aa FASE &#8211; Equipas &#8220;A&#8221; &#8211; &#8220;<strong>S\u00e9rie &#8220;J<\/strong>&#8220;<\/a><\/p>\n<p><strong>OS NOSSOS JOGOS<\/strong><\/p>\n<p>20 Dez. 2025 <strong>CRI<\/strong> V-D Alvaladense &#8211; <strong><a href=\"https:\/\/www.cri.pt\/?p=27834\">FOTOS<\/a><br \/>\n<\/strong>17 Jan. 2026 Alcochetense V-D <strong>CRI &#8211; <a href=\"https:\/\/www.cri.pt\/?p=28049\">FOTOS<\/a><br \/>\n<\/strong>24 Jan. 2026 <strong>CRI<\/strong> V-D Alto Guerra &#8211; <strong><a href=\"https:\/\/www.cri.pt\/?p=28082\">FOTOS<\/a><\/strong><br \/>\n07 Fev. 2026 Zambujalense D-V <strong>CRI &#8211; <a href=\"https:\/\/www.cri.pt\/?p=28220\">FOTOS<\/a><\/strong><\/p>\n<div class=\"entry-content herald-entry-content\">\n<div class=\"mks_separator\" style=\"border-bottom: 4px solid;\"><\/div>\n<p><a href=\"https:\/\/resultados.fpf.pt\/Competition\/Details?competitionId=28283&amp;seasonId=105\" target=\"_blank\" rel=\"noopener\">Prova Distrital Benjamins 2\u00ba Ano Sub\/11 &#8211; 1\u00aa FASE &#8211; Equipas &#8220;A&#8221; &#8211; &#8220;<strong>S\u00e9rie &#8220;D<\/strong>&#8220;<\/a><\/p>\n<p>OS NOSSOS JOGOS<\/p>\n<\/div>\n<\/div>\n<p>04 Out. 2025 <strong>CRI<\/strong> V-D Vinhense<br \/>\n11 Out. 2025 GDR Portugal V-D <strong>CRI\u00a0<\/strong><br \/>\n18 Out. 2025 <strong>CRI<\/strong> D-V Fabril &#8211; <strong><a href=\"https:\/\/www.cri.pt\/?p=27421\">FOTOS<\/a> <\/strong><br \/>\n25 Out. 2025 Col. Atl\u00e2ntico V-D <strong>CRI<br \/>\n<\/strong>08 Nov. 2025 <strong>CRI<\/strong> V-D ADQC<br \/>\n6\u00aa Jornada &#8211; FOLGA<br \/>\n22 Nov. 2025 Barreirense V-D <strong>CRI<br \/>\n<\/strong>29 Nov. 2025 <strong>CRI<\/strong> D-V P.Pires &#8211; <strong><a href=\"https:\/\/www.cri.pt\/?p=27704\">FOTOS<\/a><\/strong><br \/>\n06 Dez. 2025 D. Jo\u00e3o I D-V <strong>CRI<\/strong><\/p>\n<div class=\"mks_separator\" style=\"border-bottom: 4px solid;\"><\/div>\n<div class=\"entry-content herald-entry-content\">\n<div class=\"entry-content herald-entry-content\"><\/div>\n<p>&nbsp;<\/p>\n<\/div>\n","protected":false},"excerpt":{"rendered":"<p>LINK:\u00a0ARQUIVO \u00c9POCAS ANTERIORES HOR\u00c1RIOS DOS TREINOS TREINADORES. DIRIGENTES. COLABORADORES Treinador: Jos\u00e9 Evaristo&#8221;Moitinha&#8221; Treinador Adjunto: Alberto Lisboa CLICAR PARA VER:\u00a0FOTOS. V\u00cdDEOS. NOT\u00cdCIAS CLICAR PARA VER: Prova Distrital Benjamins 2\u00ba Ano Sub\/11 &#8211; 3\u00aa FASE &#8211; Equipas &#8220;A&#8221; &#8211; &#8220;S\u00e9rie &#8220;D&#8220; Prova Distrital Benjamins 2\u00ba Ano Sub\/11 &#8211; 3\u00aa FASE &#8211; Equipas &#8220;A&#8221; &#8211; &#8220;S\u00e9rie &#8220;D&#8220; OS [&hellip;]<\/p>\n","protected":false},"author":1,"featured_media":0,"parent":0,"menu_order":0,"comment_status":"closed","ping_status":"closed","template":"","meta":{"footnotes":""},"class_list":["post-26660","page","type-page","status-publish","hentry"],"_links":{"self":[{"href":"https:\/\/www.cri.pt\/index.php?rest_route=\/wp\/v2\/pages\/26660","targetHints":{"allow":["GET"]}}],"collection":[{"href":"https:\/\/www.cri.pt\/index.php?rest_route=\/wp\/v2\/pages"}],"about":[{"href":"https:\/\/www.cri.pt\/index.php?rest_route=\/wp\/v2\/types\/page"}],"author":[{"embeddable":true,"href":"https:\/\/www.cri.pt\/index.php?rest_route=\/wp\/v2\/users\/1"}],"replies":[{"embeddable":true,"href":"https:\/\/www.cri.pt\/index.php?rest_route=%2Fwp%2Fv2%2Fcomments&post=26660"}],"version-history":[{"count":28,"href":"https:\/\/www.cri.pt\/index.php?rest_route=\/wp\/v2\/pages\/26660\/revisions"}],"predecessor-version":[{"id":28718,"href":"https:\/\/www.cri.pt\/index.php?rest_route=\/wp\/v2\/pages\/26660\/revisions\/28718"}],"wp:attachment":[{"href":"https:\/\/www.cri.pt\/index.php?rest_route=%2Fwp%2Fv2%2Fmedia&parent=26660"}],"curies":[{"name":"wp","href":"https:\/\/api.w.org\/{rel}","templated":true}]}}