{"id":26662,"date":"2025-06-28T10:36:58","date_gmt":"2025-06-28T10:36:58","guid":{"rendered":"https:\/\/www.cri.pt\/?page_id=26662"},"modified":"2026-04-20T10:38:21","modified_gmt":"2026-04-20T10:38:21","slug":"2025-26-benjamins-b","status":"publish","type":"page","link":"https:\/\/www.cri.pt\/?page_id=26662","title":{"rendered":"2025\/26 BENJAMINS B"},"content":{"rendered":"<header class=\"entry-header\">\n<h1 class=\"entry-title h1\"><span style=\"font-size: 16px;\"><div class=\"mks_separator\" style=\"border-bottom: 4px solid;\"><\/div><\/span><\/h1>\n<\/header>\n<div class=\"entry-content herald-entry-content\">\n<div class=\"mks_separator\"><\/div>\n<p style=\"text-align: right;\">LINK:\u00a0<a href=\"https:\/\/www.cri.pt\/?page_id=6863\">ARQUIVO \u00c9POCAS ANTERIORES<\/a><\/p>\n<div class=\"mks_separator\" style=\"border-bottom: 4px solid;\"><\/div>\n<\/div>\n<p><img loading=\"lazy\" decoding=\"async\" class=\"aligncenter size-full wp-image-27646\" src=\"https:\/\/www.cri.pt\/wp-content\/uploads\/2025\/11\/2025_11_22_cri_6_5_amora_037.jpg\" alt=\"\" width=\"1280\" height=\"853\" srcset=\"https:\/\/www.cri.pt\/wp-content\/uploads\/2025\/11\/2025_11_22_cri_6_5_amora_037.jpg 1280w, https:\/\/www.cri.pt\/wp-content\/uploads\/2025\/11\/2025_11_22_cri_6_5_amora_037-300x200.jpg 300w, https:\/\/www.cri.pt\/wp-content\/uploads\/2025\/11\/2025_11_22_cri_6_5_amora_037-1024x682.jpg 1024w, https:\/\/www.cri.pt\/wp-content\/uploads\/2025\/11\/2025_11_22_cri_6_5_amora_037-768x512.jpg 768w, https:\/\/www.cri.pt\/wp-content\/uploads\/2025\/11\/2025_11_22_cri_6_5_amora_037-414x276.jpg 414w, https:\/\/www.cri.pt\/wp-content\/uploads\/2025\/11\/2025_11_22_cri_6_5_amora_037-470x313.jpg 470w, https:\/\/www.cri.pt\/wp-content\/uploads\/2025\/11\/2025_11_22_cri_6_5_amora_037-640x426.jpg 640w, https:\/\/www.cri.pt\/wp-content\/uploads\/2025\/11\/2025_11_22_cri_6_5_amora_037-130x86.jpg 130w, https:\/\/www.cri.pt\/wp-content\/uploads\/2025\/11\/2025_11_22_cri_6_5_amora_037-187x124.jpg 187w, https:\/\/www.cri.pt\/wp-content\/uploads\/2025\/11\/2025_11_22_cri_6_5_amora_037-990x660.jpg 990w\" sizes=\"auto, (max-width: 1280px) 100vw, 1280px\" \/><\/p>\n<div class=\"mks_separator\" style=\"border-bottom: 4px solid;\"><\/div>\n<div class=\"entry-content herald-entry-content\">\n<div class=\"entry-content herald-entry-content\">\n<ul>\n<li style=\"list-style-type: none;\">\n<ul>\n<li><a href=\"https:\/\/www.cri.pt\/?p=26542\"><strong>HOR\u00c1RIOS DOS TREINOS<\/strong><\/a><\/li>\n<li><strong>TREINADORES. DIRIGENTES. COLABORADORES<\/strong>\n<ul>\n<li>Treinador: <strong>David Arrais<\/strong><br \/>\nTreinadores Adjuntos: <strong>\u00c9lber Saldanha, Catarina Nicolau e Bruno Matos<\/strong><\/li>\n<\/ul>\n<\/li>\n<li><strong><a href=\"https:\/\/www.cri.pt\/?tag=Benjamins-B-2025\/26\">CLICAR PARA VER<\/a>: <\/strong>FOTOS. V\u00cdDEOS. NOT\u00cdCIAS<\/li>\n<li><strong><a href=\"https:\/\/resultados.fpf.pt\/Competition\/Details?competitionId=28279&amp;seasonId=105\" target=\"_blank\" rel=\"noopener\">CLICAR PARA VER<\/a>:<\/strong> Prova Distrital Benjamins 1\u00ba Ano Sub\/10 [<strong>3\u00aa FASE &#8211; S\u00c9RIE F<\/strong>]<\/li>\n<\/ul>\n<\/li>\n<\/ul>\n<\/div>\n<div class=\"entry-content herald-entry-content\">\n<div class=\"entry-content herald-entry-content\">\n<div class=\"mks_separator\" style=\"border-bottom: 4px solid;\"><\/div>\n<\/div>\n<\/div>\n<p><strong>OS NOSSOS JOGOS &#8211; <\/strong><strong><a href=\"https:\/\/resultados.fpf.pt\/Competition\/Details?competitionId=28279&amp;seasonId=105\" target=\"_blank\" rel=\"noopener\">CLICAR PARA VER<\/a>:<\/strong> Prova Distrital Benjamins 1\u00ba Ano Sub\/10 [<strong>3\u00aa FASE &#8211; S\u00c9RIE F<\/strong>]\n<\/div>\n<p>14 fev Palmelense x <strong>CRI<\/strong><br \/>\n21 fev <strong>CRI<\/strong> x C. Ind\u00fastria &#8220;B&#8221;<br \/>\n07 mar Moitense &#8220;B&#8221; x <strong>CRI<\/strong><br \/>\n14 mar <strong>CRI<\/strong> x Grandolense &#8220;B&#8221;<br \/>\n21 mar x 1\u00ba Maio x <strong>CRI<\/strong><br \/>\n28 mar <strong>CRI<\/strong> V-D Amora &#8220;B&#8221;<br \/>\n11 abr\u00a0 AD Almada &#8220;B&#8221; x <strong>CRI<\/strong><br \/>\n18 abr <strong>CRI<\/strong> D-V CCDBA &#8220;B&#8221;<br \/>\n25 abr CCDBA &#8220;B&#8221; x CRI<br \/>\n02 mai CRI x Palmelense<br \/>\n09 mai C. Industria &#8220;B&#8221; x CRI<br \/>\n23 mai CRI x Moitense &#8220;B&#8221;<br \/>\n30 mai Grandolense &#8220;B&#8221; x CRI<br \/>\n04 jun CRI x 1.\u00ba Maio<br \/>\n06 jun Amora &#8220;B&#8221; x CRI<br \/>\n13 jun CRI x AD Almada &#8220;B&#8221;<\/p>\n<p>&nbsp;<\/p>\n<p>&nbsp;<\/p>\n<p>&nbsp;<\/p>\n<div class=\"entry-content herald-entry-content\">\n<p>&nbsp;<\/p>\n<div class=\"entry-content herald-entry-content\">\n<div class=\"mks_separator\" style=\"border-bottom: 4px solid;\"><\/div>\n<\/div>\n<\/div>\n<p><strong>OS NOSSOS JOGOS &#8211; <\/strong><strong><a href=\"https:\/\/resultados.fpf.pt\/Competition\/Details?competitionId=28279&amp;seasonId=105\" target=\"_blank\" rel=\"noopener\">CLICAR PARA VER<\/a>:<\/strong> Prova Distrital Benjamins 1\u00ba Ano Sub\/10 [2<strong>\u00aa FASE &#8211; S\u00c9RIE H<\/strong>]\n<p>06 Dez. 2025 Pelezinhos D-V <strong>CRI<\/strong><br \/>\n13 Dez. 2025 <strong>CRI<\/strong> D-V Afonsoeirense<br \/>\n20 Dez. 2025 P. Pires &#8220;B&#8221; D-V <strong>CRI<br \/>\n<\/strong>10 Jan. 2026 <strong>CRI<\/strong> D-V G Corroios<br \/>\n17 Jan. 2026 CRI Folga<\/p>\n<div class=\"mks_separator\" style=\"border-bottom: 4px solid;\"><\/div>\n<p>&nbsp;<\/p>\n<p>Prova Distrital Benjamins 1\u00ba Ano Sub\/10 [<strong>S\u00c9RIE E<\/strong>]\n<p><strong>OS NOSSOS JOGOS &#8211; <\/strong><strong><a href=\"https:\/\/resultados.fpf.pt\/Competition\/Details?competitionId=28279&amp;seasonId=105\" target=\"_blank\" rel=\"noopener\">CLICAR PARA VER<\/a>:<\/strong> Prova Distrital Benjamins 1\u00ba Ano Sub\/10 [<strong>1\u00aa FASE &#8211; S\u00c9RIE E<\/strong>]\n<p>4 Out. 2025 Barreirense &#8220;B&#8221; x <strong>CRI<\/strong><br \/>\n11 Out. 2025 <strong>CRI<\/strong> x Samouquense<br \/>\n18 Out. 2025 CCDB Azeit\u00e3o x <strong>CRI\u00a0<\/strong><br \/>\n25 Out. 2025 <strong>CRI<\/strong> x ADQ Conde &#8220;B&#8221;<br \/>\n08 Nov. 2025, 5\u00aa Jornada AFS &#8211; folga<br \/>\n15 Nov. 2025,Moitense x <strong>CRI<br \/>\n<\/strong>22 Nov. 2025,<strong>CRI<\/strong> x Ol\u00edmpico<\/p>\n<div class=\"mks_separator\" style=\"border-bottom: 4px solid;\"><\/div>\n<div class=\"entry-content herald-entry-content\">\n<div class=\"entry-content herald-entry-content\"><\/div>\n<p>&nbsp;<\/p>\n<\/div>\n","protected":false},"excerpt":{"rendered":"<p>LINK:\u00a0ARQUIVO \u00c9POCAS ANTERIORES HOR\u00c1RIOS DOS TREINOS TREINADORES. DIRIGENTES. COLABORADORES Treinador: David Arrais Treinadores Adjuntos: \u00c9lber Saldanha, Catarina Nicolau e Bruno Matos CLICAR PARA VER: FOTOS. V\u00cdDEOS. NOT\u00cdCIAS CLICAR PARA VER: Prova Distrital Benjamins 1\u00ba Ano Sub\/10 [3\u00aa FASE &#8211; S\u00c9RIE F] OS NOSSOS JOGOS &#8211; CLICAR PARA VER: Prova Distrital Benjamins 1\u00ba Ano Sub\/10 [3\u00aa [&hellip;]<\/p>\n","protected":false},"author":1,"featured_media":0,"parent":0,"menu_order":0,"comment_status":"closed","ping_status":"closed","template":"","meta":{"footnotes":""},"class_list":["post-26662","page","type-page","status-publish","hentry"],"_links":{"self":[{"href":"https:\/\/www.cri.pt\/index.php?rest_route=\/wp\/v2\/pages\/26662","targetHints":{"allow":["GET"]}}],"collection":[{"href":"https:\/\/www.cri.pt\/index.php?rest_route=\/wp\/v2\/pages"}],"about":[{"href":"https:\/\/www.cri.pt\/index.php?rest_route=\/wp\/v2\/types\/page"}],"author":[{"embeddable":true,"href":"https:\/\/www.cri.pt\/index.php?rest_route=\/wp\/v2\/users\/1"}],"replies":[{"embeddable":true,"href":"https:\/\/www.cri.pt\/index.php?rest_route=%2Fwp%2Fv2%2Fcomments&post=26662"}],"version-history":[{"count":20,"href":"https:\/\/www.cri.pt\/index.php?rest_route=\/wp\/v2\/pages\/26662\/revisions"}],"predecessor-version":[{"id":28632,"href":"https:\/\/www.cri.pt\/index.php?rest_route=\/wp\/v2\/pages\/26662\/revisions\/28632"}],"wp:attachment":[{"href":"https:\/\/www.cri.pt\/index.php?rest_route=%2Fwp%2Fv2%2Fmedia&parent=26662"}],"curies":[{"name":"wp","href":"https:\/\/api.w.org\/{rel}","templated":true}]}}