{"id":26664,"date":"2025-06-28T10:37:55","date_gmt":"2025-06-28T10:37:55","guid":{"rendered":"https:\/\/www.cri.pt\/?page_id=26664"},"modified":"2026-03-19T23:55:55","modified_gmt":"2026-03-19T23:55:55","slug":"2025-26-infantis-feminina","status":"publish","type":"page","link":"https:\/\/www.cri.pt\/?page_id=26664","title":{"rendered":"2025\/26 FEMININO SUB-13"},"content":{"rendered":"<header class=\"entry-header\">\n<h1 class=\"entry-title h1\"><span style=\"font-size: 16px;\"><div class=\"mks_separator\" style=\"border-bottom: 4px solid;\"><\/div><\/span><\/h1>\n<\/header>\n<div class=\"entry-content herald-entry-content\">\n<div class=\"mks_separator\"><\/div>\n<p style=\"text-align: right;\">LINK:\u00a0<a href=\"https:\/\/www.cri.pt\/?page_id=6863\">ARQUIVO \u00c9POCAS ANTERIORES<\/a><\/p>\n<div class=\"mks_separator\" style=\"border-bottom: 4px solid;\"><\/div>\n<p><img loading=\"lazy\" decoding=\"async\" class=\"aligncenter size-full wp-image-27529\" src=\"https:\/\/www.cri.pt\/wp-content\/uploads\/2025\/11\/2025-11-01-site.jpg\" alt=\"\" width=\"1920\" height=\"1280\" srcset=\"https:\/\/www.cri.pt\/wp-content\/uploads\/2025\/11\/2025-11-01-site.jpg 1920w, https:\/\/www.cri.pt\/wp-content\/uploads\/2025\/11\/2025-11-01-site-300x200.jpg 300w, https:\/\/www.cri.pt\/wp-content\/uploads\/2025\/11\/2025-11-01-site-1024x683.jpg 1024w, https:\/\/www.cri.pt\/wp-content\/uploads\/2025\/11\/2025-11-01-site-768x512.jpg 768w, https:\/\/www.cri.pt\/wp-content\/uploads\/2025\/11\/2025-11-01-site-1536x1024.jpg 1536w, https:\/\/www.cri.pt\/wp-content\/uploads\/2025\/11\/2025-11-01-site-414x276.jpg 414w, https:\/\/www.cri.pt\/wp-content\/uploads\/2025\/11\/2025-11-01-site-470x313.jpg 470w, https:\/\/www.cri.pt\/wp-content\/uploads\/2025\/11\/2025-11-01-site-640x426.jpg 640w, https:\/\/www.cri.pt\/wp-content\/uploads\/2025\/11\/2025-11-01-site-130x86.jpg 130w, https:\/\/www.cri.pt\/wp-content\/uploads\/2025\/11\/2025-11-01-site-187x124.jpg 187w, https:\/\/www.cri.pt\/wp-content\/uploads\/2025\/11\/2025-11-01-site-990x660.jpg 990w, https:\/\/www.cri.pt\/wp-content\/uploads\/2025\/11\/2025-11-01-site-1320x880.jpg 1320w\" sizes=\"auto, (max-width: 1920px) 100vw, 1920px\" \/><\/p>\n<p><strong>Nascidas em: 2012, 2013 e 2014 ou mais<\/strong><\/p>\n<div class=\"entry-content herald-entry-content\">\n<ul>\n<li style=\"list-style-type: none;\">\n<ul>\n<li><a href=\"https:\/\/www.cri.pt\/?p=26542\"><strong>HOR\u00c1RIOS DOS TREINOS<\/strong><\/a><br \/>\nSegundas (19:30h)<br \/>\nTer\u00e7as (19:30h)<br \/>\nQuintas (19:30h)<\/li>\n<li><strong>TREINADORES. DIRIGENTES. COLABORADORES<\/strong>\n<ul>\n<li>Treinador: <strong>Nuno Aiveca<\/strong><br \/>\nTreinadores Adjuntos: <strong>Samuel Silva<\/strong><\/li>\n<\/ul>\n<\/li>\n<li><strong><a href=\"https:\/\/www.cri.pt\/?tag=Feminino-2025\/26\">CLICAR PARA VER<\/a>: <\/strong>FOTOS. V\u00cdDEOS. NOT\u00cdCIAS<\/li>\n<li><strong><a href=\"https:\/\/resultados.fpf.pt\/Competition\/Details?competitionId=28487&amp;seasonId=105\" target=\"_blank\" rel=\"noopener\">CLICAR PARA VER<\/a>:<\/strong> RESULTADOS E CLASSIFICA\u00c7\u00d5ES <strong>CD Sub-13 Futebol 7 &#8211; Apuramento do 7\u00ba ao 11\u00ba<\/strong><\/li>\n<\/ul>\n<\/li>\n<\/ul>\n<\/div>\n<div class=\"mks_separator\" style=\"border-bottom: 4px solid;\"><\/div>\n<p>OS NOSSOS JOGOS OFICIAIS &#8211; <strong>CD Sub-13 Futebol 7 &#8211; Apuramento do 7\u00ba ao 11\u00ba<\/strong><\/p>\n<p>10 Jan. 2026 <strong>CRI<\/strong> 1-0 Amora &#8220;B&#8221; &#8211; <a href=\"https:\/\/resultados.fpf.pt\/Match\/GetMatchInformation?matchId=2486036\" target=\"_blank\" rel=\"noopener\">FICHA DE JOGO<\/a><br \/>\n17 Jan. 2026 ADQ Conde 1-0 <strong>CRI &#8211; <\/strong><a href=\"https:\/\/resultados.fpf.pt\/Match\/GetMatchInformation?matchId=2486037\" target=\"_blank\" rel=\"noopener\">FICHA DE JOGO<\/a><br \/>\n24 Jan. 2026 <strong>CRI<\/strong> 2-1 CCDB Azeit\u00e3o &#8211; <a href=\"https:\/\/resultados.fpf.pt\/Match\/GetMatchInformation?matchId=2486040\" target=\"_blank\" rel=\"noopener\">FICHA DE JOGO<\/a> &#8211; <strong><a href=\"https:\/\/www.cri.pt\/?p=28074\">FOTOS<\/a><br \/>\n<\/strong>14 Fev. 2026 Seixal 1925 2-0 <strong>CRI &#8211; <\/strong><a href=\"https:\/\/resultados.fpf.pt\/Match\/GetMatchInformation?matchId=2486044\" target=\"_blank\" rel=\"noopener\">FICHA DE JOGO<\/a><strong> &#8211; <a href=\"https:\/\/www.cri.pt\/?p=28202\">FOTOS<\/a><br \/>\n<\/strong>28 Fev. 2026 Amora &#8220;B&#8221; 2-4 <strong>CRI &#8211; <\/strong><a href=\"https:\/\/resultados.fpf.pt\/Match\/GetMatchInformation?matchId=2486046\" target=\"_blank\" rel=\"noopener\">FICHA DE JOGO<\/a><br \/>\n07 Mar. 2026 <strong>CRI<\/strong> 1-1 ADQ Conde &#8211; <a href=\"https:\/\/resultados.fpf.pt\/Match\/GetMatchInformation?matchId=2486047\" target=\"_blank\" rel=\"noopener\">FICHA DE JOGO<\/a> &#8211; <strong><a href=\"https:\/\/www.cri.pt\/?p=28318\">FOTOS<\/a><\/strong><br \/>\n14 Mar. 2026 CCDB Azeit\u00e3o 2-1 <strong>CRI<\/strong> &#8211; <a href=\"https:\/\/resultados.fpf.pt\/Match\/GetMatchInformation?matchId=2486050\" target=\"_blank\" rel=\"noopener\">FICHA DE JOGO<\/a><br \/>\n28 Mar. 2026 CRI x Seixal 1925<\/p>\n<p>&nbsp;<\/p>\n<div class=\"entry-content herald-entry-content\">\n<div class=\"mks_separator\" style=\"border-bottom: 4px solid;\"><\/div>\n<p><a href=\"https:\/\/resultados.fpf.pt\/Competition\/Details?competitionId=28487&amp;seasonId=105\" target=\"_blank\" rel=\"noopener\">OS NOSSOS JOGOS OFICIAIS &#8211; <strong>CD Sub-13 Futebol 7 &#8211; 1\u00aa Fase &#8211; S\u00e9rie &#8220;A&#8221;<\/strong><\/a><\/p>\n<\/div>\n<\/div>\n<p>04 Out. 2025, <strong>CRI<\/strong> 3-2 Amora &#8220;B&#8221; &#8211; <a href=\"https:\/\/resultados.fpf.pt\/Match\/GetMatchInformation?matchId=2415146\" target=\"_blank\" rel=\"noopener\">FICHA DE JOGO<\/a><br \/>\n11 Out. 2025, CCDBA 6-5 <strong>CRI<\/strong> &#8211; <a href=\"https:\/\/resultados.fpf.pt\/Match\/GetMatchInformation?matchId=2415150\" target=\"_blank\" rel=\"noopener\">FICHA DE JOGO<\/a><br \/>\n18 Out. 2025, Juv. Sarilhense 1-0 <strong>CRI<\/strong> &#8211; <a href=\"https:\/\/resultados.fpf.pt\/Match\/GetMatchInformation?matchId=2415153\" target=\"_blank\" rel=\"noopener\">FICHA DE JOGO<\/a><br \/>\n01 Nov. 2025, <strong>CRI<\/strong> 3-3 EFF Set\u00fabal &#8211; <a href=\"https:\/\/resultados.fpf.pt\/Match\/GetMatchInformation?matchId=2415156\" target=\"_blank\" rel=\"noopener\">FICHA DE JOGO<\/a> &#8211; <strong><a href=\"https:\/\/www.cri.pt\/?page_id=26664\">FOTO<\/a><\/strong><br \/>\n08 Nov. 2025, Jardiense 1-0 <strong>CRI<\/strong> &#8211; <a href=\"https:\/\/resultados.fpf.pt\/Match\/GetMatchInformation?matchId=2415159\" target=\"_blank\" rel=\"noopener\">FICHA DE JOGO<\/a><br \/>\n22 Nov. 2025, Amora &#8220;B&#8221; 1-3 <strong>CRI<\/strong> 6\u00aa &#8211; <a href=\"https:\/\/resultados.fpf.pt\/Match\/GetMatchInformation?matchId=2415161\" target=\"_blank\" rel=\"noopener\">FICHA DE JOGO<\/a> &#8211; <strong><a href=\"https:\/\/www.cri.pt\/?p=27661\">FOTOS<\/a><br \/>\n<\/strong>29 Nov. 2025, <strong>CRI<\/strong> 3-0 CCDBA &#8211; <a href=\"https:\/\/resultados.fpf.pt\/Match\/GetMatchInformation?matchId=2415165\" target=\"_blank\" rel=\"noopener\">FICHA DE JOGO<\/a> &#8211; <strong><a href=\"https:\/\/www.cri.pt\/?p=27681\">FOTOS<\/a><\/strong><br \/>\n06 Dez. 2025, <strong>CRI<\/strong> 1-1 Juv. Sarilhense &#8211; <a href=\"https:\/\/resultados.fpf.pt\/Match\/GetMatchInformation?matchId=2415168\" target=\"_blank\" rel=\"noopener\">FICHA DE JOGO<\/a><br \/>\n08 Dez. 2025, <strong>CRI<\/strong> 0-3 Jardiense &#8211; <a href=\"https:\/\/resultados.fpf.pt\/Match\/GetMatchInformation?matchId=2415174\" target=\"_blank\" rel=\"noopener\">FICHA DE JOGO<\/a> &#8211; <strong><a href=\"https:\/\/www.cri.pt\/?p=27766\">FOTOS<\/a><br \/>\n<\/strong>13 Dez. 2025, EFF Set\u00fabal 0-3 <strong>CRI<\/strong> &#8211; <a href=\"https:\/\/resultados.fpf.pt\/Match\/GetMatchInformation?matchId=2415171\" target=\"_blank\" rel=\"noopener\">FICHA DE JOGO<\/a><\/p>\n<p>CLASSIFICA\u00c7\u00c3O FINAL<\/p>\n<p><img loading=\"lazy\" decoding=\"async\" class=\"size-full wp-image-28003 alignnone\" src=\"https:\/\/www.cri.pt\/wp-content\/uploads\/2025\/12\/sub13_fem.jpg\" alt=\"\" width=\"360\" height=\"558\" srcset=\"https:\/\/www.cri.pt\/wp-content\/uploads\/2025\/12\/sub13_fem.jpg 360w, https:\/\/www.cri.pt\/wp-content\/uploads\/2025\/12\/sub13_fem-194x300.jpg 194w, https:\/\/www.cri.pt\/wp-content\/uploads\/2025\/12\/sub13_fem-83x128.jpg 83w, https:\/\/www.cri.pt\/wp-content\/uploads\/2025\/12\/sub13_fem-21x32.jpg 21w\" sizes=\"auto, (max-width: 360px) 100vw, 360px\" \/><\/p>\n<div class=\"mks_separator\" style=\"border-bottom: 4px solid;\"><\/div>\n<div class=\"entry-content herald-entry-content\">\n<div class=\"entry-content herald-entry-content\"><\/div>\n<p>&nbsp;<\/p>\n<\/div>\n","protected":false},"excerpt":{"rendered":"<p>LINK:\u00a0ARQUIVO \u00c9POCAS ANTERIORES Nascidas em: 2012, 2013 e 2014 ou mais HOR\u00c1RIOS DOS TREINOS Segundas (19:30h) Ter\u00e7as (19:30h) Quintas (19:30h) TREINADORES. DIRIGENTES. COLABORADORES Treinador: Nuno Aiveca Treinadores Adjuntos: Samuel Silva CLICAR PARA VER: FOTOS. V\u00cdDEOS. NOT\u00cdCIAS CLICAR PARA VER: RESULTADOS E CLASSIFICA\u00c7\u00d5ES CD Sub-13 Futebol 7 &#8211; Apuramento do 7\u00ba ao 11\u00ba OS NOSSOS JOGOS [&hellip;]<\/p>\n","protected":false},"author":1,"featured_media":0,"parent":0,"menu_order":0,"comment_status":"closed","ping_status":"closed","template":"","meta":{"footnotes":""},"class_list":["post-26664","page","type-page","status-publish","hentry"],"_links":{"self":[{"href":"https:\/\/www.cri.pt\/index.php?rest_route=\/wp\/v2\/pages\/26664","targetHints":{"allow":["GET"]}}],"collection":[{"href":"https:\/\/www.cri.pt\/index.php?rest_route=\/wp\/v2\/pages"}],"about":[{"href":"https:\/\/www.cri.pt\/index.php?rest_route=\/wp\/v2\/types\/page"}],"author":[{"embeddable":true,"href":"https:\/\/www.cri.pt\/index.php?rest_route=\/wp\/v2\/users\/1"}],"replies":[{"embeddable":true,"href":"https:\/\/www.cri.pt\/index.php?rest_route=%2Fwp%2Fv2%2Fcomments&post=26664"}],"version-history":[{"count":30,"href":"https:\/\/www.cri.pt\/index.php?rest_route=\/wp\/v2\/pages\/26664\/revisions"}],"predecessor-version":[{"id":28379,"href":"https:\/\/www.cri.pt\/index.php?rest_route=\/wp\/v2\/pages\/26664\/revisions\/28379"}],"wp:attachment":[{"href":"https:\/\/www.cri.pt\/index.php?rest_route=%2Fwp%2Fv2%2Fmedia&parent=26664"}],"curies":[{"name":"wp","href":"https:\/\/api.w.org\/{rel}","templated":true}]}}