{"id":26666,"date":"2025-06-28T10:38:23","date_gmt":"2025-06-28T10:38:23","guid":{"rendered":"https:\/\/www.cri.pt\/?page_id=26666"},"modified":"2026-03-19T23:59:40","modified_gmt":"2026-03-19T23:59:40","slug":"2025-26-traquinas","status":"publish","type":"page","link":"https:\/\/www.cri.pt\/?page_id=26666","title":{"rendered":"2025\/26 TRAQUINAS"},"content":{"rendered":"<header class=\"entry-header\">\n<h1 class=\"entry-title h1\"><span style=\"font-size: 16px;\"><div class=\"mks_separator\" style=\"border-bottom: 4px solid;\"><\/div><\/span><\/h1>\n<\/header>\n<div class=\"entry-content herald-entry-content\">\n<div class=\"mks_separator\"><\/div>\n<p style=\"text-align: right;\">LINK:\u00a0<a href=\"https:\/\/www.cri.pt\/?page_id=6863\">ARQUIVO \u00c9POCAS ANTERIORES<\/a><\/p>\n<div class=\"mks_separator\" style=\"border-bottom: 4px solid;\"><\/div>\n<p><img loading=\"lazy\" decoding=\"async\" class=\"aligncenter size-full wp-image-28118\" src=\"https:\/\/www.cri.pt\/wp-content\/uploads\/2026\/02\/2026_01_31_Traquinas_no_jogamais_029.jpg\" alt=\"\" width=\"1440\" height=\"1080\" srcset=\"https:\/\/www.cri.pt\/wp-content\/uploads\/2026\/02\/2026_01_31_Traquinas_no_jogamais_029.jpg 1440w, https:\/\/www.cri.pt\/wp-content\/uploads\/2026\/02\/2026_01_31_Traquinas_no_jogamais_029-300x225.jpg 300w, https:\/\/www.cri.pt\/wp-content\/uploads\/2026\/02\/2026_01_31_Traquinas_no_jogamais_029-1024x768.jpg 1024w, https:\/\/www.cri.pt\/wp-content\/uploads\/2026\/02\/2026_01_31_Traquinas_no_jogamais_029-768x576.jpg 768w, https:\/\/www.cri.pt\/wp-content\/uploads\/2026\/02\/2026_01_31_Traquinas_no_jogamais_029-128x96.jpg 128w, https:\/\/www.cri.pt\/wp-content\/uploads\/2026\/02\/2026_01_31_Traquinas_no_jogamais_029-32x24.jpg 32w, https:\/\/www.cri.pt\/wp-content\/uploads\/2026\/02\/2026_01_31_Traquinas_no_jogamais_029-74x55.jpg 74w, https:\/\/www.cri.pt\/wp-content\/uploads\/2026\/02\/2026_01_31_Traquinas_no_jogamais_029-111x83.jpg 111w, https:\/\/www.cri.pt\/wp-content\/uploads\/2026\/02\/2026_01_31_Traquinas_no_jogamais_029-215x161.jpg 215w, https:\/\/www.cri.pt\/wp-content\/uploads\/2026\/02\/2026_01_31_Traquinas_no_jogamais_029-990x743.jpg 990w, https:\/\/www.cri.pt\/wp-content\/uploads\/2026\/02\/2026_01_31_Traquinas_no_jogamais_029-1320x990.jpg 1320w\" sizes=\"auto, (max-width: 1440px) 100vw, 1440px\" \/><\/p>\n<div class=\"mks_separator\" style=\"border-bottom: 4px solid;\"><\/div>\n<div class=\"entry-content herald-entry-content\">\n<ul>\n<li style=\"list-style-type: none;\">\n<ul>\n<li><a href=\"https:\/\/www.cri.pt\/?p=26542\"><strong>HOR\u00c1RIOS DOS TREINOS<\/strong><\/a><\/li>\n<li><strong>JOGADORES<\/strong><\/li>\n<li><strong>TREINADORES. DIRIGENTES. COLABORADORES<\/strong>\n<ul>\n<li>Treinador: <strong>Jos\u00e9 &#8220;Moitinha&#8221;<\/strong><\/li>\n<li>Treinador Adjunto: <strong>Alberto Filho<\/strong><\/li>\n<\/ul>\n<\/li>\n<li><strong><a href=\"https:\/\/www.cri.pt\/?cat=33\">CLICAR PAR VER<\/a>:\u00a0<\/strong>FOTOS. V\u00cdDEOS. NOT\u00cdCIAS<\/li>\n<\/ul>\n<\/li>\n<\/ul>\n<div class=\"mks_separator\" style=\"border-bottom: 4px solid;\"><\/div>\n<\/div>\n<\/div>\n<p><img loading=\"lazy\" decoding=\"async\" class=\"aligncenter size-full wp-image-27182\" src=\"https:\/\/www.cri.pt\/wp-content\/uploads\/2025\/09\/fogueteiro202526.png\" alt=\"\" width=\"1306\" height=\"1064\" srcset=\"https:\/\/www.cri.pt\/wp-content\/uploads\/2025\/09\/fogueteiro202526.png 1306w, https:\/\/www.cri.pt\/wp-content\/uploads\/2025\/09\/fogueteiro202526-300x244.png 300w, https:\/\/www.cri.pt\/wp-content\/uploads\/2025\/09\/fogueteiro202526-1024x834.png 1024w, https:\/\/www.cri.pt\/wp-content\/uploads\/2025\/09\/fogueteiro202526-768x626.png 768w, https:\/\/www.cri.pt\/wp-content\/uploads\/2025\/09\/fogueteiro202526-990x807.png 990w\" sizes=\"auto, (max-width: 1306px) 100vw, 1306px\" \/><\/p>\n<p>&nbsp;<\/p>\n<div class=\"mks_separator\" style=\"border-bottom: 4px solid;\"><\/div>\n<div class=\"entry-content herald-entry-content\">\n<div class=\"entry-content herald-entry-content\"><\/div>\n<p>&nbsp;<\/p>\n<\/div>\n","protected":false},"excerpt":{"rendered":"<p>LINK:\u00a0ARQUIVO \u00c9POCAS ANTERIORES HOR\u00c1RIOS DOS TREINOS JOGADORES TREINADORES. DIRIGENTES. COLABORADORES Treinador: Jos\u00e9 &#8220;Moitinha&#8221; Treinador Adjunto: Alberto Filho CLICAR PAR VER:\u00a0FOTOS. V\u00cdDEOS. NOT\u00cdCIAS &nbsp; &nbsp;<\/p>\n","protected":false},"author":1,"featured_media":0,"parent":0,"menu_order":0,"comment_status":"closed","ping_status":"closed","template":"","meta":{"footnotes":""},"class_list":["post-26666","page","type-page","status-publish","hentry"],"_links":{"self":[{"href":"https:\/\/www.cri.pt\/index.php?rest_route=\/wp\/v2\/pages\/26666","targetHints":{"allow":["GET"]}}],"collection":[{"href":"https:\/\/www.cri.pt\/index.php?rest_route=\/wp\/v2\/pages"}],"about":[{"href":"https:\/\/www.cri.pt\/index.php?rest_route=\/wp\/v2\/types\/page"}],"author":[{"embeddable":true,"href":"https:\/\/www.cri.pt\/index.php?rest_route=\/wp\/v2\/users\/1"}],"replies":[{"embeddable":true,"href":"https:\/\/www.cri.pt\/index.php?rest_route=%2Fwp%2Fv2%2Fcomments&post=26666"}],"version-history":[{"count":6,"href":"https:\/\/www.cri.pt\/index.php?rest_route=\/wp\/v2\/pages\/26666\/revisions"}],"predecessor-version":[{"id":28381,"href":"https:\/\/www.cri.pt\/index.php?rest_route=\/wp\/v2\/pages\/26666\/revisions\/28381"}],"wp:attachment":[{"href":"https:\/\/www.cri.pt\/index.php?rest_route=%2Fwp%2Fv2%2Fmedia&parent=26666"}],"curies":[{"name":"wp","href":"https:\/\/api.w.org\/{rel}","templated":true}]}}