{"id":26758,"date":"2025-07-08T10:23:01","date_gmt":"2025-07-08T10:23:01","guid":{"rendered":"https:\/\/www.cri.pt\/?page_id=26758"},"modified":"2026-03-31T20:53:26","modified_gmt":"2026-03-31T20:53:26","slug":"2025-26-seniores","status":"publish","type":"page","link":"https:\/\/www.cri.pt\/?page_id=26758","title":{"rendered":"2025\/26 SENIORES"},"content":{"rendered":"<header class=\"entry-header\">\n<p class=\"entry-title h1\"><div class=\"mks_separator\" style=\"border-bottom: 4px solid;\"><\/div>\n<\/header>\n<div class=\"entry-content herald-entry-content\">\n<p style=\"text-align: right;\">LINK:\u00a0<a href=\"https:\/\/www.cri.pt\/?page_id=6863\">ARQUIVO \u00c9POCAS ANTERIORES<\/a><\/p>\n<div class=\"mks_separator\" style=\"border-bottom: 4px solid;\"><\/div>\n<img loading=\"lazy\" decoding=\"async\" class=\"aligncenter size-full wp-image-27357\" src=\"https:\/\/www.cri.pt\/wp-content\/uploads\/2025\/09\/2025_09_28_cri_5_1adalmada_jun_065.jpg\" alt=\"\" width=\"1280\" height=\"853\" srcset=\"https:\/\/www.cri.pt\/wp-content\/uploads\/2025\/09\/2025_09_28_cri_5_1adalmada_jun_065.jpg 1280w, https:\/\/www.cri.pt\/wp-content\/uploads\/2025\/09\/2025_09_28_cri_5_1adalmada_jun_065-300x200.jpg 300w, https:\/\/www.cri.pt\/wp-content\/uploads\/2025\/09\/2025_09_28_cri_5_1adalmada_jun_065-1024x682.jpg 1024w, https:\/\/www.cri.pt\/wp-content\/uploads\/2025\/09\/2025_09_28_cri_5_1adalmada_jun_065-768x512.jpg 768w, https:\/\/www.cri.pt\/wp-content\/uploads\/2025\/09\/2025_09_28_cri_5_1adalmada_jun_065-414x276.jpg 414w, https:\/\/www.cri.pt\/wp-content\/uploads\/2025\/09\/2025_09_28_cri_5_1adalmada_jun_065-470x313.jpg 470w, https:\/\/www.cri.pt\/wp-content\/uploads\/2025\/09\/2025_09_28_cri_5_1adalmada_jun_065-640x426.jpg 640w, https:\/\/www.cri.pt\/wp-content\/uploads\/2025\/09\/2025_09_28_cri_5_1adalmada_jun_065-130x86.jpg 130w, https:\/\/www.cri.pt\/wp-content\/uploads\/2025\/09\/2025_09_28_cri_5_1adalmada_jun_065-187x124.jpg 187w, https:\/\/www.cri.pt\/wp-content\/uploads\/2025\/09\/2025_09_28_cri_5_1adalmada_jun_065-990x660.jpg 990w\" sizes=\"auto, (max-width: 1280px) 100vw, 1280px\" \/><br \/>\n<div class=\"mks_separator\" style=\"border-bottom: 4px solid;\"><\/div>\n<\/div>\n<hr \/>\n<div class=\"entry-content herald-entry-content\">\n<div class=\"entry-content herald-entry-content\">\n<ul>\n<li style=\"list-style-type: none;\"><div class=\"mks_separator\" style=\"border-bottom: 2px solid;\"><\/div>\n<ul>\n<li style=\"list-style-type: none;\"><strong>JOGADORES<\/strong><\/li>\n<li>em atualiza\u00e7\u00e3o<\/li>\n<\/ul>\n<\/li>\n<\/ul>\n<div class=\"sportspress sp-widget-align-none\"><div class=\"sp-template sp-template-player-list\"><a name=\"group-1-guarda-redes\" id=\"group-1-guarda-redes\"><\/a><h4 class=\"sp-table-caption player-group-name player-list-group-name\">Guarda-redes<\/h4><div class=\"sp-table-wrapper\"><table class=\"sp-player-list sp-data-table sp-sortable-table sp-responsive-table playerlist_69f90f2797d13 sp-scrollable-table sp-paginated-table\" data-sp-rows=\"30\"><thead><tr><th class=\"data-name\">Jogador<\/th><th class=\"data-age\">Idade<\/th><\/tr><\/thead><tbody><tr class=\"odd\"><td class=\"data-name\" data-label=\"Jogador\"><a href=\"https:\/\/www.cri.pt\/?sp_player=diogo-brito\">Diogo Brito<\/a><\/td><td class=\"data-age\" data-label=\"Idade\">28<\/td><\/tr><tr class=\"even\"><td class=\"data-name\" data-label=\"Jogador\"><a href=\"https:\/\/www.cri.pt\/?sp_player=gabriel-araujo\">Gabriel Ara\u00fajo<\/a><\/td><td class=\"data-age\" data-label=\"Idade\">20<\/td><\/tr><tr class=\"odd\"><td class=\"data-name\" data-label=\"Jogador\"><a href=\"https:\/\/www.cri.pt\/?sp_player=rafael-maia\">Rafael Maia<\/a><\/td><td class=\"data-age\" data-label=\"Idade\">24<\/td><\/tr><\/tbody><\/table><\/div><div class=\"sp-player-list-link sp-view-all-link\"><a href=\"https:\/\/www.cri.pt\/?sp_list=seniores-2025-26\">Ver todos<\/a><\/div><\/div><div class=\"sp-template sp-template-player-list\"><a name=\"group-2-defesa\" id=\"group-2-defesa\"><\/a><h4 class=\"sp-table-caption player-group-name player-list-group-name\">Defesa(s)<\/h4><div class=\"sp-table-wrapper\"><table class=\"sp-player-list sp-data-table sp-sortable-table sp-responsive-table playerlist_69f90f2797d13 sp-scrollable-table sp-paginated-table\" data-sp-rows=\"30\"><thead><tr><th class=\"data-name\">Jogador<\/th><th class=\"data-age\">Idade<\/th><\/tr><\/thead><tbody><tr class=\"odd\"><td class=\"data-name\" data-label=\"Jogador\"><a href=\"https:\/\/www.cri.pt\/?sp_player=daniel-espadinha\">Daniel Espadinha<\/a><\/td><td class=\"data-age\" data-label=\"Idade\">21<\/td><\/tr><tr class=\"even\"><td class=\"data-name\" data-label=\"Jogador\"><a href=\"https:\/\/www.cri.pt\/?sp_player=etion-monteiro\">Etion Monteiro<\/a><\/td><td class=\"data-age\" data-label=\"Idade\">20<\/td><\/tr><tr class=\"odd\"><td class=\"data-name\" data-label=\"Jogador\"><a href=\"https:\/\/www.cri.pt\/?sp_player=helder-saias\">Helder Saias<\/a><\/td><td class=\"data-age\" data-label=\"Idade\">35<\/td><\/tr><tr class=\"even\"><td class=\"data-name\" data-label=\"Jogador\"><a href=\"https:\/\/www.cri.pt\/?sp_player=jose-vinagreiro\">Jos\u00e9 Vinagreiro<\/a><\/td><td class=\"data-age\" data-label=\"Idade\">20<\/td><\/tr><tr class=\"odd\"><td class=\"data-name\" data-label=\"Jogador\"><a href=\"https:\/\/www.cri.pt\/?sp_player=milton-amaral\">Milton Amaral<\/a><\/td><td class=\"data-age\" data-label=\"Idade\">27<\/td><\/tr><tr class=\"even\"><td class=\"data-name\" data-label=\"Jogador\"><a href=\"https:\/\/www.cri.pt\/?sp_player=nuno-barradas\">Nuno Barradas<\/a><\/td><td class=\"data-age\" data-label=\"Idade\">20<\/td><\/tr><tr class=\"odd\"><td class=\"data-name\" data-label=\"Jogador\"><a href=\"https:\/\/www.cri.pt\/?sp_player=pedro-madeira\">Pedro Madeira<\/a><\/td><td class=\"data-age\" data-label=\"Idade\">21<\/td><\/tr><tr class=\"even\"><td class=\"data-name\" data-label=\"Jogador\"><a href=\"https:\/\/www.cri.pt\/?sp_player=rafael-diniz\">Rafael Diniz<\/a><\/td><td class=\"data-age\" data-label=\"Idade\">19<\/td><\/tr><tr class=\"odd\"><td class=\"data-name\" data-label=\"Jogador\"><a href=\"https:\/\/www.cri.pt\/?sp_player=rodrigo-oliveira\">Rodrigo Oliveira<\/a><\/td><td class=\"data-age\" data-label=\"Idade\">20<\/td><\/tr><\/tbody><\/table><\/div><div class=\"sp-player-list-link sp-view-all-link\"><a href=\"https:\/\/www.cri.pt\/?sp_list=seniores-2025-26\">Ver todos<\/a><\/div><\/div><div class=\"sp-template sp-template-player-list\"><a name=\"group-3-medio\" id=\"group-3-medio\"><\/a><h4 class=\"sp-table-caption player-group-name player-list-group-name\">M\u00e9dio(s)<\/h4><div class=\"sp-table-wrapper\"><table class=\"sp-player-list sp-data-table sp-sortable-table sp-responsive-table playerlist_69f90f2797d13 sp-scrollable-table sp-paginated-table\" data-sp-rows=\"30\"><thead><tr><th class=\"data-name\">Jogador<\/th><th class=\"data-age\">Idade<\/th><\/tr><\/thead><tbody><tr class=\"odd\"><td class=\"data-name\" data-label=\"Jogador\"><a href=\"https:\/\/www.cri.pt\/?sp_player=david-cardoso\">David Cardoso<\/a><\/td><td class=\"data-age\" data-label=\"Idade\">22<\/td><\/tr><tr class=\"even\"><td class=\"data-name\" data-label=\"Jogador\"><a href=\"https:\/\/www.cri.pt\/?sp_player=dionisio-sanca\">Dionisio Sanca<\/a><\/td><td class=\"data-age\" data-label=\"Idade\">23<\/td><\/tr><tr class=\"odd\"><td class=\"data-name\" data-label=\"Jogador\"><a href=\"https:\/\/www.cri.pt\/?sp_player=jeronimo-lopes\">Jer\u00f3nimo Lopes<\/a><\/td><td class=\"data-age\" data-label=\"Idade\">23<\/td><\/tr><tr class=\"even\"><td class=\"data-name\" data-label=\"Jogador\"><a href=\"https:\/\/www.cri.pt\/?sp_player=jose-pedro\">Jos\u00e9 Pedro<\/a><\/td><td class=\"data-age\" data-label=\"Idade\">19<\/td><\/tr><tr class=\"odd\"><td class=\"data-name\" data-label=\"Jogador\"><a href=\"https:\/\/www.cri.pt\/?sp_player=nuno-caeiro\">Nuno Caeiro<\/a><\/td><td class=\"data-age\" data-label=\"Idade\">21<\/td><\/tr><tr class=\"even\"><td class=\"data-name\" data-label=\"Jogador\"><a href=\"https:\/\/www.cri.pt\/?sp_player=ricardo-bento\">Ricardo Bento<\/a><\/td><td class=\"data-age\" data-label=\"Idade\">20<\/td><\/tr><tr class=\"odd\"><td class=\"data-name\" data-label=\"Jogador\"><a href=\"https:\/\/www.cri.pt\/?sp_player=rodrigo-belem\">Rodrigo Bel\u00e9m<\/a><\/td><td class=\"data-age\" data-label=\"Idade\">20<\/td><\/tr><tr class=\"even\"><td class=\"data-name\" data-label=\"Jogador\"><a href=\"https:\/\/www.cri.pt\/?sp_player=vituar-sanca\">Vituar Sanca<\/a><\/td><td class=\"data-age\" data-label=\"Idade\">29<\/td><\/tr><\/tbody><\/table><\/div><div class=\"sp-player-list-link sp-view-all-link\"><a href=\"https:\/\/www.cri.pt\/?sp_list=seniores-2025-26\">Ver todos<\/a><\/div><\/div><div class=\"sp-template sp-template-player-list\"><a name=\"group-4-avancado\" id=\"group-4-avancado\"><\/a><h4 class=\"sp-table-caption player-group-name player-list-group-name\">Avan\u00e7ado(s)<\/h4><div class=\"sp-table-wrapper\"><table class=\"sp-player-list sp-data-table sp-sortable-table sp-responsive-table playerlist_69f90f2797d13 sp-scrollable-table sp-paginated-table\" data-sp-rows=\"30\"><thead><tr><th class=\"data-name\">Jogador<\/th><th class=\"data-age\">Idade<\/th><\/tr><\/thead><tbody><tr class=\"odd\"><td class=\"data-name\" data-label=\"Jogador\"><a href=\"https:\/\/www.cri.pt\/?sp_player=adulai-djau\">Adulai Djau<\/a><\/td><td class=\"data-age\" data-label=\"Idade\">24<\/td><\/tr><tr class=\"even\"><td class=\"data-name\" data-label=\"Jogador\"><a href=\"https:\/\/www.cri.pt\/?sp_player=alex-martin\">Alex Martin<\/a><\/td><td class=\"data-age\" data-label=\"Idade\">21<\/td><\/tr><tr class=\"odd\"><td class=\"data-name\" data-label=\"Jogador\"><a href=\"https:\/\/www.cri.pt\/?sp_player=andre-almeida\">Andr\u00e9 Almeida<\/a><\/td><td class=\"data-age\" data-label=\"Idade\">19<\/td><\/tr><tr class=\"even\"><td class=\"data-name\" data-label=\"Jogador\"><a href=\"https:\/\/www.cri.pt\/?sp_player=rodrigo-duarte\">Rodrigo Duarte<\/a><\/td><td class=\"data-age\" data-label=\"Idade\">21<\/td><\/tr><tr class=\"odd\"><td class=\"data-name\" data-label=\"Jogador\"><a href=\"https:\/\/www.cri.pt\/?sp_player=tiago-galamba\">Tiago Galamba<\/a><\/td><td class=\"data-age\" data-label=\"Idade\">21<\/td><\/tr><\/tbody><\/table><\/div><div class=\"sp-player-list-link sp-view-all-link\"><a href=\"https:\/\/www.cri.pt\/?sp_list=seniores-2025-26\">Ver todos<\/a><\/div><\/div><\/div>\n<div class=\"mks_separator\" style=\"border-bottom: 2px solid;\"><\/div>\n<ul>\n<li style=\"list-style-type: none;\">\n<ul>\n<li><strong>TREINADORES. DIRIGENTES. COLABORADORES<\/strong>\n<ul>\n<li>Treinador: <strong>Nelson Bento<\/strong><\/li>\n<li>Treinadores Adjuntos:<strong> Jos\u00e9 Filho e Felipe Lisboa<\/strong><\/li>\n<li>Treinador de GR: <strong>Sandro Magalh\u00e3es<\/strong><\/li>\n<li>Dirigentes: <strong>Eduardo Francisco<\/strong><\/li>\n<\/ul>\n<\/li>\n<\/ul>\n<\/li>\n<li style=\"list-style-type: none;\"><div class=\"mks_separator\" style=\"border-bottom: 2px solid;\"><\/div>\n<ul>\n<li><strong><a href=\"https:\/\/www.cri.pt\/?tag=Seniores-2025\/26\">CLICAR PAR VER<\/a>:\u00a0<\/strong>FOTOS. V\u00cdDEOS. NOT\u00cdCIAS<\/li>\n<li><strong><a href=\"https:\/\/resultados.fpf.pt\/Competition\/Details?competitionId=28004&amp;seasonId=105\" target=\"_blank\" rel=\"noopener\">CLICAR PAR VER<\/a>:<\/strong> CALEND\u00c1RIO, RESULTADOS E CLASSIFICA\u00c7\u00d5ES &#8211; <strong>TA\u00c7A DISTRITAL II DIVIS\u00c3O &#8211; S\u00c9RIE &#8220;B&#8221; <\/strong><\/li>\n<\/ul>\n<\/li>\n<\/ul>\n<div class=\"mks_separator\" style=\"border-bottom: 4px solid;\"><\/div>\n<\/div>\n<\/div>\n<div class=\"mks_separator\" style=\"border-bottom: 4px solid;\"><\/div>\n<p><strong>OS NOSSOS JOGOS OFICIAIS &#8211;\u00a0 TA\u00c7A DISTRITAL II DIVIS\u00c3O &#8211; S\u00c9RIE &#8220;B&#8221; <\/strong><\/p>\n<p>22.03 Trafaria 1-2 <strong>CRI &#8211; <\/strong><a href=\"https:\/\/resultados.fpf.pt\/Match\/GetMatchInformation?matchId=2552211\" target=\"_blank\" rel=\"noopener\">FICHA DE JOGO<\/a><br \/>\n29.03 <strong>CRI<\/strong> 1-2 U.F.C Dos Bairros Olival Queimado e S. Jo\u00e3o &#8211; <a href=\"https:\/\/resultados.fpf.pt\/Match\/GetMatchInformation?matchId=2552213\" target=\"_blank\" rel=\"noopener\">FICHA DE JOGO<\/a> &#8211; <strong><a href=\"https:\/\/www.cri.pt\/?p=28496\">FOTOS<\/a><\/strong><br \/>\n12.04 <strong>CRI<\/strong> x Arrentela<br \/>\n19.04 P. Pires x CRI<br \/>\n03.05 CRI x Samouquense<\/p>\n<div class=\"mks_separator\" style=\"border-bottom: 4px solid;\"><\/div>\n<p>OS NOSSOS JOGOS OFICIAIS &#8211; <a href=\"https:\/\/resultados.fpf.pt\/Competition\/Details?competitionId=28004&amp;seasonId=105\" target=\"_blank\" rel=\"noopener\"><strong>S\u00c9RIE &#8220;B&#8221; &#8211; 1\u00aa FASE<\/strong><\/a><\/p>\n<p>05.10.2025 1\u00aa Jornada &#8211; Seixal 19825 3-0 <strong>CRI <\/strong><a href=\"https:\/\/resultados.fpf.pt\/Match\/GetMatchInformation?matchId=2350150\" target=\"_blank\" rel=\"noopener\">FICHA DE JOGO<\/a><br \/>\n11.10.2025 2\u00aa Jornada &#8211; <strong>CRI<\/strong> 0-2 ADQ Conde &#8211; <a href=\"https:\/\/resultados.fpf.pt\/Match\/GetMatchInformation?matchId=2350155\" target=\"_blank\" rel=\"noopener\">FICHA DE JOGO<\/a> &#8211; <strong><a href=\"https:\/\/www.cri.pt\/?p=27397\">FOTOS<\/a><br \/>\n<\/strong>19.10.2025 3 \u00aa Jornada &#8211; Trafaria 1-5 <strong>CRI &#8211; <\/strong><a href=\"https:\/\/resultados.fpf.pt\/Match\/GetMatchInformation?matchId=2350160\" target=\"_blank\" rel=\"noopener\">FICHA DE JOGO<\/a><br \/>\n26.10.2025 4\u00aa Jornada &#8211; <strong>CRI<\/strong> 2-4 U. Banheirense &#8211; <a href=\"https:\/\/resultados.fpf.pt\/Match\/GetMatchInformation?matchId=2350165\" target=\"_blank\" rel=\"noopener\">FICHA DE JOGO<\/a> &#8211; <strong><a href=\"https:\/\/www.cri.pt\/?p=27476\">FOTOS<\/a><\/strong><br \/>\n02.11.2025 5\u00aa Jornada &#8211; Arrentela 1-2 <strong>CRI &#8211; <\/strong><a href=\"https:\/\/resultados.fpf.pt\/Match\/GetMatchInformation?matchId=2350170\" target=\"_blank\" rel=\"noopener\">FICHA DE JOGO<\/a><br \/>\n09.11.2025 6\u00aa Jornada &#8211; <strong>CRI<\/strong> 5-3 P. Pires &#8211; <a href=\"https:\/\/resultados.fpf.pt\/Match\/GetMatchInformation?matchId=2350175\" target=\"_blank\" rel=\"noopener\">FICHA DE JOGO<\/a> &#8211; <strong><a href=\"https:\/\/www.cri.pt\/?p=27586\">FOTOS<\/a><\/strong><br \/>\n16.11.2025 7\u00aa Jornada &#8211; Samouquense 2-2 <strong>CRI &#8211; <\/strong><a href=\"https:\/\/resultados.fpf.pt\/Match\/GetMatchInformation?matchId=2350180\" target=\"_blank\" rel=\"noopener\">FICHA DE JOGO<\/a><br \/>\n23.11.2025 8\u00aa Jornada &#8211; <strong>CRI<\/strong> 1-2 Zambujalense &#8211; <a href=\"https:\/\/resultados.fpf.pt\/Match\/GetMatchInformation?matchId=2350185\" target=\"_blank\" rel=\"noopener\">FICHA DE JOGO<\/a> &#8211; <strong><a href=\"https:\/\/www.cri.pt\/?p=27636\">FOTOS<\/a><br \/>\n<\/strong>30.11.2025 9\u00aa Jornada &#8211; Vinhense 1-1 <strong>CRI &#8211; <\/strong><a href=\"https:\/\/resultados.fpf.pt\/Match\/GetMatchInformation?matchId=2350190\" target=\"_blank\" rel=\"noopener\">FICHA DE JOGO<\/a><strong> &#8211; <a href=\"https:\/\/www.cri.pt\/?p=27692\">FOTOS<\/a><br \/>\n<\/strong>14.12.2025\u00a0 10\u00aa Jornada &#8211; <strong>CRI<\/strong> 1-4 Seixal 19825 &#8211; <a href=\"https:\/\/resultados.fpf.pt\/Match\/GetMatchInformation?matchId=2350195\" target=\"_blank\" rel=\"noopener\">FICHA DE JOGO<\/a><br \/>\n21.12.2025\u00a0 11\u00aa Jornada &#8211; ADQ Conde 2-3 <strong>CRI<\/strong> &#8211; <a href=\"https:\/\/resultados.fpf.pt\/Match\/GetMatchInformation?matchId=2350200\" target=\"_blank\" rel=\"noopener\">FICHA DE JOGO<\/a><br \/>\n04.01.2026\u00a0 12\u00aa Jornada &#8211; <strong>CRI<\/strong> 4-0 Trafaria &#8211; <a href=\"https:\/\/resultados.fpf.pt\/Match\/GetMatchInformation?matchId=2350205\" target=\"_blank\" rel=\"noopener\">FICHA DE JOGO<\/a> &#8211; <strong><a href=\"https:\/\/www.cri.pt\/?p=28006\">FOTOS<\/a><br \/>\n<\/strong>11.01.2026\u00a0 13\u00aa Jornada &#8211; U. Banheirense 2-2 <strong>CRI\u00a0 &#8211; <\/strong><a href=\"https:\/\/resultados.fpf.pt\/Match\/GetMatchInformation?matchId=2350210\" target=\"_blank\" rel=\"noopener\">FICHA DE JOGO<\/a><br \/>\n17.01.2026\u00a0 14\u00aa Jornada &#8211; <strong>CRI<\/strong> 0-1 Arrentela &#8211; <a href=\"https:\/\/resultados.fpf.pt\/Match\/GetMatchInformation?matchId=2350215\" target=\"_blank\" rel=\"noopener\">FICHA DE JOGO<\/a> &#8211; <strong><a href=\"https:\/\/www.cri.pt\/?p=28053\">FOTOS<\/a><\/strong><br \/>\n01.02.2026\u00a0 15\u00aa Jornada &#8211; P. Pires 1-3 <strong>CRI &#8211; <\/strong><a href=\"https:\/\/resultados.fpf.pt\/Match\/GetMatchInformation?matchId=2350220\" target=\"_blank\" rel=\"noopener\">FICHA DE JOGO<\/a><br \/>\n15.02.2026\u00a0 16\u00aa Jornada &#8211; <strong>CRI\u00a0<\/strong> x Samouquense (Atribu\u00edda derrota ao CRI por 0-3 por falta de policiamento num jogo \u00e0 porta fechada)<br \/>\n22.02.2026\u00a0 17\u00aa Jornada &#8211;\u00a0 Zambujalense 3-1 <strong>CRI &#8211; <a href=\"https:\/\/resultados.fpf.pt\/Match\/GetMatchInformation?matchId=2350230\" target=\"_blank\" rel=\"noopener\">FICHA<\/a><\/strong><a href=\"https:\/\/resultados.fpf.pt\/Match\/GetMatchInformation?matchId=2350230\" target=\"_blank\" rel=\"noopener\"> DE<\/a><strong><a href=\"https:\/\/resultados.fpf.pt\/Match\/GetMatchInformation?matchId=2350230\" target=\"_blank\" rel=\"noopener\"> JOGO<\/a><\/strong><br \/>\n01.03.2026 18\u00aa Jornada &#8211; <strong>CRI<\/strong> 0-1 Vinhense &#8211; <a href=\"https:\/\/resultados.fpf.pt\/Match\/GetMatchInformation?matchId=2350235\" target=\"_blank\" rel=\"noopener\">FICHA DE JOGO<\/a> &#8211; <strong><a href=\"https:\/\/www.cri.pt\/?p=28283\">FOTOS<\/a><\/strong><\/p>\n<p>CLASSIFICA\u00c7\u00c3O FINAL<\/p>\n<p><img loading=\"lazy\" decoding=\"async\" class=\"alignnone wp-image-28366\" src=\"https:\/\/www.cri.pt\/wp-content\/uploads\/2026\/03\/class.jpg\" alt=\"\" width=\"360\" height=\"628\" srcset=\"https:\/\/www.cri.pt\/wp-content\/uploads\/2026\/03\/class.jpg 429w, https:\/\/www.cri.pt\/wp-content\/uploads\/2026\/03\/class-172x300.jpg 172w, https:\/\/www.cri.pt\/wp-content\/uploads\/2026\/03\/class-73x128.jpg 73w, https:\/\/www.cri.pt\/wp-content\/uploads\/2026\/03\/class-18x32.jpg 18w\" sizes=\"auto, (max-width: 360px) 100vw, 360px\" \/><\/p>\n<hr \/>\n<p>&nbsp;<\/p>\n<div class=\"entry-content herald-entry-content\">\n<div class=\"entry-content herald-entry-content\">\n<p><img loading=\"lazy\" decoding=\"async\" class=\"aligncenter size-full wp-image-27082\" src=\"https:\/\/www.cri.pt\/wp-content\/uploads\/2025\/08\/Image-21_08_2025-06_02_00.jpg\" alt=\"\" width=\"1080\" height=\"720\" srcset=\"https:\/\/www.cri.pt\/wp-content\/uploads\/2025\/08\/Image-21_08_2025-06_02_00.jpg 1080w, https:\/\/www.cri.pt\/wp-content\/uploads\/2025\/08\/Image-21_08_2025-06_02_00-300x200.jpg 300w, https:\/\/www.cri.pt\/wp-content\/uploads\/2025\/08\/Image-21_08_2025-06_02_00-1024x683.jpg 1024w, https:\/\/www.cri.pt\/wp-content\/uploads\/2025\/08\/Image-21_08_2025-06_02_00-768x512.jpg 768w, https:\/\/www.cri.pt\/wp-content\/uploads\/2025\/08\/Image-21_08_2025-06_02_00-414x276.jpg 414w, https:\/\/www.cri.pt\/wp-content\/uploads\/2025\/08\/Image-21_08_2025-06_02_00-470x313.jpg 470w, https:\/\/www.cri.pt\/wp-content\/uploads\/2025\/08\/Image-21_08_2025-06_02_00-640x426.jpg 640w, https:\/\/www.cri.pt\/wp-content\/uploads\/2025\/08\/Image-21_08_2025-06_02_00-130x86.jpg 130w, https:\/\/www.cri.pt\/wp-content\/uploads\/2025\/08\/Image-21_08_2025-06_02_00-187x124.jpg 187w, https:\/\/www.cri.pt\/wp-content\/uploads\/2025\/08\/Image-21_08_2025-06_02_00-990x660.jpg 990w\" sizes=\"auto, (max-width: 1080px) 100vw, 1080px\" \/><\/p>\n<p>Foto gerada por IA<\/p>\n<\/div>\n<div><\/div>\n<\/div>\n<p>&nbsp;<\/p>\n<p>&nbsp;<\/p>\n","protected":false},"excerpt":{"rendered":"<p>LINK:\u00a0ARQUIVO \u00c9POCAS ANTERIORES JOGADORES em atualiza\u00e7\u00e3o TREINADORES. DIRIGENTES. COLABORADORES Treinador: Nelson Bento Treinadores Adjuntos: Jos\u00e9 Filho e Felipe Lisboa Treinador de GR: Sandro Magalh\u00e3es Dirigentes: Eduardo Francisco CLICAR PAR VER:\u00a0FOTOS. V\u00cdDEOS. NOT\u00cdCIAS CLICAR PAR VER: CALEND\u00c1RIO, RESULTADOS E CLASSIFICA\u00c7\u00d5ES &#8211; TA\u00c7A DISTRITAL II DIVIS\u00c3O &#8211; S\u00c9RIE &#8220;B&#8221; OS NOSSOS JOGOS OFICIAIS &#8211;\u00a0 TA\u00c7A DISTRITAL II [&hellip;]<\/p>\n","protected":false},"author":1,"featured_media":0,"parent":0,"menu_order":0,"comment_status":"closed","ping_status":"closed","template":"","meta":{"footnotes":""},"class_list":["post-26758","page","type-page","status-publish","hentry"],"_links":{"self":[{"href":"https:\/\/www.cri.pt\/index.php?rest_route=\/wp\/v2\/pages\/26758","targetHints":{"allow":["GET"]}}],"collection":[{"href":"https:\/\/www.cri.pt\/index.php?rest_route=\/wp\/v2\/pages"}],"about":[{"href":"https:\/\/www.cri.pt\/index.php?rest_route=\/wp\/v2\/types\/page"}],"author":[{"embeddable":true,"href":"https:\/\/www.cri.pt\/index.php?rest_route=\/wp\/v2\/users\/1"}],"replies":[{"embeddable":true,"href":"https:\/\/www.cri.pt\/index.php?rest_route=%2Fwp%2Fv2%2Fcomments&post=26758"}],"version-history":[{"count":105,"href":"https:\/\/www.cri.pt\/index.php?rest_route=\/wp\/v2\/pages\/26758\/revisions"}],"predecessor-version":[{"id":28500,"href":"https:\/\/www.cri.pt\/index.php?rest_route=\/wp\/v2\/pages\/26758\/revisions\/28500"}],"wp:attachment":[{"href":"https:\/\/www.cri.pt\/index.php?rest_route=%2Fwp%2Fv2%2Fmedia&parent=26758"}],"curies":[{"name":"wp","href":"https:\/\/api.w.org\/{rel}","templated":true}]}}