{"id":27795,"date":"2025-12-14T10:35:32","date_gmt":"2025-12-14T10:35:32","guid":{"rendered":"https:\/\/www.cri.pt\/?page_id=27795"},"modified":"2026-04-20T10:26:21","modified_gmt":"2026-04-20T10:26:21","slug":"infantis-f9","status":"publish","type":"page","link":"https:\/\/www.cri.pt\/?page_id=27795","title":{"rendered":"2025\/26 INFANTIS F9"},"content":{"rendered":"<header class=\"entry-header\">\n<h1 class=\"entry-title h1\"><div class=\"mks_separator\" style=\"border-bottom: 4px solid;\"><\/div><\/h1>\n<\/header>\n<div class=\"entry-content herald-entry-content\">\n<div class=\"mks_separator\"><\/div>\n<p>LINK:\u00a0<a href=\"https:\/\/www.cri.pt\/?page_id=6863\">ARQUIVO \u00c9POCAS ANTERIORES<\/a><\/p>\n<div class=\"mks_separator\" style=\"border-bottom: 4px solid;\"><\/div>\n<p><img loading=\"lazy\" decoding=\"async\" class=\"aligncenter size-full wp-image-28080\" src=\"https:\/\/www.cri.pt\/wp-content\/uploads\/2026\/01\/2026_01_24_cri_2_1_juv_carvalhal_090.jpg\" alt=\"\" width=\"1280\" height=\"853\" srcset=\"https:\/\/www.cri.pt\/wp-content\/uploads\/2026\/01\/2026_01_24_cri_2_1_juv_carvalhal_090.jpg 1280w, https:\/\/www.cri.pt\/wp-content\/uploads\/2026\/01\/2026_01_24_cri_2_1_juv_carvalhal_090-300x200.jpg 300w, https:\/\/www.cri.pt\/wp-content\/uploads\/2026\/01\/2026_01_24_cri_2_1_juv_carvalhal_090-1024x682.jpg 1024w, https:\/\/www.cri.pt\/wp-content\/uploads\/2026\/01\/2026_01_24_cri_2_1_juv_carvalhal_090-768x512.jpg 768w, https:\/\/www.cri.pt\/wp-content\/uploads\/2026\/01\/2026_01_24_cri_2_1_juv_carvalhal_090-128x85.jpg 128w, https:\/\/www.cri.pt\/wp-content\/uploads\/2026\/01\/2026_01_24_cri_2_1_juv_carvalhal_090-32x21.jpg 32w, https:\/\/www.cri.pt\/wp-content\/uploads\/2026\/01\/2026_01_24_cri_2_1_juv_carvalhal_090-414x276.jpg 414w, https:\/\/www.cri.pt\/wp-content\/uploads\/2026\/01\/2026_01_24_cri_2_1_juv_carvalhal_090-470x313.jpg 470w, https:\/\/www.cri.pt\/wp-content\/uploads\/2026\/01\/2026_01_24_cri_2_1_juv_carvalhal_090-640x426.jpg 640w, https:\/\/www.cri.pt\/wp-content\/uploads\/2026\/01\/2026_01_24_cri_2_1_juv_carvalhal_090-130x86.jpg 130w, https:\/\/www.cri.pt\/wp-content\/uploads\/2026\/01\/2026_01_24_cri_2_1_juv_carvalhal_090-187x124.jpg 187w, https:\/\/www.cri.pt\/wp-content\/uploads\/2026\/01\/2026_01_24_cri_2_1_juv_carvalhal_090-990x660.jpg 990w\" sizes=\"auto, (max-width: 1280px) 100vw, 1280px\" \/><\/p>\n<div class=\"entry-content herald-entry-content\">\n<ul>\n<li style=\"list-style-type: none;\">\n<ul>\n<li><a href=\"https:\/\/www.cri.pt\/?p=26542\"><strong>HOR\u00c1RIOS DOS TREINOS<\/strong><\/a><\/li>\n<li><strong>TREINADORES. DIRIGENTES. COLABORADORES<\/strong>\n<ul>\n<li>Treinador: Carlos Jesus<br \/>\nTreinador Adjunto: Marco Santos<\/li>\n<\/ul>\n<\/li>\n<li><strong>CLICAR PARA VER: <\/strong>FOTOS. V\u00cdDEOS. NOT\u00cdCIAS<\/li>\n<li><strong><a href=\"https:\/\/resultados.fpf.pt\/Competition\/Details?competitionId=28187&amp;seasonId=105\" target=\"_blank\" rel=\"noopener\">CLICAR PARA VER<\/a>:<\/strong> RESULTADOS E CLASSIFICA\u00c7\u00d5ES &#8211; CD Infantis 2\u00ba Ano Sub-13 Fut9 &#8211; TA\u00c7A BRONZE<\/li>\n<\/ul>\n<\/li>\n<\/ul>\n<div class=\"mks_separator\" style=\"border-bottom: 4px solid;\"><\/div>\n<\/div>\n<\/div>\n<p><strong>JOGOS OFICIAIS\u00a0 &#8211; CD Infantis 2\u00ba Ano Sub-13 Fut9 &#8211; TA\u00c7A BRONZE\u00a0<\/strong><\/p>\n<p>20 Dez. 2025 Alfarim 2-0 <strong>CRI<\/strong>\u00a0 &#8211; <a href=\"https:\/\/resultados.fpf.pt\/Match\/GetMatchInformation?matchId=2475574\" target=\"_blank\" rel=\"noopener\">FICHA DE JOGO<\/a><br \/>\n10 Jan. 2026 <strong>CRI<\/strong> 1-3 BM Almada &#8211; <a href=\"https:\/\/resultados.fpf.pt\/Match\/GetMatchInformation?matchId=2475578\" target=\"_blank\" rel=\"noopener\">FICHA DE JOGO<\/a><br \/>\n17 Jan. 2026 Moitense 2-2 <strong>CRI<\/strong> &#8211; <a href=\"https:\/\/resultados.fpf.pt\/Match\/GetMatchInformation?matchId=2475583\" target=\"_blank\" rel=\"noopener\">FICHA DE JOGO<\/a><br \/>\n24 Jan. 2026 <strong>CRI<\/strong> 2-1 J Carvalhal &#8211; <a href=\"https:\/\/resultados.fpf.pt\/Match\/GetMatchInformation?matchId=2475587\" target=\"_blank\" rel=\"noopener\">FICHA DE JOGO<\/a> &#8211; <strong><a href=\"https:\/\/www.cri.pt\/?p=28078\">FOTOS<\/a><br \/>\n<\/strong>14 Fev. 2026 <strong>CRI<\/strong> 3-0 Quintajense &#8211; <a href=\"https:\/\/resultados.fpf.pt\/Match\/GetMatchInformation?matchId=2475596\" target=\"_blank\" rel=\"noopener\">FICHA DE JOGO<\/a><br \/>\n21 Fev. 2026 \u00cddolos Pra\u00e7a 2-3 <strong>CRI &#8211; <\/strong><a href=\"https:\/\/resultados.fpf.pt\/Match\/GetMatchInformation?matchId=2475592\" target=\"_blank\" rel=\"noopener\">FICHA DE JOGO<\/a><br \/>\n07 Mar. 2026 GDR Portugal 1-3 <strong>CRI &#8211; <\/strong><a href=\"https:\/\/resultados.fpf.pt\/Match\/GetMatchInformation?matchId=2475601\" target=\"_blank\" rel=\"noopener\">FICHA DE JOGO<\/a><br \/>\n14 Mar. 2026 <strong>CRI<\/strong> 1-0 P. Pires &#8211; <a href=\"https:\/\/resultados.fpf.pt\/Match\/GetMatchInformation?matchId=2475605\" target=\"_blank\" rel=\"noopener\">FICHA DE JOGO<\/a><br \/>\n11 Abr. 2026 BM Almada 2-0 <strong>CRI &#8211; <\/strong><a href=\"https:\/\/resultados.fpf.pt\/Match\/GetMatchInformation?matchId=2475614\" target=\"_blank\" rel=\"noopener\">FICHA DE JOGO<\/a><\/p>\n<p>25 Abr. 2026 J Carvalhal x <strong>CRI<\/strong><br \/>\n02 Mai. 2026 CRI x Idolos Pra\u00e7a<br \/>\n09 Mai. 2026 Quintajense x CRI<br \/>\n16 Mai. 2026 CRI x Alfarim<br \/>\n30 Mai. 2026 CRI x GDR Portugal<\/p>\n<div class=\"mks_separator\" style=\"border-bottom: 4px solid;\"><\/div>\n<p>&nbsp;<\/p>\n<p>&nbsp;<\/p>\n<p>&nbsp;<\/p>\n","protected":false},"excerpt":{"rendered":"<p>LINK:\u00a0ARQUIVO \u00c9POCAS ANTERIORES HOR\u00c1RIOS DOS TREINOS TREINADORES. DIRIGENTES. COLABORADORES Treinador: Carlos Jesus Treinador Adjunto: Marco Santos CLICAR PARA VER: FOTOS. V\u00cdDEOS. NOT\u00cdCIAS CLICAR PARA VER: RESULTADOS E CLASSIFICA\u00c7\u00d5ES &#8211; CD Infantis 2\u00ba Ano Sub-13 Fut9 &#8211; TA\u00c7A BRONZE JOGOS OFICIAIS\u00a0 &#8211; CD Infantis 2\u00ba Ano Sub-13 Fut9 &#8211; TA\u00c7A BRONZE\u00a0 20 Dez. 2025 Alfarim 2-0 [&hellip;]<\/p>\n","protected":false},"author":1,"featured_media":0,"parent":0,"menu_order":0,"comment_status":"closed","ping_status":"closed","template":"","meta":{"footnotes":""},"class_list":["post-27795","page","type-page","status-publish","hentry"],"_links":{"self":[{"href":"https:\/\/www.cri.pt\/index.php?rest_route=\/wp\/v2\/pages\/27795","targetHints":{"allow":["GET"]}}],"collection":[{"href":"https:\/\/www.cri.pt\/index.php?rest_route=\/wp\/v2\/pages"}],"about":[{"href":"https:\/\/www.cri.pt\/index.php?rest_route=\/wp\/v2\/types\/page"}],"author":[{"embeddable":true,"href":"https:\/\/www.cri.pt\/index.php?rest_route=\/wp\/v2\/users\/1"}],"replies":[{"embeddable":true,"href":"https:\/\/www.cri.pt\/index.php?rest_route=%2Fwp%2Fv2%2Fcomments&post=27795"}],"version-history":[{"count":17,"href":"https:\/\/www.cri.pt\/index.php?rest_route=\/wp\/v2\/pages\/27795\/revisions"}],"predecessor-version":[{"id":28629,"href":"https:\/\/www.cri.pt\/index.php?rest_route=\/wp\/v2\/pages\/27795\/revisions\/28629"}],"wp:attachment":[{"href":"https:\/\/www.cri.pt\/index.php?rest_route=%2Fwp%2Fv2%2Fmedia&parent=27795"}],"curies":[{"name":"wp","href":"https:\/\/api.w.org\/{rel}","templated":true}]}}